{"id":9517,"date":"2023-09-13T09:57:32","date_gmt":"2023-09-13T09:57:32","guid":{"rendered":"https:\/\/spheriq.ch\/c-alm\/"},"modified":"2026-02-13T13:16:47","modified_gmt":"2026-02-13T13:16:47","slug":"c-alm","status":"publish","type":"page","link":"https:\/\/spheriq.ch\/fr\/c-alm\/","title":{"rendered":"c-alm"},"content":{"rendered":"<h1 class=\"wp-block-heading\">c-alm<strong> gestion globale de l&rsquo;actif et du passif<\/strong><\/h1><div class=\"wp-bootstrap-blocks-row row\">\n\t\n<div class=\"col-12 col-md-9\">\n\t\t\t\n<p>c-alm AG est une soci\u00e9t\u00e9 de conseil suisse ind\u00e9pendante, g\u00e9r\u00e9e par ses propri\u00e9taires, bas\u00e9e \u00e0 Saint-Gall et \u00e0 Zurich, qui s&rsquo;est sp\u00e9cialis\u00e9e dans les clients institutionnels tels que les fondations donatrices, les organisations \u00e0 but non lucratif et autres investisseurs institutionnels. Elle accompagne ses clients dans toutes les questions relatives au patrimoine, \u00e0 la politique d&rsquo;attribution et aux strat\u00e9gies de placement &#8211; de l&rsquo;orientation strat\u00e9gique au contr\u00f4le de gestion en passant par la mise en \u0153uvre concr\u00e8te, y compris les solutions de placement durables. Avec <a href=\"https:\/\/www.economico.ch\/\" target=\"_blank\" rel=\"noreferrer noopener\">www.economico.ch<\/a>, elle propose une comparaison gratuite des frais des offres comp\u00e9titives de gestion de fortune.  <\/p>\n\t<\/div>\n\n<div class=\"col-12 col-md-3\">\n\t\t\t\n<figure class=\"wp-block-image size-medium is-resized\"><a href=\"https:\/\/www.c-alm.ch\" target=\"_blank\" rel=\"noreferrer noopener\"><img loading=\"lazy\" decoding=\"async\" width=\"300\" height=\"140\" src=\"https:\/\/spheriq.ch\/wp-content\/uploads\/2023\/09\/c-alm-1-300x140.png\" alt=\"\" class=\"wp-image-9284\" style=\"width:undefinedpx;height:110px\" srcset=\"https:\/\/spheriq.ch\/wp-content\/uploads\/2023\/09\/c-alm-1-300x140.png 300w, https:\/\/spheriq.ch\/wp-content\/uploads\/2023\/09\/c-alm-1-24x11.png 24w, https:\/\/spheriq.ch\/wp-content\/uploads\/2023\/09\/c-alm-1-36x17.png 36w, https:\/\/spheriq.ch\/wp-content\/uploads\/2023\/09\/c-alm-1-48x22.png 48w, https:\/\/spheriq.ch\/wp-content\/uploads\/2023\/09\/c-alm-1.png 385w\" sizes=\"auto, (max-width: 300px) 100vw, 300px\" \/><\/a><\/figure>\n\t<\/div>\n<\/div><p><strong>Pour plus d&rsquo;informations : <\/strong><br\/><a href=\"http:\/\/www.c-alm.ch\" target=\"_blank\" rel=\"noreferrer noopener nofollow\">www.c-alm.ch,<\/a> <a href=\"http:\/\/www.economico.ch\" target=\"_blank\" rel=\"noreferrer noopener nofollow\">www.economico.ch<\/a><br\/><strong>Contact :<\/strong> <br\/>Stefan Beiner, Associ\u00e9, c-alm AG, Birmensdorferstrasse 108 CH-8003 Zurich<br\/>T\u00e9l. : +41 71 227 35 35 | <a href=\"mailto:info@c-alm.ch\" target=\"_blank\" rel=\"noreferrer noopener\">info@c-alm.ch<\/a><\/p><h2 class=\"wp-block-heading\">En collaboration avec nos partenaires, nous organisons des webinaires et des formations.  <a href=\"https:\/\/app.spheriq.ch\/webinars\">Vous trouverez ici le programme actuel.<\/a><\/h2>","protected":false},"excerpt":{"rendered":"c-alm gestion globale de l&rsquo;actif et du passif Pour plus d&rsquo;informations : www.c-alm.ch, www.economico.chContact : Stefan Beiner, Associ\u00e9, c-alm AG, Birmensdorferstrasse 108 CH-8003 ZurichT\u00e9l. : +41 71 227 35 35 | info@c-alm.ch En collaboration avec nos partenaires, nous organisons des webinaires et des formations. Vous trouverez ici le programme actuel.","protected":false},"author":1,"featured_media":0,"parent":0,"menu_order":0,"comment_status":"closed","ping_status":"closed","template":"","meta":{"_acf_changed":false,"_uag_custom_page_level_css":"","footnotes":""},"class_list":["post-9517","page","type-page","status-publish","hentry"],"acf":[],"yoast_head":"<!-- This site is optimized with the Yoast SEO plugin v26.9 - https:\/\/yoast.com\/product\/yoast-seo-wordpress\/ -->\n<title>c-alm - Spheriq<\/title>\n<meta name=\"description\" content=\"Con\u00b7Sense sur stiftungschweiz.ch : nous pr\u00e9sentons notre partenaire. En savoir plus sur l&#039;offre de partenariat.\" \/>\n<meta name=\"robots\" content=\"index, follow, max-snippet:-1, max-image-preview:large, max-video-preview:-1\" \/>\n<link rel=\"canonical\" href=\"https:\/\/spheriq.ch\/fr\/c-alm\/\" \/>\n<meta property=\"og:locale\" content=\"fr_FR\" \/>\n<meta property=\"og:type\" content=\"article\" \/>\n<meta property=\"og:title\" content=\"c-alm - Spheriq\" \/>\n<meta property=\"og:description\" content=\"Con\u00b7Sense sur stiftungschweiz.ch : nous pr\u00e9sentons notre partenaire. En savoir plus sur l&#039;offre de partenariat.\" \/>\n<meta property=\"og:url\" content=\"https:\/\/spheriq.ch\/fr\/c-alm\/\" \/>\n<meta property=\"og:site_name\" content=\"Spheriq\" \/>\n<meta property=\"article:modified_time\" content=\"2026-02-13T13:16:47+00:00\" \/>\n<meta property=\"og:image\" content=\"https:\/\/spheriq.ch\/wp-content\/uploads\/2023\/09\/c-alm-1.png\" \/>\n\t<meta property=\"og:image:width\" content=\"385\" \/>\n\t<meta property=\"og:image:height\" content=\"180\" \/>\n\t<meta property=\"og:image:type\" content=\"image\/png\" \/>\n<meta name=\"twitter:card\" content=\"summary_large_image\" \/>\n<meta name=\"twitter:label1\" content=\"Dur\u00e9e de lecture estim\u00e9e\" \/>\n\t<meta name=\"twitter:data1\" content=\"1 minute\" \/>\n<script type=\"application\/ld+json\" class=\"yoast-schema-graph\">{\"@context\":\"https:\/\/schema.org\",\"@graph\":[{\"@type\":\"WebPage\",\"@id\":\"https:\/\/spheriq.ch\/fr\/c-alm\/\",\"url\":\"https:\/\/spheriq.ch\/fr\/c-alm\/\",\"name\":\"c-alm - Spheriq\",\"isPartOf\":{\"@id\":\"https:\/\/spheriq.ch\/fr\/#website\"},\"primaryImageOfPage\":{\"@id\":\"https:\/\/spheriq.ch\/fr\/c-alm\/#primaryimage\"},\"image\":{\"@id\":\"https:\/\/spheriq.ch\/fr\/c-alm\/#primaryimage\"},\"thumbnailUrl\":\"https:\/\/spheriq.ch\/wp-content\/uploads\/2023\/09\/c-alm-1-300x140.png\",\"datePublished\":\"2023-09-13T09:57:32+00:00\",\"dateModified\":\"2026-02-13T13:16:47+00:00\",\"description\":\"Con\u00b7Sense sur stiftungschweiz.ch : nous pr\u00e9sentons notre partenaire. En savoir plus sur l'offre de partenariat.\",\"breadcrumb\":{\"@id\":\"https:\/\/spheriq.ch\/fr\/c-alm\/#breadcrumb\"},\"inLanguage\":\"fr-FR\",\"potentialAction\":[{\"@type\":\"ReadAction\",\"target\":[\"https:\/\/spheriq.ch\/fr\/c-alm\/\"]}]},{\"@type\":\"ImageObject\",\"inLanguage\":\"fr-FR\",\"@id\":\"https:\/\/spheriq.ch\/fr\/c-alm\/#primaryimage\",\"url\":\"https:\/\/spheriq.ch\/wp-content\/uploads\/2023\/09\/c-alm-1-300x140.png\",\"contentUrl\":\"https:\/\/spheriq.ch\/wp-content\/uploads\/2023\/09\/c-alm-1-300x140.png\"},{\"@type\":\"BreadcrumbList\",\"@id\":\"https:\/\/spheriq.ch\/fr\/c-alm\/#breadcrumb\",\"itemListElement\":[{\"@type\":\"ListItem\",\"position\":1,\"name\":\"Home\",\"item\":\"https:\/\/spheriq.ch\/fr\/\"},{\"@type\":\"ListItem\",\"position\":2,\"name\":\"c-alm\"}]},{\"@type\":\"WebSite\",\"@id\":\"https:\/\/spheriq.ch\/fr\/#website\",\"url\":\"https:\/\/spheriq.ch\/fr\/\",\"name\":\"Spheriq\",\"description\":\"Spheriq | Online-Portal f\u00fcr Philanthropie\",\"potentialAction\":[{\"@type\":\"SearchAction\",\"target\":{\"@type\":\"EntryPoint\",\"urlTemplate\":\"https:\/\/spheriq.ch\/fr\/?s={search_term_string}\"},\"query-input\":{\"@type\":\"PropertyValueSpecification\",\"valueRequired\":true,\"valueName\":\"search_term_string\"}}],\"inLanguage\":\"fr-FR\"}]}<\/script>\n<!-- \/ Yoast SEO plugin. -->","yoast_head_json":{"title":"c-alm - Spheriq","description":"Con\u00b7Sense sur stiftungschweiz.ch : nous pr\u00e9sentons notre partenaire. En savoir plus sur l'offre de partenariat.","robots":{"index":"index","follow":"follow","max-snippet":"max-snippet:-1","max-image-preview":"max-image-preview:large","max-video-preview":"max-video-preview:-1"},"canonical":"https:\/\/spheriq.ch\/fr\/c-alm\/","og_locale":"fr_FR","og_type":"article","og_title":"c-alm - Spheriq","og_description":"Con\u00b7Sense sur stiftungschweiz.ch : nous pr\u00e9sentons notre partenaire. En savoir plus sur l'offre de partenariat.","og_url":"https:\/\/spheriq.ch\/fr\/c-alm\/","og_site_name":"Spheriq","article_modified_time":"2026-02-13T13:16:47+00:00","og_image":[{"width":385,"height":180,"url":"https:\/\/spheriq.ch\/wp-content\/uploads\/2023\/09\/c-alm-1.png","type":"image\/png"}],"twitter_card":"summary_large_image","twitter_misc":{"Dur\u00e9e de lecture estim\u00e9e":"1 minute"},"schema":{"@context":"https:\/\/schema.org","@graph":[{"@type":"WebPage","@id":"https:\/\/spheriq.ch\/fr\/c-alm\/","url":"https:\/\/spheriq.ch\/fr\/c-alm\/","name":"c-alm - Spheriq","isPartOf":{"@id":"https:\/\/spheriq.ch\/fr\/#website"},"primaryImageOfPage":{"@id":"https:\/\/spheriq.ch\/fr\/c-alm\/#primaryimage"},"image":{"@id":"https:\/\/spheriq.ch\/fr\/c-alm\/#primaryimage"},"thumbnailUrl":"https:\/\/spheriq.ch\/wp-content\/uploads\/2023\/09\/c-alm-1-300x140.png","datePublished":"2023-09-13T09:57:32+00:00","dateModified":"2026-02-13T13:16:47+00:00","description":"Con\u00b7Sense sur stiftungschweiz.ch : nous pr\u00e9sentons notre partenaire. En savoir plus sur l'offre de partenariat.","breadcrumb":{"@id":"https:\/\/spheriq.ch\/fr\/c-alm\/#breadcrumb"},"inLanguage":"fr-FR","potentialAction":[{"@type":"ReadAction","target":["https:\/\/spheriq.ch\/fr\/c-alm\/"]}]},{"@type":"ImageObject","inLanguage":"fr-FR","@id":"https:\/\/spheriq.ch\/fr\/c-alm\/#primaryimage","url":"https:\/\/spheriq.ch\/wp-content\/uploads\/2023\/09\/c-alm-1-300x140.png","contentUrl":"https:\/\/spheriq.ch\/wp-content\/uploads\/2023\/09\/c-alm-1-300x140.png"},{"@type":"BreadcrumbList","@id":"https:\/\/spheriq.ch\/fr\/c-alm\/#breadcrumb","itemListElement":[{"@type":"ListItem","position":1,"name":"Home","item":"https:\/\/spheriq.ch\/fr\/"},{"@type":"ListItem","position":2,"name":"c-alm"}]},{"@type":"WebSite","@id":"https:\/\/spheriq.ch\/fr\/#website","url":"https:\/\/spheriq.ch\/fr\/","name":"Spheriq","description":"Spheriq | Online-Portal f\u00fcr Philanthropie","potentialAction":[{"@type":"SearchAction","target":{"@type":"EntryPoint","urlTemplate":"https:\/\/spheriq.ch\/fr\/?s={search_term_string}"},"query-input":{"@type":"PropertyValueSpecification","valueRequired":true,"valueName":"search_term_string"}}],"inLanguage":"fr-FR"}]}},"uagb_featured_image_src":{"full":false,"thumbnail":false,"medium":false,"medium_large":false,"large":false,"1536x1536":false,"2048x2048":false,"icon":false,"single-thumbnail":false,"menu-24x24":false,"menu-36x36":false,"menu-48x48":false},"uagb_author_info":{"display_name":"admin","author_link":"https:\/\/spheriq.ch\/fr\/author\/admin\/"},"uagb_comment_info":0,"uagb_excerpt":"c-alm gestion globale de l&rsquo;actif et du passif Pour plus d&rsquo;informations : www.c-alm.ch, www.economico.chContact : Stefan Beiner, Associ\u00e9, c-alm AG, Birmensdorferstrasse 108 CH-8003 ZurichT\u00e9l. : +41 71 227 35 35 | info@c-alm.ch En collaboration avec nos partenaires, nous organisons des webinaires et des formations. Vous trouverez ici le programme actuel.","_links":{"self":[{"href":"https:\/\/spheriq.ch\/fr\/wp-json\/wp\/v2\/pages\/9517","targetHints":{"allow":["GET"]}}],"collection":[{"href":"https:\/\/spheriq.ch\/fr\/wp-json\/wp\/v2\/pages"}],"about":[{"href":"https:\/\/spheriq.ch\/fr\/wp-json\/wp\/v2\/types\/page"}],"author":[{"embeddable":true,"href":"https:\/\/spheriq.ch\/fr\/wp-json\/wp\/v2\/users\/1"}],"replies":[{"embeddable":true,"href":"https:\/\/spheriq.ch\/fr\/wp-json\/wp\/v2\/comments?post=9517"}],"version-history":[{"count":4,"href":"https:\/\/spheriq.ch\/fr\/wp-json\/wp\/v2\/pages\/9517\/revisions"}],"predecessor-version":[{"id":23511,"href":"https:\/\/spheriq.ch\/fr\/wp-json\/wp\/v2\/pages\/9517\/revisions\/23511"}],"wp:attachment":[{"href":"https:\/\/spheriq.ch\/fr\/wp-json\/wp\/v2\/media?parent=9517"}],"curies":[{"name":"wp","href":"https:\/\/api.w.org\/{rel}","templated":true}]}}