{"id":7804,"date":"2023-05-10T14:48:51","date_gmt":"2023-05-10T14:48:51","guid":{"rendered":"https:\/\/spheriq.ch\/fondations-culturelles\/"},"modified":"2024-10-28T17:01:41","modified_gmt":"2024-10-28T17:01:41","slug":"fondations-culturelles","status":"publish","type":"page","link":"https:\/\/spheriq.ch\/fr\/fondations-culturelles\/","title":{"rendered":"Fondations culturelles"},"content":{"rendered":"<div class=\"wp-block-cover alignfull is-light has-custom-content-position is-position-top-center\" style=\"min-height:227px;aspect-ratio:unset;\"><span aria-hidden=\"true\" class=\"wp-block-cover__background has-background-dim-100 has-background-dim\" style=\"background-color:#f7f7f7\"><\/span><div class=\"wp-block-cover__inner-container is-layout-constrained wp-block-cover-is-layout-constrained\"><h1 class=\"wp-block-heading\">Fondations culturelles : Subventions pour l&rsquo;art, la musique et le th\u00e9\u00e2tre<\/h1>\n\n<p class=\"has-size-20-font-size\">Les fondations culturelles suisses allouent environ un demi-milliard de francs par an \u00e0 des artistes et des institutions culturelles. Cin\u00e9ma, danse, th\u00e9\u00e2tre, arts plastiques, photographie, patrimoine culturel et protection des monuments : les multiples fondations pour la culture contribuent de mani\u00e8re d\u00e9terminante \u00e0 une offre culturelle vivante.<\/p><\/div><\/div><div class=\"wp-bootstrap-blocks-row row\">\n\t\n<div class=\"col-12 col-md-4\">\n\t\t\t<div class=\"p-3\">\n\t\t\t\n<div class=\"wp-block-custom-tree\"><div class=\"wp-block-custom-item-tree fat\"><span class=\"title\">Annuaire th\u00e9matique des fondations<\/span><span class=\"count\"><\/span><\/div><\/div>\n\n<div class=\"wp-block-custom-tree\"><div class=\"wp-block-custom-item-tree\"><a href=\"https:\/\/spheriq.ch\/fr\/fondations-pour-leducation\/\"><span class=\"title\">Fondations pour l&rsquo;\u00e9ducation<\/span><span class=\"count\"><\/span><\/a><\/div>\n\n<div class=\"wp-block-custom-item-tree\"><a href=\"https:\/\/spheriq.ch\/fr\/fondations-chretiennes-lamour-du-prochain-au-quotidien\/\"><span class=\"title\">Fondations pour la foi chr\u00e9tienne<\/span><span class=\"count\"><\/span><\/a><\/div>\n\n<div class=\"wp-block-custom-item-tree\"><a href=\"https:\/\/spheriq.ch\/fr\/fondations-pour-laide-au-developpement\/\"><span class=\"title\">Fondations pour l&rsquo;aide au d\u00e9veloppement<\/span><span class=\"count\"><\/span><\/a><\/div>\n\n<div class=\"wp-block-custom-item-tree\"><a href=\"https:\/\/spheriq.ch\/fr\/repertoire-des-fondations\/fondations-pour-les-femmes-en-suisse-et-dans-le-monde\/\"><span class=\"title\">Fondations pour les femmes<\/span><span class=\"count\"><\/span><\/a><\/div>\n\n<div class=\"wp-block-custom-item-tree\"><a href=\"https:\/\/spheriq.ch\/fr\/fondations-pour-la-sante\/\"><span class=\"title\">Fondations pour la sant\u00e9<\/span><span class=\"count\"><\/span><\/a><\/div>\n\n<div class=\"wp-block-custom-item-tree\"><a href=\"https:\/\/spheriq.ch\/fr\/?page_id=18742\"><span class=\"title\">Fondations pour l&rsquo;islam<\/span><span class=\"count\"><\/span><\/a><\/div>\n\n<div class=\"wp-block-custom-item-tree\"><a href=\"https:\/\/spheriq.ch\/fr\/?page_id=18775\"><span class=\"title\">Fondations pour le juda\u00efsme<\/span><span class=\"count\"><\/span><\/a><\/div>\n\n<div class=\"wp-block-custom-item-tree\"><a href=\"https:\/\/spheriq.ch\/fr\/repertoire-des-fondations\/fondations-pour-les-enfants\/\"><span class=\"title\">Fondations pour l&rsquo;aide aux enfants et aux jeunes<\/span><span class=\"count\"><\/span><\/a><\/div>\n\n<div class=\"wp-block-custom-item-tree\"><a href=\"https:\/\/spheriq.ch\/fr\/fondations-culturelles\/\"><span class=\"title\">Fondations pour la culture<\/span><span class=\"count\"><\/span><\/a><\/div>\n\n<div class=\"wp-block-custom-item-tree\"><a href=\"https:\/\/spheriq.ch\/stiftungsverzeichnis\/stiftungen-fuer-menschen-mit-behinderung\"><span class=\"title\">Fondations pour personnes handicap\u00e9es<\/span><span class=\"count\"><\/span><\/a><\/div>\n\n<div class=\"wp-block-custom-item-tree\"><a href=\"https:\/\/spheriq.ch\/fr\/fondations-pour-le-social-le-logement-la-famille\/\"><span class=\"title\">Fondations pour le social<\/span><span class=\"count\"><\/span><\/a><\/div>\n\n<div class=\"wp-block-custom-item-tree\"><a href=\"https:\/\/spheriq.ch\/fr\/fondations-pour-le-sport-promotion-du-sport-en-suisse\/\"><span class=\"title\">Fondations pour le sport<\/span><span class=\"count\"><\/span><\/a><\/div>\n\n<div class=\"wp-block-custom-item-tree\"><a href=\"https:\/\/spheriq.ch\/fr\/repertoire-des-fondations\/fondations-pour-la-protection-des-animaux\/\"><span class=\"title\">Fondations pour la protection des animaux<\/span><span class=\"count\"><\/span><\/a><\/div><\/div>\n\t\t<\/div>\n\t<\/div>\n\n<div class=\"col-12 col-md-8\">\n\t\t\t<div class=\"p-3\">\n\t\t\t\n<div class=\"container\"><ul class=\"nav nav-tabs\" role=\"tablist\"><li class=\"nav-item\" role=\"presentation\"><button data-hash=\"#toutes-les-organisations\" class=\"nav-link active\" id=\"t-4f500b08-982c-4a45-a510-a6f63975881a-88d006d8-87a8-4280-b6e0-a81fd85d3ba9-tab\" data-bs-toggle=\"tab\" data-bs-target=\"#t-4f500b08-982c-4a45-a510-a6f63975881a-88d006d8-87a8-4280-b6e0-a81fd85d3ba9\" type=\"button\" role=\"tab\" aria-controls=\"t-4f500b08-982c-4a45-a510-a6f63975881a-88d006d8-87a8-4280-b6e0-a81fd85d3ba9\" aria-selected=\"true\">Toutes les organisations<\/button><\/li><li class=\"nav-item\" role=\"presentation\"><button data-hash=\"#fondation-donatrice\" class=\"nav-link\" id=\"t-4f500b08-982c-4a45-a510-a6f63975881a-0de9d4f5-1aea-4f69-b833-1ed5cef10cae-tab\" data-bs-toggle=\"tab\" data-bs-target=\"#t-4f500b08-982c-4a45-a510-a6f63975881a-0de9d4f5-1aea-4f69-b833-1ed5cef10cae\" type=\"button\" role=\"tab\" aria-controls=\"t-4f500b08-982c-4a45-a510-a6f63975881a-0de9d4f5-1aea-4f69-b833-1ed5cef10cae\">Fondation donatrice<\/button><\/li><li class=\"nav-item\" role=\"presentation\"><button data-hash=\"#porteur-de-projet\" class=\"nav-link\" id=\"t-4f500b08-982c-4a45-a510-a6f63975881a-344556fa-02a5-4ce2-8147-ad66ea3848f9-tab\" data-bs-toggle=\"tab\" data-bs-target=\"#t-4f500b08-982c-4a45-a510-a6f63975881a-344556fa-02a5-4ce2-8147-ad66ea3848f9\" type=\"button\" role=\"tab\" aria-controls=\"t-4f500b08-982c-4a45-a510-a6f63975881a-344556fa-02a5-4ce2-8147-ad66ea3848f9\">Porteur de projet<\/button><\/li><\/ul>\n<div class=\"wp-block-custom-tabs tab-test tab-content\" id=\"t-4f500b08-982c-4a45-a510-a6f63975881a\"><div class=\"wp-block-custom-tab-item tab-pane tab-item active\"\" id=\"t-4f500b08-982c-4a45-a510-a6f63975881a-88d006d8-87a8-4280-b6e0-a81fd85d3ba9\" role=\"tabpanel\" aria-labelledby=\"t-4f500b08-982c-4a45-a510-a6f63975881a-88d006d8-87a8-4280-b6e0-a81fd85d3ba9-tab\"><div id=\"algolia-search-6b56179a-79c8-48e5-bca7-0f8e65237522\"><div class=\"hidden fields\">\n        <input type=\"hidden\" class=\"algoliaBlockNum\"  value=\"6b56179a-79c8-48e5-bca7-0f8e65237522\" >\n        <input type=\"hidden\" class=\"searchURL\" value=\"?active=organizations&amp;layout=grid&amp;toggledNks=0100%7CKunst%20und%20Kultur&amp;legalTypeFilters=%5B%22Stiftungen%22%5D&amp;page=0\" \/>\n        <input type=\"hidden\" class=\"algoliaPerPage\" value=\"20\">\n        <input type=\"hidden\" class=\"algoliaPerRow\" value=\"2\">\n        <input type=\"hidden\" class=\"maxResult\" value=\"3\">\n        <input type=\"hidden\" class=\"linkURL\" value=\"https:\/\/stiftungen.stiftungschweiz.ch\/organisation\">\n        <\/div><div id=\"algolia-filters-hierarchical-menu-6b56179a-79c8-48e5-bca7-0f8e65237522\"><\/div><div id=\"searchbox-6b56179a-79c8-48e5-bca7-0f8e65237522\" class=\"ais-SearchBox search d-none\"><\/div><div class=\"top-bar\"><div id=\"count-results-6b56179a-79c8-48e5-bca7-0f8e65237522\"><\/div><div data-id=\"6b56179a-79c8-48e5-bca7-0f8e65237522\" class=\"switch-view\"><a href=\"javascript:;\" class=\"horizontal\"><i class=\"icon-horizontal\"><\/i><\/a><a href=\"javascript:;\" class=\"cards\"><i class=\"icon-cards\"><\/i><\/a><\/div><\/div><div class=\"hits per-row-2\" id=\"hits-6b56179a-79c8-48e5-bca7-0f8e65237522\"><\/div><div class=\"form-group text-center\" id=\"algolia-filters-navigation-6b56179a-79c8-48e5-bca7-0f8e65237522\"><a href=\"https:\/\/app.spheriq.ch\/suche?active=organizations&#038;layout=grid&#038;toggledNks=0100%7CKunst%20und%20Kultur&#038;legalTypeFilters=%5B%22Stiftungen%22%5D&#038;page=0\">      <button type=\"button\" class=\"btn btn-danger btn-sm\"><font color=\"white\">Alle Stiftungen anzeigen<\/font><\/button><\/a><\/div><\/div><\/div>\n\n<div class=\"wp-block-custom-tab-item tab-pane tab-item\" id=\"t-4f500b08-982c-4a45-a510-a6f63975881a-0de9d4f5-1aea-4f69-b833-1ed5cef10cae\" role=\"tabpanel\" aria-labelledby=\"t-4f500b08-982c-4a45-a510-a6f63975881a-0de9d4f5-1aea-4f69-b833-1ed5cef10cae-tab\"><div id=\"algolia-search-e1541a86-9ef5-45be-a239-36bcf10a6167\"><div class=\"hidden fields\">\n        <input type=\"hidden\" class=\"algoliaBlockNum\"  value=\"e1541a86-9ef5-45be-a239-36bcf10a6167\" >\n        <input type=\"hidden\" class=\"searchURL\" value=\"?active=grantmakers&amp;layout=grid&amp;toggledNks=0100|Kunst und Kultur&amp;legalTypeFilters=[&quot;Stiftungen&quot;]&amp;page=0\" \/>\n        <input type=\"hidden\" class=\"algoliaPerPage\" value=\"20\">\n        <input type=\"hidden\" class=\"algoliaPerRow\" value=\"2\">\n        <input type=\"hidden\" class=\"maxResult\" value=\"3\">\n        <input type=\"hidden\" class=\"linkURL\" value=\"https:\/\/stiftungen.stiftungschweiz.ch\/organisation\">\n        <\/div><div id=\"algolia-filters-hierarchical-menu-e1541a86-9ef5-45be-a239-36bcf10a6167\"><\/div><div id=\"searchbox-e1541a86-9ef5-45be-a239-36bcf10a6167\" class=\"ais-SearchBox search d-none\"><\/div><div class=\"top-bar\"><div id=\"count-results-e1541a86-9ef5-45be-a239-36bcf10a6167\"><\/div><div data-id=\"e1541a86-9ef5-45be-a239-36bcf10a6167\" class=\"switch-view\"><a href=\"javascript:;\" class=\"horizontal\"><i class=\"icon-horizontal\"><\/i><\/a><a href=\"javascript:;\" class=\"cards\"><i class=\"icon-cards\"><\/i><\/a><\/div><\/div><div class=\"hits per-row-2\" id=\"hits-e1541a86-9ef5-45be-a239-36bcf10a6167\"><\/div><div class=\"form-group text-center\" id=\"algolia-filters-navigation-e1541a86-9ef5-45be-a239-36bcf10a6167\"><a href=\"https:\/\/app.spheriq.ch\/suche?active=grantmakers&#038;layout=grid&#038;toggledNks=0100%7CKunst%20und%20Kultur&#038;legalTypeFilters=%5B%22Stiftungen%22%5D&#038;page=0\">      <button type=\"button\" class=\"btn btn-danger btn-sm\"><font color=\"white\">Alle F\u00f6rderstiftungen anzeigen<\/font><\/button><\/a><\/div><\/div><\/div>\n\n<div class=\"wp-block-custom-tab-item tab-pane tab-item\" id=\"t-4f500b08-982c-4a45-a510-a6f63975881a-344556fa-02a5-4ce2-8147-ad66ea3848f9\" role=\"tabpanel\" aria-labelledby=\"t-4f500b08-982c-4a45-a510-a6f63975881a-344556fa-02a5-4ce2-8147-ad66ea3848f9-tab\"><div id=\"algolia-search-9e56b8b9-901f-4b8d-a8d0-e2c4ea0e4475\"><div class=\"hidden fields\">\n        <input type=\"hidden\" class=\"algoliaBlockNum\"  value=\"9e56b8b9-901f-4b8d-a8d0-e2c4ea0e4475\" >\n        <input type=\"hidden\" class=\"searchURL\" value=\"?active=project_owners&amp;layout=grid&amp;toggledNks=0100|Kunst und Kultur&amp;legalTypeFilters=[&quot;Stiftungen&quot;]&amp;page=0\" \/>\n        <input type=\"hidden\" class=\"algoliaPerPage\" value=\"20\">\n        <input type=\"hidden\" class=\"algoliaPerRow\" value=\"2\">\n        <input type=\"hidden\" class=\"maxResult\" value=\"3\">\n        <input type=\"hidden\" class=\"linkURL\" value=\"https:\/\/stiftungen.stiftungschweiz.ch\/organisation\">\n        <\/div><div id=\"algolia-filters-hierarchical-menu-9e56b8b9-901f-4b8d-a8d0-e2c4ea0e4475\"><\/div><div id=\"searchbox-9e56b8b9-901f-4b8d-a8d0-e2c4ea0e4475\" class=\"ais-SearchBox search d-none\"><\/div><div class=\"top-bar\"><div id=\"count-results-9e56b8b9-901f-4b8d-a8d0-e2c4ea0e4475\"><\/div><div data-id=\"9e56b8b9-901f-4b8d-a8d0-e2c4ea0e4475\" class=\"switch-view\"><a href=\"javascript:;\" class=\"horizontal\"><i class=\"icon-horizontal\"><\/i><\/a><a href=\"javascript:;\" class=\"cards\"><i class=\"icon-cards\"><\/i><\/a><\/div><\/div><div class=\"hits per-row-2\" id=\"hits-9e56b8b9-901f-4b8d-a8d0-e2c4ea0e4475\"><\/div><div class=\"form-group text-center\" id=\"algolia-filters-navigation-9e56b8b9-901f-4b8d-a8d0-e2c4ea0e4475\"><a href=\"https:\/\/app.spheriq.ch\/suche?active=project_owners&#038;layout=grid&#038;toggledNks=0100%7CKunst%20und%20Kultur&#038;page=0\">      <button type=\"button\" class=\"btn btn-danger btn-sm\"><font color=\"white\">Alle Projekttr\u00e4ger anzeigen<\/font><\/button><\/a><\/div><\/div><\/div><\/div>\n<\/div>\n\t\t<\/div>\n\t<\/div>\n<\/div><div class=\"wp-block-cover alignfull is-light has-custom-content-position is-position-top-center\" style=\"min-height:227px;aspect-ratio:unset;\"><span aria-hidden=\"true\" class=\"wp-block-cover__background has-background-dim-100 has-background-dim\" style=\"background-color:#f7f7f7\"><\/span><div class=\"wp-block-cover__inner-container is-layout-constrained wp-block-cover-is-layout-constrained\"><div class=\"wp-bootstrap-blocks-row row\">\n\t\n<div class=\"col-12 col-md-12\">\n\t\t\t\n<h2 class=\"wp-block-heading\">Fondations pour la promotion de la culture en Suisse<\/h2>\n\n<p>Les fondations pour la culture et les loisirs repr\u00e9sentent pr\u00e8s d&rsquo;un quart de toutes les <a href=\"https:\/\/spheriq.ch\/fr\/repertoire-des-fondations\/fondations-en-suisse\/\" target=\"_blank\" rel=\"noreferrer noopener\"><span style=\"text-decoration: underline;\">fondations suisses<\/span><\/a>, c&rsquo;est ce qui ressort du rapport 22 sur les fondations suisses. Aucun autre objectif de la fondation n&rsquo;est plus repr\u00e9sent\u00e9. Cependant, si l&rsquo;on consid\u00e8re les nouvelles fondations cr\u00e9\u00e9es au cours des dix derni\u00e8res ann\u00e9es, on constate que les fondations de l&rsquo;\u00c9tat sont les plus nombreuses. <span style=\"text-decoration: underline;\"><a href=\"https:\/\/spheriq.ch\/fr\/fondations-pour-leducation\/\">Fondations pour l&rsquo;\u00e9ducation<\/a><\/span> et <a href=\"https:\/\/spheriq.ch\/fr\/fondations-pour-le-social-le-logement-la-famille\/\"><span style=\"text-decoration: underline;\">les fondations sociales<\/span><\/a> sont toujours en t\u00eate. Mais l&rsquo;art et la culture ne perdent en aucun cas leur pertinence sociale. Le recul du nombre de nouvelles fondations indique \u00e9galement que le paysage des fondations est riche et qu&rsquo;il couvre d\u00e9j\u00e0 un <strong>large \u00e9ventail de projets et d&rsquo;objectifs<\/strong> dans ce domaine. C&rsquo;est pourquoi de nombreuses fondations culturelles limitent leurs activit\u00e9s \u00e0 une forme d&rsquo;art particuli\u00e8re, comme l&rsquo;architecture, la musique ou le cin\u00e9ma, \u00e0 un groupe cible concret et \u00e0 un objectif. D&rsquo;autres concentrent leurs activit\u00e9s sur la vie culturelle d&rsquo;une ville ou d&rsquo;une r\u00e9gion, comme la <a href=\"https:\/\/app.spheriq.ch\/organisation\/albert-huber-stiftung\" target=\"_blank\" rel=\"noreferrer noopener\"><span style=\"text-decoration: underline;\">Fondation Albert Huber<\/span><\/a> \u00e0 Zurich. Pour les organisations \u00e0 but non lucratif et les cr\u00e9ateurs culturels, les nombreuses fondations pour la culture offrent d&rsquo;excellentes chances d&rsquo;obtenir des subventions. Cependant, compte tenu du grand choix de fondations culturelles, il est particuli\u00e8rement important de bien cibler la recherche des organisations donatrices appropri\u00e9es.<\/p>\n\n<h3 class=\"wp-block-heading\">Musique contemporaine &amp; classique &#8211; soutenue par des fondations musicales suisses<\/h3>\n\n<p>La promotion de la musique, qu&rsquo;il s&rsquo;agisse de musique classique, contemporaine ou populaire, occupe une place particuli\u00e8re parmi les fondations culturelles. De nombreuses fondations se consacrent, entre autres, \u00e0 cette forme d&rsquo;art. Les fondations musicales soutiennent des manifestations et des concerts, des salles de concert, des centres de formation et des associations, tant en Suisse qu&rsquo;\u00e0 l&rsquo;\u00e9tranger. Dans de nombreux cas, <strong>les musiciens, les jeunes talents et les compositeurs talentueux<\/strong> sont directement soutenus, par exemple par des bourses ou des prix. Le site <a href=\"https:\/\/app.spheriq.ch\/organisation\/max-kohler-stiftung\" target=\"_blank\" rel=\"noreferrer noopener\"><span style=\"text-decoration: underline;\">Fondation Max Kohler<\/span><\/a> est par exemple une fondation culturelle qui soutient \u00e9galement directement des musiciens et des particuliers.<\/p>\n\n<h3 class=\"wp-block-heading\">De l&rsquo;encouragement du cin\u00e9ma \u00e0 la protection des monuments historiques : des fondations culturelles vari\u00e9es \u00e0 Spheriq<\/h3>\n\n<p>Les fondations de soutien \u00e0 l&rsquo;art et \u00e0 la culture en Suisse sont aussi nombreuses que le secteur culturel en lui-m\u00eame. La diversit\u00e9 des th\u00e8mes abord\u00e9s par les fondations culturelles aupr\u00e8s de la Spheriq couvre <strong>les formes les plus diverses d&rsquo;art et de culture<\/strong>. De la pr\u00e9servation des traditions et des monuments \u00e0 la litt\u00e9rature et \u00e0 l&rsquo;architecture en passant par le soutien au cin\u00e9ma : certaines fondations, comme la <a href=\"https:\/\/app.spheriq.ch\/organisation\/ueli-schlageter-stiftung\" target=\"_blank\" rel=\"noreferrer noopener\"><span style=\"text-decoration: underline;\">Ueli Schlageter Stiftung<\/span><\/a>, par exemple, soutient des projets dans tous les domaines.<\/p>\n\n<div class=\"wp-block-cover alignfull is-light\" style=\"min-height:50px;aspect-ratio:unset;\"><span aria-hidden=\"true\" class=\"wp-block-cover__background has-background-dim-100 has-background-dim has-background-gradient\" style=\"background:linear-gradient(114deg,rgba(255,0,255,0.32) 0%,rgba(255,0,0,0.65) 98%)\"><\/span><div class=\"wp-block-cover__inner-container is-layout-constrained wp-block-cover-is-layout-constrained\"><div class=\"wp-bootstrap-blocks-row row justify-content-center align-items-center\">\n\t\n<div class=\"col-12 col-md-4\">\n\t\t\t\n<p class=\"has-text-align-center has-size-24-font-size\" style=\"line-height:1.1\">Utilisez la fonction de recherche et cr\u00e9ez des profils en ligne pour votre organisation et vos projets &#8211; <strong>gratuitement<\/strong>.<\/p>\n\t<\/div>\n\n<div class=\"col-12 col-md-4\">\n\t\t\t\n<div class=\"wp-block-buttons is-content-justification-center is-layout-flex wp-container-core-buttons-is-layout-a89b3969 wp-block-buttons-is-layout-flex\"><div class=\"wp-block-button is-style-btn-primary is-style-btn-primary--1\"><a class=\"wp-block-button__link wp-element-button\" href=\"https:\/\/app.spheriq.ch\/registrieren\">Inscrivez-vous gratuitement d\u00e8s maintenant<\/a><\/div><\/div>\n\t<\/div>\n<\/div><\/div><\/div>\n\n<p>Vous trouverez facilement et efficacement les fondations culturelles qui vous conviennent en consultant le site de la Fondation Suisse. <span style=\"text-decoration: underline;\"><a href=\"https:\/\/spheriq.ch\/fr\/repertoire-des-fondations\/\" target=\"_blank\" rel=\"noreferrer noopener\">Annuaire des fondations<\/a><\/span> \u00e0 l&rsquo;aide de possibilit\u00e9s de recherche et de filtrage individuelles ainsi que d&rsquo;une fonction de matching intelligente. Avec Spheriq, la <strong>plus grande communaut\u00e9 philanthropique num\u00e9rique<\/strong>, les organisations donatrices, les organizations \u00e0 but non lucratif, les expert\u00b7e\u00b7s ainsi que les entreprises organisent efficacement leur flux de travail et re\u00e7oivent en outre des propositions personnalis\u00e9es, des actualit\u00e9s et des connaissances sur les fondations, la collecte de fonds et tout ce qui est important dans le monde de la philanthropie.<\/p>\n\t<\/div>\n<\/div><\/div><\/div>","protected":false},"excerpt":{"rendered":"","protected":false},"author":7,"featured_media":0,"parent":0,"menu_order":0,"comment_status":"closed","ping_status":"closed","template":"","meta":{"_acf_changed":false,"_uag_custom_page_level_css":"","footnotes":""},"class_list":["post-7804","page","type-page","status-publish","hentry"],"acf":[],"yoast_head":"<!-- This site is optimized with the Yoast SEO plugin v26.9 - https:\/\/yoast.com\/product\/yoast-seo-wordpress\/ -->\n<title>Fondations culturelles - Spheriq<\/title>\n<meta name=\"description\" content=\"Fondations culturelles en Suisse \u2713 Art, musique, th\u00e9\u00e2tre, cin\u00e9ma, litt\u00e9rature &amp; autres projets culturels \u2713 Trouver maintenant la fondation qui convient !\" \/>\n<meta name=\"robots\" content=\"index, follow, max-snippet:-1, max-image-preview:large, max-video-preview:-1\" \/>\n<link rel=\"canonical\" href=\"https:\/\/spheriq.ch\/fr\/fondations-culturelles\/\" \/>\n<meta property=\"og:locale\" content=\"fr_FR\" \/>\n<meta property=\"og:type\" content=\"article\" \/>\n<meta property=\"og:title\" content=\"Fondations culturelles - Spheriq\" \/>\n<meta property=\"og:description\" content=\"Fondations culturelles en Suisse \u2713 Art, musique, th\u00e9\u00e2tre, cin\u00e9ma, litt\u00e9rature &amp; autres projets culturels \u2713 Trouver maintenant la fondation qui convient !\" \/>\n<meta property=\"og:url\" content=\"https:\/\/spheriq.ch\/fr\/fondations-culturelles\/\" \/>\n<meta property=\"og:site_name\" content=\"Spheriq\" \/>\n<meta property=\"article:modified_time\" content=\"2024-10-28T17:01:41+00:00\" \/>\n<meta name=\"twitter:card\" content=\"summary_large_image\" \/>\n<meta name=\"twitter:label1\" content=\"Dur\u00e9e de lecture estim\u00e9e\" \/>\n\t<meta name=\"twitter:data1\" content=\"8 minutes\" \/>\n<script type=\"application\/ld+json\" class=\"yoast-schema-graph\">{\"@context\":\"https:\/\/schema.org\",\"@graph\":[{\"@type\":\"WebPage\",\"@id\":\"https:\/\/spheriq.ch\/fr\/fondations-culturelles\/\",\"url\":\"https:\/\/spheriq.ch\/fr\/fondations-culturelles\/\",\"name\":\"Fondations culturelles - Spheriq\",\"isPartOf\":{\"@id\":\"https:\/\/spheriq.ch\/fr\/#website\"},\"datePublished\":\"2023-05-10T14:48:51+00:00\",\"dateModified\":\"2024-10-28T17:01:41+00:00\",\"description\":\"Fondations culturelles en Suisse \u2713 Art, musique, th\u00e9\u00e2tre, cin\u00e9ma, litt\u00e9rature & autres projets culturels \u2713 Trouver maintenant la fondation qui convient !\",\"breadcrumb\":{\"@id\":\"https:\/\/spheriq.ch\/fr\/fondations-culturelles\/#breadcrumb\"},\"inLanguage\":\"fr-FR\",\"potentialAction\":[{\"@type\":\"ReadAction\",\"target\":[\"https:\/\/spheriq.ch\/fr\/fondations-culturelles\/\"]}]},{\"@type\":\"BreadcrumbList\",\"@id\":\"https:\/\/spheriq.ch\/fr\/fondations-culturelles\/#breadcrumb\",\"itemListElement\":[{\"@type\":\"ListItem\",\"position\":1,\"name\":\"Home\",\"item\":\"https:\/\/spheriq.ch\/fr\/\"},{\"@type\":\"ListItem\",\"position\":2,\"name\":\"Fondations culturelles\"}]},{\"@type\":\"WebSite\",\"@id\":\"https:\/\/spheriq.ch\/fr\/#website\",\"url\":\"https:\/\/spheriq.ch\/fr\/\",\"name\":\"Spheriq\",\"description\":\"Spheriq | Online-Portal f\u00fcr Philanthropie\",\"potentialAction\":[{\"@type\":\"SearchAction\",\"target\":{\"@type\":\"EntryPoint\",\"urlTemplate\":\"https:\/\/spheriq.ch\/fr\/?s={search_term_string}\"},\"query-input\":{\"@type\":\"PropertyValueSpecification\",\"valueRequired\":true,\"valueName\":\"search_term_string\"}}],\"inLanguage\":\"fr-FR\"}]}<\/script>\n<!-- \/ Yoast SEO plugin. -->","yoast_head_json":{"title":"Fondations culturelles - Spheriq","description":"Fondations culturelles en Suisse \u2713 Art, musique, th\u00e9\u00e2tre, cin\u00e9ma, litt\u00e9rature & autres projets culturels \u2713 Trouver maintenant la fondation qui convient !","robots":{"index":"index","follow":"follow","max-snippet":"max-snippet:-1","max-image-preview":"max-image-preview:large","max-video-preview":"max-video-preview:-1"},"canonical":"https:\/\/spheriq.ch\/fr\/fondations-culturelles\/","og_locale":"fr_FR","og_type":"article","og_title":"Fondations culturelles - Spheriq","og_description":"Fondations culturelles en Suisse \u2713 Art, musique, th\u00e9\u00e2tre, cin\u00e9ma, litt\u00e9rature & autres projets culturels \u2713 Trouver maintenant la fondation qui convient !","og_url":"https:\/\/spheriq.ch\/fr\/fondations-culturelles\/","og_site_name":"Spheriq","article_modified_time":"2024-10-28T17:01:41+00:00","twitter_card":"summary_large_image","twitter_misc":{"Dur\u00e9e de lecture estim\u00e9e":"8 minutes"},"schema":{"@context":"https:\/\/schema.org","@graph":[{"@type":"WebPage","@id":"https:\/\/spheriq.ch\/fr\/fondations-culturelles\/","url":"https:\/\/spheriq.ch\/fr\/fondations-culturelles\/","name":"Fondations culturelles - Spheriq","isPartOf":{"@id":"https:\/\/spheriq.ch\/fr\/#website"},"datePublished":"2023-05-10T14:48:51+00:00","dateModified":"2024-10-28T17:01:41+00:00","description":"Fondations culturelles en Suisse \u2713 Art, musique, th\u00e9\u00e2tre, cin\u00e9ma, litt\u00e9rature & autres projets culturels \u2713 Trouver maintenant la fondation qui convient !","breadcrumb":{"@id":"https:\/\/spheriq.ch\/fr\/fondations-culturelles\/#breadcrumb"},"inLanguage":"fr-FR","potentialAction":[{"@type":"ReadAction","target":["https:\/\/spheriq.ch\/fr\/fondations-culturelles\/"]}]},{"@type":"BreadcrumbList","@id":"https:\/\/spheriq.ch\/fr\/fondations-culturelles\/#breadcrumb","itemListElement":[{"@type":"ListItem","position":1,"name":"Home","item":"https:\/\/spheriq.ch\/fr\/"},{"@type":"ListItem","position":2,"name":"Fondations culturelles"}]},{"@type":"WebSite","@id":"https:\/\/spheriq.ch\/fr\/#website","url":"https:\/\/spheriq.ch\/fr\/","name":"Spheriq","description":"Spheriq | Online-Portal f\u00fcr Philanthropie","potentialAction":[{"@type":"SearchAction","target":{"@type":"EntryPoint","urlTemplate":"https:\/\/spheriq.ch\/fr\/?s={search_term_string}"},"query-input":{"@type":"PropertyValueSpecification","valueRequired":true,"valueName":"search_term_string"}}],"inLanguage":"fr-FR"}]}},"uagb_featured_image_src":{"full":false,"thumbnail":false,"medium":false,"medium_large":false,"large":false,"1536x1536":false,"2048x2048":false,"icon":false,"single-thumbnail":false,"menu-24x24":false,"menu-36x36":false,"menu-48x48":false},"uagb_author_info":{"display_name":"Tais Okai","author_link":"https:\/\/spheriq.ch\/fr\/author\/tais-okai\/"},"uagb_comment_info":0,"uagb_excerpt":null,"_links":{"self":[{"href":"https:\/\/spheriq.ch\/fr\/wp-json\/wp\/v2\/pages\/7804","targetHints":{"allow":["GET"]}}],"collection":[{"href":"https:\/\/spheriq.ch\/fr\/wp-json\/wp\/v2\/pages"}],"about":[{"href":"https:\/\/spheriq.ch\/fr\/wp-json\/wp\/v2\/types\/page"}],"author":[{"embeddable":true,"href":"https:\/\/spheriq.ch\/fr\/wp-json\/wp\/v2\/users\/7"}],"replies":[{"embeddable":true,"href":"https:\/\/spheriq.ch\/fr\/wp-json\/wp\/v2\/comments?post=7804"}],"version-history":[{"count":14,"href":"https:\/\/spheriq.ch\/fr\/wp-json\/wp\/v2\/pages\/7804\/revisions"}],"predecessor-version":[{"id":19301,"href":"https:\/\/spheriq.ch\/fr\/wp-json\/wp\/v2\/pages\/7804\/revisions\/19301"}],"wp:attachment":[{"href":"https:\/\/spheriq.ch\/fr\/wp-json\/wp\/v2\/media?parent=7804"}],"curies":[{"name":"wp","href":"https:\/\/api.w.org\/{rel}","templated":true}]}}