{"id":6356,"date":"2022-09-12T07:13:12","date_gmt":"2022-09-12T07:13:12","guid":{"rendered":"https:\/\/spheriq.ch\/centre-des-connaissances\/glossaire\/"},"modified":"2023-05-23T14:57:29","modified_gmt":"2023-05-23T14:57:29","slug":"glossaire","status":"publish","type":"page","link":"https:\/\/spheriq.ch\/fr\/ressources\/glossaire\/","title":{"rendered":"Glossaire"},"content":{"rendered":"<div class=\"wp-bootstrap-blocks-row row\">\n\t\n<div class=\"col-12 col-md-5 col-lg-4\">\n\t\t\t\n<p class=\"has-small-font-size\" style=\"letter-spacing:1px;text-transform:uppercase\"><strong>Terme<\/strong><\/p>\n\n<h2 class=\"wp-block-heading has-size-40-font-size\">Promoteur<\/h2>\n\t<\/div>\n\n<div class=\"col-12 col-md-7 col-lg-8\">\n\t\t\t\n<p class=\"has-small-font-size\" style=\"letter-spacing:1px;text-transform:uppercase\"><strong>EXPLICATION<\/strong><\/p>\n\n<p style=\"line-height:1.5\">Toute personne ou organisation qui fournit des ressources financi\u00e8res \u00e0 d&rsquo;autres pour un projet ou une activit\u00e9. Il peut s&rsquo;agir par exemple de fondations donatrices, mais aussi de donateurs priv\u00e9s.<\/p>\n\t<\/div>\n<\/div><div style=\"height:120px\" aria-hidden=\"true\" class=\"wp-block-spacer\"><\/div><div class=\"wp-bootstrap-blocks-row row\">\n\t\n<div class=\"col-12 col-md-5 col-lg-4\">\n\t\t\t\n<h2 class=\"wp-block-heading has-size-40-font-size\">Finan\u00e7ant (mode d&rsquo;action)<\/h2>\n\t<\/div>\n\n<div class=\"col-12 col-md-7 col-lg-8\">\n\t\t\t\n<p style=\"line-height:1.5\">Une fondation, une organisation ne r\u00e9alise pas de projets propres pour mettre en \u0153uvre son objectif, mais soutient le travail de tiers par des contributions financi\u00e8res de soutien. Les fondations de ce type sont \u00e9galement appel\u00e9es \u00ab fondations donatrices \u00bb.<\/p>\n\t<\/div>\n<\/div><div style=\"height:120px\" aria-hidden=\"true\" class=\"wp-block-spacer\"><\/div><div class=\"wp-bootstrap-blocks-row row\">\n\t\n<div class=\"col-12 col-md-5 col-lg-4\">\n\t\t\t\n<h2 class=\"wp-block-heading has-size-40-font-size\">Mixte (mode d&rsquo;action)<\/h2>\n\t<\/div>\n\n<div class=\"col-12 col-md-7 col-lg-8\">\n\t\t\t\n<p style=\"line-height:1.5\">Une fondation, une organisation intervient \u00e0 la fois sur le plan op\u00e9rationnel et sur le plan promotionnel.<\/p>\n\t<\/div>\n<\/div><div style=\"height:120px\" aria-hidden=\"true\" class=\"wp-block-spacer\"><\/div><div class=\"wp-bootstrap-blocks-row row\">\n\t\n<div class=\"col-12 col-md-5 col-lg-4\">\n\t\t\t\n<h2 class=\"wp-block-heading has-size-40-font-size\">Demande<\/h2>\n\t<\/div>\n\n<div class=\"col-12 col-md-7 col-lg-8\">\n\t\t\t\n<p style=\"line-height:1.5\">Une demande compl\u00e8te de subventions (par lettre ou en ligne) Synonyme fr\u00e9quent : requ\u00eate.<\/p>\n\t<\/div>\n<\/div><div style=\"height:120px\" aria-hidden=\"true\" class=\"wp-block-spacer\"><\/div><div class=\"wp-bootstrap-blocks-row row\">\n\t\n<div class=\"col-12 col-md-5 col-lg-4\">\n\t\t\t\n<h2 class=\"wp-block-heading has-size-40-font-size\">NKS<\/h2>\n\t<\/div>\n\n<div class=\"col-12 col-md-7 col-lg-8\">\n\t\t\t\n<p style=\"line-height:1.5\">Le NonproCons syst\u00e8me de cat\u00e9gorisation des fondations classiques (NKS) est un syst\u00e8me de cat\u00e9gorisation d\u00e9velopp\u00e9 par l&rsquo;entreprise NonproCons AG. Le syst\u00e8me comprend six cat\u00e9gories : Organisation, Domaine d&rsquo;action (domaines th\u00e9matiques), Groupes de destinataires (groupes cibles), Zone d&rsquo;action, Mode d&rsquo;action et Financement.<\/p>\n\t<\/div>\n<\/div><div style=\"height:120px\" aria-hidden=\"true\" class=\"wp-block-spacer\"><\/div><div class=\"wp-bootstrap-blocks-row row\">\n\t\n<div class=\"col-12 col-md-5 col-lg-4\">\n\t\t\t\n<h2 class=\"wp-block-heading has-size-40-font-size\">Op\u00e9rationnel (mode d&rsquo;action)<\/h2>\n\t<\/div>\n\n<div class=\"col-12 col-md-7 col-lg-8\">\n\t\t\t\n<p style=\"line-height:1.5\">Une fondation, une organisation r\u00e9alise des projets ou poursuit des activit\u00e9s en son propre nom et pour son propre compte. Elle met en \u0153uvre le but (de la fondation) par des mesures qu&rsquo;elle a elle-m\u00eame prises.<\/p>\n\t<\/div>\n<\/div><div style=\"height:120px\" aria-hidden=\"true\" class=\"wp-block-spacer\"><\/div><div class=\"wp-bootstrap-blocks-row row\">\n\t\n<div class=\"col-12 col-md-5 col-lg-4\">\n\t\t\t\n<h2 class=\"wp-block-heading has-size-40-font-size\">Portrait de l&rsquo;organisation<\/h2>\n\t<\/div>\n\n<div class=\"col-12 col-md-7 col-lg-8\">\n\t\t\t\n<p style=\"line-height:1.5\">Une br\u00e8ve pr\u00e9sentation de l&rsquo;organisation (en ligne) avec les principales informations. Sur stiftungschweiz.ch, il y a des portraits d&rsquo;organisation pour les fondations donatrices et des portraits d&rsquo;organisation pour les porteurs de projet.<\/p>\n\t<\/div>\n<\/div><div style=\"height:120px\" aria-hidden=\"true\" class=\"wp-block-spacer\"><\/div><div class=\"wp-bootstrap-blocks-row row\">\n\t\n<div class=\"col-12 col-md-5 col-lg-4\">\n\t\t\t\n<h2 class=\"wp-block-heading has-size-40-font-size\">Philanthropie<\/h2>\n\t<\/div>\n\n<div class=\"col-12 col-md-7 col-lg-8\">\n\t\t\t\n<p style=\"line-height:1.5\">La philanthropie englobe toute action priv\u00e9e volontaire pour une cause d&rsquo;int\u00e9r\u00eat g\u00e9n\u00e9ral. Cela peut se faire par l&rsquo;attribution de moyens financiers \u00e0 des tiers, mais comprend \u00e9galement, par exemple, le travail b\u00e9n\u00e9vole.<\/p>\n\t<\/div>\n<\/div><div style=\"height:120px\" aria-hidden=\"true\" class=\"wp-block-spacer\"><\/div><div class=\"wp-bootstrap-blocks-row row\">\n\t\n<div class=\"col-12 col-md-5 col-lg-4\">\n\t\t\t\n<h2 class=\"wp-block-heading has-size-40-font-size\">Portrait du projet<\/h2>\n\t<\/div>\n\n<div class=\"col-12 col-md-7 col-lg-8\">\n\t\t\t\n<p style=\"line-height:1.5\">Un bref r\u00e9sum\u00e9 (1 page) contenant les principales informations sur un projet.<\/p>\n\t<\/div>\n<\/div><div style=\"height:120px\" aria-hidden=\"true\" class=\"wp-block-spacer\"><\/div><div class=\"wp-bootstrap-blocks-row row\">\n\t\n<div class=\"col-12 col-md-5 col-lg-4\">\n\t\t\t\n<h2 class=\"wp-block-heading has-size-40-font-size\">Porteurs du projet<\/h2>\n\t<\/div>\n\n<div class=\"col-12 col-md-7 col-lg-8\">\n\t\t\t\n<p style=\"line-height:1.5\">Organisations ou personnes qui mettent (souhaitent mettre) en \u0153uvre un projet. Souvent, les porteurs de projet cherchent \u00e0 l&rsquo;ext\u00e9rieur des moyens financiers pour r\u00e9aliser leur projet.<\/p>\n\t<\/div>\n<\/div><div style=\"height:120px\" aria-hidden=\"true\" class=\"wp-block-spacer\"><\/div><div class=\"wp-bootstrap-blocks-row row\">\n\t\n<div class=\"col-12 col-md-5 col-lg-4\">\n\t\t\t\n<h2 class=\"wp-block-heading has-size-40-font-size\">Dossier de recherche<\/h2>\n\t<\/div>\n\n<div class=\"col-12 col-md-7 col-lg-8\">\n\t\t\t\n<p style=\"line-height:1.5\">Est une fonction de la recherche de fondations. Les fondations ayant fait l&rsquo;objet de recherches peuvent \u00eatre class\u00e9es et enregistr\u00e9es dans le dossier de recherche.<\/p>\n\t<\/div>\n<\/div><div style=\"height:120px\" aria-hidden=\"true\" class=\"wp-block-spacer\"><\/div><div class=\"wp-bootstrap-blocks-row row\">\n\t\n<div class=\"col-12 col-md-5 col-lg-4\">\n\t\t\t\n<h2 class=\"wp-block-heading has-size-40-font-size\">Self-Assessment<\/h2>\n\t<\/div>\n\n<div class=\"col-12 col-md-7 col-lg-8\">\n\t\t\t\n<p style=\"line-height:1.5\">Catalogue de questions pour l&rsquo;auto-\u00e9valuation (par exemple, si la fondation choisie est appropri\u00e9e pour soutenir le projet).<\/p>\n\t<\/div>\n<\/div><div style=\"height:120px\" aria-hidden=\"true\" class=\"wp-block-spacer\"><\/div><div class=\"wp-bootstrap-blocks-row row\">\n\t\n<div class=\"col-12 col-md-5 col-lg-4\">\n\t\t\t\n<h2 class=\"wp-block-heading has-size-40-font-size\">FOSC<\/h2>\n\t<\/div>\n\n<div class=\"col-12 col-md-7 col-lg-8\">\n\t\t\t\n<p style=\"line-height:1.5\">Feuille officielle suisse du commerce, service du SECO. Il est \u00e0 ce jour le seul organe de publication officiel de la Conf\u00e9d\u00e9ration, qui para\u00eet cinq fois par semaine avec les derni\u00e8res informations officielles et les annonces prescrites par la loi. (Seco, 2019)<\/p>\n\t<\/div>\n<\/div><div style=\"height:120px\" aria-hidden=\"true\" class=\"wp-block-spacer\"><\/div><div class=\"wp-bootstrap-blocks-row row\">\n\t\n<div class=\"col-12 col-md-5 col-lg-4\">\n\t\t\t\n<h2 class=\"wp-block-heading has-size-40-font-size\">Donateur<\/h2>\n\t<\/div>\n\n<div class=\"col-12 col-md-7 col-lg-8\">\n\t\t\t\n<p style=\"line-height:1.5\">Personne priv\u00e9e qui donne volontairement et gratuitement de l&rsquo;argent au profit de tiers (par exemple des organisations).<\/p>\n\t<\/div>\n<\/div><div style=\"height:120px\" aria-hidden=\"true\" class=\"wp-block-spacer\"><\/div><div class=\"wp-bootstrap-blocks-row row\">\n\t\n<div class=\"col-12 col-md-5 col-lg-4\">\n\t\t\t\n<h2 class=\"wp-block-heading has-size-40-font-size\">Fondation<\/h2>\n\t<\/div>\n\n<div class=\"col-12 col-md-7 col-lg-8\">\n\t\t\t\n<p style=\"line-height:1.5\">Une fondation est une entit\u00e9 juridique distincte et repr\u00e9sente un patrimoine autonome mis \u00e0 disposition par un fondateur dans un but pr\u00e9cis et durable (voir Kendris 2016). Dans la plupart des cas, la fondation exerce une activit\u00e9 nonprofit (voir l&rsquo;objectif de la fondation) et est donc exon\u00e9r\u00e9e d&rsquo;imp\u00f4ts. Les fondations peuvent avoir une activit\u00e9 de soutien, une activit\u00e9 op\u00e9rationnelle ou une activit\u00e9 mixte (voir mode d&rsquo;action).<\/p>\n\t<\/div>\n<\/div><div style=\"height:120px\" aria-hidden=\"true\" class=\"wp-block-spacer\"><\/div><div class=\"wp-bootstrap-blocks-row row\">\n\t\n<div class=\"col-12 col-md-5 col-lg-4\">\n\t\t\t\n<h2 class=\"wp-block-heading\">But de la fondation<\/h2>\n\t<\/div>\n\n<div class=\"col-12 col-md-6\">\n\t\t\t\n<p style=\"line-height:1.5\">D\u00e9finit les t\u00e2ches et les objectifs de la fondation et d\u00e9crit son caract\u00e8re d&rsquo;utilit\u00e9 publique. On y trouve par exemple les domaines de promotion (domaine d&rsquo;activit\u00e9).<\/p>\n\t<\/div>\n<\/div><div style=\"height:120px\" aria-hidden=\"true\" class=\"wp-block-spacer\"><\/div><div class=\"wp-bootstrap-blocks-row row\">\n\t\n<div class=\"col-12 col-md-5 col-lg-4\">\n\t\t\t\n<h2 class=\"wp-block-heading has-size-40-font-size\">Domaine d&rsquo;activit\u00e9 \/ domaine d&rsquo;intervention<\/h2>\n\t<\/div>\n\n<div class=\"col-12 col-md-7 col-lg-8\">\n\t\t\t\n<p style=\"line-height:1.5\">D\u00e9crit l&rsquo;orientation th\u00e9matique de la fondation, de l&rsquo;organisation ou d&rsquo;un projet. Selon la NKS, il s&rsquo;agit de onze domaines sup\u00e9rieurs, par exemple l&rsquo;art et la culture, le social, etc.<\/p>\n\t<\/div>\n<\/div><div style=\"height:120px\" aria-hidden=\"true\" class=\"wp-block-spacer\"><\/div><div class=\"wp-bootstrap-blocks-row row\">\n\t\n<div class=\"col-12 col-md-5 col-lg-4\">\n\t\t\t\n<h2 class=\"wp-block-heading has-size-40-font-size\">Demande pr\u00e9liminaire<\/h2>\n\t<\/div>\n\n<div class=\"col-12 col-md-7 col-lg-8\">\n\t\t\t\n<p style=\"line-height:1.5\">Sert de clarification pr\u00e9alable et ne constitue pas une demande compl\u00e8te. Il est toutefois possible que certaines fondations donatrices reconnaissent d\u00e9j\u00e0 la demande pr\u00e9liminaire comme une demande compl\u00e8te.<\/p>\n\t<\/div>\n<\/div><div style=\"height:120px\" aria-hidden=\"true\" class=\"wp-block-spacer\"><\/div><div class=\"wp-bootstrap-blocks-row row\">\n\t\n<div class=\"col-12 col-md-5 col-lg-4\">\n\t\t\t\n<h2 class=\"wp-block-heading has-size-40-font-size\">Mode d&rsquo;action<\/h2>\n\t<\/div>\n\n<div class=\"col-12 col-md-7 col-lg-8\">\n\t\t\t\n<p style=\"line-height:1.5\">D\u00e9finit la mani\u00e8re dont une organisation, une fondation souhaite atteindre son objectif de fondation. Une distinction est faite entre finan\u00e7ant, op\u00e9rationnel et mixte.<\/p>\n\t<\/div>\n<\/div><div style=\"height:120px\" aria-hidden=\"true\" class=\"wp-block-spacer\"><\/div><div class=\"wp-bootstrap-blocks-row row\">\n\t\n<div class=\"col-12 col-md-5 col-lg-4\">\n\t\t\t\n<h2 class=\"wp-block-heading has-size-40-font-size\">Lieu d&rsquo;intervention<\/h2>\n\t<\/div>\n\n<div class=\"col-12 col-md-7 col-lg-8\">\n\t\t\t\n<p style=\"line-height:1.5\">Comprend le champ d&rsquo;action g\u00e9ographique d&rsquo;une fondation, d&rsquo;une organisation ou d&rsquo;un projet.<\/p>\n\t<\/div>\n<\/div><div style=\"height:120px\" aria-hidden=\"true\" class=\"wp-block-spacer\"><\/div><div class=\"wp-bootstrap-blocks-row row\">\n\t\n<div class=\"col-12 col-md-5 col-lg-4\">\n\t\t\t\n<h2 class=\"wp-block-heading has-size-40-font-size\">Groupe cible\/ groupe de destinataires<\/h2>\n\t<\/div>\n\n<div class=\"col-12 col-md-7 col-lg-8\">\n\t\t\t\n<p style=\"line-height:1.5\">Groupes ou individus cibl\u00e9s par les activit\u00e9s d&rsquo;un projet, par l&rsquo;objectif de la fondation et aupr\u00e8s desquels l&rsquo;impact doit \u00eatre atteint. Il existe \u00e9galement des groupes cibles non humains, comme par exemple les animaux ou les organisations, les entreprises.<\/p>\n\t<\/div>\n<\/div>","protected":false},"excerpt":{"rendered":"","protected":false},"author":1,"featured_media":0,"parent":6312,"menu_order":0,"comment_status":"closed","ping_status":"closed","template":"","meta":{"_acf_changed":false,"_uag_custom_page_level_css":"","footnotes":""},"class_list":["post-6356","page","type-page","status-publish","hentry"],"acf":[],"yoast_head":"<!-- This site is optimized with the Yoast SEO plugin v26.9 - https:\/\/yoast.com\/product\/yoast-seo-wordpress\/ -->\n<title>Glossaire - Spheriq<\/title>\n<meta name=\"description\" content=\"Vous ne savez pas exactement ce qui se cache derri\u00e8re le terme \u00ab promoteur \u00bb ? Nous vous \u00e9clairons dans notre glossaire de la philanthropie.\" \/>\n<meta name=\"robots\" content=\"index, follow, max-snippet:-1, max-image-preview:large, max-video-preview:-1\" \/>\n<link rel=\"canonical\" href=\"https:\/\/spheriq.ch\/fr\/ressources\/glossaire\/\" \/>\n<meta property=\"og:locale\" content=\"fr_FR\" \/>\n<meta property=\"og:type\" content=\"article\" \/>\n<meta property=\"og:title\" content=\"Glossaire - Spheriq\" \/>\n<meta property=\"og:description\" content=\"Vous ne savez pas exactement ce qui se cache derri\u00e8re le terme \u00ab promoteur \u00bb ? Nous vous \u00e9clairons dans notre glossaire de la philanthropie.\" \/>\n<meta property=\"og:url\" content=\"https:\/\/spheriq.ch\/fr\/ressources\/glossaire\/\" \/>\n<meta property=\"og:site_name\" content=\"Spheriq\" \/>\n<meta property=\"article:modified_time\" content=\"2023-05-23T14:57:29+00:00\" \/>\n<meta name=\"twitter:card\" content=\"summary_large_image\" \/>\n<meta name=\"twitter:label1\" content=\"Dur\u00e9e de lecture estim\u00e9e\" \/>\n\t<meta name=\"twitter:data1\" content=\"4 minutes\" \/>\n<script type=\"application\/ld+json\" class=\"yoast-schema-graph\">{\"@context\":\"https:\/\/schema.org\",\"@graph\":[{\"@type\":\"WebPage\",\"@id\":\"https:\/\/spheriq.ch\/fr\/ressources\/glossaire\/\",\"url\":\"https:\/\/spheriq.ch\/fr\/ressources\/glossaire\/\",\"name\":\"Glossaire - Spheriq\",\"isPartOf\":{\"@id\":\"https:\/\/spheriq.ch\/fr\/#website\"},\"datePublished\":\"2022-09-12T07:13:12+00:00\",\"dateModified\":\"2023-05-23T14:57:29+00:00\",\"description\":\"Vous ne savez pas exactement ce qui se cache derri\u00e8re le terme \u00ab promoteur \u00bb ? Nous vous \u00e9clairons dans notre glossaire de la philanthropie.\",\"breadcrumb\":{\"@id\":\"https:\/\/spheriq.ch\/fr\/ressources\/glossaire\/#breadcrumb\"},\"inLanguage\":\"fr-FR\",\"potentialAction\":[{\"@type\":\"ReadAction\",\"target\":[\"https:\/\/spheriq.ch\/fr\/ressources\/glossaire\/\"]}]},{\"@type\":\"BreadcrumbList\",\"@id\":\"https:\/\/spheriq.ch\/fr\/ressources\/glossaire\/#breadcrumb\",\"itemListElement\":[{\"@type\":\"ListItem\",\"position\":1,\"name\":\"Home\",\"item\":\"https:\/\/spheriq.ch\/fr\/\"},{\"@type\":\"ListItem\",\"position\":2,\"name\":\"Toutes les ressources\",\"item\":\"https:\/\/spheriq.ch\/fr\/ressources\/\"},{\"@type\":\"ListItem\",\"position\":3,\"name\":\"Glossaire\"}]},{\"@type\":\"WebSite\",\"@id\":\"https:\/\/spheriq.ch\/fr\/#website\",\"url\":\"https:\/\/spheriq.ch\/fr\/\",\"name\":\"Spheriq\",\"description\":\"Spheriq | Online-Portal f\u00fcr Philanthropie\",\"potentialAction\":[{\"@type\":\"SearchAction\",\"target\":{\"@type\":\"EntryPoint\",\"urlTemplate\":\"https:\/\/spheriq.ch\/fr\/?s={search_term_string}\"},\"query-input\":{\"@type\":\"PropertyValueSpecification\",\"valueRequired\":true,\"valueName\":\"search_term_string\"}}],\"inLanguage\":\"fr-FR\"}]}<\/script>\n<!-- \/ Yoast SEO plugin. -->","yoast_head_json":{"title":"Glossaire - Spheriq","description":"Vous ne savez pas exactement ce qui se cache derri\u00e8re le terme \u00ab promoteur \u00bb ? Nous vous \u00e9clairons dans notre glossaire de la philanthropie.","robots":{"index":"index","follow":"follow","max-snippet":"max-snippet:-1","max-image-preview":"max-image-preview:large","max-video-preview":"max-video-preview:-1"},"canonical":"https:\/\/spheriq.ch\/fr\/ressources\/glossaire\/","og_locale":"fr_FR","og_type":"article","og_title":"Glossaire - Spheriq","og_description":"Vous ne savez pas exactement ce qui se cache derri\u00e8re le terme \u00ab promoteur \u00bb ? Nous vous \u00e9clairons dans notre glossaire de la philanthropie.","og_url":"https:\/\/spheriq.ch\/fr\/ressources\/glossaire\/","og_site_name":"Spheriq","article_modified_time":"2023-05-23T14:57:29+00:00","twitter_card":"summary_large_image","twitter_misc":{"Dur\u00e9e de lecture estim\u00e9e":"4 minutes"},"schema":{"@context":"https:\/\/schema.org","@graph":[{"@type":"WebPage","@id":"https:\/\/spheriq.ch\/fr\/ressources\/glossaire\/","url":"https:\/\/spheriq.ch\/fr\/ressources\/glossaire\/","name":"Glossaire - Spheriq","isPartOf":{"@id":"https:\/\/spheriq.ch\/fr\/#website"},"datePublished":"2022-09-12T07:13:12+00:00","dateModified":"2023-05-23T14:57:29+00:00","description":"Vous ne savez pas exactement ce qui se cache derri\u00e8re le terme \u00ab promoteur \u00bb ? Nous vous \u00e9clairons dans notre glossaire de la philanthropie.","breadcrumb":{"@id":"https:\/\/spheriq.ch\/fr\/ressources\/glossaire\/#breadcrumb"},"inLanguage":"fr-FR","potentialAction":[{"@type":"ReadAction","target":["https:\/\/spheriq.ch\/fr\/ressources\/glossaire\/"]}]},{"@type":"BreadcrumbList","@id":"https:\/\/spheriq.ch\/fr\/ressources\/glossaire\/#breadcrumb","itemListElement":[{"@type":"ListItem","position":1,"name":"Home","item":"https:\/\/spheriq.ch\/fr\/"},{"@type":"ListItem","position":2,"name":"Toutes les ressources","item":"https:\/\/spheriq.ch\/fr\/ressources\/"},{"@type":"ListItem","position":3,"name":"Glossaire"}]},{"@type":"WebSite","@id":"https:\/\/spheriq.ch\/fr\/#website","url":"https:\/\/spheriq.ch\/fr\/","name":"Spheriq","description":"Spheriq | Online-Portal f\u00fcr Philanthropie","potentialAction":[{"@type":"SearchAction","target":{"@type":"EntryPoint","urlTemplate":"https:\/\/spheriq.ch\/fr\/?s={search_term_string}"},"query-input":{"@type":"PropertyValueSpecification","valueRequired":true,"valueName":"search_term_string"}}],"inLanguage":"fr-FR"}]}},"uagb_featured_image_src":{"full":false,"thumbnail":false,"medium":false,"medium_large":false,"large":false,"1536x1536":false,"2048x2048":false,"icon":false,"single-thumbnail":false,"menu-24x24":false,"menu-36x36":false,"menu-48x48":false},"uagb_author_info":{"display_name":"admin","author_link":"https:\/\/spheriq.ch\/fr\/author\/admin\/"},"uagb_comment_info":0,"uagb_excerpt":null,"_links":{"self":[{"href":"https:\/\/spheriq.ch\/fr\/wp-json\/wp\/v2\/pages\/6356","targetHints":{"allow":["GET"]}}],"collection":[{"href":"https:\/\/spheriq.ch\/fr\/wp-json\/wp\/v2\/pages"}],"about":[{"href":"https:\/\/spheriq.ch\/fr\/wp-json\/wp\/v2\/types\/page"}],"author":[{"embeddable":true,"href":"https:\/\/spheriq.ch\/fr\/wp-json\/wp\/v2\/users\/1"}],"replies":[{"embeddable":true,"href":"https:\/\/spheriq.ch\/fr\/wp-json\/wp\/v2\/comments?post=6356"}],"version-history":[{"count":3,"href":"https:\/\/spheriq.ch\/fr\/wp-json\/wp\/v2\/pages\/6356\/revisions"}],"predecessor-version":[{"id":7086,"href":"https:\/\/spheriq.ch\/fr\/wp-json\/wp\/v2\/pages\/6356\/revisions\/7086"}],"up":[{"embeddable":true,"href":"https:\/\/spheriq.ch\/fr\/wp-json\/wp\/v2\/pages\/6312"}],"wp:attachment":[{"href":"https:\/\/spheriq.ch\/fr\/wp-json\/wp\/v2\/media?parent=6356"}],"curies":[{"name":"wp","href":"https:\/\/api.w.org\/{rel}","templated":true}]}}