{"id":6326,"date":"2022-12-30T12:09:01","date_gmt":"2022-12-30T12:09:01","guid":{"rendered":"https:\/\/spheriq.ch\/mentions-legales\/"},"modified":"2025-11-12T08:40:25","modified_gmt":"2025-11-12T08:40:25","slug":"mentions-legales","status":"publish","type":"page","link":"https:\/\/spheriq.ch\/fr\/mentions-legales\/","title":{"rendered":"Mentions l\u00e9gales"},"content":{"rendered":"<div class=\"wp-block-cover alignwide is-light\" style=\"padding-top:var(--wp--preset--spacing--40);padding-right:var(--wp--preset--spacing--40);padding-bottom:var(--wp--preset--spacing--40);padding-left:var(--wp--preset--spacing--40)\"><span aria-hidden=\"true\" class=\"wp-block-cover__background has-gray-light-background-color has-background-dim-100 has-background-dim\"><\/span><div class=\"wp-block-cover__inner-container is-layout-flow wp-block-cover-is-layout-flow\"><div class=\"wp-bootstrap-blocks-row row justify-content-center\">\n\t\n<div class=\"col-12 col-md-10 col-lg-8\">\n\t\t\t<div class=\"h-100 d-flex flex-column justify-content-center\">\n\t\t\t\n<div style=\"height:30px\" aria-hidden=\"true\" class=\"wp-block-spacer\"><\/div>\n\n<h2 class=\"wp-block-heading has-text-align-center has-text-color\" style=\"color:#3d3f48;padding-top:var(--wp--preset--spacing--80);font-size:clamp(27.894px, 1.743rem + ((1vw - 3.2px) * 1.704), 48px);\">Mentions l\u00e9gales<\/h2>\n\n<p class=\"has-text-color has-size-18-font-size\" style=\"color:#3d3f48b3\"><strong>Adresse de contact<\/strong><br>spheriq.ch est g\u00e9r\u00e9 par :<\/p>\n\n<p class=\"has-text-color has-size-18-font-size\" style=\"color:#3d3f48b3\">Spheriq AG<br>Centralbahnstrasse 10<br>4051 B\u00e2le<br>Suisse<\/p>\n\n<p class=\"has-text-color has-size-18-font-size\" style=\"color:#3d3f48b3\">E-mail:<br>support@spheriq.ch<br>T 061 278 93 83<\/p>\n\n<p class=\"has-text-color has-size-18-font-size\" style=\"color:#3d3f48b3\"><strong>Repr\u00e9sentant autoris\u00e9<\/strong><br>Stefan Sch\u00f6bi<\/p>\n\n<p class=\"has-text-color has-size-18-font-size\" style=\"color:#3d3f48b3\">IDE \/ num\u00e9ro de TVA : CHE-473.785.853<br>Nombre de registre de commerce: CH-270.3.014.878-5<\/p>\n\n<p class=\"has-text-color has-size-18-font-size\" style=\"color:#3d3f48b3\"><strong>Clause de non-responsabilit\u00e9<\/strong><br>L&rsquo;auteur n&rsquo;assume aucune responsabilit\u00e9 quant \u00e0 la v\u00e9racit\u00e9, l&rsquo;exactitude, l&rsquo;actualit\u00e9, la fiabilit\u00e9 et l&rsquo;exhaustivit\u00e9 du contenu des informations. L&rsquo;auteur ne saurait \u00eatre tenu pour responsable des dommages mat\u00e9riels ou immat\u00e9riels qui pourraient \u00eatre caus\u00e9s par l&rsquo;acc\u00e8s aux informations diffus\u00e9es ou par leur utilisation ou non-utilisation, par le mauvais usage de la connexion ou par des probl\u00e8mes techniques.<\/p>\n\n<p class=\"has-text-color has-size-18-font-size\" style=\"color:#3d3f48b3\">Toutes les offres sont sans engagement. L&rsquo;auteur se r\u00e9serve express\u00e9ment le droit de modifier, de compl\u00e9ter ou de supprimer des parties de pages ou l&rsquo;ensemble de l&rsquo;offre sans pr\u00e9avis particulier, ou d&rsquo;en suspendre temporairement ou d\u00e9finitivement la publication.<\/p>\n\n<p class=\"has-text-color has-size-18-font-size\" style=\"color:#3d3f48b3\"><strong>Clause de non-responsabilit\u00e9 pour les liens<\/strong><br>Les renvois et liens vers des sites web de tiers ne rel\u00e8vent pas de notre responsabilit\u00e9. Nous d\u00e9clinons toute responsabilit\u00e9 pour de tels sites. L&rsquo;acc\u00e8s \u00e0 de tels sites et leur utilisation se font aux risques et p\u00e9rils de l&rsquo;utilisateur concern\u00e9.<\/p>\n\n<p class=\"has-text-color has-size-18-font-size\" style=\"color:#3d3f48b3\"><strong>Droits d&rsquo;auteur<\/strong><br>Les droits d&rsquo;auteur et tous les autres droits li\u00e9s aux contenus, images, photos ou autres fichiers de ce site web appartiennent exclusivement \u00e0 la soci\u00e9t\u00e9 Spheriq AG ou aux titulaires de droits sp\u00e9cialement cit\u00e9s. Pour la reproduction de tout \u00e9l\u00e9ment, l&rsquo;accord \u00e9crit du d\u00e9tenteur des droits d&rsquo;auteur doit \u00eatre obtenu au pr\u00e9alable.<\/p>\n\n<p class=\"has-text-color has-size-18-font-size\" style=\"color:#3d3f48b3\">\u00a9 Spheriq AG, 2023.<br>Reproduction &#8211; m\u00eame partielle &#8211; autoris\u00e9e uniquement avec indication de la source.<\/p>\n\n<div style=\"height:100px\" aria-hidden=\"true\" class=\"wp-block-spacer\"><\/div>\n\t\t<\/div>\n\t<\/div>\n<\/div><\/div><\/div>","protected":false},"excerpt":{"rendered":"","protected":false},"author":2,"featured_media":0,"parent":0,"menu_order":0,"comment_status":"closed","ping_status":"closed","template":"","meta":{"_acf_changed":false,"_uag_custom_page_level_css":"","footnotes":""},"class_list":["post-6326","page","type-page","status-publish","hentry"],"acf":[],"yoast_head":"<!-- This site is optimized with the Yoast SEO plugin v26.9 - https:\/\/yoast.com\/product\/yoast-seo-wordpress\/ -->\n<title>Mentions l\u00e9gales - Spheriq<\/title>\n<meta name=\"description\" content=\"D\u00e9couvrez les mentions l\u00e9gales de stiftungschweiz.ch ici.\" \/>\n<meta name=\"robots\" content=\"index, follow, max-snippet:-1, max-image-preview:large, max-video-preview:-1\" \/>\n<link rel=\"canonical\" href=\"https:\/\/spheriq.ch\/fr\/mentions-legales\/\" \/>\n<meta property=\"og:locale\" content=\"fr_FR\" \/>\n<meta property=\"og:type\" content=\"article\" \/>\n<meta property=\"og:title\" content=\"Mentions l\u00e9gales - Spheriq\" \/>\n<meta property=\"og:description\" content=\"D\u00e9couvrez les mentions l\u00e9gales de stiftungschweiz.ch ici.\" \/>\n<meta property=\"og:url\" content=\"https:\/\/spheriq.ch\/fr\/mentions-legales\/\" \/>\n<meta property=\"og:site_name\" content=\"Spheriq\" \/>\n<meta property=\"article:modified_time\" content=\"2025-11-12T08:40:25+00:00\" \/>\n<meta name=\"twitter:card\" content=\"summary_large_image\" \/>\n<meta name=\"twitter:label1\" content=\"Dur\u00e9e de lecture estim\u00e9e\" \/>\n\t<meta name=\"twitter:data1\" content=\"2 minutes\" \/>\n<script type=\"application\/ld+json\" class=\"yoast-schema-graph\">{\"@context\":\"https:\/\/schema.org\",\"@graph\":[{\"@type\":\"WebPage\",\"@id\":\"https:\/\/spheriq.ch\/fr\/mentions-legales\/\",\"url\":\"https:\/\/spheriq.ch\/fr\/mentions-legales\/\",\"name\":\"Mentions l\u00e9gales - Spheriq\",\"isPartOf\":{\"@id\":\"https:\/\/spheriq.ch\/fr\/#website\"},\"datePublished\":\"2022-12-30T12:09:01+00:00\",\"dateModified\":\"2025-11-12T08:40:25+00:00\",\"description\":\"D\u00e9couvrez les mentions l\u00e9gales de stiftungschweiz.ch ici.\",\"breadcrumb\":{\"@id\":\"https:\/\/spheriq.ch\/fr\/mentions-legales\/#breadcrumb\"},\"inLanguage\":\"fr-FR\",\"potentialAction\":[{\"@type\":\"ReadAction\",\"target\":[\"https:\/\/spheriq.ch\/fr\/mentions-legales\/\"]}]},{\"@type\":\"BreadcrumbList\",\"@id\":\"https:\/\/spheriq.ch\/fr\/mentions-legales\/#breadcrumb\",\"itemListElement\":[{\"@type\":\"ListItem\",\"position\":1,\"name\":\"Home\",\"item\":\"https:\/\/spheriq.ch\/fr\/\"},{\"@type\":\"ListItem\",\"position\":2,\"name\":\"Mentions l\u00e9gales\"}]},{\"@type\":\"WebSite\",\"@id\":\"https:\/\/spheriq.ch\/fr\/#website\",\"url\":\"https:\/\/spheriq.ch\/fr\/\",\"name\":\"Spheriq\",\"description\":\"Spheriq | Online-Portal f\u00fcr Philanthropie\",\"potentialAction\":[{\"@type\":\"SearchAction\",\"target\":{\"@type\":\"EntryPoint\",\"urlTemplate\":\"https:\/\/spheriq.ch\/fr\/?s={search_term_string}\"},\"query-input\":{\"@type\":\"PropertyValueSpecification\",\"valueRequired\":true,\"valueName\":\"search_term_string\"}}],\"inLanguage\":\"fr-FR\"}]}<\/script>\n<!-- \/ Yoast SEO plugin. -->","yoast_head_json":{"title":"Mentions l\u00e9gales - Spheriq","description":"D\u00e9couvrez les mentions l\u00e9gales de stiftungschweiz.ch ici.","robots":{"index":"index","follow":"follow","max-snippet":"max-snippet:-1","max-image-preview":"max-image-preview:large","max-video-preview":"max-video-preview:-1"},"canonical":"https:\/\/spheriq.ch\/fr\/mentions-legales\/","og_locale":"fr_FR","og_type":"article","og_title":"Mentions l\u00e9gales - Spheriq","og_description":"D\u00e9couvrez les mentions l\u00e9gales de stiftungschweiz.ch ici.","og_url":"https:\/\/spheriq.ch\/fr\/mentions-legales\/","og_site_name":"Spheriq","article_modified_time":"2025-11-12T08:40:25+00:00","twitter_card":"summary_large_image","twitter_misc":{"Dur\u00e9e de lecture estim\u00e9e":"2 minutes"},"schema":{"@context":"https:\/\/schema.org","@graph":[{"@type":"WebPage","@id":"https:\/\/spheriq.ch\/fr\/mentions-legales\/","url":"https:\/\/spheriq.ch\/fr\/mentions-legales\/","name":"Mentions l\u00e9gales - Spheriq","isPartOf":{"@id":"https:\/\/spheriq.ch\/fr\/#website"},"datePublished":"2022-12-30T12:09:01+00:00","dateModified":"2025-11-12T08:40:25+00:00","description":"D\u00e9couvrez les mentions l\u00e9gales de stiftungschweiz.ch ici.","breadcrumb":{"@id":"https:\/\/spheriq.ch\/fr\/mentions-legales\/#breadcrumb"},"inLanguage":"fr-FR","potentialAction":[{"@type":"ReadAction","target":["https:\/\/spheriq.ch\/fr\/mentions-legales\/"]}]},{"@type":"BreadcrumbList","@id":"https:\/\/spheriq.ch\/fr\/mentions-legales\/#breadcrumb","itemListElement":[{"@type":"ListItem","position":1,"name":"Home","item":"https:\/\/spheriq.ch\/fr\/"},{"@type":"ListItem","position":2,"name":"Mentions l\u00e9gales"}]},{"@type":"WebSite","@id":"https:\/\/spheriq.ch\/fr\/#website","url":"https:\/\/spheriq.ch\/fr\/","name":"Spheriq","description":"Spheriq | Online-Portal f\u00fcr Philanthropie","potentialAction":[{"@type":"SearchAction","target":{"@type":"EntryPoint","urlTemplate":"https:\/\/spheriq.ch\/fr\/?s={search_term_string}"},"query-input":{"@type":"PropertyValueSpecification","valueRequired":true,"valueName":"search_term_string"}}],"inLanguage":"fr-FR"}]}},"uagb_featured_image_src":{"full":false,"thumbnail":false,"medium":false,"medium_large":false,"large":false,"1536x1536":false,"2048x2048":false,"icon":false,"single-thumbnail":false,"menu-24x24":false,"menu-36x36":false,"menu-48x48":false},"uagb_author_info":{"display_name":"Petra","author_link":"https:\/\/spheriq.ch\/fr\/author\/pheussler-va\/"},"uagb_comment_info":0,"uagb_excerpt":null,"_links":{"self":[{"href":"https:\/\/spheriq.ch\/fr\/wp-json\/wp\/v2\/pages\/6326","targetHints":{"allow":["GET"]}}],"collection":[{"href":"https:\/\/spheriq.ch\/fr\/wp-json\/wp\/v2\/pages"}],"about":[{"href":"https:\/\/spheriq.ch\/fr\/wp-json\/wp\/v2\/types\/page"}],"author":[{"embeddable":true,"href":"https:\/\/spheriq.ch\/fr\/wp-json\/wp\/v2\/users\/2"}],"replies":[{"embeddable":true,"href":"https:\/\/spheriq.ch\/fr\/wp-json\/wp\/v2\/comments?post=6326"}],"version-history":[{"count":6,"href":"https:\/\/spheriq.ch\/fr\/wp-json\/wp\/v2\/pages\/6326\/revisions"}],"predecessor-version":[{"id":23000,"href":"https:\/\/spheriq.ch\/fr\/wp-json\/wp\/v2\/pages\/6326\/revisions\/23000"}],"wp:attachment":[{"href":"https:\/\/spheriq.ch\/fr\/wp-json\/wp\/v2\/media?parent=6326"}],"curies":[{"name":"wp","href":"https:\/\/api.w.org\/{rel}","templated":true}]}}