{"id":6312,"date":"2022-09-12T04:10:08","date_gmt":"2022-09-12T04:10:08","guid":{"rendered":"https:\/\/spheriq.ch\/centre-des-connaissances\/"},"modified":"2024-10-21T16:12:44","modified_gmt":"2024-10-21T16:12:44","slug":"ressources","status":"publish","type":"page","link":"https:\/\/spheriq.ch\/fr\/ressources\/","title":{"rendered":"Toutes les ressources"},"content":{"rendered":"<div class=\"wp-bootstrap-blocks-row row gy-5\">\n\t\n<div class=\"col-12 col-md-4 is-style-default\">\n\t\t\t\n<div class=\"wp-block-group is-style-card is-layout-flow wp-block-group-is-layout-flow\"><h6 class=\"wp-block-heading\">Guide Spheriq<\/h6>\n\n<p>Utilisez les guides et les ressources de Spheriq.<\/p>\n\n<div class=\"wp-block-buttons is-vertical is-layout-flex wp-container-core-buttons-is-layout-fe9cc265 wp-block-buttons-is-layout-flex\"><div class=\"wp-block-button is-style-btn-arrow-right is-style-btn-arrow-right--1\"><a class=\"wp-block-button__link wp-element-button\" href=\"https:\/\/spheriq.ch\/wissens-hub\/faq\/\">FAQ<\/a><\/div>\n\n<div class=\"wp-block-button is-style-btn-arrow-right is-style-btn-arrow-right--2\"><a class=\"wp-block-button__link wp-element-button\" href=\"https:\/\/support.stiftungschweiz.ch\/de\/\">Centre d&rsquo;assistance<\/a><\/div>\n\n<div class=\"wp-block-button is-style-btn-arrow-right is-style-btn-arrow-right--3\"><a class=\"wp-block-button__link wp-element-button\" href=\"https:\/\/spheriq.ch\/blog\">Blog de Spheriq<\/a><\/div>\n\n<div class=\"wp-block-button is-style-btn-arrow-right is-style-btn-arrow-right--4\"><a class=\"wp-block-button__link wp-element-button\" href=\"https:\/\/spheriq.ch\/fr\/etudes-de-cas\/\">\u00c9tudes de cas<\/a><\/div><\/div><\/div>\n\t<\/div>\n\n<div class=\"col-12 col-md-4 is-style-default\">\n\t\t\t\n<div class=\"wp-block-group is-style-card is-layout-flow wp-block-group-is-layout-flow\"><h6 class=\"wp-block-heading\">Webinaires et formations<\/h6>\n\n<p>D\u00e9couvrez l&rsquo;offre de formation continue de Spheriq.<\/p>\n\n<div class=\"wp-block-buttons is-vertical is-layout-flex wp-container-core-buttons-is-layout-fe9cc265 wp-block-buttons-is-layout-flex\"><div class=\"wp-block-button is-style-btn-arrow-right is-style-btn-arrow-right--5\"><a class=\"wp-block-button__link wp-element-button\" href=\"https:\/\/app.spheriq.ch\/webinars\">Webinaires<\/a><\/div>\n\n<div class=\"wp-block-button is-style-btn-arrow-right is-style-btn-arrow-right--6\"><a class=\"wp-block-button__link wp-element-button\" href=\"https:\/\/app.spheriq.ch\/bootcamps\">Essentiels<\/a><\/div>\n\n<div class=\"wp-block-button is-style-btn-arrow-right is-style-btn-arrow-right--7\"><a class=\"wp-block-button__link wp-element-button\" href=\"https:\/\/app.spheriq.ch\/bootcamps\">Bootcamps<\/a><\/div>\n\n<div class=\"wp-block-button is-style-btn-arrow-right is-style-btn-arrow-right--8\"><a class=\"wp-block-button__link wp-element-button\" href=\"https:\/\/app.spheriq.ch\/journeys\">Voyages d&rsquo;apprentissage<\/a><\/div><\/div><\/div>\n\t<\/div>\n\n<div class=\"col-12 col-md-4 is-style-default\">\n\t\t\t\n<div class=\"wp-block-group is-style-card is-layout-flow wp-block-group-is-layout-flow\"><h6 class=\"wp-block-heading\">Selfservices<\/h6>\n\n<p>Approfondissez librement vos connaissances selon vos besoins ou trouvez un soutien pour le monde de la philanthropie.<\/p>\n\n<div class=\"wp-block-buttons is-vertical is-layout-flex wp-container-core-buttons-is-layout-fe9cc265 wp-block-buttons-is-layout-flex\"><div class=\"wp-block-button is-style-btn-arrow-right is-style-btn-arrow-right--9\"><a class=\"wp-block-button__link wp-element-button\" href=\"https:\/\/spheriq.ch\/fr\/repertoire-des-fondations\/\">R\u00e9pertoire des fondations<\/a><\/div>\n\n<div class=\"wp-block-button is-style-btn-arrow-right is-style-btn-arrow-right--10\"><a class=\"wp-block-button__link wp-element-button\" href=\"https:\/\/app.spheriq.ch\/stiftungskarte\">Carte de la fondation<\/a><\/div>\n\n<div class=\"wp-block-button is-style-btn-arrow-right is-style-btn-arrow-right--11\"><a class=\"wp-block-button__link wp-element-button\" href=\"https:\/\/app.spheriq.ch\/branchenreport\">Rapport sectoriel<\/a><\/div>\n\n<div class=\"wp-block-button is-style-btn-arrow-right is-style-btn-arrow-right--12\"><a class=\"wp-block-button__link wp-element-button\" href=\"https:\/\/spheriq.ch\/fr\/swiss-philanthropy-performance-index\/\">Swiss Philanthropy Performance Index<\/a><\/div>\n\n<div class=\"wp-block-button is-style-btn-arrow-right is-style-btn-arrow-right--13\"><a class=\"wp-block-button__link wp-element-button\" href=\"https:\/\/app.spheriq.ch\/stiftungsratssuche\">Recherche de membres du conseil de fondation<\/a><\/div><\/div><\/div>\n\t<\/div>\n\n<div class=\"col-12 col-md-4 is-style-default\">\n\t\t\t\n<div class=\"wp-block-group is-style-card is-layout-flow wp-block-group-is-layout-flow\"><h6 class=\"wp-block-heading\">Services<\/h6>\n\n<p>Faites appel \u00e0 des services compl\u00e9mentaires.<\/p>\n\n<div class=\"wp-block-buttons is-vertical is-layout-flex wp-container-core-buttons-is-layout-fe9cc265 wp-block-buttons-is-layout-flex\"><div class=\"wp-block-button is-style-btn-arrow-right is-style-btn-arrow-right--14\"><a class=\"wp-block-button__link wp-element-button\" href=\"https:\/\/app.spheriq.ch\/services\">Services<\/a><\/div><\/div><\/div>\n\t<\/div>\n\n<div class=\"col-12 col-md-4 is-style-default\">\n\t\t\t\n<div class=\"wp-block-group is-style-card is-layout-flow wp-block-group-is-layout-flow\"><h6 class=\"wp-block-heading\">Publications<\/h6>\n\n<p>Vous trouverez ici un savoir-faire pr\u00e9sent\u00e9 de mani\u00e8re claire et inspirante.<\/p>\n\n<div class=\"wp-block-buttons is-vertical is-layout-flex wp-container-core-buttons-is-layout-fe9cc265 wp-block-buttons-is-layout-flex\"><div class=\"wp-block-button is-style-btn-arrow-right is-style-btn-arrow-right--15\"><a class=\"wp-block-button__link wp-element-button\" href=\"https:\/\/app.spheriq.ch\/publikationen\">Publications<\/a><\/div><\/div><\/div>\n\t<\/div>\n\n<div class=\"col-12 col-md-4 is-style-default\">\n\t\t\t\n<div class=\"wp-block-group is-style-card is-layout-flow wp-block-group-is-layout-flow\"><h6 class=\"wp-block-heading\">Bon \u00e0 savoir<\/h6>\n\n<p>Approfondissez vos connaissances sur la philanthropie.<\/p>\n\n<div class=\"wp-block-buttons is-vertical is-layout-flex wp-container-core-buttons-is-layout-fe9cc265 wp-block-buttons-is-layout-flex\"><div class=\"wp-block-button is-style-btn-arrow-right is-style-btn-arrow-right--16\"><a class=\"wp-block-button__link wp-element-button\" href=\"https:\/\/thephilanthropist.ch\/\" target=\"_blank\" rel=\"noreferrer noopener\">The Philanthropist<\/a><\/div>\n\n<div class=\"wp-block-button is-style-btn-arrow-right is-style-btn-arrow-right--17\"><a class=\"wp-block-button__link wp-element-button\" href=\"https:\/\/spheriq.ch\/wissens-hub\/glossar\/\">Glossaire<\/a><\/div>\n\n<div class=\"wp-block-button is-style-btn-arrow-right is-style-btn-arrow-right--18\"><a class=\"wp-block-button__link wp-element-button\" href=\"https:\/\/spheriq.ch\/wissens-hub\/das-kategorien-system\/\">Syst\u00e8me de cat\u00e9gorisation<\/a><\/div>\n\n<div class=\"wp-block-button is-style-btn-arrow-right is-style-btn-arrow-right--19\"><a class=\"wp-block-button__link wp-element-button\" href=\"https:\/\/spheriq.ch\/fr\/odd-objectifs-de-developpement-durable\/\">ODD \u2013 Objectifs de d\u00e9veloppement durable<\/a><\/div>\n\n<div class=\"wp-block-button is-style-btn-arrow-right is-style-btn-arrow-right--20\"><a class=\"wp-block-button__link wp-element-button\" href=\"https:\/\/app.spheriq.ch\/wissens-hub\/themen\">Lire les interviews d&rsquo;experts<\/a><\/div><\/div><\/div>\n\t<\/div>\n<\/div>","protected":false},"excerpt":{"rendered":"Vous trouverez ici un aper\u00e7u des ressources de la FondationSuisse.","protected":false},"author":1,"featured_media":4384,"parent":0,"menu_order":0,"comment_status":"closed","ping_status":"closed","template":"","meta":{"_acf_changed":false,"_uag_custom_page_level_css":"","footnotes":""},"class_list":["post-6312","page","type-page","status-publish","has-post-thumbnail","hentry"],"acf":[],"yoast_head":"<!-- This site is optimized with the Yoast SEO plugin v26.9 - https:\/\/yoast.com\/product\/yoast-seo-wordpress\/ -->\n<title>Toutes les ressources - Spheriq<\/title>\n<meta name=\"description\" content=\"D\u00e9couvrez dans le centre des connaissances des e-learnings \u2705 des tutoriels \u2705 des ateliers \u2705 des pages th\u00e9matiques \u2705 et bien plus encore.\" \/>\n<meta name=\"robots\" content=\"index, follow, max-snippet:-1, max-image-preview:large, max-video-preview:-1\" \/>\n<link rel=\"canonical\" href=\"https:\/\/spheriq.ch\/fr\/ressources\/\" \/>\n<meta property=\"og:locale\" content=\"fr_FR\" \/>\n<meta property=\"og:type\" content=\"article\" \/>\n<meta property=\"og:title\" content=\"Toutes les ressources - Spheriq\" \/>\n<meta property=\"og:description\" content=\"D\u00e9couvrez dans le centre des connaissances des e-learnings \u2705 des tutoriels \u2705 des ateliers \u2705 des pages th\u00e9matiques \u2705 et bien plus encore.\" \/>\n<meta property=\"og:url\" content=\"https:\/\/spheriq.ch\/fr\/ressources\/\" \/>\n<meta property=\"og:site_name\" content=\"Spheriq\" \/>\n<meta property=\"article:modified_time\" content=\"2024-10-21T16:12:44+00:00\" \/>\n<meta property=\"og:image\" content=\"https:\/\/spheriq.ch\/wp-content\/uploads\/2022\/09\/Wissenshub_StiftungSchweiz.jpg\" \/>\n\t<meta property=\"og:image:width\" content=\"380\" \/>\n\t<meta property=\"og:image:height\" content=\"253\" \/>\n\t<meta property=\"og:image:type\" content=\"image\/jpeg\" \/>\n<meta name=\"twitter:card\" content=\"summary_large_image\" \/>\n<meta name=\"twitter:label1\" content=\"Dur\u00e9e de lecture estim\u00e9e\" \/>\n\t<meta name=\"twitter:data1\" content=\"1 minute\" \/>\n<script type=\"application\/ld+json\" class=\"yoast-schema-graph\">{\"@context\":\"https:\/\/schema.org\",\"@graph\":[{\"@type\":\"WebPage\",\"@id\":\"https:\/\/spheriq.ch\/fr\/ressources\/\",\"url\":\"https:\/\/spheriq.ch\/fr\/ressources\/\",\"name\":\"Toutes les ressources - Spheriq\",\"isPartOf\":{\"@id\":\"https:\/\/spheriq.ch\/fr\/#website\"},\"primaryImageOfPage\":{\"@id\":\"https:\/\/spheriq.ch\/fr\/ressources\/#primaryimage\"},\"image\":{\"@id\":\"https:\/\/spheriq.ch\/fr\/ressources\/#primaryimage\"},\"thumbnailUrl\":\"https:\/\/spheriq.ch\/wp-content\/uploads\/2022\/09\/Wissenshub_StiftungSchweiz.jpg\",\"datePublished\":\"2022-09-12T04:10:08+00:00\",\"dateModified\":\"2024-10-21T16:12:44+00:00\",\"description\":\"D\u00e9couvrez dans le centre des connaissances des e-learnings \u2705 des tutoriels \u2705 des ateliers \u2705 des pages th\u00e9matiques \u2705 et bien plus encore.\",\"breadcrumb\":{\"@id\":\"https:\/\/spheriq.ch\/fr\/ressources\/#breadcrumb\"},\"inLanguage\":\"fr-FR\",\"potentialAction\":[{\"@type\":\"ReadAction\",\"target\":[\"https:\/\/spheriq.ch\/fr\/ressources\/\"]}]},{\"@type\":\"ImageObject\",\"inLanguage\":\"fr-FR\",\"@id\":\"https:\/\/spheriq.ch\/fr\/ressources\/#primaryimage\",\"url\":\"https:\/\/spheriq.ch\/wp-content\/uploads\/2022\/09\/Wissenshub_StiftungSchweiz.jpg\",\"contentUrl\":\"https:\/\/spheriq.ch\/wp-content\/uploads\/2022\/09\/Wissenshub_StiftungSchweiz.jpg\",\"width\":380,\"height\":253},{\"@type\":\"BreadcrumbList\",\"@id\":\"https:\/\/spheriq.ch\/fr\/ressources\/#breadcrumb\",\"itemListElement\":[{\"@type\":\"ListItem\",\"position\":1,\"name\":\"Home\",\"item\":\"https:\/\/spheriq.ch\/fr\/\"},{\"@type\":\"ListItem\",\"position\":2,\"name\":\"Toutes les ressources\"}]},{\"@type\":\"WebSite\",\"@id\":\"https:\/\/spheriq.ch\/fr\/#website\",\"url\":\"https:\/\/spheriq.ch\/fr\/\",\"name\":\"Spheriq\",\"description\":\"Spheriq | Online-Portal f\u00fcr Philanthropie\",\"potentialAction\":[{\"@type\":\"SearchAction\",\"target\":{\"@type\":\"EntryPoint\",\"urlTemplate\":\"https:\/\/spheriq.ch\/fr\/?s={search_term_string}\"},\"query-input\":{\"@type\":\"PropertyValueSpecification\",\"valueRequired\":true,\"valueName\":\"search_term_string\"}}],\"inLanguage\":\"fr-FR\"}]}<\/script>\n<!-- \/ Yoast SEO plugin. -->","yoast_head_json":{"title":"Toutes les ressources - Spheriq","description":"D\u00e9couvrez dans le centre des connaissances des e-learnings \u2705 des tutoriels \u2705 des ateliers \u2705 des pages th\u00e9matiques \u2705 et bien plus encore.","robots":{"index":"index","follow":"follow","max-snippet":"max-snippet:-1","max-image-preview":"max-image-preview:large","max-video-preview":"max-video-preview:-1"},"canonical":"https:\/\/spheriq.ch\/fr\/ressources\/","og_locale":"fr_FR","og_type":"article","og_title":"Toutes les ressources - Spheriq","og_description":"D\u00e9couvrez dans le centre des connaissances des e-learnings \u2705 des tutoriels \u2705 des ateliers \u2705 des pages th\u00e9matiques \u2705 et bien plus encore.","og_url":"https:\/\/spheriq.ch\/fr\/ressources\/","og_site_name":"Spheriq","article_modified_time":"2024-10-21T16:12:44+00:00","og_image":[{"width":380,"height":253,"url":"https:\/\/spheriq.ch\/wp-content\/uploads\/2022\/09\/Wissenshub_StiftungSchweiz.jpg","type":"image\/jpeg"}],"twitter_card":"summary_large_image","twitter_misc":{"Dur\u00e9e de lecture estim\u00e9e":"1 minute"},"schema":{"@context":"https:\/\/schema.org","@graph":[{"@type":"WebPage","@id":"https:\/\/spheriq.ch\/fr\/ressources\/","url":"https:\/\/spheriq.ch\/fr\/ressources\/","name":"Toutes les ressources - Spheriq","isPartOf":{"@id":"https:\/\/spheriq.ch\/fr\/#website"},"primaryImageOfPage":{"@id":"https:\/\/spheriq.ch\/fr\/ressources\/#primaryimage"},"image":{"@id":"https:\/\/spheriq.ch\/fr\/ressources\/#primaryimage"},"thumbnailUrl":"https:\/\/spheriq.ch\/wp-content\/uploads\/2022\/09\/Wissenshub_StiftungSchweiz.jpg","datePublished":"2022-09-12T04:10:08+00:00","dateModified":"2024-10-21T16:12:44+00:00","description":"D\u00e9couvrez dans le centre des connaissances des e-learnings \u2705 des tutoriels \u2705 des ateliers \u2705 des pages th\u00e9matiques \u2705 et bien plus encore.","breadcrumb":{"@id":"https:\/\/spheriq.ch\/fr\/ressources\/#breadcrumb"},"inLanguage":"fr-FR","potentialAction":[{"@type":"ReadAction","target":["https:\/\/spheriq.ch\/fr\/ressources\/"]}]},{"@type":"ImageObject","inLanguage":"fr-FR","@id":"https:\/\/spheriq.ch\/fr\/ressources\/#primaryimage","url":"https:\/\/spheriq.ch\/wp-content\/uploads\/2022\/09\/Wissenshub_StiftungSchweiz.jpg","contentUrl":"https:\/\/spheriq.ch\/wp-content\/uploads\/2022\/09\/Wissenshub_StiftungSchweiz.jpg","width":380,"height":253},{"@type":"BreadcrumbList","@id":"https:\/\/spheriq.ch\/fr\/ressources\/#breadcrumb","itemListElement":[{"@type":"ListItem","position":1,"name":"Home","item":"https:\/\/spheriq.ch\/fr\/"},{"@type":"ListItem","position":2,"name":"Toutes les ressources"}]},{"@type":"WebSite","@id":"https:\/\/spheriq.ch\/fr\/#website","url":"https:\/\/spheriq.ch\/fr\/","name":"Spheriq","description":"Spheriq | Online-Portal f\u00fcr Philanthropie","potentialAction":[{"@type":"SearchAction","target":{"@type":"EntryPoint","urlTemplate":"https:\/\/spheriq.ch\/fr\/?s={search_term_string}"},"query-input":{"@type":"PropertyValueSpecification","valueRequired":true,"valueName":"search_term_string"}}],"inLanguage":"fr-FR"}]}},"uagb_featured_image_src":{"full":["https:\/\/spheriq.ch\/wp-content\/uploads\/2022\/09\/Wissenshub_StiftungSchweiz.jpg",380,253,false],"thumbnail":["https:\/\/spheriq.ch\/wp-content\/uploads\/2022\/09\/Wissenshub_StiftungSchweiz-150x150.jpg",150,150,true],"medium":["https:\/\/spheriq.ch\/wp-content\/uploads\/2022\/09\/Wissenshub_StiftungSchweiz-300x200.jpg",300,200,true],"medium_large":["https:\/\/spheriq.ch\/wp-content\/uploads\/2022\/09\/Wissenshub_StiftungSchweiz.jpg",380,253,false],"large":["https:\/\/spheriq.ch\/wp-content\/uploads\/2022\/09\/Wissenshub_StiftungSchweiz.jpg",380,253,false],"1536x1536":["https:\/\/spheriq.ch\/wp-content\/uploads\/2022\/09\/Wissenshub_StiftungSchweiz.jpg",380,253,false],"2048x2048":["https:\/\/spheriq.ch\/wp-content\/uploads\/2022\/09\/Wissenshub_StiftungSchweiz.jpg",380,253,false],"icon":["https:\/\/spheriq.ch\/wp-content\/uploads\/2022\/09\/Wissenshub_StiftungSchweiz-50x50.jpg",50,50,true],"single-thumbnail":["https:\/\/spheriq.ch\/wp-content\/uploads\/2022\/09\/Wissenshub_StiftungSchweiz.jpg",380,253,false],"menu-24x24":["https:\/\/spheriq.ch\/wp-content\/uploads\/2022\/09\/Wissenshub_StiftungSchweiz-24x16.jpg",24,16,true],"menu-36x36":["https:\/\/spheriq.ch\/wp-content\/uploads\/2022\/09\/Wissenshub_StiftungSchweiz-36x24.jpg",36,24,true],"menu-48x48":["https:\/\/spheriq.ch\/wp-content\/uploads\/2022\/09\/Wissenshub_StiftungSchweiz-48x32.jpg",48,32,true]},"uagb_author_info":{"display_name":"admin","author_link":"https:\/\/spheriq.ch\/fr\/author\/admin\/"},"uagb_comment_info":0,"uagb_excerpt":"Vous trouverez ici un aper\u00e7u des ressources de la FondationSuisse.","_links":{"self":[{"href":"https:\/\/spheriq.ch\/fr\/wp-json\/wp\/v2\/pages\/6312","targetHints":{"allow":["GET"]}}],"collection":[{"href":"https:\/\/spheriq.ch\/fr\/wp-json\/wp\/v2\/pages"}],"about":[{"href":"https:\/\/spheriq.ch\/fr\/wp-json\/wp\/v2\/types\/page"}],"author":[{"embeddable":true,"href":"https:\/\/spheriq.ch\/fr\/wp-json\/wp\/v2\/users\/1"}],"replies":[{"embeddable":true,"href":"https:\/\/spheriq.ch\/fr\/wp-json\/wp\/v2\/comments?post=6312"}],"version-history":[{"count":13,"href":"https:\/\/spheriq.ch\/fr\/wp-json\/wp\/v2\/pages\/6312\/revisions"}],"predecessor-version":[{"id":19226,"href":"https:\/\/spheriq.ch\/fr\/wp-json\/wp\/v2\/pages\/6312\/revisions\/19226"}],"wp:featuredmedia":[{"embeddable":true,"href":"https:\/\/spheriq.ch\/fr\/wp-json\/wp\/v2\/media\/4384"}],"wp:attachment":[{"href":"https:\/\/spheriq.ch\/fr\/wp-json\/wp\/v2\/media?parent=6312"}],"curies":[{"name":"wp","href":"https:\/\/api.w.org\/{rel}","templated":true}]}}