{"id":18742,"date":"2024-10-21T15:01:44","date_gmt":"2024-10-21T15:01:44","guid":{"rendered":"https:\/\/spheriq.ch\/?page_id=18742"},"modified":"2024-10-28T16:52:49","modified_gmt":"2024-10-28T16:52:49","slug":"fondations-pour-lislam","status":"publish","type":"page","link":"https:\/\/spheriq.ch\/fr\/repertoire-des-fondations\/fondations-pour-lislam\/","title":{"rendered":"Fondations pour l&rsquo;islam"},"content":{"rendered":"<div class=\"wp-block-cover alignfull is-light has-custom-content-position is-position-top-center\" style=\"min-height:221px;aspect-ratio:unset;\"><span aria-hidden=\"true\" class=\"wp-block-cover__background has-background-dim-100 has-background-dim\" style=\"background-color:#f7f7f7\"><\/span><div class=\"wp-block-cover__inner-container is-layout-constrained wp-block-cover-is-layout-constrained\"><h1 class=\"wp-block-heading\"><strong>Fondations islamiques en Suisse<\/strong><\/h1>\n\n<p class=\"has-size-20-font-size\"><strong>La population musulmane en Suisse ne cesse de cro\u00eetre. Malgr\u00e9 leur pr\u00e9sence, de nombreux musulmans sont confront\u00e9s \u00e0 des d\u00e9fis, comme l&rsquo;int\u00e9gration dans un pays majoritairement chr\u00e9tien. Les fondations d\u00e9di\u00e9es \u00e0 l&rsquo;islam offrent un soutien aux communaut\u00e9s musulmanes. Leur objectif est de promouvoir la compr\u00e9hension interculturelle ainsi que les besoins et l&rsquo;int\u00e9gration de la population musulmane en Suisse.   <\/strong> <\/p><\/div><\/div><div class=\"wp-block-columns is-layout-flex wp-container-core-columns-is-layout-28f84493 wp-block-columns-is-layout-flex\"><div class=\"wp-block-column is-layout-flow wp-block-column-is-layout-flow\" style=\"flex-basis:100%\"><div class=\"wp-bootstrap-blocks-row row\">\n\t\n<div class=\"col-12 col-md-4\">\n\t\t\t<div class=\"p-3\">\n\t\t\t\n<div class=\"wp-block-custom-tree\"><div class=\"wp-block-custom-item-tree fat\"><span class=\"title\">Annuaire th\u00e9matique des fondations<\/span><span class=\"count\"><\/span><\/div><\/div>\n\n<div class=\"wp-block-custom-tree\"><div class=\"wp-block-custom-item-tree\"><a href=\"https:\/\/spheriq.ch\/fr\/fondations-pour-leducation\/\"><span class=\"title\">Fondations pour l&rsquo;\u00e9ducation<\/span><span class=\"count\"><\/span><\/a><\/div>\n\n<div class=\"wp-block-custom-item-tree\"><a href=\"https:\/\/spheriq.ch\/fr\/fondations-chretiennes-lamour-du-prochain-au-quotidien\/\"><span class=\"title\">Fondations pour la foi chr\u00e9tienne<\/span><span class=\"count\"><\/span><\/a><\/div>\n\n<div class=\"wp-block-custom-item-tree\"><a href=\"https:\/\/spheriq.ch\/fr\/fondations-pour-laide-au-developpement\/\"><span class=\"title\">Fondations pour l&rsquo;aide au d\u00e9veloppement<\/span><span class=\"count\"><\/span><\/a><\/div>\n\n<div class=\"wp-block-custom-item-tree\"><a href=\"https:\/\/spheriq.ch\/fr\/repertoire-des-fondations\/fondations-pour-les-femmes-en-suisse-et-dans-le-monde\/\"><span class=\"title\">Fondations pour les femmes<\/span><span class=\"count\"><\/span><\/a><\/div>\n\n<div class=\"wp-block-custom-item-tree\"><a href=\"https:\/\/spheriq.ch\/fr\/fondations-pour-la-sante\/\"><span class=\"title\">Fondations pour la sant\u00e9<\/span><span class=\"count\"><\/span><\/a><\/div>\n\n<div class=\"wp-block-custom-item-tree\"><a href=\"https:\/\/spheriq.ch\/fr\/?page_id=18742\"><span class=\"title\">Fondations pour l&rsquo;islam<\/span><span class=\"count\"><\/span><\/a><\/div>\n\n<div class=\"wp-block-custom-item-tree\"><a href=\"https:\/\/spheriq.ch\/fr\/?page_id=18775\"><span class=\"title\">Fondations pour le juda\u00efsme<\/span><span class=\"count\"><\/span><\/a><\/div>\n\n<div class=\"wp-block-custom-item-tree\"><a href=\"https:\/\/spheriq.ch\/fr\/repertoire-des-fondations\/fondations-pour-les-enfants\/\"><span class=\"title\">Fondations pour l&rsquo;aide aux enfants et aux jeunes<\/span><span class=\"count\"><\/span><\/a><\/div>\n\n<div class=\"wp-block-custom-item-tree\"><a href=\"https:\/\/spheriq.ch\/fr\/fondations-culturelles\/\"><span class=\"title\">Fondations pour la culture<\/span><span class=\"count\"><\/span><\/a><\/div>\n\n<div class=\"wp-block-custom-item-tree\"><a href=\"https:\/\/spheriq.ch\/stiftungsverzeichnis\/stiftungen-fuer-menschen-mit-behinderung\"><span class=\"title\">Fondations pour personnes handicap\u00e9es<\/span><span class=\"count\"><\/span><\/a><\/div>\n\n<div class=\"wp-block-custom-item-tree\"><a href=\"https:\/\/spheriq.ch\/fr\/fondations-pour-le-social-le-logement-la-famille\/\"><span class=\"title\">Fondations pour le social<\/span><span class=\"count\"><\/span><\/a><\/div>\n\n<div class=\"wp-block-custom-item-tree\"><a href=\"https:\/\/spheriq.ch\/fr\/fondations-pour-le-sport-promotion-du-sport-en-suisse\/\"><span class=\"title\">Fondations pour le sport<\/span><span class=\"count\"><\/span><\/a><\/div>\n\n<div class=\"wp-block-custom-item-tree\"><a href=\"https:\/\/spheriq.ch\/fr\/repertoire-des-fondations\/fondations-pour-la-protection-des-animaux\/\"><span class=\"title\">Fondations pour la protection des animaux<\/span><span class=\"count\"><\/span><\/a><\/div><\/div>\n\t\t<\/div>\n\t<\/div>\n\n<div class=\"col-12 col-md-8\">\n\t\t\t<div class=\"p-3\">\n\t\t\t\n<div class=\"container\"><ul class=\"nav nav-tabs\" role=\"tablist\"><li class=\"nav-item\" role=\"presentation\"><button data-hash=\"#toutes-les-organisations\" class=\"nav-link active\" id=\"t-109d9da6-ed26-4cf4-b62b-50943ba77bf9-560a951d-655f-46f2-bd1e-f6d03292e480-tab\" data-bs-toggle=\"tab\" data-bs-target=\"#t-109d9da6-ed26-4cf4-b62b-50943ba77bf9-560a951d-655f-46f2-bd1e-f6d03292e480\" type=\"button\" role=\"tab\" aria-controls=\"t-109d9da6-ed26-4cf4-b62b-50943ba77bf9-560a951d-655f-46f2-bd1e-f6d03292e480\" aria-selected=\"true\">Toutes les organisations<\/button><\/li><li class=\"nav-item\" role=\"presentation\"><button data-hash=\"#fondation-donatrice\" class=\"nav-link\" id=\"t-109d9da6-ed26-4cf4-b62b-50943ba77bf9-62139bf8-737f-4c90-8aa8-8e47e887ecf2-tab\" data-bs-toggle=\"tab\" data-bs-target=\"#t-109d9da6-ed26-4cf4-b62b-50943ba77bf9-62139bf8-737f-4c90-8aa8-8e47e887ecf2\" type=\"button\" role=\"tab\" aria-controls=\"t-109d9da6-ed26-4cf4-b62b-50943ba77bf9-62139bf8-737f-4c90-8aa8-8e47e887ecf2\">Fondation donatrice<\/button><\/li><li class=\"nav-item\" role=\"presentation\"><button data-hash=\"#porteur-de-projet\" class=\"nav-link\" id=\"t-109d9da6-ed26-4cf4-b62b-50943ba77bf9-8ebbd63a-a020-4ea3-afbc-6262c4f8fb2c-tab\" data-bs-toggle=\"tab\" data-bs-target=\"#t-109d9da6-ed26-4cf4-b62b-50943ba77bf9-8ebbd63a-a020-4ea3-afbc-6262c4f8fb2c\" type=\"button\" role=\"tab\" aria-controls=\"t-109d9da6-ed26-4cf4-b62b-50943ba77bf9-8ebbd63a-a020-4ea3-afbc-6262c4f8fb2c\">Porteur de projet<\/button><\/li><\/ul>\n<div class=\"wp-block-custom-tabs tab-test tab-content\" id=\"t-109d9da6-ed26-4cf4-b62b-50943ba77bf9\"><div class=\"wp-block-custom-tab-item tab-pane tab-item active\"\" id=\"t-109d9da6-ed26-4cf4-b62b-50943ba77bf9-560a951d-655f-46f2-bd1e-f6d03292e480\" role=\"tabpanel\" aria-labelledby=\"t-109d9da6-ed26-4cf4-b62b-50943ba77bf9-560a951d-655f-46f2-bd1e-f6d03292e480-tab\"><div id=\"algolia-search-e99e0c9d-e833-42d7-9d5e-32e85de4f804\"><div class=\"hidden fields\">\n        <input type=\"hidden\" class=\"algoliaBlockNum\"  value=\"e99e0c9d-e833-42d7-9d5e-32e85de4f804\" >\n        <input type=\"hidden\" class=\"searchURL\" value=\"?active=organizations&amp;layout=grid&amp;legalTypeFilters=[&quot;Stiftungen&quot;]&amp;searchQuery=islam&amp;page=0\" \/>\n        <input type=\"hidden\" class=\"algoliaPerPage\" value=\"20\">\n        <input type=\"hidden\" class=\"algoliaPerRow\" value=\"2\">\n        <input type=\"hidden\" class=\"maxResult\" value=\"3\">\n        <input type=\"hidden\" class=\"linkURL\" value=\"https:\/\/stiftungen.stiftungschweiz.ch\/organisation\">\n        <\/div><div id=\"algolia-filters-hierarchical-menu-e99e0c9d-e833-42d7-9d5e-32e85de4f804\"><\/div><div id=\"searchbox-e99e0c9d-e833-42d7-9d5e-32e85de4f804\" class=\"ais-SearchBox search d-none\"><\/div><div class=\"top-bar\"><div id=\"count-results-e99e0c9d-e833-42d7-9d5e-32e85de4f804\"><\/div><div data-id=\"e99e0c9d-e833-42d7-9d5e-32e85de4f804\" class=\"switch-view\"><a href=\"javascript:;\" class=\"horizontal\"><i class=\"icon-horizontal\"><\/i><\/a><a href=\"javascript:;\" class=\"cards\"><i class=\"icon-cards\"><\/i><\/a><\/div><\/div><div class=\"hits per-row-2\" id=\"hits-e99e0c9d-e833-42d7-9d5e-32e85de4f804\"><\/div><div class=\"form-group text-center\" id=\"algolia-filters-navigation-e99e0c9d-e833-42d7-9d5e-32e85de4f804\"><a href=\"    https:\/\/app.spheriq.ch\/suche \"><button type=\"button\" class=\"btn btn-danger btn-sm\"><font color=\"white\">Alle Suchergebnisse \u00f6ffnen<\/font><\/button><\/a><\/div><\/div><\/div>\n\n<div class=\"wp-block-custom-tab-item tab-pane tab-item\" id=\"t-109d9da6-ed26-4cf4-b62b-50943ba77bf9-62139bf8-737f-4c90-8aa8-8e47e887ecf2\" role=\"tabpanel\" aria-labelledby=\"t-109d9da6-ed26-4cf4-b62b-50943ba77bf9-62139bf8-737f-4c90-8aa8-8e47e887ecf2-tab\"><div id=\"algolia-search-5ef2fcaa-488b-4af2-ba74-74d672e66ce9\"><div class=\"hidden fields\">\n        <input type=\"hidden\" class=\"algoliaBlockNum\"  value=\"5ef2fcaa-488b-4af2-ba74-74d672e66ce9\" >\n        <input type=\"hidden\" class=\"searchURL\" value=\"?active=grantmakers&amp;layout=grid&amp;searchQuery=islam&amp;page=0\" \/>\n        <input type=\"hidden\" class=\"algoliaPerPage\" value=\"20\">\n        <input type=\"hidden\" class=\"algoliaPerRow\" value=\"2\">\n        <input type=\"hidden\" class=\"maxResult\" value=\"3\">\n        <input type=\"hidden\" class=\"linkURL\" value=\"https:\/\/stiftungen.stiftungschweiz.ch\/organisation\">\n        <\/div><div id=\"algolia-filters-hierarchical-menu-5ef2fcaa-488b-4af2-ba74-74d672e66ce9\"><\/div><div id=\"searchbox-5ef2fcaa-488b-4af2-ba74-74d672e66ce9\" class=\"ais-SearchBox search d-none\"><\/div><div class=\"top-bar\"><div id=\"count-results-5ef2fcaa-488b-4af2-ba74-74d672e66ce9\"><\/div><div data-id=\"5ef2fcaa-488b-4af2-ba74-74d672e66ce9\" class=\"switch-view\"><a href=\"javascript:;\" class=\"horizontal\"><i class=\"icon-horizontal\"><\/i><\/a><a href=\"javascript:;\" class=\"cards\"><i class=\"icon-cards\"><\/i><\/a><\/div><\/div><div class=\"hits per-row-2\" id=\"hits-5ef2fcaa-488b-4af2-ba74-74d672e66ce9\"><\/div><div class=\"form-group text-center\" id=\"algolia-filters-navigation-5ef2fcaa-488b-4af2-ba74-74d672e66ce9\"><a href=\"    https:\/\/app.spheriq.ch\/suche \"><button type=\"button\" class=\"btn btn-danger btn-sm\"><font color=\"white\">Alle Suchergebnisse \u00f6ffnen<\/font><\/button><\/a><\/div><\/div><\/div>\n\n<div class=\"wp-block-custom-tab-item tab-pane tab-item\" id=\"t-109d9da6-ed26-4cf4-b62b-50943ba77bf9-8ebbd63a-a020-4ea3-afbc-6262c4f8fb2c\" role=\"tabpanel\" aria-labelledby=\"t-109d9da6-ed26-4cf4-b62b-50943ba77bf9-8ebbd63a-a020-4ea3-afbc-6262c4f8fb2c-tab\"><div id=\"algolia-search-02473ed1-86cd-4638-a1e8-fc8ac221ae9e\"><div class=\"hidden fields\">\n        <input type=\"hidden\" class=\"algoliaBlockNum\"  value=\"02473ed1-86cd-4638-a1e8-fc8ac221ae9e\" >\n        <input type=\"hidden\" class=\"searchURL\" value=\"?active=project_owners&amp;layout=grid&amp;searchQuery=islam&amp;page=0\" \/>\n        <input type=\"hidden\" class=\"algoliaPerPage\" value=\"20\">\n        <input type=\"hidden\" class=\"algoliaPerRow\" value=\"2\">\n        <input type=\"hidden\" class=\"maxResult\" value=\"3\">\n        <input type=\"hidden\" class=\"linkURL\" value=\"https:\/\/stiftungen.stiftungschweiz.ch\/organisation\">\n        <\/div><div id=\"algolia-filters-hierarchical-menu-02473ed1-86cd-4638-a1e8-fc8ac221ae9e\"><\/div><div id=\"searchbox-02473ed1-86cd-4638-a1e8-fc8ac221ae9e\" class=\"ais-SearchBox search d-none\"><\/div><div class=\"top-bar\"><div id=\"count-results-02473ed1-86cd-4638-a1e8-fc8ac221ae9e\"><\/div><div data-id=\"02473ed1-86cd-4638-a1e8-fc8ac221ae9e\" class=\"switch-view\"><a href=\"javascript:;\" class=\"horizontal\"><i class=\"icon-horizontal\"><\/i><\/a><a href=\"javascript:;\" class=\"cards\"><i class=\"icon-cards\"><\/i><\/a><\/div><\/div><div class=\"hits per-row-2\" id=\"hits-02473ed1-86cd-4638-a1e8-fc8ac221ae9e\"><\/div><div class=\"form-group text-center\" id=\"algolia-filters-navigation-02473ed1-86cd-4638-a1e8-fc8ac221ae9e\"><a href=\"    https:\/\/app.spheriq.ch\/suche \"><button type=\"button\" class=\"btn btn-danger btn-sm\"><font color=\"white\">Alle Suchergebnisse \u00f6ffnen<\/font><\/button><\/a><\/div><\/div><\/div><\/div>\n<\/div>\n\t\t<\/div>\n\t<\/div>\n<\/div><\/div><\/div><div class=\"wp-block-cover alignfull is-light has-custom-content-position is-position-top-center\" style=\"min-height:221px;aspect-ratio:unset;\"><span aria-hidden=\"true\" class=\"wp-block-cover__background has-background-dim-100 has-background-dim\" style=\"background-color:#f7f7f7\"><\/span><div class=\"wp-block-cover__inner-container is-layout-constrained wp-block-cover-is-layout-constrained\"><div class=\"wp-bootstrap-blocks-row row\">\n\t\n<div class=\"col-12 col-md-12\">\n\t\t\t\n<h2 class=\"wp-block-heading\"><strong>Les fondations islamiques comme b\u00e2tisseurs de ponts<\/strong><\/h2>\n\n<p class=\"has-size-20-font-size\">Selon l <a href=\"https:\/\/www.bfs.admin.ch\/bfs\/de\/home\/statistiken\/bevoelkerung\/sprachen-religionen\/religionen.html\">&lsquo;Office f\u00e9d\u00e9ral de la statistique (OFS<\/a><a href=\"https:\/\/www.bfs.admin.ch\/bfs\/de\/home\/statistiken\/bevoelkerung\/sprachen-religionen\/religionen.html\" target=\"_blank\" rel=\"noreferrer noopener nofollow\">)<\/a>, la part des communaut\u00e9s religieuses musulmanes et issues de l&rsquo;islam en Suisse a atteint un nouveau record en 2022, avec 5,9%. Alors que le nombre de membres des \u00c9glises nationales catholique romaine et \u00e9vang\u00e9lique r\u00e9form\u00e9e a diminu\u00e9 de 7% chacune au cours de la derni\u00e8re d\u00e9cennie, la population musulmane a augment\u00e9 d&rsquo;un point de pourcentage. Cette \u00e9volution se refl\u00e8te dans le nombre croissant de fondations pour l&rsquo;islam en Suisse, qui s&rsquo;engagent pour la cause des musulmans.    <\/p>\n\n<h3 class=\"wp-block-heading has-size-24-font-size\">L&rsquo;int\u00e9gration comme objectif de la fondation<\/h3>\n\n<p class=\"has-size-20-font-size\">En Suisse, les fondations islamiques sont pr\u00e9sentes dans 19 des 26 cantons, avec une concentration g\u00e9ographique dans les cantons de Gen\u00e8ve avec 21 fondations et de Zurich avec 20 fondations. Plusieurs fondations sont \u00e9galement actives dans des cantons comme Vaud, Berne et B\u00e2le-Ville, o\u00f9 elles r\u00e9pondent aux pr\u00e9occupations de la population musulmane. Les fondations suisses pour l&rsquo;islam se distinguent par la diversit\u00e9 de leurs activit\u00e9s. De nombreuses fondations encouragent l&rsquo;int\u00e9gration, les \u00e9changes culturels et les offres \u00e9ducatives pour les communaut\u00e9s musulmanes, par exemple par le biais de programmes culturels et de bourses pour les \u00e9tudiants musulmans.     <\/p>\n\n<h3 class=\"wp-block-heading has-size-24-font-size\"><strong>Les fondations facilitent les \u00e9changes interculturels<\/strong> <\/h3>\n\n<p class=\"has-size-20-font-size\">La <strong>Fondation Avicenne<\/strong> s&rsquo;engage \u00e0 promouvoir l&rsquo;\u00e9ducation et la culture dans le contexte musulman. Elle soutient les \u00e9tudiants musulmans et encourage les projets scientifiques qui favorisent le dialogue entre les diff\u00e9rentes cultures et religions. <\/p>\n\n<p class=\"has-size-20-font-size\">Le <strong>Centre islamique de Volketswil<\/strong> soutient les \u00e9changes entre musulmans et non-musulmans par le biais d&rsquo;offres culturelles et religieuses. L&rsquo;objectif de ces fondations islamiques est de renforcer la cohabitation pacifique et les \u00e9changes interculturels en Suisse.  <\/p>\n\n<div class=\"wp-block-cover alignfull is-light\" style=\"min-height:50px;aspect-ratio:unset;\"><span aria-hidden=\"true\" class=\"wp-block-cover__background has-background-dim-100 has-background-dim has-background-gradient\" style=\"background:linear-gradient(114deg,rgba(255,0,255,0.32) 0%,rgba(255,0,0,0.65) 98%)\"><\/span><div class=\"wp-block-cover__inner-container is-layout-constrained wp-block-cover-is-layout-constrained\"><div class=\"wp-bootstrap-blocks-row row justify-content-center align-items-center\">\n\t\n<div class=\"col-12 col-md-4\">\n\t\t\t\n<p class=\"has-text-align-center has-size-24-font-size\" style=\"line-height:1.1\"><strong>Pour les associations \u00e0 but non lucratif :<\/strong> collectez <strong>des fonds en ligne<\/strong> pour votre organisation et vos projets ou trouvez des fondations ad\u00e9quates gr\u00e2ce \u00e0 des <strong>outils de recherche<\/strong> intelligents.<\/p>\n\t<\/div>\n\n<div class=\"col-12 col-md-4\">\n\t\t\t\n<div class=\"wp-block-buttons is-content-justification-center is-layout-flex wp-container-core-buttons-is-layout-a89b3969 wp-block-buttons-is-layout-flex\"><div class=\"wp-block-button is-style-btn-primary is-style-btn-primary--1\"><a class=\"wp-block-button__link wp-element-button\" href=\"https:\/\/spheriq.ch\/fr\/prix\/\">D\u00e9couvrir l&rsquo;offre maintenant<\/a><\/div><\/div>\n\t<\/div>\n<\/div><\/div><\/div>\n\n<h3 class=\"wp-block-heading\"><strong>Fondations islamiques dans le monde<\/strong><\/h3>\n\n<p class=\"has-size-20-font-size\">Outre leurs activit\u00e9s nationales, de nombreuses fondations suisses sont \u00e9galement actives au niveau mondial. La <strong>World Muslim Foundation<\/strong>, par exemple, s&rsquo;engage dans le monde entier pour la r\u00e9duction des injustices et la promotion du dialogue interreligieux. Ses programmes \u00e9ducatifs ont pour but de promouvoir les \u00e9changes entre les diff\u00e9rentes communaut\u00e9s religieuses, de renforcer la compr\u00e9hension de l&rsquo;islam dans les pays non musulmans et de lutter ainsi contre les pr\u00e9jug\u00e9s.    <\/p>\n\n<p class=\"has-size-20-font-size\">La <strong>Swiss Islamic Aid Foundation<\/strong> s&rsquo;engage \u00e9galement en faveur de l&rsquo;\u00e9ducation. La fondation permet aux enfants et aux jeunes des r\u00e9gions d\u00e9favoris\u00e9es d&rsquo;acc\u00e9der \u00e0 des \u00e9coles et \u00e0 des formations, cr\u00e9ant ainsi des perspectives \u00e0 long terme. De plus, la Swiss Islamic Aid Foundation fournit une aide humanitaire dans les r\u00e9gions en crise. Dans le cadre d&rsquo;op\u00e9rations de secours organis\u00e9es, la fondation fournit des soins m\u00e9dicaux, de la nourriture et des abris aux personnes dans le besoin.     <\/p>\n\n<h3 class=\"wp-block-heading\"><strong>Fondations adapt\u00e9es \u00e0 l&rsquo;islam sur Spheriq<\/strong> <\/h3>\n\n<p class=\"has-size-20-font-size\">Le r\u00e9pertoire de Spheriq offre un aper\u00e7u pr\u00e9cieux des fondations qui soutiennent les causes islamiques en Suisse et dans le monde. Gr\u00e2ce aux fonctions pr\u00e9cises de recherche et de matching, vous trouverez rapidement et facilement des fondations qui s&rsquo;engagent pour des causes telles que l&rsquo;\u00e9ducation, l&rsquo;int\u00e9gration ou la promotion des communaut\u00e9s musulmanes. Tous les profils de fondation fournissent des informations d\u00e9taill\u00e9es sur les domaines de soutien sp\u00e9cifiques, les crit\u00e8res et les possibilit\u00e9s de contact. Le r\u00e9pertoire vous permet de contacter directement une fondation islamique appropri\u00e9e. Restez connect\u00e9 avec le magazine en ligne <a href=\"\"><strong>The Philanthropist<\/strong><\/a> et le <a href=\"\"><strong>Blog de Spheriq<\/strong><\/a> sur l&rsquo;actualit\u00e9 des fondations.     <\/p>\n\t<\/div>\n<\/div><\/div><\/div>","protected":false},"excerpt":{"rendered":"","protected":false},"author":6,"featured_media":0,"parent":6315,"menu_order":0,"comment_status":"closed","ping_status":"closed","template":"","meta":{"_acf_changed":false,"_uag_custom_page_level_css":"","footnotes":""},"class_list":["post-18742","page","type-page","status-publish","hentry"],"acf":[],"yoast_head":"<!-- This site is optimized with the Yoast SEO plugin v26.9 - https:\/\/yoast.com\/product\/yoast-seo-wordpress\/ -->\n<title>Fondations islamiques - Spheriq<\/title>\n<meta name=\"description\" content=\"Fondations islamiques \u2705 Trouver des organismes de financement appropri\u00e9s \u2705 D\u00e9velopper le secteur des fondations \u2705 Collecte de fonds : r\u00e9colter des dons \u2705.\" \/>\n<meta name=\"robots\" content=\"index, follow, max-snippet:-1, max-image-preview:large, max-video-preview:-1\" \/>\n<link rel=\"canonical\" href=\"https:\/\/spheriq.ch\/fr\/repertoire-des-fondations\/fondations-pour-lislam\/\" \/>\n<meta property=\"og:locale\" content=\"fr_FR\" \/>\n<meta property=\"og:type\" content=\"article\" \/>\n<meta property=\"og:title\" content=\"Fondations islamiques - Spheriq\" \/>\n<meta property=\"og:description\" content=\"Fondations islamiques \u2705 Trouver des organismes de financement appropri\u00e9s \u2705 D\u00e9velopper le secteur des fondations \u2705 Collecte de fonds : r\u00e9colter des dons \u2705.\" \/>\n<meta property=\"og:url\" content=\"https:\/\/spheriq.ch\/fr\/repertoire-des-fondations\/fondations-pour-lislam\/\" \/>\n<meta property=\"og:site_name\" content=\"Spheriq\" \/>\n<meta property=\"article:modified_time\" content=\"2024-10-28T16:52:49+00:00\" \/>\n<meta name=\"twitter:card\" content=\"summary_large_image\" \/>\n<meta name=\"twitter:label1\" content=\"Dur\u00e9e de lecture estim\u00e9e\" \/>\n\t<meta name=\"twitter:data1\" content=\"8 minutes\" \/>\n<script type=\"application\/ld+json\" class=\"yoast-schema-graph\">{\"@context\":\"https:\/\/schema.org\",\"@graph\":[{\"@type\":\"WebPage\",\"@id\":\"https:\/\/spheriq.ch\/fr\/repertoire-des-fondations\/fondations-pour-lislam\/\",\"url\":\"https:\/\/spheriq.ch\/fr\/repertoire-des-fondations\/fondations-pour-lislam\/\",\"name\":\"Fondations islamiques - Spheriq\",\"isPartOf\":{\"@id\":\"https:\/\/spheriq.ch\/fr\/#website\"},\"datePublished\":\"2024-10-21T15:01:44+00:00\",\"dateModified\":\"2024-10-28T16:52:49+00:00\",\"description\":\"Fondations islamiques \u2705 Trouver des organismes de financement appropri\u00e9s \u2705 D\u00e9velopper le secteur des fondations \u2705 Collecte de fonds : r\u00e9colter des dons \u2705.\",\"breadcrumb\":{\"@id\":\"https:\/\/spheriq.ch\/fr\/repertoire-des-fondations\/fondations-pour-lislam\/#breadcrumb\"},\"inLanguage\":\"fr-FR\",\"potentialAction\":[{\"@type\":\"ReadAction\",\"target\":[\"https:\/\/spheriq.ch\/fr\/repertoire-des-fondations\/fondations-pour-lislam\/\"]}]},{\"@type\":\"BreadcrumbList\",\"@id\":\"https:\/\/spheriq.ch\/fr\/repertoire-des-fondations\/fondations-pour-lislam\/#breadcrumb\",\"itemListElement\":[{\"@type\":\"ListItem\",\"position\":1,\"name\":\"Home\",\"item\":\"https:\/\/spheriq.ch\/fr\/\"},{\"@type\":\"ListItem\",\"position\":2,\"name\":\"R\u00e9pertoire des fondations\",\"item\":\"https:\/\/spheriq.ch\/fr\/repertoire-des-fondations\/\"},{\"@type\":\"ListItem\",\"position\":3,\"name\":\"Fondations pour l&rsquo;islam\"}]},{\"@type\":\"WebSite\",\"@id\":\"https:\/\/spheriq.ch\/fr\/#website\",\"url\":\"https:\/\/spheriq.ch\/fr\/\",\"name\":\"Spheriq\",\"description\":\"Spheriq | Online-Portal f\u00fcr Philanthropie\",\"potentialAction\":[{\"@type\":\"SearchAction\",\"target\":{\"@type\":\"EntryPoint\",\"urlTemplate\":\"https:\/\/spheriq.ch\/fr\/?s={search_term_string}\"},\"query-input\":{\"@type\":\"PropertyValueSpecification\",\"valueRequired\":true,\"valueName\":\"search_term_string\"}}],\"inLanguage\":\"fr-FR\"}]}<\/script>\n<!-- \/ Yoast SEO plugin. -->","yoast_head_json":{"title":"Fondations islamiques - Spheriq","description":"Fondations islamiques \u2705 Trouver des organismes de financement appropri\u00e9s \u2705 D\u00e9velopper le secteur des fondations \u2705 Collecte de fonds : r\u00e9colter des dons \u2705.","robots":{"index":"index","follow":"follow","max-snippet":"max-snippet:-1","max-image-preview":"max-image-preview:large","max-video-preview":"max-video-preview:-1"},"canonical":"https:\/\/spheriq.ch\/fr\/repertoire-des-fondations\/fondations-pour-lislam\/","og_locale":"fr_FR","og_type":"article","og_title":"Fondations islamiques - Spheriq","og_description":"Fondations islamiques \u2705 Trouver des organismes de financement appropri\u00e9s \u2705 D\u00e9velopper le secteur des fondations \u2705 Collecte de fonds : r\u00e9colter des dons \u2705.","og_url":"https:\/\/spheriq.ch\/fr\/repertoire-des-fondations\/fondations-pour-lislam\/","og_site_name":"Spheriq","article_modified_time":"2024-10-28T16:52:49+00:00","twitter_card":"summary_large_image","twitter_misc":{"Dur\u00e9e de lecture estim\u00e9e":"8 minutes"},"schema":{"@context":"https:\/\/schema.org","@graph":[{"@type":"WebPage","@id":"https:\/\/spheriq.ch\/fr\/repertoire-des-fondations\/fondations-pour-lislam\/","url":"https:\/\/spheriq.ch\/fr\/repertoire-des-fondations\/fondations-pour-lislam\/","name":"Fondations islamiques - Spheriq","isPartOf":{"@id":"https:\/\/spheriq.ch\/fr\/#website"},"datePublished":"2024-10-21T15:01:44+00:00","dateModified":"2024-10-28T16:52:49+00:00","description":"Fondations islamiques \u2705 Trouver des organismes de financement appropri\u00e9s \u2705 D\u00e9velopper le secteur des fondations \u2705 Collecte de fonds : r\u00e9colter des dons \u2705.","breadcrumb":{"@id":"https:\/\/spheriq.ch\/fr\/repertoire-des-fondations\/fondations-pour-lislam\/#breadcrumb"},"inLanguage":"fr-FR","potentialAction":[{"@type":"ReadAction","target":["https:\/\/spheriq.ch\/fr\/repertoire-des-fondations\/fondations-pour-lislam\/"]}]},{"@type":"BreadcrumbList","@id":"https:\/\/spheriq.ch\/fr\/repertoire-des-fondations\/fondations-pour-lislam\/#breadcrumb","itemListElement":[{"@type":"ListItem","position":1,"name":"Home","item":"https:\/\/spheriq.ch\/fr\/"},{"@type":"ListItem","position":2,"name":"R\u00e9pertoire des fondations","item":"https:\/\/spheriq.ch\/fr\/repertoire-des-fondations\/"},{"@type":"ListItem","position":3,"name":"Fondations pour l&rsquo;islam"}]},{"@type":"WebSite","@id":"https:\/\/spheriq.ch\/fr\/#website","url":"https:\/\/spheriq.ch\/fr\/","name":"Spheriq","description":"Spheriq | Online-Portal f\u00fcr Philanthropie","potentialAction":[{"@type":"SearchAction","target":{"@type":"EntryPoint","urlTemplate":"https:\/\/spheriq.ch\/fr\/?s={search_term_string}"},"query-input":{"@type":"PropertyValueSpecification","valueRequired":true,"valueName":"search_term_string"}}],"inLanguage":"fr-FR"}]}},"uagb_featured_image_src":{"full":false,"thumbnail":false,"medium":false,"medium_large":false,"large":false,"1536x1536":false,"2048x2048":false,"icon":false,"single-thumbnail":false,"menu-24x24":false,"menu-36x36":false,"menu-48x48":false},"uagb_author_info":{"display_name":"Moritz Brunner","author_link":"https:\/\/spheriq.ch\/fr\/author\/moritz-brunner\/"},"uagb_comment_info":0,"uagb_excerpt":null,"_links":{"self":[{"href":"https:\/\/spheriq.ch\/fr\/wp-json\/wp\/v2\/pages\/18742","targetHints":{"allow":["GET"]}}],"collection":[{"href":"https:\/\/spheriq.ch\/fr\/wp-json\/wp\/v2\/pages"}],"about":[{"href":"https:\/\/spheriq.ch\/fr\/wp-json\/wp\/v2\/types\/page"}],"author":[{"embeddable":true,"href":"https:\/\/spheriq.ch\/fr\/wp-json\/wp\/v2\/users\/6"}],"replies":[{"embeddable":true,"href":"https:\/\/spheriq.ch\/fr\/wp-json\/wp\/v2\/comments?post=18742"}],"version-history":[{"count":5,"href":"https:\/\/spheriq.ch\/fr\/wp-json\/wp\/v2\/pages\/18742\/revisions"}],"predecessor-version":[{"id":19297,"href":"https:\/\/spheriq.ch\/fr\/wp-json\/wp\/v2\/pages\/18742\/revisions\/19297"}],"up":[{"embeddable":true,"href":"https:\/\/spheriq.ch\/fr\/wp-json\/wp\/v2\/pages\/6315"}],"wp:attachment":[{"href":"https:\/\/spheriq.ch\/fr\/wp-json\/wp\/v2\/media?parent=18742"}],"curies":[{"name":"wp","href":"https:\/\/api.w.org\/{rel}","templated":true}]}}