{"id":18396,"date":"2024-09-30T15:25:14","date_gmt":"2024-09-30T15:25:14","guid":{"rendered":"https:\/\/spheriq.ch\/?page_id=18396"},"modified":"2024-10-28T16:48:00","modified_gmt":"2024-10-28T16:48:00","slug":"fondations-pour-les-femmes-en-suisse-et-dans-le-monde","status":"publish","type":"page","link":"https:\/\/spheriq.ch\/fr\/repertoire-des-fondations\/fondations-pour-les-femmes-en-suisse-et-dans-le-monde\/","title":{"rendered":"Fondations pour les femmes en Suisse et dans le monde"},"content":{"rendered":"<div class=\"wp-block-cover alignfull is-light has-custom-content-position is-position-top-center\" style=\"min-height:221px;aspect-ratio:unset;\"><span aria-hidden=\"true\" class=\"wp-block-cover__background has-background-dim-100 has-background-dim\" style=\"background-color:#f7f7f7\"><\/span><div class=\"wp-block-cover__inner-container is-layout-constrained wp-block-cover-is-layout-constrained\"><h1 class=\"wp-block-heading\"><strong>Fondations pour les femmes en Suisse et dans le monde<\/strong> <\/h1>\n\n<p class=\"has-size-20-font-size\">Malgr\u00e9 des progr\u00e8s significatifs en mati\u00e8re d&rsquo;\u00e9galit\u00e9 juridique, les femmes continuent de subir des in\u00e9galit\u00e9s dans le monde entier, notamment dans le cadre professionnel, mais aussi dans la sph\u00e8re familiale. En Suisse, les fondations jouent un r\u00f4le central pour rem\u00e9dier \u00e0 ces dysfonctionnements et renforcer durablement les chances des femmes. L&rsquo;annuaire de Spheriq permet de trouver des fondations cibl\u00e9es pour les femmes qui s&rsquo;engagent en faveur de la population f\u00e9minine en Suisse et dans le monde. <\/p><\/div><\/div><div class=\"wp-block-columns is-layout-flex wp-container-core-columns-is-layout-28f84493 wp-block-columns-is-layout-flex\"><div class=\"wp-block-column is-layout-flow wp-block-column-is-layout-flow\" style=\"flex-basis:100%\"><div class=\"wp-bootstrap-blocks-row row\">\n\t\n<div class=\"col-12 col-md-4\">\n\t\t\t<div class=\"p-3\">\n\t\t\t\n<div class=\"wp-block-custom-tree\"><div class=\"wp-block-custom-item-tree fat\"><span class=\"title\">Annuaire th\u00e9matique des fondations<\/span><span class=\"count\"><\/span><\/div><\/div>\n\n<div class=\"wp-block-custom-tree\"><div class=\"wp-block-custom-item-tree\"><a href=\"https:\/\/spheriq.ch\/fr\/fondations-pour-leducation\/\"><span class=\"title\">Fondations pour l&rsquo;\u00e9ducation<\/span><span class=\"count\"><\/span><\/a><\/div>\n\n<div class=\"wp-block-custom-item-tree\"><a href=\"https:\/\/spheriq.ch\/fr\/fondations-chretiennes-lamour-du-prochain-au-quotidien\/\"><span class=\"title\">Fondations pour la foi chr\u00e9tienne<\/span><span class=\"count\"><\/span><\/a><\/div>\n\n<div class=\"wp-block-custom-item-tree\"><a href=\"https:\/\/spheriq.ch\/fr\/fondations-pour-laide-au-developpement\/\"><span class=\"title\">Fondations pour l&rsquo;aide au d\u00e9veloppement<\/span><span class=\"count\"><\/span><\/a><\/div>\n\n<div class=\"wp-block-custom-item-tree\"><a href=\"https:\/\/spheriq.ch\/fr\/repertoire-des-fondations\/fondations-pour-les-femmes-en-suisse-et-dans-le-monde\/\"><span class=\"title\">Fondations pour les femmes<\/span><span class=\"count\"><\/span><\/a><\/div>\n\n<div class=\"wp-block-custom-item-tree\"><a href=\"https:\/\/spheriq.ch\/fr\/fondations-pour-la-sante\/\"><span class=\"title\">Fondations pour la sant\u00e9<\/span><span class=\"count\"><\/span><\/a><\/div>\n\n<div class=\"wp-block-custom-item-tree\"><a href=\"https:\/\/spheriq.ch\/fr\/?page_id=18742\"><span class=\"title\">Fondations pour l&rsquo;islam<\/span><span class=\"count\"><\/span><\/a><\/div>\n\n<div class=\"wp-block-custom-item-tree\"><a href=\"https:\/\/spheriq.ch\/fr\/?page_id=18775\"><span class=\"title\">Fondations pour le juda\u00efsme<\/span><span class=\"count\"><\/span><\/a><\/div>\n\n<div class=\"wp-block-custom-item-tree\"><a href=\"https:\/\/spheriq.ch\/fr\/repertoire-des-fondations\/fondations-pour-les-enfants\/\"><span class=\"title\">Fondations pour l&rsquo;aide aux enfants et aux jeunes<\/span><span class=\"count\"><\/span><\/a><\/div>\n\n<div class=\"wp-block-custom-item-tree\"><a href=\"https:\/\/spheriq.ch\/fr\/fondations-culturelles\/\"><span class=\"title\">Fondations pour la culture<\/span><span class=\"count\"><\/span><\/a><\/div>\n\n<div class=\"wp-block-custom-item-tree\"><a href=\"https:\/\/spheriq.ch\/stiftungsverzeichnis\/stiftungen-fuer-menschen-mit-behinderung\"><span class=\"title\">Fondations pour personnes handicap\u00e9es<\/span><span class=\"count\"><\/span><\/a><\/div>\n\n<div class=\"wp-block-custom-item-tree\"><a href=\"https:\/\/spheriq.ch\/fr\/fondations-pour-le-social-le-logement-la-famille\/\"><span class=\"title\">Fondations pour le social<\/span><span class=\"count\"><\/span><\/a><\/div>\n\n<div class=\"wp-block-custom-item-tree\"><a href=\"https:\/\/spheriq.ch\/fr\/fondations-pour-le-sport-promotion-du-sport-en-suisse\/\"><span class=\"title\">Fondations pour le sport<\/span><span class=\"count\"><\/span><\/a><\/div>\n\n<div class=\"wp-block-custom-item-tree\"><a href=\"https:\/\/spheriq.ch\/fr\/repertoire-des-fondations\/fondations-pour-la-protection-des-animaux\/\"><span class=\"title\">Fondations pour la protection des animaux<\/span><span class=\"count\"><\/span><\/a><\/div><\/div>\n\t\t<\/div>\n\t<\/div>\n\n<div class=\"col-12 col-md-8\">\n\t\t\t<div class=\"p-3\">\n\t\t\t\n<div class=\"container\"><ul class=\"nav nav-tabs\" role=\"tablist\"><li class=\"nav-item\" role=\"presentation\"><button data-hash=\"#toutes-les-organisations\" class=\"nav-link active\" id=\"t-0d9b931e-6298-460d-a714-5bacc10f211c-93781eea-7ab8-4ae5-8fbe-b37d1800162f-tab\" data-bs-toggle=\"tab\" data-bs-target=\"#t-0d9b931e-6298-460d-a714-5bacc10f211c-93781eea-7ab8-4ae5-8fbe-b37d1800162f\" type=\"button\" role=\"tab\" aria-controls=\"t-0d9b931e-6298-460d-a714-5bacc10f211c-93781eea-7ab8-4ae5-8fbe-b37d1800162f\" aria-selected=\"true\">Toutes les organisations<\/button><\/li><li class=\"nav-item\" role=\"presentation\"><button data-hash=\"#fondation-donatrice\" class=\"nav-link\" id=\"t-0d9b931e-6298-460d-a714-5bacc10f211c-61e10f83-078c-471f-8d2b-44918956cfdf-tab\" data-bs-toggle=\"tab\" data-bs-target=\"#t-0d9b931e-6298-460d-a714-5bacc10f211c-61e10f83-078c-471f-8d2b-44918956cfdf\" type=\"button\" role=\"tab\" aria-controls=\"t-0d9b931e-6298-460d-a714-5bacc10f211c-61e10f83-078c-471f-8d2b-44918956cfdf\">Fondation donatrice<\/button><\/li><li class=\"nav-item\" role=\"presentation\"><button data-hash=\"#porteur-de-projet\" class=\"nav-link\" id=\"t-0d9b931e-6298-460d-a714-5bacc10f211c-05b8ddf9-7aa1-424c-81ef-b4a1ac7cd6b9-tab\" data-bs-toggle=\"tab\" data-bs-target=\"#t-0d9b931e-6298-460d-a714-5bacc10f211c-05b8ddf9-7aa1-424c-81ef-b4a1ac7cd6b9\" type=\"button\" role=\"tab\" aria-controls=\"t-0d9b931e-6298-460d-a714-5bacc10f211c-05b8ddf9-7aa1-424c-81ef-b4a1ac7cd6b9\">Porteur de projet<\/button><\/li><\/ul>\n<div class=\"wp-block-custom-tabs tab-test tab-content\" id=\"t-0d9b931e-6298-460d-a714-5bacc10f211c\"><div class=\"wp-block-custom-tab-item tab-pane tab-item active\"\" id=\"t-0d9b931e-6298-460d-a714-5bacc10f211c-93781eea-7ab8-4ae5-8fbe-b37d1800162f\" role=\"tabpanel\" aria-labelledby=\"t-0d9b931e-6298-460d-a714-5bacc10f211c-93781eea-7ab8-4ae5-8fbe-b37d1800162f-tab\"><div id=\"algolia-search-1d3546bc-db3a-4245-92a9-3d120cbec5ff\"><div class=\"hidden fields\">\n        <input type=\"hidden\" class=\"algoliaBlockNum\"  value=\"1d3546bc-db3a-4245-92a9-3d120cbec5ff\" >\n        <input type=\"hidden\" class=\"searchURL\" value=\"?active=organizations&amp;layout=grid&amp;legalTypeFilters=[&quot;Stiftungen&quot;]&amp;searchQuery=frauen&amp;page=0\" \/>\n        <input type=\"hidden\" class=\"algoliaPerPage\" value=\"20\">\n        <input type=\"hidden\" class=\"algoliaPerRow\" value=\"2\">\n        <input type=\"hidden\" class=\"maxResult\" value=\"3\">\n        <input type=\"hidden\" class=\"linkURL\" value=\"https:\/\/stiftungen.stiftungschweiz.ch\/organisation\">\n        <\/div><div id=\"algolia-filters-hierarchical-menu-1d3546bc-db3a-4245-92a9-3d120cbec5ff\"><\/div><div id=\"searchbox-1d3546bc-db3a-4245-92a9-3d120cbec5ff\" class=\"ais-SearchBox search d-none\"><\/div><div class=\"top-bar\"><div id=\"count-results-1d3546bc-db3a-4245-92a9-3d120cbec5ff\"><\/div><div data-id=\"1d3546bc-db3a-4245-92a9-3d120cbec5ff\" class=\"switch-view\"><a href=\"javascript:;\" class=\"horizontal\"><i class=\"icon-horizontal\"><\/i><\/a><a href=\"javascript:;\" class=\"cards\"><i class=\"icon-cards\"><\/i><\/a><\/div><\/div><div class=\"hits per-row-2\" id=\"hits-1d3546bc-db3a-4245-92a9-3d120cbec5ff\"><\/div><div class=\"form-group text-center\" id=\"algolia-filters-navigation-1d3546bc-db3a-4245-92a9-3d120cbec5ff\"><a href=\"    https:\/\/app.spheriq.ch\/suche \"><button type=\"button\" class=\"btn btn-danger btn-sm\"><font color=\"white\">Alle Suchergebnisse \u00f6ffnen<\/font><\/button><\/a><\/div><\/div><\/div>\n\n<div class=\"wp-block-custom-tab-item tab-pane tab-item\" id=\"t-0d9b931e-6298-460d-a714-5bacc10f211c-61e10f83-078c-471f-8d2b-44918956cfdf\" role=\"tabpanel\" aria-labelledby=\"t-0d9b931e-6298-460d-a714-5bacc10f211c-61e10f83-078c-471f-8d2b-44918956cfdf-tab\"><div id=\"algolia-search-d16aec43-48a3-4347-a2eb-fa133f832c66\"><div class=\"hidden fields\">\n        <input type=\"hidden\" class=\"algoliaBlockNum\"  value=\"d16aec43-48a3-4347-a2eb-fa133f832c66\" >\n        <input type=\"hidden\" class=\"searchURL\" value=\"?active=grantmakers&amp;layout=grid&amp;searchQuery=frauen&amp;page=0\" \/>\n        <input type=\"hidden\" class=\"algoliaPerPage\" value=\"20\">\n        <input type=\"hidden\" class=\"algoliaPerRow\" value=\"2\">\n        <input type=\"hidden\" class=\"maxResult\" value=\"3\">\n        <input type=\"hidden\" class=\"linkURL\" value=\"https:\/\/stiftungen.stiftungschweiz.ch\/organisation\">\n        <\/div><div id=\"algolia-filters-hierarchical-menu-d16aec43-48a3-4347-a2eb-fa133f832c66\"><\/div><div id=\"searchbox-d16aec43-48a3-4347-a2eb-fa133f832c66\" class=\"ais-SearchBox search d-none\"><\/div><div class=\"top-bar\"><div id=\"count-results-d16aec43-48a3-4347-a2eb-fa133f832c66\"><\/div><div data-id=\"d16aec43-48a3-4347-a2eb-fa133f832c66\" class=\"switch-view\"><a href=\"javascript:;\" class=\"horizontal\"><i class=\"icon-horizontal\"><\/i><\/a><a href=\"javascript:;\" class=\"cards\"><i class=\"icon-cards\"><\/i><\/a><\/div><\/div><div class=\"hits per-row-2\" id=\"hits-d16aec43-48a3-4347-a2eb-fa133f832c66\"><\/div><div class=\"form-group text-center\" id=\"algolia-filters-navigation-d16aec43-48a3-4347-a2eb-fa133f832c66\"><a href=\"    https:\/\/app.spheriq.ch\/suche \"><button type=\"button\" class=\"btn btn-danger btn-sm\"><font color=\"white\">Alle Suchergebnisse \u00f6ffnen<\/font><\/button><\/a><\/div><\/div><\/div>\n\n<div class=\"wp-block-custom-tab-item tab-pane tab-item\" id=\"t-0d9b931e-6298-460d-a714-5bacc10f211c-05b8ddf9-7aa1-424c-81ef-b4a1ac7cd6b9\" role=\"tabpanel\" aria-labelledby=\"t-0d9b931e-6298-460d-a714-5bacc10f211c-05b8ddf9-7aa1-424c-81ef-b4a1ac7cd6b9-tab\"><div id=\"algolia-search-aed05db6-fe12-4c91-a5da-f4a928cc0520\"><div class=\"hidden fields\">\n        <input type=\"hidden\" class=\"algoliaBlockNum\"  value=\"aed05db6-fe12-4c91-a5da-f4a928cc0520\" >\n        <input type=\"hidden\" class=\"searchURL\" value=\"?active=project_owners&amp;layout=grid&amp;searchQuery=frauen&amp;page=0\" \/>\n        <input type=\"hidden\" class=\"algoliaPerPage\" value=\"20\">\n        <input type=\"hidden\" class=\"algoliaPerRow\" value=\"2\">\n        <input type=\"hidden\" class=\"maxResult\" value=\"3\">\n        <input type=\"hidden\" class=\"linkURL\" value=\"https:\/\/stiftungen.stiftungschweiz.ch\/organisation\">\n        <\/div><div id=\"algolia-filters-hierarchical-menu-aed05db6-fe12-4c91-a5da-f4a928cc0520\"><\/div><div id=\"searchbox-aed05db6-fe12-4c91-a5da-f4a928cc0520\" class=\"ais-SearchBox search d-none\"><\/div><div class=\"top-bar\"><div id=\"count-results-aed05db6-fe12-4c91-a5da-f4a928cc0520\"><\/div><div data-id=\"aed05db6-fe12-4c91-a5da-f4a928cc0520\" class=\"switch-view\"><a href=\"javascript:;\" class=\"horizontal\"><i class=\"icon-horizontal\"><\/i><\/a><a href=\"javascript:;\" class=\"cards\"><i class=\"icon-cards\"><\/i><\/a><\/div><\/div><div class=\"hits per-row-2\" id=\"hits-aed05db6-fe12-4c91-a5da-f4a928cc0520\"><\/div><div class=\"form-group text-center\" id=\"algolia-filters-navigation-aed05db6-fe12-4c91-a5da-f4a928cc0520\"><a href=\"    https:\/\/app.spheriq.ch\/suche \"><button type=\"button\" class=\"btn btn-danger btn-sm\"><font color=\"white\">Alle Suchergebnisse \u00f6ffnen<\/font><\/button><\/a><\/div><\/div><\/div><\/div>\n<\/div>\n\t\t<\/div>\n\t<\/div>\n<\/div><\/div><\/div><div class=\"wp-block-cover alignfull is-light has-custom-content-position is-position-top-center\" style=\"min-height:221px;aspect-ratio:unset;\"><span aria-hidden=\"true\" class=\"wp-block-cover__background has-background-dim-100 has-background-dim\" style=\"background-color:#f7f7f7\"><\/span><div class=\"wp-block-cover__inner-container is-layout-constrained wp-block-cover-is-layout-constrained\"><div class=\"wp-bootstrap-blocks-row row\">\n\t\n<div class=\"col-12 col-md-12\">\n\t\t\t\n<h2 class=\"wp-block-heading\"><strong>Un paysage diversifi\u00e9 de fondations pour les femmes en Suisse<\/strong> <\/h2>\n\n<p><\/p>\n\n<p class=\"has-size-20-font-size\">Au total, 402 fondations &#8211; r\u00e9parties dans tous les cantons suisses &#8211; sont r\u00e9pertori\u00e9es sur Spheriq et s&rsquo;engagent sp\u00e9cifiquement en faveur des femmes. La r\u00e9partition g\u00e9ographique montre une nette pr\u00e9dominance du canton de Zurich avec 71 fondations d\u00e9di\u00e9es \u00e0 la promotion des femmes, suivi par les cantons de Gen\u00e8ve avec 60 fondations et de Vaud avec 51 fondations. Pr\u00e8s des deux tiers des nouvelles fondations cr\u00e9\u00e9es en 2023 pour les femmes sont bas\u00e9es \u00e0 Gen\u00e8ve.   <\/p>\n\n<h3 class=\"wp-block-heading has-size-24-font-size\"><strong>Fondations pour les femmes dans le monde<\/strong> <\/h3>\n\n<p class=\"has-size-20-font-size\">Outre les activit\u00e9s nationales, les fondations suisses soutiennent les femmes et les m\u00e8res \u00e0 l&rsquo;\u00e9chelle mondiale.\nIl y a 345 fondations pour femmes actives dans toute l&rsquo;Europe, 97 fondations en Afrique et 95 en Asie.\nDans les pays en d\u00e9veloppement et \u00e9mergents en particulier, les fondations f\u00e9minines jouent un r\u00f4le crucial dans la promotion de l&rsquo;\u00e9ducation, de la sant\u00e9 et de l&rsquo;ind\u00e9pendance \u00e9conomique des populations f\u00e9minines.    <\/p>\n\n<h3 class=\"wp-block-heading has-size-24-font-size\"><strong>Soutien contre la discrimination et la violence<\/strong> <\/h3>\n\n<p class=\"has-size-20-font-size\">De nombreuses fondations f\u00e9minines offrent un soutien financier sous forme de bourses ou d&rsquo;aide cibl\u00e9e aux m\u00e8res c\u00e9libataires et aux femmes victimes de discrimination et de violence.\nParmi les onze nouvelles fondations f\u00e9minines recens\u00e9es dans la base de donn\u00e9es en 2023, la \u00ab\u00a0Fondation POUR Partage f\u00e9ministe\u00a0\u00bb et la \u00ab\u00a0Fondation Martine &amp; Tony Wilson\u00a0\u00bb, par exemple, s&rsquo;engagent \u00e0 lutter contre la violence envers les femmes et \u00e0 soutenir les m\u00e8res en difficult\u00e9.   <\/p>\n\n<div class=\"wp-block-cover alignfull is-light\" style=\"min-height:50px;aspect-ratio:unset;\"><span aria-hidden=\"true\" class=\"wp-block-cover__background has-background-dim-100 has-background-dim has-background-gradient\" style=\"background:linear-gradient(114deg,rgba(255,0,255,0.32) 0%,rgba(255,0,0,0.65) 98%)\"><\/span><div class=\"wp-block-cover__inner-container is-layout-constrained wp-block-cover-is-layout-constrained\"><div class=\"wp-bootstrap-blocks-row row justify-content-center align-items-center\">\n\t\n<div class=\"col-12 col-md-4\">\n\t\t\t\n<p class=\"has-text-align-center has-size-24-font-size\" style=\"line-height:1.1\"><strong>Pour les associations \u00e0 but non lucratif :<\/strong> collectez <strong>des fonds en ligne<\/strong> pour votre organisation et vos projets ou trouvez des fondations ad\u00e9quates gr\u00e2ce \u00e0 des <strong>outils de recherche<\/strong> intelligents.<\/p>\n\t<\/div>\n\n<div class=\"col-12 col-md-4\">\n\t\t\t\n<div class=\"wp-block-buttons is-content-justification-center is-layout-flex wp-container-core-buttons-is-layout-a89b3969 wp-block-buttons-is-layout-flex\"><div class=\"wp-block-button is-style-btn-primary is-style-btn-primary--1\"><a class=\"wp-block-button__link wp-element-button\" href=\"https:\/\/spheriq.ch\/fr\/prix\/\">D\u00e9couvrir l&rsquo;offre maintenant<\/a><\/div><\/div>\n\t<\/div>\n<\/div><\/div><\/div>\n\n<h3 class=\"wp-block-heading\"><strong>Soutenir les femmes avec la bonne fondation \u00e0 Spheriq<\/strong> <\/h3>\n\n<p class=\"has-size-20-font-size\">Pour soutenir les femmes en Suisse et dans le monde, l&rsquo;annuaire de Spheriq propose une recherche intelligente de <strong>fondations pour femmes<\/strong>. Gr\u00e2ce \u00e0 des fonctions pr\u00e9cises de recherche et de matching, vous pouvez trouver des fondations cibl\u00e9es qui s&rsquo;engagent pour des causes telles que l&rsquo;\u00e9galit\u00e9 des droits, la pr\u00e9vention de la violence ou la promotion des femmes et des m\u00e8res. Les profils des fondations fournissent toutes les informations sur les domaines de financement sp\u00e9cifiques, les crit\u00e8res, les demandes et les possibilit\u00e9s de contact. Suivez des projets passionnants, configurez votre tableau de bord personnalis\u00e9 et restez \u00e0 la pointe de l&rsquo;actualit\u00e9 philanthropique gr\u00e2ce au magazine en ligne <a href=\"\" target=\"\" rel=\"noopener\">The Philanthropist<\/a> et au <a href=\"\" target=\"\" rel=\"noopener\">blog de Spheriq<\/a>.<\/p>\n\t<\/div>\n<\/div><\/div><\/div>","protected":false},"excerpt":{"rendered":"","protected":false},"author":6,"featured_media":0,"parent":6315,"menu_order":0,"comment_status":"closed","ping_status":"closed","template":"","meta":{"_acf_changed":false,"_uag_custom_page_level_css":"","footnotes":""},"class_list":["post-18396","page","type-page","status-publish","hentry"],"acf":[],"yoast_head":"<!-- This site is optimized with the Yoast SEO plugin v26.9 - https:\/\/yoast.com\/product\/yoast-seo-wordpress\/ -->\n<title>Fondations pour femmes - Spheriq<\/title>\n<meta name=\"description\" content=\"Fondations pour les femmes \u2705 Trouver des organismes de financement appropri\u00e9s \u2705 D\u00e9velopper le secteur des fondations \u2705 Collecte de fonds : r\u00e9colter des dons \u2705.\" \/>\n<meta name=\"robots\" content=\"index, follow, max-snippet:-1, max-image-preview:large, max-video-preview:-1\" \/>\n<link rel=\"canonical\" href=\"https:\/\/spheriq.ch\/fr\/repertoire-des-fondations\/fondations-pour-les-femmes-en-suisse-et-dans-le-monde\/\" \/>\n<meta property=\"og:locale\" content=\"fr_FR\" \/>\n<meta property=\"og:type\" content=\"article\" \/>\n<meta property=\"og:title\" content=\"Fondations pour femmes - Spheriq\" \/>\n<meta property=\"og:description\" content=\"Fondations pour les femmes \u2705 Trouver des organismes de financement appropri\u00e9s \u2705 D\u00e9velopper le secteur des fondations \u2705 Collecte de fonds : r\u00e9colter des dons \u2705.\" \/>\n<meta property=\"og:url\" content=\"https:\/\/spheriq.ch\/fr\/repertoire-des-fondations\/fondations-pour-les-femmes-en-suisse-et-dans-le-monde\/\" \/>\n<meta property=\"og:site_name\" content=\"Spheriq\" \/>\n<meta property=\"article:modified_time\" content=\"2024-10-28T16:48:00+00:00\" \/>\n<meta name=\"twitter:card\" content=\"summary_large_image\" \/>\n<meta name=\"twitter:label1\" content=\"Dur\u00e9e de lecture estim\u00e9e\" \/>\n\t<meta name=\"twitter:data1\" content=\"6 minutes\" \/>\n<script type=\"application\/ld+json\" class=\"yoast-schema-graph\">{\"@context\":\"https:\/\/schema.org\",\"@graph\":[{\"@type\":\"WebPage\",\"@id\":\"https:\/\/spheriq.ch\/fr\/repertoire-des-fondations\/fondations-pour-les-femmes-en-suisse-et-dans-le-monde\/\",\"url\":\"https:\/\/spheriq.ch\/fr\/repertoire-des-fondations\/fondations-pour-les-femmes-en-suisse-et-dans-le-monde\/\",\"name\":\"Fondations pour femmes - Spheriq\",\"isPartOf\":{\"@id\":\"https:\/\/spheriq.ch\/fr\/#website\"},\"datePublished\":\"2024-09-30T15:25:14+00:00\",\"dateModified\":\"2024-10-28T16:48:00+00:00\",\"description\":\"Fondations pour les femmes \u2705 Trouver des organismes de financement appropri\u00e9s \u2705 D\u00e9velopper le secteur des fondations \u2705 Collecte de fonds : r\u00e9colter des dons \u2705.\",\"breadcrumb\":{\"@id\":\"https:\/\/spheriq.ch\/fr\/repertoire-des-fondations\/fondations-pour-les-femmes-en-suisse-et-dans-le-monde\/#breadcrumb\"},\"inLanguage\":\"fr-FR\",\"potentialAction\":[{\"@type\":\"ReadAction\",\"target\":[\"https:\/\/spheriq.ch\/fr\/repertoire-des-fondations\/fondations-pour-les-femmes-en-suisse-et-dans-le-monde\/\"]}]},{\"@type\":\"BreadcrumbList\",\"@id\":\"https:\/\/spheriq.ch\/fr\/repertoire-des-fondations\/fondations-pour-les-femmes-en-suisse-et-dans-le-monde\/#breadcrumb\",\"itemListElement\":[{\"@type\":\"ListItem\",\"position\":1,\"name\":\"Home\",\"item\":\"https:\/\/spheriq.ch\/fr\/\"},{\"@type\":\"ListItem\",\"position\":2,\"name\":\"R\u00e9pertoire des fondations\",\"item\":\"https:\/\/spheriq.ch\/fr\/repertoire-des-fondations\/\"},{\"@type\":\"ListItem\",\"position\":3,\"name\":\"Fondations pour les femmes en Suisse et dans le monde\"}]},{\"@type\":\"WebSite\",\"@id\":\"https:\/\/spheriq.ch\/fr\/#website\",\"url\":\"https:\/\/spheriq.ch\/fr\/\",\"name\":\"Spheriq\",\"description\":\"Spheriq | Online-Portal f\u00fcr Philanthropie\",\"potentialAction\":[{\"@type\":\"SearchAction\",\"target\":{\"@type\":\"EntryPoint\",\"urlTemplate\":\"https:\/\/spheriq.ch\/fr\/?s={search_term_string}\"},\"query-input\":{\"@type\":\"PropertyValueSpecification\",\"valueRequired\":true,\"valueName\":\"search_term_string\"}}],\"inLanguage\":\"fr-FR\"}]}<\/script>\n<!-- \/ Yoast SEO plugin. -->","yoast_head_json":{"title":"Fondations pour femmes - Spheriq","description":"Fondations pour les femmes \u2705 Trouver des organismes de financement appropri\u00e9s \u2705 D\u00e9velopper le secteur des fondations \u2705 Collecte de fonds : r\u00e9colter des dons \u2705.","robots":{"index":"index","follow":"follow","max-snippet":"max-snippet:-1","max-image-preview":"max-image-preview:large","max-video-preview":"max-video-preview:-1"},"canonical":"https:\/\/spheriq.ch\/fr\/repertoire-des-fondations\/fondations-pour-les-femmes-en-suisse-et-dans-le-monde\/","og_locale":"fr_FR","og_type":"article","og_title":"Fondations pour femmes - Spheriq","og_description":"Fondations pour les femmes \u2705 Trouver des organismes de financement appropri\u00e9s \u2705 D\u00e9velopper le secteur des fondations \u2705 Collecte de fonds : r\u00e9colter des dons \u2705.","og_url":"https:\/\/spheriq.ch\/fr\/repertoire-des-fondations\/fondations-pour-les-femmes-en-suisse-et-dans-le-monde\/","og_site_name":"Spheriq","article_modified_time":"2024-10-28T16:48:00+00:00","twitter_card":"summary_large_image","twitter_misc":{"Dur\u00e9e de lecture estim\u00e9e":"6 minutes"},"schema":{"@context":"https:\/\/schema.org","@graph":[{"@type":"WebPage","@id":"https:\/\/spheriq.ch\/fr\/repertoire-des-fondations\/fondations-pour-les-femmes-en-suisse-et-dans-le-monde\/","url":"https:\/\/spheriq.ch\/fr\/repertoire-des-fondations\/fondations-pour-les-femmes-en-suisse-et-dans-le-monde\/","name":"Fondations pour femmes - Spheriq","isPartOf":{"@id":"https:\/\/spheriq.ch\/fr\/#website"},"datePublished":"2024-09-30T15:25:14+00:00","dateModified":"2024-10-28T16:48:00+00:00","description":"Fondations pour les femmes \u2705 Trouver des organismes de financement appropri\u00e9s \u2705 D\u00e9velopper le secteur des fondations \u2705 Collecte de fonds : r\u00e9colter des dons \u2705.","breadcrumb":{"@id":"https:\/\/spheriq.ch\/fr\/repertoire-des-fondations\/fondations-pour-les-femmes-en-suisse-et-dans-le-monde\/#breadcrumb"},"inLanguage":"fr-FR","potentialAction":[{"@type":"ReadAction","target":["https:\/\/spheriq.ch\/fr\/repertoire-des-fondations\/fondations-pour-les-femmes-en-suisse-et-dans-le-monde\/"]}]},{"@type":"BreadcrumbList","@id":"https:\/\/spheriq.ch\/fr\/repertoire-des-fondations\/fondations-pour-les-femmes-en-suisse-et-dans-le-monde\/#breadcrumb","itemListElement":[{"@type":"ListItem","position":1,"name":"Home","item":"https:\/\/spheriq.ch\/fr\/"},{"@type":"ListItem","position":2,"name":"R\u00e9pertoire des fondations","item":"https:\/\/spheriq.ch\/fr\/repertoire-des-fondations\/"},{"@type":"ListItem","position":3,"name":"Fondations pour les femmes en Suisse et dans le monde"}]},{"@type":"WebSite","@id":"https:\/\/spheriq.ch\/fr\/#website","url":"https:\/\/spheriq.ch\/fr\/","name":"Spheriq","description":"Spheriq | Online-Portal f\u00fcr Philanthropie","potentialAction":[{"@type":"SearchAction","target":{"@type":"EntryPoint","urlTemplate":"https:\/\/spheriq.ch\/fr\/?s={search_term_string}"},"query-input":{"@type":"PropertyValueSpecification","valueRequired":true,"valueName":"search_term_string"}}],"inLanguage":"fr-FR"}]}},"uagb_featured_image_src":{"full":false,"thumbnail":false,"medium":false,"medium_large":false,"large":false,"1536x1536":false,"2048x2048":false,"icon":false,"single-thumbnail":false,"menu-24x24":false,"menu-36x36":false,"menu-48x48":false},"uagb_author_info":{"display_name":"Moritz Brunner","author_link":"https:\/\/spheriq.ch\/fr\/author\/moritz-brunner\/"},"uagb_comment_info":0,"uagb_excerpt":null,"_links":{"self":[{"href":"https:\/\/spheriq.ch\/fr\/wp-json\/wp\/v2\/pages\/18396","targetHints":{"allow":["GET"]}}],"collection":[{"href":"https:\/\/spheriq.ch\/fr\/wp-json\/wp\/v2\/pages"}],"about":[{"href":"https:\/\/spheriq.ch\/fr\/wp-json\/wp\/v2\/types\/page"}],"author":[{"embeddable":true,"href":"https:\/\/spheriq.ch\/fr\/wp-json\/wp\/v2\/users\/6"}],"replies":[{"embeddable":true,"href":"https:\/\/spheriq.ch\/fr\/wp-json\/wp\/v2\/comments?post=18396"}],"version-history":[{"count":10,"href":"https:\/\/spheriq.ch\/fr\/wp-json\/wp\/v2\/pages\/18396\/revisions"}],"predecessor-version":[{"id":19293,"href":"https:\/\/spheriq.ch\/fr\/wp-json\/wp\/v2\/pages\/18396\/revisions\/19293"}],"up":[{"embeddable":true,"href":"https:\/\/spheriq.ch\/fr\/wp-json\/wp\/v2\/pages\/6315"}],"wp:attachment":[{"href":"https:\/\/spheriq.ch\/fr\/wp-json\/wp\/v2\/media?parent=18396"}],"curies":[{"name":"wp","href":"https:\/\/api.w.org\/{rel}","templated":true}]}}