{"id":18121,"date":"2024-09-16T07:18:08","date_gmt":"2024-09-16T07:18:08","guid":{"rendered":"https:\/\/spheriq.ch\/etudes-de-cas\/"},"modified":"2025-06-27T18:49:06","modified_gmt":"2025-06-27T18:49:06","slug":"etudes-de-cas","status":"publish","type":"page","link":"https:\/\/spheriq.ch\/fr\/etudes-de-cas\/","title":{"rendered":"\u00c9tudes de cas"},"content":{"rendered":"<h1 class=\"wp-block-heading alignfull\">\u00c9tudes de cas<\/h1><p class=\"has-size-22-font-size\"><strong>D\u00e9couvrez dans nos \u00e9tudes de cas comment des fondations et des organisations \u00e0 but non lucratif utilisent la plateforme Spheriq pour atteindre leurs objectifs de mani\u00e8re plus efficace. Laissez-vous inspirer par des exemples de r\u00e9ussite pratiques <\/strong>.<\/p><div style=\"height:100px\" aria-hidden=\"true\" id=\"profil\" class=\"wp-block-spacer\"><\/div><div class=\"wp-bootstrap-blocks-row row\">\n\t\n<div class=\"col-12 col-md-2\">\n\t\t\t\t<\/div>\n\n<div class=\"col-12 col-md-3\">\n\t\t\t\n<figure class=\"wp-block-image size-full\"><img loading=\"lazy\" decoding=\"async\" width=\"300\" height=\"275\" src=\"https:\/\/spheriq.ch\/wp-content\/uploads\/2024\/09\/Case-Study-Suche.png\" alt=\"\" class=\"wp-image-18103\" srcset=\"https:\/\/spheriq.ch\/wp-content\/uploads\/2024\/09\/Case-Study-Suche.png 300w, https:\/\/spheriq.ch\/wp-content\/uploads\/2024\/09\/Case-Study-Suche-24x22.png 24w, https:\/\/spheriq.ch\/wp-content\/uploads\/2024\/09\/Case-Study-Suche-36x33.png 36w, https:\/\/spheriq.ch\/wp-content\/uploads\/2024\/09\/Case-Study-Suche-48x44.png 48w\" sizes=\"auto, (max-width: 300px) 100vw, 300px\" \/><\/figure>\n\t<\/div>\n\n<div class=\"col-12 col-md-5\">\n\t\t\t\n<h3 class=\"wp-block-heading\">Profil et r\u00e9pertoire<\/h3>\n\n<p class=\"has-size-20-font-size\">D\u00e9couvrez comment les organisations ont utilis\u00e9 leur profil de fondation sur Spheriq pour augmenter leur visibilit\u00e9 et promouvoir des coop\u00e9rations cibl\u00e9es.<\/p>\n\n<p style=\"text-decoration:underline\"><a href=\"https:\/\/spheriq.ch\/case-studies\/profil-und-verzeichnis\/\"><strong>\u00c9tude de cas : Fondation Gerbert R\u00fcf et Fondation Age \u27a4<\/strong><\/a><\/p>\n\n<p><strong><a href=\"https:\/\/spheriq.ch\/fr\/etudes-de-cas\/visibilite-et-impact\/\">\u00c9tude de cas : Gebert R\u00fcf Stiftung, Stiftung Mercator Schweiz und Stiftung Hirschmann \u27a4<\/a><\/strong><\/p>\n\t<\/div>\n\n<div class=\"col-12 col-md-2\">\n\t\t\t\t<\/div>\n<\/div><div style=\"height:100px\" aria-hidden=\"true\" id=\"recherche\" class=\"wp-block-spacer\"><\/div><div class=\"wp-bootstrap-blocks-row row\">\n\t\n<div class=\"col-12 col-md-2\">\n\t\t\t\t<\/div>\n\n<div class=\"col-12 col-md-3\">\n\t\t\t\n<figure class=\"wp-block-image size-full\"><img loading=\"lazy\" decoding=\"async\" width=\"640\" height=\"427\" src=\"https:\/\/spheriq.ch\/wp-content\/uploads\/2025\/06\/marten-newhall-uAFjFsMS3YY-unsplash.jpg\" alt=\"\" class=\"wp-image-20712\" srcset=\"https:\/\/spheriq.ch\/wp-content\/uploads\/2025\/06\/marten-newhall-uAFjFsMS3YY-unsplash.jpg 640w, https:\/\/spheriq.ch\/wp-content\/uploads\/2025\/06\/marten-newhall-uAFjFsMS3YY-unsplash-300x200.jpg 300w, https:\/\/spheriq.ch\/wp-content\/uploads\/2025\/06\/marten-newhall-uAFjFsMS3YY-unsplash-24x16.jpg 24w, https:\/\/spheriq.ch\/wp-content\/uploads\/2025\/06\/marten-newhall-uAFjFsMS3YY-unsplash-36x24.jpg 36w, https:\/\/spheriq.ch\/wp-content\/uploads\/2025\/06\/marten-newhall-uAFjFsMS3YY-unsplash-48x32.jpg 48w\" sizes=\"auto, (max-width: 640px) 100vw, 640px\" \/><\/figure>\n\t<\/div>\n\n<div class=\"col-12 col-md-5\">\n\t\t\t\n<h3 class=\"wp-block-heading\">Recherche<\/h3>\n\n<p class=\"has-size-20-font-size\">D\u00e9couvrez comment les organisations utilisent les outils de recherche de la Fondation Suisse pour trouver des partenaires de financement ad\u00e9quats.<\/p>\n\n<p style=\"text-decoration:underline\"><a href=\"https:\/\/spheriq.ch\/fr\/etudes-de-cas\/recherche-etude-de-cas-hospiz-oberwallis-hope\/\"><strong>\u00c9tude de cas : Hospice du Haut-Valais HOPE \u27a4<\/strong><\/a><\/p>\n\t<\/div>\n\n<div class=\"col-12 col-md-2\">\n\t\t\t\t<\/div>\n<\/div><div style=\"height:100px\" aria-hidden=\"true\" id=\"gesuchsmanagement\" class=\"wp-block-spacer\"><\/div><div class=\"wp-bootstrap-blocks-row row\">\n\t\n<div class=\"col-12 col-md-2\">\n\t\t\t\t<\/div>\n\n<div class=\"col-12 col-md-3\">\n\t\t\t\n<figure class=\"wp-block-image size-full\"><img loading=\"lazy\" decoding=\"async\" width=\"300\" height=\"261\" src=\"https:\/\/spheriq.ch\/wp-content\/uploads\/2024\/09\/Case-Study-Gesuchsmanagement.png\" alt=\"\" class=\"wp-image-18109\" srcset=\"https:\/\/spheriq.ch\/wp-content\/uploads\/2024\/09\/Case-Study-Gesuchsmanagement.png 300w, https:\/\/spheriq.ch\/wp-content\/uploads\/2024\/09\/Case-Study-Gesuchsmanagement-24x21.png 24w, https:\/\/spheriq.ch\/wp-content\/uploads\/2024\/09\/Case-Study-Gesuchsmanagement-36x31.png 36w, https:\/\/spheriq.ch\/wp-content\/uploads\/2024\/09\/Case-Study-Gesuchsmanagement-48x42.png 48w\" sizes=\"auto, (max-width: 300px) 100vw, 300px\" \/><\/figure>\n\t<\/div>\n\n<div class=\"col-12 col-md-5\">\n\t\t\t\n<h3 class=\"wp-block-heading\">Gestion des demandes et des subventions<\/h3>\n\n<p class=\"has-size-20-font-size\">D\u00e9couvrez comment les fondations donatrices utilisent avec succ\u00e8s la gestion des demandes et des subventions de Spheriq et comment elles am\u00e9liorent l&rsquo;efficacit\u00e9 de leurs processus de subvention.<\/p>\n\n<p style=\"text-decoration:underline\"><a href=\"https:\/\/spheriq.ch\/case-studies\/gesuchs-und-foerdermanagement\/\"><strong>\u00c9tude de cas : Fondation H\u00fcrlimann-Wyss<\/strong> \u27a4<\/a><\/p>\n\n<p style=\"text-decoration:underline\"><a href=\"https:\/\/spheriq.ch\/fr\/etudes-de-cas\/gestion-des-demandes-et-des-subventions-cornelius-knuepffer-stiftung\/\"><strong>\u00c9tude de cas : Fondation Cornelius Kn\u00fcpffer<\/strong> \u27a4<\/a><\/p>\n\t<\/div>\n\n<div class=\"col-12 col-md-2\">\n\t\t\t\t<\/div>\n<\/div><div style=\"height:100px\" aria-hidden=\"true\" id=\"services\" class=\"wp-block-spacer\"><\/div><div class=\"wp-bootstrap-blocks-row row\">\n\t\n<div class=\"col-12 col-md-2\">\n\t\t\t\t<\/div>\n\n<div class=\"col-12 col-md-3\">\n\t\t\t\n<figure class=\"wp-block-image size-large\"><img loading=\"lazy\" decoding=\"async\" width=\"1024\" height=\"798\" src=\"https:\/\/spheriq.ch\/wp-content\/uploads\/2025\/05\/grafik-1-1024x798.png\" alt=\"\" class=\"wp-image-20661\" srcset=\"https:\/\/spheriq.ch\/wp-content\/uploads\/2025\/05\/grafik-1-1024x798.png 1024w, https:\/\/spheriq.ch\/wp-content\/uploads\/2025\/05\/grafik-1-300x234.png 300w, https:\/\/spheriq.ch\/wp-content\/uploads\/2025\/05\/grafik-1-768x598.png 768w, https:\/\/spheriq.ch\/wp-content\/uploads\/2025\/05\/grafik-1-24x19.png 24w, https:\/\/spheriq.ch\/wp-content\/uploads\/2025\/05\/grafik-1-36x28.png 36w, https:\/\/spheriq.ch\/wp-content\/uploads\/2025\/05\/grafik-1-48x37.png 48w, https:\/\/spheriq.ch\/wp-content\/uploads\/2025\/05\/grafik-1.png 1275w\" sizes=\"auto, (max-width: 1024px) 100vw, 1024px\" \/><\/figure>\n\t<\/div>\n\n<div class=\"col-12 col-md-5\">\n\t\t\t\n<h3 class=\"wp-block-heading\">Services<\/h3>\n\n<p class=\"has-size-20-font-size\">D\u00e9couvrez comment les organisations peuvent atteindre leurs objectifs de communication gr\u00e2ce aux services personnalis\u00e9s de la Fondation Suisse et g\u00e9n\u00e9rer ainsi plus de port\u00e9e dans les m\u00e9dias sociaux, par exemple. <\/p>\n\n<p style=\"text-decoration:underline\"><a href=\"https:\/\/spheriq.ch\/fr\/etudes-de-cas\/medias-sociaux-a-la-carte-campagne-de-relations-publiques-sur-mesure-et-communication-sur-les-dons-sur-meta\/\"><strong>\u00c9tude de cas : autisme suisse<\/strong> \u27a4<\/a><\/p>\n\t<\/div>\n\n<div class=\"col-12 col-md-2\">\n\t\t\t\t<\/div>\n<\/div><div style=\"height:100px\" aria-hidden=\"true\" id=\"spenden\" class=\"wp-block-spacer\"><\/div><div class=\"wp-bootstrap-blocks-row row\">\n\t\n<div class=\"col-12 col-md-2\">\n\t\t\t\t<\/div>\n\n<div class=\"col-12 col-md-3\">\n\t\t\t\n<figure class=\"wp-block-image size-full\"><img loading=\"lazy\" decoding=\"async\" width=\"690\" height=\"614\" src=\"https:\/\/spheriq.ch\/wp-content\/uploads\/2024\/11\/grafik-6.png\" alt=\"\" class=\"wp-image-19605\" srcset=\"https:\/\/spheriq.ch\/wp-content\/uploads\/2024\/11\/grafik-6.png 690w, https:\/\/spheriq.ch\/wp-content\/uploads\/2024\/11\/grafik-6-300x267.png 300w, https:\/\/spheriq.ch\/wp-content\/uploads\/2024\/11\/grafik-6-24x21.png 24w, https:\/\/spheriq.ch\/wp-content\/uploads\/2024\/11\/grafik-6-36x32.png 36w, https:\/\/spheriq.ch\/wp-content\/uploads\/2024\/11\/grafik-6-48x43.png 48w\" sizes=\"auto, (max-width: 690px) 100vw, 690px\" \/><\/figure>\n\t<\/div>\n\n<div class=\"col-12 col-md-5\">\n\t\t\t\n<h3 class=\"wp-block-heading\">Outils de don en ligne<\/h3>\n\n<p class=\"has-size-20-font-size\">D\u00e9couvrez comment les organisations \u00e0 but non lucratif num\u00e9risent leur collecte de fonds avec les outils de Spheriq et collectent facilement des dons en ligne.<\/p>\n\n<p style=\"text-decoration:underline\"><a href=\"https:\/\/spheriq.ch\/case-studies\/spendenplattform-stiftung-amiamusica\/\"><strong>\u00c9tude de cas : Fondation amiamusica <\/strong>\u27a4<\/a><\/p>\n\n<p style=\"text-decoration:underline\"><a href=\"https:\/\/spheriq.ch\/fr\/etudes-de-cas\/campagne-de-dons-zurcher-kantonalbank\/\"><strong>\u00c9tude de cas : Z\u00fcrcher Kantonalbank <\/strong>\u27a4<\/a><\/p>\n\t<\/div>\n\n<div class=\"col-12 col-md-2\">\n\t\t\t\t<\/div>\n<\/div><div style=\"height:100px\" aria-hidden=\"true\" id=\"netzwerk\" class=\"wp-block-spacer\"><\/div><div class=\"wp-bootstrap-blocks-row row\">\n\t\n<div class=\"col-12 col-md-2\">\n\t\t\t\t<\/div>\n\n<div class=\"col-12 col-md-3\">\n\t\t\t\n<figure class=\"wp-block-image size-full\"><img loading=\"lazy\" decoding=\"async\" width=\"300\" height=\"275\" src=\"https:\/\/spheriq.ch\/wp-content\/uploads\/2024\/09\/Case-Study-Netzwerk.png\" alt=\"\" class=\"wp-image-18106\" srcset=\"https:\/\/spheriq.ch\/wp-content\/uploads\/2024\/09\/Case-Study-Netzwerk.png 300w, https:\/\/spheriq.ch\/wp-content\/uploads\/2024\/09\/Case-Study-Netzwerk-24x22.png 24w, https:\/\/spheriq.ch\/wp-content\/uploads\/2024\/09\/Case-Study-Netzwerk-36x33.png 36w, https:\/\/spheriq.ch\/wp-content\/uploads\/2024\/09\/Case-Study-Netzwerk-48x44.png 48w\" sizes=\"auto, (max-width: 300px) 100vw, 300px\" \/><\/figure>\n\t<\/div>\n\n<div class=\"col-12 col-md-5\">\n\t\t\t\n<h3 class=\"wp-block-heading\">R\u00e9seaux et services m\u00e9dias<\/h3>\n\n<p class=\"has-size-20-font-size\">D\u00e9couvrez comment les utilisateurs de la Fondation Suisse utilisent le service R\u00e9seaux et M\u00e9dias pour renforcer leurs coop\u00e9rations, \u00e9changer efficacement des connaissances sp\u00e9cialis\u00e9es et faire avancer de mani\u00e8re cibl\u00e9e leurs projets de promotion.<\/p>\n\n<p style=\"text-decoration:underline\"><a href=\"https:\/\/spheriq.ch\/case-studies\/netzwerke-und-medienservice\/\"><strong>\u00c9tude de cas : Fondation Velux et Gerbert R\u00fcf Stiftung\u27a4<\/strong><\/a><\/p>\n\t<\/div>\n\n<div class=\"col-12 col-md-2\">\n\t\t\t\t<\/div>\n<\/div><div style=\"height:100px\" aria-hidden=\"true\" id=\"lernreise\" class=\"wp-block-spacer\"><\/div><div class=\"wp-bootstrap-blocks-row row\">\n\t\n<div class=\"col-12 col-md-2\">\n\t\t\t\t<\/div>\n\n<div class=\"col-12 col-md-3\">\n\t\t\t\n<figure class=\"wp-block-image size-full\"><img loading=\"lazy\" decoding=\"async\" width=\"300\" height=\"275\" src=\"https:\/\/spheriq.ch\/wp-content\/uploads\/2024\/09\/Case-Study-Lernreise.png\" alt=\"\" class=\"wp-image-18112\" srcset=\"https:\/\/spheriq.ch\/wp-content\/uploads\/2024\/09\/Case-Study-Lernreise.png 300w, https:\/\/spheriq.ch\/wp-content\/uploads\/2024\/09\/Case-Study-Lernreise-24x22.png 24w, https:\/\/spheriq.ch\/wp-content\/uploads\/2024\/09\/Case-Study-Lernreise-36x33.png 36w, https:\/\/spheriq.ch\/wp-content\/uploads\/2024\/09\/Case-Study-Lernreise-48x44.png 48w\" sizes=\"auto, (max-width: 300px) 100vw, 300px\" \/><\/figure>\n\t<\/div>\n\n<div class=\"col-12 col-md-5\">\n\t\t\t\n<h3 class=\"wp-block-heading\">Parcours d&rsquo;apprentissage et modules<\/h3>\n\n<p class=\"has-size-20-font-size\">D\u00e9couvrez comment les organisations d\u00e9veloppent des outils num\u00e9riques pour optimiser leurs processus de promotion gr\u00e2ce au parcours d&rsquo;apprentissage.<\/p>\n\n<p style=\"text-decoration:underline\"><a href=\"https:\/\/spheriq.ch\/case-studies\/lernreisen-und-module\/\"><strong>\u00c9tude de cas : Fondation Velux et Fondation Gerbert R\u00fcf<\/strong> \u27a4<\/a><\/p>\n\n<p><a href=\"https:\/\/spheriq.ch\/fr\/etudes-de-cas\/parcours-dapprentissage-et-modules-etude-de-cas-drosos-stiftung\/\"><strong>\u00c9tude de cas : DROSOS STIFTUNG<\/strong> \u27a4<\/a><\/p>\n\t<\/div>\n\n<div class=\"col-12 col-md-2\">\n\t\t\t\t<\/div>\n<\/div><div style=\"height:100px\" aria-hidden=\"true\" class=\"wp-block-spacer\"><\/div><div class=\"wp-bootstrap-blocks-row row\">\n\t\n<div class=\"col-12 col-md-2\">\n\t\t\t\t<\/div>\n\n<div class=\"col-12 col-md-3\">\n\t\t\t\n<figure class=\"wp-block-image size-full\"><img loading=\"lazy\" decoding=\"async\" width=\"1124\" height=\"802\" src=\"https:\/\/spheriq.ch\/wp-content\/uploads\/2025\/06\/ki-loesungen-FR.png\" alt=\"\" class=\"wp-image-20859\" srcset=\"https:\/\/spheriq.ch\/wp-content\/uploads\/2025\/06\/ki-loesungen-FR.png 1124w, https:\/\/spheriq.ch\/wp-content\/uploads\/2025\/06\/ki-loesungen-FR-300x214.png 300w, https:\/\/spheriq.ch\/wp-content\/uploads\/2025\/06\/ki-loesungen-FR-1024x731.png 1024w, https:\/\/spheriq.ch\/wp-content\/uploads\/2025\/06\/ki-loesungen-FR-768x548.png 768w, https:\/\/spheriq.ch\/wp-content\/uploads\/2025\/06\/ki-loesungen-FR-24x17.png 24w, https:\/\/spheriq.ch\/wp-content\/uploads\/2025\/06\/ki-loesungen-FR-36x26.png 36w, https:\/\/spheriq.ch\/wp-content\/uploads\/2025\/06\/ki-loesungen-FR-48x34.png 48w\" sizes=\"auto, (max-width: 1124px) 100vw, 1124px\" \/><\/figure>\n\t<\/div>\n\n<div class=\"col-12 col-md-5\">\n\t\t\t\n<h3 class=\"wp-block-heading\">Solutions d&rsquo;IA<\/h3>\n\n<p class=\"has-size-20-font-size\">D\u00e9couvrez comment les fondations et les organisations \u00e0 but non lucratif peuvent optimiser leurs processus de travail et obtenir un impact concret au quotidien gr\u00e2ce aux solutions d&rsquo;IA s\u00e9curis\u00e9es de PeakPrivacy.<\/p>\n\n<p style=\"text-decoration:underline\"><a href=\"https:\/\/spheriq.ch\/fr\/etudes-de-cas\/solutions-dia-avec-peakprivacy\/\"><strong>\u00c9tude de cas : Caritas Suisse, Stiftung Mercator Schweiz und Gebert R\u00fcf Stiftung<\/strong> \u27a4<\/a><\/p>\n\t<\/div>\n\n<div class=\"col-12 col-md-2\">\n\t\t\t\t<\/div>\n<\/div><div style=\"height:100px\" aria-hidden=\"true\" class=\"wp-block-spacer\"><\/div>","protected":false},"excerpt":{"rendered":"\u00c9tudes de cas D\u00e9couvrez dans nos \u00e9tudes de cas comment des fondations et des organisations \u00e0 but non lucratif utilisent la plateforme Spheriq pour atteindre leurs objectifs de mani\u00e8re plus efficace. Laissez-vous inspirer par des exemples de r\u00e9ussite pratiques .","protected":false},"author":6,"featured_media":0,"parent":0,"menu_order":0,"comment_status":"closed","ping_status":"closed","template":"","meta":{"_acf_changed":false,"_uag_custom_page_level_css":"","footnotes":""},"class_list":["post-18121","page","type-page","status-publish","hentry"],"acf":[],"yoast_head":"<!-- This site is optimized with the Yoast SEO plugin v26.9 - https:\/\/yoast.com\/product\/yoast-seo-wordpress\/ -->\n<title>\u00c9tudes de cas - Spheriq<\/title>\n<meta name=\"robots\" content=\"index, follow, max-snippet:-1, max-image-preview:large, max-video-preview:-1\" \/>\n<link rel=\"canonical\" href=\"https:\/\/spheriq.ch\/fr\/etudes-de-cas\/\" \/>\n<meta property=\"og:locale\" content=\"fr_FR\" \/>\n<meta property=\"og:type\" content=\"article\" \/>\n<meta property=\"og:title\" content=\"\u00c9tudes de cas - Spheriq\" \/>\n<meta property=\"og:description\" content=\"\u00c9tudes de cas D\u00e9couvrez dans nos \u00e9tudes de cas comment des fondations et des organisations \u00e0 but non lucratif utilisent la plateforme Spheriq pour atteindre leurs objectifs de mani\u00e8re plus efficace. Laissez-vous inspirer par des exemples de r\u00e9ussite pratiques .\" \/>\n<meta property=\"og:url\" content=\"https:\/\/spheriq.ch\/fr\/etudes-de-cas\/\" \/>\n<meta property=\"og:site_name\" content=\"Spheriq\" \/>\n<meta property=\"article:modified_time\" content=\"2025-06-27T18:49:06+00:00\" \/>\n<meta property=\"og:image\" content=\"https:\/\/spheriq.ch\/wp-content\/uploads\/2024\/09\/Case-Study-Suche.png\" \/>\n<meta name=\"twitter:card\" content=\"summary_large_image\" \/>\n<meta name=\"twitter:label1\" content=\"Dur\u00e9e de lecture estim\u00e9e\" \/>\n\t<meta name=\"twitter:data1\" content=\"4 minutes\" \/>\n<script type=\"application\/ld+json\" class=\"yoast-schema-graph\">{\"@context\":\"https:\/\/schema.org\",\"@graph\":[{\"@type\":\"WebPage\",\"@id\":\"https:\/\/spheriq.ch\/fr\/etudes-de-cas\/\",\"url\":\"https:\/\/spheriq.ch\/fr\/etudes-de-cas\/\",\"name\":\"\u00c9tudes de cas - Spheriq\",\"isPartOf\":{\"@id\":\"https:\/\/spheriq.ch\/fr\/#website\"},\"primaryImageOfPage\":{\"@id\":\"https:\/\/spheriq.ch\/fr\/etudes-de-cas\/#primaryimage\"},\"image\":{\"@id\":\"https:\/\/spheriq.ch\/fr\/etudes-de-cas\/#primaryimage\"},\"thumbnailUrl\":\"https:\/\/spheriq.ch\/wp-content\/uploads\/2024\/09\/Case-Study-Suche.png\",\"datePublished\":\"2024-09-16T07:18:08+00:00\",\"dateModified\":\"2025-06-27T18:49:06+00:00\",\"breadcrumb\":{\"@id\":\"https:\/\/spheriq.ch\/fr\/etudes-de-cas\/#breadcrumb\"},\"inLanguage\":\"fr-FR\",\"potentialAction\":[{\"@type\":\"ReadAction\",\"target\":[\"https:\/\/spheriq.ch\/fr\/etudes-de-cas\/\"]}]},{\"@type\":\"ImageObject\",\"inLanguage\":\"fr-FR\",\"@id\":\"https:\/\/spheriq.ch\/fr\/etudes-de-cas\/#primaryimage\",\"url\":\"https:\/\/spheriq.ch\/wp-content\/uploads\/2024\/09\/Case-Study-Suche.png\",\"contentUrl\":\"https:\/\/spheriq.ch\/wp-content\/uploads\/2024\/09\/Case-Study-Suche.png\"},{\"@type\":\"BreadcrumbList\",\"@id\":\"https:\/\/spheriq.ch\/fr\/etudes-de-cas\/#breadcrumb\",\"itemListElement\":[{\"@type\":\"ListItem\",\"position\":1,\"name\":\"Home\",\"item\":\"https:\/\/spheriq.ch\/fr\/\"},{\"@type\":\"ListItem\",\"position\":2,\"name\":\"\u00c9tudes de cas\"}]},{\"@type\":\"WebSite\",\"@id\":\"https:\/\/spheriq.ch\/fr\/#website\",\"url\":\"https:\/\/spheriq.ch\/fr\/\",\"name\":\"Spheriq\",\"description\":\"Spheriq | Online-Portal f\u00fcr Philanthropie\",\"potentialAction\":[{\"@type\":\"SearchAction\",\"target\":{\"@type\":\"EntryPoint\",\"urlTemplate\":\"https:\/\/spheriq.ch\/fr\/?s={search_term_string}\"},\"query-input\":{\"@type\":\"PropertyValueSpecification\",\"valueRequired\":true,\"valueName\":\"search_term_string\"}}],\"inLanguage\":\"fr-FR\"}]}<\/script>\n<!-- \/ Yoast SEO plugin. -->","yoast_head_json":{"title":"\u00c9tudes de cas - Spheriq","robots":{"index":"index","follow":"follow","max-snippet":"max-snippet:-1","max-image-preview":"max-image-preview:large","max-video-preview":"max-video-preview:-1"},"canonical":"https:\/\/spheriq.ch\/fr\/etudes-de-cas\/","og_locale":"fr_FR","og_type":"article","og_title":"\u00c9tudes de cas - Spheriq","og_description":"\u00c9tudes de cas D\u00e9couvrez dans nos \u00e9tudes de cas comment des fondations et des organisations \u00e0 but non lucratif utilisent la plateforme Spheriq pour atteindre leurs objectifs de mani\u00e8re plus efficace. Laissez-vous inspirer par des exemples de r\u00e9ussite pratiques .","og_url":"https:\/\/spheriq.ch\/fr\/etudes-de-cas\/","og_site_name":"Spheriq","article_modified_time":"2025-06-27T18:49:06+00:00","og_image":[{"url":"https:\/\/spheriq.ch\/wp-content\/uploads\/2024\/09\/Case-Study-Suche.png","type":"","width":"","height":""}],"twitter_card":"summary_large_image","twitter_misc":{"Dur\u00e9e de lecture estim\u00e9e":"4 minutes"},"schema":{"@context":"https:\/\/schema.org","@graph":[{"@type":"WebPage","@id":"https:\/\/spheriq.ch\/fr\/etudes-de-cas\/","url":"https:\/\/spheriq.ch\/fr\/etudes-de-cas\/","name":"\u00c9tudes de cas - Spheriq","isPartOf":{"@id":"https:\/\/spheriq.ch\/fr\/#website"},"primaryImageOfPage":{"@id":"https:\/\/spheriq.ch\/fr\/etudes-de-cas\/#primaryimage"},"image":{"@id":"https:\/\/spheriq.ch\/fr\/etudes-de-cas\/#primaryimage"},"thumbnailUrl":"https:\/\/spheriq.ch\/wp-content\/uploads\/2024\/09\/Case-Study-Suche.png","datePublished":"2024-09-16T07:18:08+00:00","dateModified":"2025-06-27T18:49:06+00:00","breadcrumb":{"@id":"https:\/\/spheriq.ch\/fr\/etudes-de-cas\/#breadcrumb"},"inLanguage":"fr-FR","potentialAction":[{"@type":"ReadAction","target":["https:\/\/spheriq.ch\/fr\/etudes-de-cas\/"]}]},{"@type":"ImageObject","inLanguage":"fr-FR","@id":"https:\/\/spheriq.ch\/fr\/etudes-de-cas\/#primaryimage","url":"https:\/\/spheriq.ch\/wp-content\/uploads\/2024\/09\/Case-Study-Suche.png","contentUrl":"https:\/\/spheriq.ch\/wp-content\/uploads\/2024\/09\/Case-Study-Suche.png"},{"@type":"BreadcrumbList","@id":"https:\/\/spheriq.ch\/fr\/etudes-de-cas\/#breadcrumb","itemListElement":[{"@type":"ListItem","position":1,"name":"Home","item":"https:\/\/spheriq.ch\/fr\/"},{"@type":"ListItem","position":2,"name":"\u00c9tudes de cas"}]},{"@type":"WebSite","@id":"https:\/\/spheriq.ch\/fr\/#website","url":"https:\/\/spheriq.ch\/fr\/","name":"Spheriq","description":"Spheriq | Online-Portal f\u00fcr Philanthropie","potentialAction":[{"@type":"SearchAction","target":{"@type":"EntryPoint","urlTemplate":"https:\/\/spheriq.ch\/fr\/?s={search_term_string}"},"query-input":{"@type":"PropertyValueSpecification","valueRequired":true,"valueName":"search_term_string"}}],"inLanguage":"fr-FR"}]}},"uagb_featured_image_src":{"full":false,"thumbnail":false,"medium":false,"medium_large":false,"large":false,"1536x1536":false,"2048x2048":false,"icon":false,"single-thumbnail":false,"menu-24x24":false,"menu-36x36":false,"menu-48x48":false},"uagb_author_info":{"display_name":"Moritz Brunner","author_link":"https:\/\/spheriq.ch\/fr\/author\/moritz-brunner\/"},"uagb_comment_info":0,"uagb_excerpt":"\u00c9tudes de cas D\u00e9couvrez dans nos \u00e9tudes de cas comment des fondations et des organisations \u00e0 but non lucratif utilisent la plateforme Spheriq pour atteindre leurs objectifs de mani\u00e8re plus efficace. Laissez-vous inspirer par des exemples de r\u00e9ussite pratiques .","_links":{"self":[{"href":"https:\/\/spheriq.ch\/fr\/wp-json\/wp\/v2\/pages\/18121","targetHints":{"allow":["GET"]}}],"collection":[{"href":"https:\/\/spheriq.ch\/fr\/wp-json\/wp\/v2\/pages"}],"about":[{"href":"https:\/\/spheriq.ch\/fr\/wp-json\/wp\/v2\/types\/page"}],"author":[{"embeddable":true,"href":"https:\/\/spheriq.ch\/fr\/wp-json\/wp\/v2\/users\/6"}],"replies":[{"embeddable":true,"href":"https:\/\/spheriq.ch\/fr\/wp-json\/wp\/v2\/comments?post=18121"}],"version-history":[{"count":29,"href":"https:\/\/spheriq.ch\/fr\/wp-json\/wp\/v2\/pages\/18121\/revisions"}],"predecessor-version":[{"id":20868,"href":"https:\/\/spheriq.ch\/fr\/wp-json\/wp\/v2\/pages\/18121\/revisions\/20868"}],"wp:attachment":[{"href":"https:\/\/spheriq.ch\/fr\/wp-json\/wp\/v2\/media?parent=18121"}],"curies":[{"name":"wp","href":"https:\/\/api.w.org\/{rel}","templated":true}]}}