{"id":17109,"date":"2024-06-11T13:02:14","date_gmt":"2024-06-11T13:02:14","guid":{"rendered":"https:\/\/spheriq.ch\/?page_id=17109"},"modified":"2024-07-24T15:01:37","modified_gmt":"2024-07-24T15:01:37","slug":"centre-de-droit-des-fondations","status":"publish","type":"page","link":"https:\/\/spheriq.ch\/fr\/centre-de-droit-des-fondations\/","title":{"rendered":"Centre de droit des fondations"},"content":{"rendered":"<h1 class=\"wp-block-heading\">Centre de droit des fondations<\/h1><div class=\"wp-bootstrap-blocks-row row\">\n\t\n<div class=\"col-12 col-md-8\">\n\t\t\t\n<p>Le Centre de droit des fondations de l&rsquo;Universit\u00e9 de Zurich (UZH) est une institution dont le profil d\u00e9passe les fronti\u00e8res nationales et qui s&rsquo;est sp\u00e9cialis\u00e9e dans la recherche et l&rsquo;enseignement dans le domaine du droit des fondations. Il offre aux \u00e9tudiants, aux chercheurs et aux praticiens des fondations un point de contact, lance des projets de recherche, des publications et des manifestations et constitue &#8211; par exemple dans le cadre de la <a href=\"https:\/\/www.ius.uzh.ch\/de\/research\/units\/stiftungsrecht\/veranstaltungen\/tagung.html\">Z\u00fcrcher Stiftungsrechtstag<\/a> &#8211; une plateforme de communication pour les scientifiques et les praticiens des fondations (fondateurs*, conseils de fondation, conseillers, autorit\u00e9s de surveillance, politique et l\u00e9gislation, etc.) Par son expertise et ses activit\u00e9s, le centre contribue au d\u00e9veloppement et \u00e0 la promotion du secteur des fondations en Suisse et \u00e0 l&rsquo;\u00e9tranger.<\/p>\n\n<figure class=\"wp-block-image size-full\"><img loading=\"lazy\" decoding=\"async\" width=\"690\" height=\"378\" src=\"https:\/\/spheriq.ch\/wp-content\/uploads\/2024\/07\/Impressionen_Zurcher-Stiftungsrechtstag-1.png\" alt=\"\" class=\"wp-image-17457\" srcset=\"https:\/\/spheriq.ch\/wp-content\/uploads\/2024\/07\/Impressionen_Zurcher-Stiftungsrechtstag-1.png 690w, https:\/\/spheriq.ch\/wp-content\/uploads\/2024\/07\/Impressionen_Zurcher-Stiftungsrechtstag-1-300x164.png 300w, https:\/\/spheriq.ch\/wp-content\/uploads\/2024\/07\/Impressionen_Zurcher-Stiftungsrechtstag-1-24x13.png 24w, https:\/\/spheriq.ch\/wp-content\/uploads\/2024\/07\/Impressionen_Zurcher-Stiftungsrechtstag-1-36x20.png 36w, https:\/\/spheriq.ch\/wp-content\/uploads\/2024\/07\/Impressionen_Zurcher-Stiftungsrechtstag-1-48x26.png 48w\" sizes=\"auto, (max-width: 690px) 100vw, 690px\" \/><\/figure>\n\t<\/div>\n\n<div class=\"col-12 col-md-4\">\n\t\t\t\n<figure class=\"wp-block-image size-large\"><img loading=\"lazy\" decoding=\"async\" width=\"1024\" height=\"447\" src=\"https:\/\/spheriq.ch\/wp-content\/uploads\/2024\/06\/unizh_logo-1-1024x447.png\" alt=\"\" class=\"wp-image-17110\" srcset=\"https:\/\/spheriq.ch\/wp-content\/uploads\/2024\/06\/unizh_logo-1-1024x447.png 1024w, https:\/\/spheriq.ch\/wp-content\/uploads\/2024\/06\/unizh_logo-1-300x131.png 300w, https:\/\/spheriq.ch\/wp-content\/uploads\/2024\/06\/unizh_logo-1-768x335.png 768w, https:\/\/spheriq.ch\/wp-content\/uploads\/2024\/06\/unizh_logo-1-1536x670.png 1536w, https:\/\/spheriq.ch\/wp-content\/uploads\/2024\/06\/unizh_logo-1-24x10.png 24w, https:\/\/spheriq.ch\/wp-content\/uploads\/2024\/06\/unizh_logo-1-36x16.png 36w, https:\/\/spheriq.ch\/wp-content\/uploads\/2024\/06\/unizh_logo-1-48x21.png 48w, https:\/\/spheriq.ch\/wp-content\/uploads\/2024\/06\/unizh_logo-1.png 1639w\" sizes=\"auto, (max-width: 1024px) 100vw, 1024px\" \/><\/figure>\n\t<\/div>\n<\/div><div style=\"height:17px\" aria-hidden=\"true\" class=\"wp-block-spacer\"><\/div><p><strong>Plus d\u2019informations :<\/strong><br><a href=\"https:\/\/www.zentrum-stiftungsrecht.uzh.ch\">https:\/\/www.zentrum-stiftungsrecht.uzh.ch<\/a><br><a href=\"https:\/\/www.ius.uzh.ch\/de\/staff\/professorships\/alphabetical\/jakob.html\">https:\/\/www.ius.uzh.ch\/de\/staff\/professorships\/alphabetical\/jakob.html<\/a><\/p><p><\/p><p><strong>Contact :<\/strong> <br>Prof. Dr. Dominique Jakob, <a href=\"mailto:dominique.jakob@ius.uzh.ch\">dominique.jakob@ius.uzh.ch<\/a>, +41 44 634&nbsp;15&nbsp;76<br>Julia Jakob, <a href=\"mailto:julia.jakob@ius.uzh.ch\">julia.jakob@ius.uzh.ch<\/a>, +41 76 202&nbsp;57&nbsp;62<br>Chantal Weyermann, <a href=\"mailto:chantal.weyermann@ius.uzh.ch\">chantal.weyermann@ius.uzh.ch<\/a>, +41 44 634&nbsp;15&nbsp;76<\/p><p><\/p><p><strong>Les consultations et les services ont lieu \u00e0 l&rsquo;ext\u00e9rieur du centre :<\/strong><br><a href=\"https:\/\/www.dominique-jakob.com\">https:\/\/www.dominique-jakob.com<\/a><br><a href=\"https:\/\/www.jakob-advisory.com\">https:\/\/www.jakob-advisory.com<\/a><\/p><h2 class=\"wp-block-heading\">Nous organisons des webinaires et des formations en collaboration avec nos partenaires. <a href=\"https:\/\/app.spheriq.ch\/webinars\">Vous trouverez ici le programme actuel.<\/a><\/h2>","protected":false},"excerpt":{"rendered":"Centre de droit des fondations Plus d\u2019informations :https:\/\/www.zentrum-stiftungsrecht.uzh.chhttps:\/\/www.ius.uzh.ch\/de\/staff\/professorships\/alphabetical\/jakob.html Contact : Prof. Dr. Dominique Jakob, dominique.jakob@ius.uzh.ch, +41 44 634&nbsp;15&nbsp;76Julia Jakob, julia.jakob@ius.uzh.ch, +41 76 202&nbsp;57&nbsp;62Chantal Weyermann, chantal.weyermann@ius.uzh.ch, +41 44 634&nbsp;15&nbsp;76 Les consultations et les services ont lieu \u00e0 l&rsquo;ext\u00e9rieur du centre :https:\/\/www.dominique-jakob.comhttps:\/\/www.jakob-advisory.com Nous organisons des webinaires et des formations en collaboration avec nos partenaires. Vous trouverez ici&#8230;","protected":false},"author":14,"featured_media":0,"parent":0,"menu_order":0,"comment_status":"closed","ping_status":"closed","template":"","meta":{"_acf_changed":false,"_uag_custom_page_level_css":"","footnotes":""},"class_list":["post-17109","page","type-page","status-publish","hentry"],"acf":[],"yoast_head":"<!-- This site is optimized with the Yoast SEO plugin v26.9 - https:\/\/yoast.com\/product\/yoast-seo-wordpress\/ -->\n<title>Centre de droit des fondations - Spheriq<\/title>\n<meta name=\"description\" content=\"Centre de droit des fondations sur stiftungschweiz.ch : Nous pr\u00e9sentons notre partenaire. En savoir plus sur l&#039;offre de partenariat.\" \/>\n<meta name=\"robots\" content=\"index, follow, max-snippet:-1, max-image-preview:large, max-video-preview:-1\" \/>\n<link rel=\"canonical\" href=\"https:\/\/spheriq.ch\/fr\/centre-de-droit-des-fondations\/\" \/>\n<meta property=\"og:locale\" content=\"fr_FR\" \/>\n<meta property=\"og:type\" content=\"article\" \/>\n<meta property=\"og:title\" content=\"Centre de droit des fondations - Spheriq\" \/>\n<meta property=\"og:description\" content=\"Centre de droit des fondations sur stiftungschweiz.ch : Nous pr\u00e9sentons notre partenaire. En savoir plus sur l&#039;offre de partenariat.\" \/>\n<meta property=\"og:url\" content=\"https:\/\/spheriq.ch\/fr\/centre-de-droit-des-fondations\/\" \/>\n<meta property=\"og:site_name\" content=\"Spheriq\" \/>\n<meta property=\"article:modified_time\" content=\"2024-07-24T15:01:37+00:00\" \/>\n<meta property=\"og:image\" content=\"https:\/\/spheriq.ch\/wp-content\/uploads\/2024\/07\/Impressionen_Zurcher-Stiftungsrechtstag-1.png\" \/>\n<meta name=\"twitter:card\" content=\"summary_large_image\" \/>\n<meta name=\"twitter:label1\" content=\"Dur\u00e9e de lecture estim\u00e9e\" \/>\n\t<meta name=\"twitter:data1\" content=\"2 minutes\" \/>\n<script type=\"application\/ld+json\" class=\"yoast-schema-graph\">{\"@context\":\"https:\/\/schema.org\",\"@graph\":[{\"@type\":\"WebPage\",\"@id\":\"https:\/\/spheriq.ch\/fr\/centre-de-droit-des-fondations\/\",\"url\":\"https:\/\/spheriq.ch\/fr\/centre-de-droit-des-fondations\/\",\"name\":\"Centre de droit des fondations - Spheriq\",\"isPartOf\":{\"@id\":\"https:\/\/spheriq.ch\/fr\/#website\"},\"primaryImageOfPage\":{\"@id\":\"https:\/\/spheriq.ch\/fr\/centre-de-droit-des-fondations\/#primaryimage\"},\"image\":{\"@id\":\"https:\/\/spheriq.ch\/fr\/centre-de-droit-des-fondations\/#primaryimage\"},\"thumbnailUrl\":\"https:\/\/spheriq.ch\/wp-content\/uploads\/2024\/07\/Impressionen_Zurcher-Stiftungsrechtstag-1.png\",\"datePublished\":\"2024-06-11T13:02:14+00:00\",\"dateModified\":\"2024-07-24T15:01:37+00:00\",\"description\":\"Centre de droit des fondations sur stiftungschweiz.ch : Nous pr\u00e9sentons notre partenaire. En savoir plus sur l'offre de partenariat.\",\"breadcrumb\":{\"@id\":\"https:\/\/spheriq.ch\/fr\/centre-de-droit-des-fondations\/#breadcrumb\"},\"inLanguage\":\"fr-FR\",\"potentialAction\":[{\"@type\":\"ReadAction\",\"target\":[\"https:\/\/spheriq.ch\/fr\/centre-de-droit-des-fondations\/\"]}]},{\"@type\":\"ImageObject\",\"inLanguage\":\"fr-FR\",\"@id\":\"https:\/\/spheriq.ch\/fr\/centre-de-droit-des-fondations\/#primaryimage\",\"url\":\"https:\/\/spheriq.ch\/wp-content\/uploads\/2024\/07\/Impressionen_Zurcher-Stiftungsrechtstag-1.png\",\"contentUrl\":\"https:\/\/spheriq.ch\/wp-content\/uploads\/2024\/07\/Impressionen_Zurcher-Stiftungsrechtstag-1.png\"},{\"@type\":\"BreadcrumbList\",\"@id\":\"https:\/\/spheriq.ch\/fr\/centre-de-droit-des-fondations\/#breadcrumb\",\"itemListElement\":[{\"@type\":\"ListItem\",\"position\":1,\"name\":\"Home\",\"item\":\"https:\/\/spheriq.ch\/fr\/\"},{\"@type\":\"ListItem\",\"position\":2,\"name\":\"Centre de droit des fondations\"}]},{\"@type\":\"WebSite\",\"@id\":\"https:\/\/spheriq.ch\/fr\/#website\",\"url\":\"https:\/\/spheriq.ch\/fr\/\",\"name\":\"Spheriq\",\"description\":\"Spheriq | Online-Portal f\u00fcr Philanthropie\",\"potentialAction\":[{\"@type\":\"SearchAction\",\"target\":{\"@type\":\"EntryPoint\",\"urlTemplate\":\"https:\/\/spheriq.ch\/fr\/?s={search_term_string}\"},\"query-input\":{\"@type\":\"PropertyValueSpecification\",\"valueRequired\":true,\"valueName\":\"search_term_string\"}}],\"inLanguage\":\"fr-FR\"}]}<\/script>\n<!-- \/ Yoast SEO plugin. -->","yoast_head_json":{"title":"Centre de droit des fondations - Spheriq","description":"Centre de droit des fondations sur stiftungschweiz.ch : Nous pr\u00e9sentons notre partenaire. En savoir plus sur l'offre de partenariat.","robots":{"index":"index","follow":"follow","max-snippet":"max-snippet:-1","max-image-preview":"max-image-preview:large","max-video-preview":"max-video-preview:-1"},"canonical":"https:\/\/spheriq.ch\/fr\/centre-de-droit-des-fondations\/","og_locale":"fr_FR","og_type":"article","og_title":"Centre de droit des fondations - Spheriq","og_description":"Centre de droit des fondations sur stiftungschweiz.ch : Nous pr\u00e9sentons notre partenaire. En savoir plus sur l'offre de partenariat.","og_url":"https:\/\/spheriq.ch\/fr\/centre-de-droit-des-fondations\/","og_site_name":"Spheriq","article_modified_time":"2024-07-24T15:01:37+00:00","og_image":[{"url":"https:\/\/spheriq.ch\/wp-content\/uploads\/2024\/07\/Impressionen_Zurcher-Stiftungsrechtstag-1.png","type":"","width":"","height":""}],"twitter_card":"summary_large_image","twitter_misc":{"Dur\u00e9e de lecture estim\u00e9e":"2 minutes"},"schema":{"@context":"https:\/\/schema.org","@graph":[{"@type":"WebPage","@id":"https:\/\/spheriq.ch\/fr\/centre-de-droit-des-fondations\/","url":"https:\/\/spheriq.ch\/fr\/centre-de-droit-des-fondations\/","name":"Centre de droit des fondations - Spheriq","isPartOf":{"@id":"https:\/\/spheriq.ch\/fr\/#website"},"primaryImageOfPage":{"@id":"https:\/\/spheriq.ch\/fr\/centre-de-droit-des-fondations\/#primaryimage"},"image":{"@id":"https:\/\/spheriq.ch\/fr\/centre-de-droit-des-fondations\/#primaryimage"},"thumbnailUrl":"https:\/\/spheriq.ch\/wp-content\/uploads\/2024\/07\/Impressionen_Zurcher-Stiftungsrechtstag-1.png","datePublished":"2024-06-11T13:02:14+00:00","dateModified":"2024-07-24T15:01:37+00:00","description":"Centre de droit des fondations sur stiftungschweiz.ch : Nous pr\u00e9sentons notre partenaire. En savoir plus sur l'offre de partenariat.","breadcrumb":{"@id":"https:\/\/spheriq.ch\/fr\/centre-de-droit-des-fondations\/#breadcrumb"},"inLanguage":"fr-FR","potentialAction":[{"@type":"ReadAction","target":["https:\/\/spheriq.ch\/fr\/centre-de-droit-des-fondations\/"]}]},{"@type":"ImageObject","inLanguage":"fr-FR","@id":"https:\/\/spheriq.ch\/fr\/centre-de-droit-des-fondations\/#primaryimage","url":"https:\/\/spheriq.ch\/wp-content\/uploads\/2024\/07\/Impressionen_Zurcher-Stiftungsrechtstag-1.png","contentUrl":"https:\/\/spheriq.ch\/wp-content\/uploads\/2024\/07\/Impressionen_Zurcher-Stiftungsrechtstag-1.png"},{"@type":"BreadcrumbList","@id":"https:\/\/spheriq.ch\/fr\/centre-de-droit-des-fondations\/#breadcrumb","itemListElement":[{"@type":"ListItem","position":1,"name":"Home","item":"https:\/\/spheriq.ch\/fr\/"},{"@type":"ListItem","position":2,"name":"Centre de droit des fondations"}]},{"@type":"WebSite","@id":"https:\/\/spheriq.ch\/fr\/#website","url":"https:\/\/spheriq.ch\/fr\/","name":"Spheriq","description":"Spheriq | Online-Portal f\u00fcr Philanthropie","potentialAction":[{"@type":"SearchAction","target":{"@type":"EntryPoint","urlTemplate":"https:\/\/spheriq.ch\/fr\/?s={search_term_string}"},"query-input":{"@type":"PropertyValueSpecification","valueRequired":true,"valueName":"search_term_string"}}],"inLanguage":"fr-FR"}]}},"uagb_featured_image_src":{"full":false,"thumbnail":false,"medium":false,"medium_large":false,"large":false,"1536x1536":false,"2048x2048":false,"icon":false,"single-thumbnail":false,"menu-24x24":false,"menu-36x36":false,"menu-48x48":false},"uagb_author_info":{"display_name":"Fabienne Angst","author_link":"https:\/\/spheriq.ch\/fr\/author\/fabienne-angst\/"},"uagb_comment_info":0,"uagb_excerpt":"Centre de droit des fondations Plus d\u2019informations :https:\/\/www.zentrum-stiftungsrecht.uzh.chhttps:\/\/www.ius.uzh.ch\/de\/staff\/professorships\/alphabetical\/jakob.html Contact : Prof. Dr. Dominique Jakob, dominique.jakob@ius.uzh.ch, +41 44 634&nbsp;15&nbsp;76Julia Jakob, julia.jakob@ius.uzh.ch, +41 76 202&nbsp;57&nbsp;62Chantal Weyermann, chantal.weyermann@ius.uzh.ch, +41 44 634&nbsp;15&nbsp;76 Les consultations et les services ont lieu \u00e0 l&rsquo;ext\u00e9rieur du centre :https:\/\/www.dominique-jakob.comhttps:\/\/www.jakob-advisory.com Nous organisons des webinaires et des formations en collaboration avec nos partenaires. Vous trouverez ici...","_links":{"self":[{"href":"https:\/\/spheriq.ch\/fr\/wp-json\/wp\/v2\/pages\/17109","targetHints":{"allow":["GET"]}}],"collection":[{"href":"https:\/\/spheriq.ch\/fr\/wp-json\/wp\/v2\/pages"}],"about":[{"href":"https:\/\/spheriq.ch\/fr\/wp-json\/wp\/v2\/types\/page"}],"author":[{"embeddable":true,"href":"https:\/\/spheriq.ch\/fr\/wp-json\/wp\/v2\/users\/14"}],"replies":[{"embeddable":true,"href":"https:\/\/spheriq.ch\/fr\/wp-json\/wp\/v2\/comments?post=17109"}],"version-history":[{"count":8,"href":"https:\/\/spheriq.ch\/fr\/wp-json\/wp\/v2\/pages\/17109\/revisions"}],"predecessor-version":[{"id":17466,"href":"https:\/\/spheriq.ch\/fr\/wp-json\/wp\/v2\/pages\/17109\/revisions\/17466"}],"wp:attachment":[{"href":"https:\/\/spheriq.ch\/fr\/wp-json\/wp\/v2\/media?parent=17109"}],"curies":[{"name":"wp","href":"https:\/\/api.w.org\/{rel}","templated":true}]}}