{"id":15563,"date":"2024-04-03T12:05:53","date_gmt":"2024-04-03T12:05:53","guid":{"rendered":"https:\/\/spheriq.ch\/?page_id=15563"},"modified":"2024-06-13T09:12:00","modified_gmt":"2024-06-13T09:12:00","slug":"wemakeit","status":"publish","type":"page","link":"https:\/\/spheriq.ch\/fr\/wemakeit\/","title":{"rendered":"wemakeit"},"content":{"rendered":"<h1 class=\"wp-block-heading\">wemakeit<\/h1><div class=\"wp-bootstrap-blocks-row row\">\n\t\n<div class=\"col-12 col-md-8\">\n\t\t\t\n<p>Nous sommes wemakeit : une plateforme de crowdfunding cr\u00e9ative avec 15 collaborateurs* enthousiastes, 5&rsquo;300 propri\u00e9taires* et une foule engag\u00e9e. Fais notre connaissance et d\u00e9couvre comment tu peux t&rsquo;engager avec nous pour un avenir digne d&rsquo;un petit-fils.<\/p>\n\n<p>En tant que plateforme de crowdfunding, nous permettons aux gens de construire leur avenir de mani\u00e8re ind\u00e9pendante et autod\u00e9termin\u00e9e. Avec cette mission, nous contribuons \u00e0 un monde adapt\u00e9 aux petits-enfants &#8211; ensemble avec la foule. Et avec toi.<\/p>\n\t<\/div>\n\n<div class=\"col-12 col-md-4\">\n\t\t\t\n<figure class=\"wp-block-image size-full is-resized\"><img loading=\"lazy\" decoding=\"async\" width=\"4431\" height=\"590\" src=\"https:\/\/spheriq.ch\/wp-content\/uploads\/2024\/04\/we_logo_with_claim_red.png\" alt=\"\" class=\"wp-image-15572\" style=\"object-fit:contain;width:431px;height:121px\" srcset=\"https:\/\/spheriq.ch\/wp-content\/uploads\/2024\/04\/we_logo_with_claim_red.png 4431w, https:\/\/spheriq.ch\/wp-content\/uploads\/2024\/04\/we_logo_with_claim_red-300x40.png 300w, https:\/\/spheriq.ch\/wp-content\/uploads\/2024\/04\/we_logo_with_claim_red-1024x136.png 1024w, https:\/\/spheriq.ch\/wp-content\/uploads\/2024\/04\/we_logo_with_claim_red-768x102.png 768w, https:\/\/spheriq.ch\/wp-content\/uploads\/2024\/04\/we_logo_with_claim_red-1536x205.png 1536w, https:\/\/spheriq.ch\/wp-content\/uploads\/2024\/04\/we_logo_with_claim_red-2048x273.png 2048w, https:\/\/spheriq.ch\/wp-content\/uploads\/2024\/04\/we_logo_with_claim_red-24x3.png 24w, https:\/\/spheriq.ch\/wp-content\/uploads\/2024\/04\/we_logo_with_claim_red-36x5.png 36w, https:\/\/spheriq.ch\/wp-content\/uploads\/2024\/04\/we_logo_with_claim_red-48x6.png 48w\" sizes=\"auto, (max-width: 4431px) 100vw, 4431px\" \/><\/figure>\n\t<\/div>\n<\/div><div style=\"height:25px\" aria-hidden=\"true\" class=\"wp-block-spacer\"><\/div><div class=\"wp-bootstrap-blocks-row row\">\n\t\n<div class=\"col-12 col-md-4\">\n\t\t\t\n<p><strong>Plus d\u2019informations :<\/strong><br><a href=\"https:\/\/wemakeit.com\/\"><\/a><a href=\"https:\/\/wemakeit.com\/\">www.wemakeit.com<\/a><\/p>\n\t<\/div>\n<\/div><p><strong>Contact :<\/strong> <br>C\u00e9line Fallet, Directrice, wemakeit AG, Brauerstrasse 45, 8004 Z\u00fcrich<br><a href=\"mailto:hello@wemakeit.com\">hello@wemakeit.com<\/a><\/p><h2 class=\"wp-block-heading\">Nous organisons des webinaires et des formations en collaboration avec nos partenaires. <a href=\"https:\/\/app.spheriq.ch\/webinars\">Vous trouverez ici le programme actuel.<\/a><\/h2>","protected":false},"excerpt":{"rendered":"wemakeit Contact : C\u00e9line Fallet, Directrice, wemakeit AG, Brauerstrasse 45, 8004 Z\u00fcrichhello@wemakeit.com Nous organisons des webinaires et des formations en collaboration avec nos partenaires. Vous trouverez ici le programme actuel.","protected":false},"author":7,"featured_media":0,"parent":0,"menu_order":0,"comment_status":"closed","ping_status":"closed","template":"","meta":{"_acf_changed":false,"_uag_custom_page_level_css":"","footnotes":""},"class_list":["post-15563","page","type-page","status-publish","hentry"],"acf":[],"yoast_head":"<!-- This site is optimized with the Yoast SEO plugin v26.9 - https:\/\/yoast.com\/product\/yoast-seo-wordpress\/ -->\n<title>wemakeit - Spheriq<\/title>\n<meta name=\"description\" content=\"wemakeit sur stiftungschweiz.ch : Nous pr\u00e9sentons notre partenaire. En savoir plus sur l&#039;offre de partenariat.\" \/>\n<meta name=\"robots\" content=\"index, follow, max-snippet:-1, max-image-preview:large, max-video-preview:-1\" \/>\n<link rel=\"canonical\" href=\"https:\/\/spheriq.ch\/fr\/wemakeit\/\" \/>\n<meta property=\"og:locale\" content=\"fr_FR\" \/>\n<meta property=\"og:type\" content=\"article\" \/>\n<meta property=\"og:title\" content=\"wemakeit - Spheriq\" \/>\n<meta property=\"og:description\" content=\"wemakeit sur stiftungschweiz.ch : Nous pr\u00e9sentons notre partenaire. En savoir plus sur l&#039;offre de partenariat.\" \/>\n<meta property=\"og:url\" content=\"https:\/\/spheriq.ch\/fr\/wemakeit\/\" \/>\n<meta property=\"og:site_name\" content=\"Spheriq\" \/>\n<meta property=\"article:modified_time\" content=\"2024-06-13T09:12:00+00:00\" \/>\n<meta property=\"og:image\" content=\"https:\/\/spheriq.ch\/wp-content\/uploads\/2024\/04\/we_logo_with_claim_red.png\" \/>\n<meta name=\"twitter:card\" content=\"summary_large_image\" \/>\n<meta name=\"twitter:label1\" content=\"Dur\u00e9e de lecture estim\u00e9e\" \/>\n\t<meta name=\"twitter:data1\" content=\"1 minute\" \/>\n<script type=\"application\/ld+json\" class=\"yoast-schema-graph\">{\"@context\":\"https:\/\/schema.org\",\"@graph\":[{\"@type\":\"WebPage\",\"@id\":\"https:\/\/spheriq.ch\/fr\/wemakeit\/\",\"url\":\"https:\/\/spheriq.ch\/fr\/wemakeit\/\",\"name\":\"wemakeit - Spheriq\",\"isPartOf\":{\"@id\":\"https:\/\/spheriq.ch\/fr\/#website\"},\"primaryImageOfPage\":{\"@id\":\"https:\/\/spheriq.ch\/fr\/wemakeit\/#primaryimage\"},\"image\":{\"@id\":\"https:\/\/spheriq.ch\/fr\/wemakeit\/#primaryimage\"},\"thumbnailUrl\":\"https:\/\/spheriq.ch\/wp-content\/uploads\/2024\/04\/we_logo_with_claim_red.png\",\"datePublished\":\"2024-04-03T12:05:53+00:00\",\"dateModified\":\"2024-06-13T09:12:00+00:00\",\"description\":\"wemakeit sur stiftungschweiz.ch : Nous pr\u00e9sentons notre partenaire. En savoir plus sur l'offre de partenariat.\",\"breadcrumb\":{\"@id\":\"https:\/\/spheriq.ch\/fr\/wemakeit\/#breadcrumb\"},\"inLanguage\":\"fr-FR\",\"potentialAction\":[{\"@type\":\"ReadAction\",\"target\":[\"https:\/\/spheriq.ch\/fr\/wemakeit\/\"]}]},{\"@type\":\"ImageObject\",\"inLanguage\":\"fr-FR\",\"@id\":\"https:\/\/spheriq.ch\/fr\/wemakeit\/#primaryimage\",\"url\":\"https:\/\/spheriq.ch\/wp-content\/uploads\/2024\/04\/we_logo_with_claim_red.png\",\"contentUrl\":\"https:\/\/spheriq.ch\/wp-content\/uploads\/2024\/04\/we_logo_with_claim_red.png\"},{\"@type\":\"BreadcrumbList\",\"@id\":\"https:\/\/spheriq.ch\/fr\/wemakeit\/#breadcrumb\",\"itemListElement\":[{\"@type\":\"ListItem\",\"position\":1,\"name\":\"Home\",\"item\":\"https:\/\/spheriq.ch\/fr\/\"},{\"@type\":\"ListItem\",\"position\":2,\"name\":\"wemakeit\"}]},{\"@type\":\"WebSite\",\"@id\":\"https:\/\/spheriq.ch\/fr\/#website\",\"url\":\"https:\/\/spheriq.ch\/fr\/\",\"name\":\"Spheriq\",\"description\":\"Spheriq | Online-Portal f\u00fcr Philanthropie\",\"potentialAction\":[{\"@type\":\"SearchAction\",\"target\":{\"@type\":\"EntryPoint\",\"urlTemplate\":\"https:\/\/spheriq.ch\/fr\/?s={search_term_string}\"},\"query-input\":{\"@type\":\"PropertyValueSpecification\",\"valueRequired\":true,\"valueName\":\"search_term_string\"}}],\"inLanguage\":\"fr-FR\"}]}<\/script>\n<!-- \/ Yoast SEO plugin. -->","yoast_head_json":{"title":"wemakeit - Spheriq","description":"wemakeit sur stiftungschweiz.ch : Nous pr\u00e9sentons notre partenaire. En savoir plus sur l'offre de partenariat.","robots":{"index":"index","follow":"follow","max-snippet":"max-snippet:-1","max-image-preview":"max-image-preview:large","max-video-preview":"max-video-preview:-1"},"canonical":"https:\/\/spheriq.ch\/fr\/wemakeit\/","og_locale":"fr_FR","og_type":"article","og_title":"wemakeit - Spheriq","og_description":"wemakeit sur stiftungschweiz.ch : Nous pr\u00e9sentons notre partenaire. En savoir plus sur l'offre de partenariat.","og_url":"https:\/\/spheriq.ch\/fr\/wemakeit\/","og_site_name":"Spheriq","article_modified_time":"2024-06-13T09:12:00+00:00","og_image":[{"url":"https:\/\/spheriq.ch\/wp-content\/uploads\/2024\/04\/we_logo_with_claim_red.png","type":"","width":"","height":""}],"twitter_card":"summary_large_image","twitter_misc":{"Dur\u00e9e de lecture estim\u00e9e":"1 minute"},"schema":{"@context":"https:\/\/schema.org","@graph":[{"@type":"WebPage","@id":"https:\/\/spheriq.ch\/fr\/wemakeit\/","url":"https:\/\/spheriq.ch\/fr\/wemakeit\/","name":"wemakeit - Spheriq","isPartOf":{"@id":"https:\/\/spheriq.ch\/fr\/#website"},"primaryImageOfPage":{"@id":"https:\/\/spheriq.ch\/fr\/wemakeit\/#primaryimage"},"image":{"@id":"https:\/\/spheriq.ch\/fr\/wemakeit\/#primaryimage"},"thumbnailUrl":"https:\/\/spheriq.ch\/wp-content\/uploads\/2024\/04\/we_logo_with_claim_red.png","datePublished":"2024-04-03T12:05:53+00:00","dateModified":"2024-06-13T09:12:00+00:00","description":"wemakeit sur stiftungschweiz.ch : Nous pr\u00e9sentons notre partenaire. En savoir plus sur l'offre de partenariat.","breadcrumb":{"@id":"https:\/\/spheriq.ch\/fr\/wemakeit\/#breadcrumb"},"inLanguage":"fr-FR","potentialAction":[{"@type":"ReadAction","target":["https:\/\/spheriq.ch\/fr\/wemakeit\/"]}]},{"@type":"ImageObject","inLanguage":"fr-FR","@id":"https:\/\/spheriq.ch\/fr\/wemakeit\/#primaryimage","url":"https:\/\/spheriq.ch\/wp-content\/uploads\/2024\/04\/we_logo_with_claim_red.png","contentUrl":"https:\/\/spheriq.ch\/wp-content\/uploads\/2024\/04\/we_logo_with_claim_red.png"},{"@type":"BreadcrumbList","@id":"https:\/\/spheriq.ch\/fr\/wemakeit\/#breadcrumb","itemListElement":[{"@type":"ListItem","position":1,"name":"Home","item":"https:\/\/spheriq.ch\/fr\/"},{"@type":"ListItem","position":2,"name":"wemakeit"}]},{"@type":"WebSite","@id":"https:\/\/spheriq.ch\/fr\/#website","url":"https:\/\/spheriq.ch\/fr\/","name":"Spheriq","description":"Spheriq | Online-Portal f\u00fcr Philanthropie","potentialAction":[{"@type":"SearchAction","target":{"@type":"EntryPoint","urlTemplate":"https:\/\/spheriq.ch\/fr\/?s={search_term_string}"},"query-input":{"@type":"PropertyValueSpecification","valueRequired":true,"valueName":"search_term_string"}}],"inLanguage":"fr-FR"}]}},"uagb_featured_image_src":{"full":false,"thumbnail":false,"medium":false,"medium_large":false,"large":false,"1536x1536":false,"2048x2048":false,"icon":false,"single-thumbnail":false,"menu-24x24":false,"menu-36x36":false,"menu-48x48":false},"uagb_author_info":{"display_name":"Tais Okai","author_link":"https:\/\/spheriq.ch\/fr\/author\/tais-okai\/"},"uagb_comment_info":0,"uagb_excerpt":"wemakeit Contact : C\u00e9line Fallet, Directrice, wemakeit AG, Brauerstrasse 45, 8004 Z\u00fcrichhello@wemakeit.com Nous organisons des webinaires et des formations en collaboration avec nos partenaires. Vous trouverez ici le programme actuel.","_links":{"self":[{"href":"https:\/\/spheriq.ch\/fr\/wp-json\/wp\/v2\/pages\/15563","targetHints":{"allow":["GET"]}}],"collection":[{"href":"https:\/\/spheriq.ch\/fr\/wp-json\/wp\/v2\/pages"}],"about":[{"href":"https:\/\/spheriq.ch\/fr\/wp-json\/wp\/v2\/types\/page"}],"author":[{"embeddable":true,"href":"https:\/\/spheriq.ch\/fr\/wp-json\/wp\/v2\/users\/7"}],"replies":[{"embeddable":true,"href":"https:\/\/spheriq.ch\/fr\/wp-json\/wp\/v2\/comments?post=15563"}],"version-history":[{"count":5,"href":"https:\/\/spheriq.ch\/fr\/wp-json\/wp\/v2\/pages\/15563\/revisions"}],"predecessor-version":[{"id":17230,"href":"https:\/\/spheriq.ch\/fr\/wp-json\/wp\/v2\/pages\/15563\/revisions\/17230"}],"wp:attachment":[{"href":"https:\/\/spheriq.ch\/fr\/wp-json\/wp\/v2\/media?parent=15563"}],"curies":[{"name":"wp","href":"https:\/\/api.w.org\/{rel}","templated":true}]}}