{"id":14430,"date":"2024-01-24T15:06:52","date_gmt":"2024-01-24T15:06:52","guid":{"rendered":"https:\/\/spheriq.ch\/?page_id=14430"},"modified":"2024-06-27T09:13:06","modified_gmt":"2024-06-27T09:13:06","slug":"sir-mary","status":"publish","type":"page","link":"https:\/\/spheriq.ch\/fr\/sir-mary\/","title":{"rendered":"SiR MaRY"},"content":{"rendered":"<h1 class=\"wp-block-heading\"><strong>SiR MaRY<\/strong><\/h1><div class=\"wp-bootstrap-blocks-row row\">\n\t\n<div class=\"col-12 col-md-9\">\n\t\t\t\n<p>Depuis sa cr\u00e9ation en 2016, l&rsquo;\u00e9quipe de SiR MaRY, compos\u00e9e d&rsquo;une quarantaine de personnes et bas\u00e9e \u00e0 Zurich et \u00e0 Munich, a durablement influenc\u00e9 le secteur gr\u00e2ce \u00e0 sa mentalit\u00e9 \u00ab\u00a0Digital First\u00a0\u00bb. SiR MaRY combine les exigences cr\u00e9atives les plus \u00e9lev\u00e9es avec une comp\u00e9tence num\u00e9rique de pointe et un savoir-faire en mati\u00e8re de distribution. Le mod\u00e8le d&rsquo;agence flexible \u00e9tablit de nouveaux crit\u00e8res de qualit\u00e9 et d&rsquo;innovation pour ses clients. Dans le classement annuel des agences de publicit\u00e9 suisses, SiR MaRY s&rsquo;est hiss\u00e9 pour la premi\u00e8re fois \u00e0 la premi\u00e8re place du classement g\u00e9n\u00e9ral. Elle compte parmi ses clients des entreprises de renom comme Allianz, CSS, Samsung, Suisse Tourisme, Sunrise et UBS.<\/p>\n\t<\/div>\n\n<div class=\"col-12 col-md-3\">\n\t\t\t\n<figure class=\"wp-block-image size-full is-resized\"><img decoding=\"async\" src=\"https:\/\/spheriq.ch\/wp-content\/uploads\/2024\/01\/Sir_Mary_myty_logo_black.svg\" alt=\"\" class=\"wp-image-14433\" style=\"object-fit:cover;width:undefinedpx;height:110px\"\/><\/figure>\n\t<\/div>\n<\/div><div style=\"height:24px\" aria-hidden=\"true\" class=\"wp-block-spacer\"><\/div><div class=\"wp-bootstrap-blocks-row row\">\n\t\n<div class=\"col-12 col-md-12\">\n\t\t\t\n<p><strong>Plus d&rsquo;informations : <\/strong><br><a href=\"https:\/\/www.sirmary.com\/\">https:\/\/www.sirmary.com<\/a><\/p>\n\t<\/div>\n<\/div><p><strong>Contact :<\/strong> <br>Daniel Zuberb\u00fchler, fondateur | partenaire de gestion<br><a href=\"mailto:daniel@sirmary.com\" target=\"_blank\" rel=\"noreferrer noopener\">daniel@sirmary.com <\/a> | T\u00e9l. : <a href=\"tel:+41798568642\" target=\"_blank\" rel=\"noreferrer noopener\">+41 79 856 86 42<\/a><br>SiR MaRY AG, A MYTY AGENCY, Bertastrasse 1, CH-8003 Zurich<\/p><h2 class=\"wp-block-heading\">Nous organisons des webinaires et des formations en collaboration avec nos partenaires. <a href=\"https:\/\/app.spheriq.ch\/webinars\">Vous trouverez ici le programme actuel.<\/a><\/h2>","protected":false},"excerpt":{"rendered":"SiR MaRY Contact : Daniel Zuberb\u00fchler, fondateur | partenaire de gestiondaniel@sirmary.com | T\u00e9l. : +41 79 856 86 42SiR MaRY AG, A MYTY AGENCY, Bertastrasse 1, CH-8003 Zurich Nous organisons des webinaires et des formations en collaboration avec nos partenaires. Vous trouverez ici le programme actuel.","protected":false},"author":6,"featured_media":0,"parent":0,"menu_order":0,"comment_status":"closed","ping_status":"closed","template":"","meta":{"_acf_changed":false,"_uag_custom_page_level_css":"","footnotes":""},"class_list":["post-14430","page","type-page","status-publish","hentry"],"acf":[],"yoast_head":"<!-- This site is optimized with the Yoast SEO plugin v26.9 - https:\/\/yoast.com\/product\/yoast-seo-wordpress\/ -->\n<title>SiR MaRY - Spheriq<\/title>\n<meta name=\"description\" content=\"SiR MaRY sur stiftungschweiz.ch : nous pr\u00e9sentons notre partenaire. En savoir plus sur l&#039;offre de partenariat.\" \/>\n<meta name=\"robots\" content=\"index, follow, max-snippet:-1, max-image-preview:large, max-video-preview:-1\" \/>\n<link rel=\"canonical\" href=\"https:\/\/spheriq.ch\/fr\/sir-mary\/\" \/>\n<meta property=\"og:locale\" content=\"fr_FR\" \/>\n<meta property=\"og:type\" content=\"article\" \/>\n<meta property=\"og:title\" content=\"SiR MaRY - Spheriq\" \/>\n<meta property=\"og:description\" content=\"SiR MaRY sur stiftungschweiz.ch : nous pr\u00e9sentons notre partenaire. En savoir plus sur l&#039;offre de partenariat.\" \/>\n<meta property=\"og:url\" content=\"https:\/\/spheriq.ch\/fr\/sir-mary\/\" \/>\n<meta property=\"og:site_name\" content=\"Spheriq\" \/>\n<meta property=\"article:modified_time\" content=\"2024-06-27T09:13:06+00:00\" \/>\n<meta property=\"og:image\" content=\"https:\/\/spheriq.ch\/wp-content\/uploads\/2024\/01\/Sir_Mary_myty_logo_black.svg\" \/>\n<meta name=\"twitter:card\" content=\"summary_large_image\" \/>\n<meta name=\"twitter:label1\" content=\"Dur\u00e9e de lecture estim\u00e9e\" \/>\n\t<meta name=\"twitter:data1\" content=\"2 minutes\" \/>\n<script type=\"application\/ld+json\" class=\"yoast-schema-graph\">{\"@context\":\"https:\/\/schema.org\",\"@graph\":[{\"@type\":\"WebPage\",\"@id\":\"https:\/\/spheriq.ch\/fr\/sir-mary\/\",\"url\":\"https:\/\/spheriq.ch\/fr\/sir-mary\/\",\"name\":\"SiR MaRY - Spheriq\",\"isPartOf\":{\"@id\":\"https:\/\/spheriq.ch\/fr\/#website\"},\"primaryImageOfPage\":{\"@id\":\"https:\/\/spheriq.ch\/fr\/sir-mary\/#primaryimage\"},\"image\":{\"@id\":\"https:\/\/spheriq.ch\/fr\/sir-mary\/#primaryimage\"},\"thumbnailUrl\":\"https:\/\/spheriq.ch\/wp-content\/uploads\/2024\/01\/Sir_Mary_myty_logo_black.svg\",\"datePublished\":\"2024-01-24T15:06:52+00:00\",\"dateModified\":\"2024-06-27T09:13:06+00:00\",\"description\":\"SiR MaRY sur stiftungschweiz.ch : nous pr\u00e9sentons notre partenaire. En savoir plus sur l'offre de partenariat.\",\"breadcrumb\":{\"@id\":\"https:\/\/spheriq.ch\/fr\/sir-mary\/#breadcrumb\"},\"inLanguage\":\"fr-FR\",\"potentialAction\":[{\"@type\":\"ReadAction\",\"target\":[\"https:\/\/spheriq.ch\/fr\/sir-mary\/\"]}]},{\"@type\":\"ImageObject\",\"inLanguage\":\"fr-FR\",\"@id\":\"https:\/\/spheriq.ch\/fr\/sir-mary\/#primaryimage\",\"url\":\"https:\/\/spheriq.ch\/wp-content\/uploads\/2024\/01\/Sir_Mary_myty_logo_black.svg\",\"contentUrl\":\"https:\/\/spheriq.ch\/wp-content\/uploads\/2024\/01\/Sir_Mary_myty_logo_black.svg\"},{\"@type\":\"BreadcrumbList\",\"@id\":\"https:\/\/spheriq.ch\/fr\/sir-mary\/#breadcrumb\",\"itemListElement\":[{\"@type\":\"ListItem\",\"position\":1,\"name\":\"Home\",\"item\":\"https:\/\/spheriq.ch\/fr\/\"},{\"@type\":\"ListItem\",\"position\":2,\"name\":\"SiR MaRY\"}]},{\"@type\":\"WebSite\",\"@id\":\"https:\/\/spheriq.ch\/fr\/#website\",\"url\":\"https:\/\/spheriq.ch\/fr\/\",\"name\":\"Spheriq\",\"description\":\"Spheriq | Online-Portal f\u00fcr Philanthropie\",\"potentialAction\":[{\"@type\":\"SearchAction\",\"target\":{\"@type\":\"EntryPoint\",\"urlTemplate\":\"https:\/\/spheriq.ch\/fr\/?s={search_term_string}\"},\"query-input\":{\"@type\":\"PropertyValueSpecification\",\"valueRequired\":true,\"valueName\":\"search_term_string\"}}],\"inLanguage\":\"fr-FR\"}]}<\/script>\n<!-- \/ Yoast SEO plugin. -->","yoast_head_json":{"title":"SiR MaRY - Spheriq","description":"SiR MaRY sur stiftungschweiz.ch : nous pr\u00e9sentons notre partenaire. En savoir plus sur l'offre de partenariat.","robots":{"index":"index","follow":"follow","max-snippet":"max-snippet:-1","max-image-preview":"max-image-preview:large","max-video-preview":"max-video-preview:-1"},"canonical":"https:\/\/spheriq.ch\/fr\/sir-mary\/","og_locale":"fr_FR","og_type":"article","og_title":"SiR MaRY - Spheriq","og_description":"SiR MaRY sur stiftungschweiz.ch : nous pr\u00e9sentons notre partenaire. En savoir plus sur l'offre de partenariat.","og_url":"https:\/\/spheriq.ch\/fr\/sir-mary\/","og_site_name":"Spheriq","article_modified_time":"2024-06-27T09:13:06+00:00","og_image":[{"url":"https:\/\/spheriq.ch\/wp-content\/uploads\/2024\/01\/Sir_Mary_myty_logo_black.svg","type":"","width":"","height":""}],"twitter_card":"summary_large_image","twitter_misc":{"Dur\u00e9e de lecture estim\u00e9e":"2 minutes"},"schema":{"@context":"https:\/\/schema.org","@graph":[{"@type":"WebPage","@id":"https:\/\/spheriq.ch\/fr\/sir-mary\/","url":"https:\/\/spheriq.ch\/fr\/sir-mary\/","name":"SiR MaRY - Spheriq","isPartOf":{"@id":"https:\/\/spheriq.ch\/fr\/#website"},"primaryImageOfPage":{"@id":"https:\/\/spheriq.ch\/fr\/sir-mary\/#primaryimage"},"image":{"@id":"https:\/\/spheriq.ch\/fr\/sir-mary\/#primaryimage"},"thumbnailUrl":"https:\/\/spheriq.ch\/wp-content\/uploads\/2024\/01\/Sir_Mary_myty_logo_black.svg","datePublished":"2024-01-24T15:06:52+00:00","dateModified":"2024-06-27T09:13:06+00:00","description":"SiR MaRY sur stiftungschweiz.ch : nous pr\u00e9sentons notre partenaire. En savoir plus sur l'offre de partenariat.","breadcrumb":{"@id":"https:\/\/spheriq.ch\/fr\/sir-mary\/#breadcrumb"},"inLanguage":"fr-FR","potentialAction":[{"@type":"ReadAction","target":["https:\/\/spheriq.ch\/fr\/sir-mary\/"]}]},{"@type":"ImageObject","inLanguage":"fr-FR","@id":"https:\/\/spheriq.ch\/fr\/sir-mary\/#primaryimage","url":"https:\/\/spheriq.ch\/wp-content\/uploads\/2024\/01\/Sir_Mary_myty_logo_black.svg","contentUrl":"https:\/\/spheriq.ch\/wp-content\/uploads\/2024\/01\/Sir_Mary_myty_logo_black.svg"},{"@type":"BreadcrumbList","@id":"https:\/\/spheriq.ch\/fr\/sir-mary\/#breadcrumb","itemListElement":[{"@type":"ListItem","position":1,"name":"Home","item":"https:\/\/spheriq.ch\/fr\/"},{"@type":"ListItem","position":2,"name":"SiR MaRY"}]},{"@type":"WebSite","@id":"https:\/\/spheriq.ch\/fr\/#website","url":"https:\/\/spheriq.ch\/fr\/","name":"Spheriq","description":"Spheriq | Online-Portal f\u00fcr Philanthropie","potentialAction":[{"@type":"SearchAction","target":{"@type":"EntryPoint","urlTemplate":"https:\/\/spheriq.ch\/fr\/?s={search_term_string}"},"query-input":{"@type":"PropertyValueSpecification","valueRequired":true,"valueName":"search_term_string"}}],"inLanguage":"fr-FR"}]}},"uagb_featured_image_src":{"full":false,"thumbnail":false,"medium":false,"medium_large":false,"large":false,"1536x1536":false,"2048x2048":false,"icon":false,"single-thumbnail":false,"menu-24x24":false,"menu-36x36":false,"menu-48x48":false},"uagb_author_info":{"display_name":"Moritz Brunner","author_link":"https:\/\/spheriq.ch\/fr\/author\/moritz-brunner\/"},"uagb_comment_info":0,"uagb_excerpt":"SiR MaRY Contact : Daniel Zuberb\u00fchler, fondateur | partenaire de gestiondaniel@sirmary.com | T\u00e9l. : +41 79 856 86 42SiR MaRY AG, A MYTY AGENCY, Bertastrasse 1, CH-8003 Zurich Nous organisons des webinaires et des formations en collaboration avec nos partenaires. Vous trouverez ici le programme actuel.","_links":{"self":[{"href":"https:\/\/spheriq.ch\/fr\/wp-json\/wp\/v2\/pages\/14430","targetHints":{"allow":["GET"]}}],"collection":[{"href":"https:\/\/spheriq.ch\/fr\/wp-json\/wp\/v2\/pages"}],"about":[{"href":"https:\/\/spheriq.ch\/fr\/wp-json\/wp\/v2\/types\/page"}],"author":[{"embeddable":true,"href":"https:\/\/spheriq.ch\/fr\/wp-json\/wp\/v2\/users\/6"}],"replies":[{"embeddable":true,"href":"https:\/\/spheriq.ch\/fr\/wp-json\/wp\/v2\/comments?post=14430"}],"version-history":[{"count":7,"href":"https:\/\/spheriq.ch\/fr\/wp-json\/wp\/v2\/pages\/14430\/revisions"}],"predecessor-version":[{"id":17335,"href":"https:\/\/spheriq.ch\/fr\/wp-json\/wp\/v2\/pages\/14430\/revisions\/17335"}],"wp:attachment":[{"href":"https:\/\/spheriq.ch\/fr\/wp-json\/wp\/v2\/media?parent=14430"}],"curies":[{"name":"wp","href":"https:\/\/api.w.org\/{rel}","templated":true}]}}