{"id":14337,"date":"2024-01-08T10:56:53","date_gmt":"2024-01-08T10:56:53","guid":{"rendered":"https:\/\/spheriq.ch\/?page_id=14337"},"modified":"2024-06-13T09:04:48","modified_gmt":"2024-06-13T09:04:48","slug":"conseil-de-fondationmandat-com","status":"publish","type":"page","link":"https:\/\/spheriq.ch\/fr\/conseil-de-fondationmandat-com\/","title":{"rendered":"StiftungsratsMandat.com"},"content":{"rendered":"<div style=\"height:1px\" aria-hidden=\"true\" class=\"wp-block-spacer\"><\/div><div class=\"wp-block-cover alignwide is-light has-custom-content-position is-position-top-center\" style=\"min-height:308px;aspect-ratio:unset;\"><span aria-hidden=\"true\" class=\"wp-block-cover__background has-background-dim-0 has-background-dim\"><\/span><img loading=\"lazy\" decoding=\"async\" width=\"2332\" height=\"964\" class=\"wp-block-cover__image-background wp-image-14343\" alt=\"\" src=\"https:\/\/spheriq.ch\/wp-content\/uploads\/2024\/01\/SRMandat.com-Header.jpg\" style=\"object-position:52% 0%\" data-object-fit=\"cover\" data-object-position=\"52% 0%\" srcset=\"https:\/\/spheriq.ch\/wp-content\/uploads\/2024\/01\/SRMandat.com-Header.jpg 2332w, https:\/\/spheriq.ch\/wp-content\/uploads\/2024\/01\/SRMandat.com-Header-300x124.jpg 300w, https:\/\/spheriq.ch\/wp-content\/uploads\/2024\/01\/SRMandat.com-Header-1024x423.jpg 1024w, https:\/\/spheriq.ch\/wp-content\/uploads\/2024\/01\/SRMandat.com-Header-768x317.jpg 768w, https:\/\/spheriq.ch\/wp-content\/uploads\/2024\/01\/SRMandat.com-Header-1536x635.jpg 1536w, https:\/\/spheriq.ch\/wp-content\/uploads\/2024\/01\/SRMandat.com-Header-2048x847.jpg 2048w, https:\/\/spheriq.ch\/wp-content\/uploads\/2024\/01\/SRMandat.com-Header-24x10.jpg 24w, https:\/\/spheriq.ch\/wp-content\/uploads\/2024\/01\/SRMandat.com-Header-36x15.jpg 36w, https:\/\/spheriq.ch\/wp-content\/uploads\/2024\/01\/SRMandat.com-Header-48x20.jpg 48w\" sizes=\"auto, (max-width: 2332px) 100vw, 2332px\" \/><div class=\"wp-block-cover__inner-container is-layout-constrained wp-block-cover-is-layout-constrained\"><p class=\"has-text-align-center has-large-font-size\"><\/p><\/div><\/div><h1 class=\"wp-block-heading\">StiftungsratsMandat.com<\/h1><div class=\"wp-bootstrap-blocks-row row\">\n\t\n<div class=\"col-12 col-md-9\">\n\t\t\t\n<p>MandatConseildeFondation.com est la premi\u00e8re plateforme num\u00e9rique de mise en relation entre les membres de conseils de fondation et les fondations en Suisse.<\/p>\n\n<p>La plateforme \u00e9tablit un premier contact entre les fondations et les membres ind\u00e9pendants de conseils de fondation et s&rsquo;adresse aux fondations, institutions, associations et organisations \u00e0 but non lucratif qui souhaitent rechercher de mani\u00e8re autonome, syst\u00e9matique, discr\u00e8te et peu co\u00fbteuse des membres appropri\u00e9s de conseils de fondation. Gr\u00e2ce \u00e0 un pool de candidats vaste et vari\u00e9 de membres de conseils de fondation et \u00e0 un masque de recherche sp\u00e9cialement con\u00e7u pour la philanthropie, nous permettons une recherche cibl\u00e9e et efficace de membres qualifi\u00e9s de conseils de fondation, ce qui permet d&rsquo;\u00e9conomiser de pr\u00e9cieuses ressources pour votre fondation.<\/p>\n\t<\/div>\n\n<div class=\"col-12 col-md-3\">\n\t\t\t\n<figure class=\"wp-block-image size-full is-resized\"><img loading=\"lazy\" decoding=\"async\" width=\"597\" height=\"158\" src=\"https:\/\/spheriq.ch\/wp-content\/uploads\/2024\/01\/logo_srmandat_gross-1.png\" alt=\"\" class=\"wp-image-14351\" style=\"width:undefinedpx\" srcset=\"https:\/\/spheriq.ch\/wp-content\/uploads\/2024\/01\/logo_srmandat_gross-1.png 597w, https:\/\/spheriq.ch\/wp-content\/uploads\/2024\/01\/logo_srmandat_gross-1-300x79.png 300w, https:\/\/spheriq.ch\/wp-content\/uploads\/2024\/01\/logo_srmandat_gross-1-24x6.png 24w, https:\/\/spheriq.ch\/wp-content\/uploads\/2024\/01\/logo_srmandat_gross-1-36x10.png 36w, https:\/\/spheriq.ch\/wp-content\/uploads\/2024\/01\/logo_srmandat_gross-1-48x13.png 48w\" sizes=\"auto, (max-width: 597px) 100vw, 597px\" \/><\/figure>\n\t<\/div>\n<\/div><p><\/p><div class=\"wp-bootstrap-blocks-row row\">\n\t\n<div class=\"col-12 col-md-6\">\n\t\t\t\n<div style=\"padding:56.25% 0 0 0;position:relative;\"><iframe src=\"https:\/\/player.vimeo.com\/video\/911473096?badge=0&#038;autopause=0&#038;player_id=0&#038;app_id=58479\" frameborder=\"0\" allow=\"autoplay; fullscreen; picture-in-picture\" style=\"position:absolute;top:0;left:0;width:100%;height:100%;\" title=\"Conseil de fondationMandat.com &#038; FondationSuisse\"><\/iframe><\/div><script src=\"https:\/\/player.vimeo.com\/api\/player.js\"><\/script>\n\t<\/div>\n\n<div class=\"col-12 col-md-6\">\n\t\t\t\t<\/div>\n<\/div><p><\/p><p><strong>Plus d&rsquo;informations :<\/strong> <br><a href=\"http:\/\/www.stiftungsratsmandat.com\" target=\"_blank\" rel=\"noreferrer noopener nofollow\">www.stiftungsratsmandat.com<\/a><br><strong>Contact :<\/strong> <br>Dominic L\u00fcthi, fondateur et directeur g\u00e9n\u00e9ral<br>Seestrasse 10, 8708 M\u00e4nnedorf<br>T\u00e9l\u00e9phone : <a href=\"tel:+41793033369\">+41 79 303 33 69<\/a><br>Courrier \u00e9lectronique : <a href=\"mailto:luethi@stiftungsratsmandat.com\">luethi@stiftungsratsmandat.com<\/a><\/p><h3 class=\"wp-block-heading\">Nous organisons des webinaires et des formations en collaboration avec nos partenaires. <a href=\"https:\/\/app.spheriq.ch\/webinars\">Vous trouverez ici le programme actuel.<\/a><br><\/h3>","protected":false},"excerpt":{"rendered":"StiftungsratsMandat.com Plus d&rsquo;informations : www.stiftungsratsmandat.comContact : Dominic L\u00fcthi, fondateur et directeur g\u00e9n\u00e9ralSeestrasse 10, 8708 M\u00e4nnedorfT\u00e9l\u00e9phone : +41 79 303 33 69Courrier \u00e9lectronique : luethi@stiftungsratsmandat.com Nous organisons des webinaires et des formations en collaboration avec nos partenaires. Vous trouverez ici le programme actuel.","protected":false},"author":6,"featured_media":0,"parent":0,"menu_order":0,"comment_status":"closed","ping_status":"closed","template":"","meta":{"_acf_changed":false,"footnotes":""},"class_list":["post-14337","page","type-page","status-publish","hentry"],"acf":[],"yoast_head":"<!-- This site is optimized with the Yoast SEO plugin v26.9 - https:\/\/yoast.com\/product\/yoast-seo-wordpress\/ -->\n<title>StiftungsratsMandat.com - Spheriq<\/title>\n<meta name=\"description\" content=\"StiftungsratsMandat.com sur stiftungschweiz.ch : nous pr\u00e9sentons notre partenaire. En savoir plus sur l&#039;offre de partenariat.\" \/>\n<meta name=\"robots\" content=\"index, follow, max-snippet:-1, max-image-preview:large, max-video-preview:-1\" \/>\n<link rel=\"canonical\" href=\"https:\/\/spheriq.ch\/fr\/conseil-de-fondationmandat-com\/\" \/>\n<meta property=\"og:locale\" content=\"fr_FR\" \/>\n<meta property=\"og:type\" content=\"article\" \/>\n<meta property=\"og:title\" content=\"StiftungsratsMandat.com - Spheriq\" \/>\n<meta property=\"og:description\" content=\"StiftungsratsMandat.com sur stiftungschweiz.ch : nous pr\u00e9sentons notre partenaire. En savoir plus sur l&#039;offre de partenariat.\" \/>\n<meta property=\"og:url\" content=\"https:\/\/spheriq.ch\/fr\/conseil-de-fondationmandat-com\/\" \/>\n<meta property=\"og:site_name\" content=\"Spheriq\" \/>\n<meta property=\"article:modified_time\" content=\"2024-06-13T09:04:48+00:00\" \/>\n<meta property=\"og:image\" content=\"https:\/\/spheriq.ch\/wp-content\/uploads\/2024\/01\/SRMandat.com-Header.jpg\" \/>\n<meta name=\"twitter:card\" content=\"summary_large_image\" \/>\n<meta name=\"twitter:label1\" content=\"Dur\u00e9e de lecture estim\u00e9e\" \/>\n\t<meta name=\"twitter:data1\" content=\"2 minutes\" \/>\n<script type=\"application\/ld+json\" class=\"yoast-schema-graph\">{\"@context\":\"https:\/\/schema.org\",\"@graph\":[{\"@type\":\"WebPage\",\"@id\":\"https:\/\/spheriq.ch\/fr\/conseil-de-fondationmandat-com\/\",\"url\":\"https:\/\/spheriq.ch\/fr\/conseil-de-fondationmandat-com\/\",\"name\":\"StiftungsratsMandat.com - Spheriq\",\"isPartOf\":{\"@id\":\"https:\/\/spheriq.ch\/fr\/#website\"},\"primaryImageOfPage\":{\"@id\":\"https:\/\/spheriq.ch\/fr\/conseil-de-fondationmandat-com\/#primaryimage\"},\"image\":{\"@id\":\"https:\/\/spheriq.ch\/fr\/conseil-de-fondationmandat-com\/#primaryimage\"},\"thumbnailUrl\":\"https:\/\/spheriq.ch\/wp-content\/uploads\/2024\/01\/SRMandat.com-Header.jpg\",\"datePublished\":\"2024-01-08T10:56:53+00:00\",\"dateModified\":\"2024-06-13T09:04:48+00:00\",\"description\":\"StiftungsratsMandat.com sur stiftungschweiz.ch : nous pr\u00e9sentons notre partenaire. En savoir plus sur l'offre de partenariat.\",\"breadcrumb\":{\"@id\":\"https:\/\/spheriq.ch\/fr\/conseil-de-fondationmandat-com\/#breadcrumb\"},\"inLanguage\":\"fr-FR\",\"potentialAction\":[{\"@type\":\"ReadAction\",\"target\":[\"https:\/\/spheriq.ch\/fr\/conseil-de-fondationmandat-com\/\"]}]},{\"@type\":\"ImageObject\",\"inLanguage\":\"fr-FR\",\"@id\":\"https:\/\/spheriq.ch\/fr\/conseil-de-fondationmandat-com\/#primaryimage\",\"url\":\"https:\/\/spheriq.ch\/wp-content\/uploads\/2024\/01\/SRMandat.com-Header.jpg\",\"contentUrl\":\"https:\/\/spheriq.ch\/wp-content\/uploads\/2024\/01\/SRMandat.com-Header.jpg\"},{\"@type\":\"BreadcrumbList\",\"@id\":\"https:\/\/spheriq.ch\/fr\/conseil-de-fondationmandat-com\/#breadcrumb\",\"itemListElement\":[{\"@type\":\"ListItem\",\"position\":1,\"name\":\"Home\",\"item\":\"https:\/\/spheriq.ch\/fr\/\"},{\"@type\":\"ListItem\",\"position\":2,\"name\":\"StiftungsratsMandat.com\"}]},{\"@type\":\"WebSite\",\"@id\":\"https:\/\/spheriq.ch\/fr\/#website\",\"url\":\"https:\/\/spheriq.ch\/fr\/\",\"name\":\"Spheriq\",\"description\":\"Spheriq | Online-Portal f\u00fcr Philanthropie\",\"potentialAction\":[{\"@type\":\"SearchAction\",\"target\":{\"@type\":\"EntryPoint\",\"urlTemplate\":\"https:\/\/spheriq.ch\/fr\/?s={search_term_string}\"},\"query-input\":{\"@type\":\"PropertyValueSpecification\",\"valueRequired\":true,\"valueName\":\"search_term_string\"}}],\"inLanguage\":\"fr-FR\"}]}<\/script>\n<!-- \/ Yoast SEO plugin. -->","yoast_head_json":{"title":"StiftungsratsMandat.com - Spheriq","description":"StiftungsratsMandat.com sur stiftungschweiz.ch : nous pr\u00e9sentons notre partenaire. En savoir plus sur l'offre de partenariat.","robots":{"index":"index","follow":"follow","max-snippet":"max-snippet:-1","max-image-preview":"max-image-preview:large","max-video-preview":"max-video-preview:-1"},"canonical":"https:\/\/spheriq.ch\/fr\/conseil-de-fondationmandat-com\/","og_locale":"fr_FR","og_type":"article","og_title":"StiftungsratsMandat.com - Spheriq","og_description":"StiftungsratsMandat.com sur stiftungschweiz.ch : nous pr\u00e9sentons notre partenaire. En savoir plus sur l'offre de partenariat.","og_url":"https:\/\/spheriq.ch\/fr\/conseil-de-fondationmandat-com\/","og_site_name":"Spheriq","article_modified_time":"2024-06-13T09:04:48+00:00","og_image":[{"url":"https:\/\/spheriq.ch\/wp-content\/uploads\/2024\/01\/SRMandat.com-Header.jpg","type":"","width":"","height":""}],"twitter_card":"summary_large_image","twitter_misc":{"Dur\u00e9e de lecture estim\u00e9e":"2 minutes"},"schema":{"@context":"https:\/\/schema.org","@graph":[{"@type":"WebPage","@id":"https:\/\/spheriq.ch\/fr\/conseil-de-fondationmandat-com\/","url":"https:\/\/spheriq.ch\/fr\/conseil-de-fondationmandat-com\/","name":"StiftungsratsMandat.com - Spheriq","isPartOf":{"@id":"https:\/\/spheriq.ch\/fr\/#website"},"primaryImageOfPage":{"@id":"https:\/\/spheriq.ch\/fr\/conseil-de-fondationmandat-com\/#primaryimage"},"image":{"@id":"https:\/\/spheriq.ch\/fr\/conseil-de-fondationmandat-com\/#primaryimage"},"thumbnailUrl":"https:\/\/spheriq.ch\/wp-content\/uploads\/2024\/01\/SRMandat.com-Header.jpg","datePublished":"2024-01-08T10:56:53+00:00","dateModified":"2024-06-13T09:04:48+00:00","description":"StiftungsratsMandat.com sur stiftungschweiz.ch : nous pr\u00e9sentons notre partenaire. En savoir plus sur l'offre de partenariat.","breadcrumb":{"@id":"https:\/\/spheriq.ch\/fr\/conseil-de-fondationmandat-com\/#breadcrumb"},"inLanguage":"fr-FR","potentialAction":[{"@type":"ReadAction","target":["https:\/\/spheriq.ch\/fr\/conseil-de-fondationmandat-com\/"]}]},{"@type":"ImageObject","inLanguage":"fr-FR","@id":"https:\/\/spheriq.ch\/fr\/conseil-de-fondationmandat-com\/#primaryimage","url":"https:\/\/spheriq.ch\/wp-content\/uploads\/2024\/01\/SRMandat.com-Header.jpg","contentUrl":"https:\/\/spheriq.ch\/wp-content\/uploads\/2024\/01\/SRMandat.com-Header.jpg"},{"@type":"BreadcrumbList","@id":"https:\/\/spheriq.ch\/fr\/conseil-de-fondationmandat-com\/#breadcrumb","itemListElement":[{"@type":"ListItem","position":1,"name":"Home","item":"https:\/\/spheriq.ch\/fr\/"},{"@type":"ListItem","position":2,"name":"StiftungsratsMandat.com"}]},{"@type":"WebSite","@id":"https:\/\/spheriq.ch\/fr\/#website","url":"https:\/\/spheriq.ch\/fr\/","name":"Spheriq","description":"Spheriq | Online-Portal f\u00fcr Philanthropie","potentialAction":[{"@type":"SearchAction","target":{"@type":"EntryPoint","urlTemplate":"https:\/\/spheriq.ch\/fr\/?s={search_term_string}"},"query-input":{"@type":"PropertyValueSpecification","valueRequired":true,"valueName":"search_term_string"}}],"inLanguage":"fr-FR"}]}},"_links":{"self":[{"href":"https:\/\/spheriq.ch\/fr\/wp-json\/wp\/v2\/pages\/14337","targetHints":{"allow":["GET"]}}],"collection":[{"href":"https:\/\/spheriq.ch\/fr\/wp-json\/wp\/v2\/pages"}],"about":[{"href":"https:\/\/spheriq.ch\/fr\/wp-json\/wp\/v2\/types\/page"}],"author":[{"embeddable":true,"href":"https:\/\/spheriq.ch\/fr\/wp-json\/wp\/v2\/users\/6"}],"replies":[{"embeddable":true,"href":"https:\/\/spheriq.ch\/fr\/wp-json\/wp\/v2\/comments?post=14337"}],"version-history":[{"count":5,"href":"https:\/\/spheriq.ch\/fr\/wp-json\/wp\/v2\/pages\/14337\/revisions"}],"predecessor-version":[{"id":17219,"href":"https:\/\/spheriq.ch\/fr\/wp-json\/wp\/v2\/pages\/14337\/revisions\/17219"}],"wp:attachment":[{"href":"https:\/\/spheriq.ch\/fr\/wp-json\/wp\/v2\/media?parent=14337"}],"curies":[{"name":"wp","href":"https:\/\/api.w.org\/{rel}","templated":true}]}}