{"id":12842,"date":"2023-11-06T08:24:37","date_gmt":"2023-11-06T08:24:37","guid":{"rendered":"https:\/\/spheriq.ch\/?page_id=12842"},"modified":"2024-06-13T08:23:52","modified_gmt":"2024-06-13T08:23:52","slug":"giving-tuesday-suisse","status":"publish","type":"page","link":"https:\/\/spheriq.ch\/fr\/giving-tuesday-suisse\/","title":{"rendered":"Giving Tuesday Suisse"},"content":{"rendered":"<h1 class=\"wp-block-heading\">Giving Tuesday Suisse<\/h1><div class=\"wp-bootstrap-blocks-row row\">\n\t\n<div class=\"col-12 col-md-9\">\n\t\t\t\n<p>Le GivingTuesday est la journ\u00e9e mondiale du don et de la g\u00e9n\u00e9rosit\u00e9. Ce jour-l\u00e0, tout tourne autour du fait de donner et de faire le bien. L&rsquo;engagement social re\u00e7oit une grande attention et une grande visibilit\u00e9.<\/p>\n\n<p>Dans le monde entier, d&rsquo;innombrables entreprises, organisations et particuliers participent au GivingTuesday dans presque tous les pays du monde. Toute personne ayant une id\u00e9e peut faire partie du mouvement mondial. Et le hashtag #GivingTuesdayCH permet de diffuser rapidement sa propre campagne\/id\u00e9e. Faire le bien ensemble &#8211; pour un avenir meilleur.<\/p>\n\n<p>Le prochain GivingTuesday aura lieu <strong>le 3 d\u00e9cembre 2024<\/strong>.<\/p>\n\n<p><\/p>\n\t<\/div>\n\n<div class=\"col-12 col-md-3\">\n\t\t\t\n<figure class=\"wp-block-image size-full is-resized\"><img loading=\"lazy\" decoding=\"async\" width=\"700\" height=\"120\" src=\"https:\/\/spheriq.ch\/wp-content\/uploads\/2023\/11\/givingtuesday-logo.png\" alt=\"\" class=\"wp-image-12845\" style=\"aspect-ratio:5.833333333333333;object-fit:cover;width:320px;height:auto\" srcset=\"https:\/\/spheriq.ch\/wp-content\/uploads\/2023\/11\/givingtuesday-logo.png 700w, https:\/\/spheriq.ch\/wp-content\/uploads\/2023\/11\/givingtuesday-logo-300x51.png 300w, https:\/\/spheriq.ch\/wp-content\/uploads\/2023\/11\/givingtuesday-logo-24x4.png 24w, https:\/\/spheriq.ch\/wp-content\/uploads\/2023\/11\/givingtuesday-logo-36x6.png 36w, https:\/\/spheriq.ch\/wp-content\/uploads\/2023\/11\/givingtuesday-logo-48x8.png 48w\" sizes=\"auto, (max-width: 700px) 100vw, 700px\" \/><\/figure>\n\t<\/div>\n<\/div><p><strong>Plus d&rsquo;informations : <\/strong><br><a href=\"https:\/\/www.giving-tuesday.ch\/de\/\">www.giving-tuesday.ch<\/a><br><br><strong>Contact :<\/strong> <br>Marc-Andr\u00e9 Pradervand, Swissfundraising, case postale 20, 9001 St. Gallen<br><a href=\"mailto:info@giving-tuesday.ch\">info@giving-tuesday.ch<\/a><\/p><p><\/p><h3 class=\"wp-block-heading\">Nous organisons des webinaires et des formations en collaboration avec nos partenaires. <a href=\"https:\/\/app.spheriq.ch\/webinars\">Vous trouverez ici le programme actuel.<\/a><br><\/h3>","protected":false},"excerpt":{"rendered":"Giving Tuesday Suisse Plus d&rsquo;informations : www.giving-tuesday.ch Contact : Marc-Andr\u00e9 Pradervand, Swissfundraising, case postale 20, 9001 St. Galleninfo@giving-tuesday.ch Nous organisons des webinaires et des formations en collaboration avec nos partenaires. Vous trouverez ici le programme actuel.","protected":false},"author":7,"featured_media":12851,"parent":0,"menu_order":0,"comment_status":"closed","ping_status":"closed","template":"","meta":{"_acf_changed":false,"_uag_custom_page_level_css":"","footnotes":""},"class_list":["post-12842","page","type-page","status-publish","has-post-thumbnail","hentry"],"acf":[],"yoast_head":"<!-- This site is optimized with the Yoast SEO plugin v26.9 - https:\/\/yoast.com\/product\/yoast-seo-wordpress\/ -->\n<title>Giving Tuesday Suisse - Spheriq<\/title>\n<meta name=\"description\" content=\"Giving Tuesday sur stiftungschweiz.ch : nous pr\u00e9sentons notre partenaire. En savoir plus sur l&#039;offre de partenariat.\" \/>\n<meta name=\"robots\" content=\"index, follow, max-snippet:-1, max-image-preview:large, max-video-preview:-1\" \/>\n<link rel=\"canonical\" href=\"https:\/\/spheriq.ch\/fr\/giving-tuesday-suisse\/\" \/>\n<meta property=\"og:locale\" content=\"fr_FR\" \/>\n<meta property=\"og:type\" content=\"article\" \/>\n<meta property=\"og:title\" content=\"Giving Tuesday Suisse - Spheriq\" \/>\n<meta property=\"og:description\" content=\"Giving Tuesday sur stiftungschweiz.ch : nous pr\u00e9sentons notre partenaire. En savoir plus sur l&#039;offre de partenariat.\" \/>\n<meta property=\"og:url\" content=\"https:\/\/spheriq.ch\/fr\/giving-tuesday-suisse\/\" \/>\n<meta property=\"og:site_name\" content=\"Spheriq\" \/>\n<meta property=\"article:modified_time\" content=\"2024-06-13T08:23:52+00:00\" \/>\n<meta property=\"og:image\" content=\"https:\/\/spheriq.ch\/wp-content\/uploads\/2023\/11\/gt-klein.png\" \/>\n\t<meta property=\"og:image:width\" content=\"259\" \/>\n\t<meta property=\"og:image:height\" content=\"195\" \/>\n\t<meta property=\"og:image:type\" content=\"image\/png\" \/>\n<meta name=\"twitter:card\" content=\"summary_large_image\" \/>\n<meta name=\"twitter:label1\" content=\"Dur\u00e9e de lecture estim\u00e9e\" \/>\n\t<meta name=\"twitter:data1\" content=\"2 minutes\" \/>\n<script type=\"application\/ld+json\" class=\"yoast-schema-graph\">{\"@context\":\"https:\/\/schema.org\",\"@graph\":[{\"@type\":\"WebPage\",\"@id\":\"https:\/\/spheriq.ch\/fr\/giving-tuesday-suisse\/\",\"url\":\"https:\/\/spheriq.ch\/fr\/giving-tuesday-suisse\/\",\"name\":\"Giving Tuesday Suisse - Spheriq\",\"isPartOf\":{\"@id\":\"https:\/\/spheriq.ch\/fr\/#website\"},\"primaryImageOfPage\":{\"@id\":\"https:\/\/spheriq.ch\/fr\/giving-tuesday-suisse\/#primaryimage\"},\"image\":{\"@id\":\"https:\/\/spheriq.ch\/fr\/giving-tuesday-suisse\/#primaryimage\"},\"thumbnailUrl\":\"https:\/\/spheriq.ch\/wp-content\/uploads\/2023\/11\/gt-klein.png\",\"datePublished\":\"2023-11-06T08:24:37+00:00\",\"dateModified\":\"2024-06-13T08:23:52+00:00\",\"description\":\"Giving Tuesday sur stiftungschweiz.ch : nous pr\u00e9sentons notre partenaire. En savoir plus sur l'offre de partenariat.\",\"breadcrumb\":{\"@id\":\"https:\/\/spheriq.ch\/fr\/giving-tuesday-suisse\/#breadcrumb\"},\"inLanguage\":\"fr-FR\",\"potentialAction\":[{\"@type\":\"ReadAction\",\"target\":[\"https:\/\/spheriq.ch\/fr\/giving-tuesday-suisse\/\"]}]},{\"@type\":\"ImageObject\",\"inLanguage\":\"fr-FR\",\"@id\":\"https:\/\/spheriq.ch\/fr\/giving-tuesday-suisse\/#primaryimage\",\"url\":\"https:\/\/spheriq.ch\/wp-content\/uploads\/2023\/11\/gt-klein.png\",\"contentUrl\":\"https:\/\/spheriq.ch\/wp-content\/uploads\/2023\/11\/gt-klein.png\",\"width\":259,\"height\":195},{\"@type\":\"BreadcrumbList\",\"@id\":\"https:\/\/spheriq.ch\/fr\/giving-tuesday-suisse\/#breadcrumb\",\"itemListElement\":[{\"@type\":\"ListItem\",\"position\":1,\"name\":\"Home\",\"item\":\"https:\/\/spheriq.ch\/fr\/\"},{\"@type\":\"ListItem\",\"position\":2,\"name\":\"Giving Tuesday Suisse\"}]},{\"@type\":\"WebSite\",\"@id\":\"https:\/\/spheriq.ch\/fr\/#website\",\"url\":\"https:\/\/spheriq.ch\/fr\/\",\"name\":\"Spheriq\",\"description\":\"Spheriq | Online-Portal f\u00fcr Philanthropie\",\"potentialAction\":[{\"@type\":\"SearchAction\",\"target\":{\"@type\":\"EntryPoint\",\"urlTemplate\":\"https:\/\/spheriq.ch\/fr\/?s={search_term_string}\"},\"query-input\":{\"@type\":\"PropertyValueSpecification\",\"valueRequired\":true,\"valueName\":\"search_term_string\"}}],\"inLanguage\":\"fr-FR\"}]}<\/script>\n<!-- \/ Yoast SEO plugin. -->","yoast_head_json":{"title":"Giving Tuesday Suisse - Spheriq","description":"Giving Tuesday sur stiftungschweiz.ch : nous pr\u00e9sentons notre partenaire. En savoir plus sur l'offre de partenariat.","robots":{"index":"index","follow":"follow","max-snippet":"max-snippet:-1","max-image-preview":"max-image-preview:large","max-video-preview":"max-video-preview:-1"},"canonical":"https:\/\/spheriq.ch\/fr\/giving-tuesday-suisse\/","og_locale":"fr_FR","og_type":"article","og_title":"Giving Tuesday Suisse - Spheriq","og_description":"Giving Tuesday sur stiftungschweiz.ch : nous pr\u00e9sentons notre partenaire. En savoir plus sur l'offre de partenariat.","og_url":"https:\/\/spheriq.ch\/fr\/giving-tuesday-suisse\/","og_site_name":"Spheriq","article_modified_time":"2024-06-13T08:23:52+00:00","og_image":[{"width":259,"height":195,"url":"https:\/\/spheriq.ch\/wp-content\/uploads\/2023\/11\/gt-klein.png","type":"image\/png"}],"twitter_card":"summary_large_image","twitter_misc":{"Dur\u00e9e de lecture estim\u00e9e":"2 minutes"},"schema":{"@context":"https:\/\/schema.org","@graph":[{"@type":"WebPage","@id":"https:\/\/spheriq.ch\/fr\/giving-tuesday-suisse\/","url":"https:\/\/spheriq.ch\/fr\/giving-tuesday-suisse\/","name":"Giving Tuesday Suisse - Spheriq","isPartOf":{"@id":"https:\/\/spheriq.ch\/fr\/#website"},"primaryImageOfPage":{"@id":"https:\/\/spheriq.ch\/fr\/giving-tuesday-suisse\/#primaryimage"},"image":{"@id":"https:\/\/spheriq.ch\/fr\/giving-tuesday-suisse\/#primaryimage"},"thumbnailUrl":"https:\/\/spheriq.ch\/wp-content\/uploads\/2023\/11\/gt-klein.png","datePublished":"2023-11-06T08:24:37+00:00","dateModified":"2024-06-13T08:23:52+00:00","description":"Giving Tuesday sur stiftungschweiz.ch : nous pr\u00e9sentons notre partenaire. En savoir plus sur l'offre de partenariat.","breadcrumb":{"@id":"https:\/\/spheriq.ch\/fr\/giving-tuesday-suisse\/#breadcrumb"},"inLanguage":"fr-FR","potentialAction":[{"@type":"ReadAction","target":["https:\/\/spheriq.ch\/fr\/giving-tuesday-suisse\/"]}]},{"@type":"ImageObject","inLanguage":"fr-FR","@id":"https:\/\/spheriq.ch\/fr\/giving-tuesday-suisse\/#primaryimage","url":"https:\/\/spheriq.ch\/wp-content\/uploads\/2023\/11\/gt-klein.png","contentUrl":"https:\/\/spheriq.ch\/wp-content\/uploads\/2023\/11\/gt-klein.png","width":259,"height":195},{"@type":"BreadcrumbList","@id":"https:\/\/spheriq.ch\/fr\/giving-tuesday-suisse\/#breadcrumb","itemListElement":[{"@type":"ListItem","position":1,"name":"Home","item":"https:\/\/spheriq.ch\/fr\/"},{"@type":"ListItem","position":2,"name":"Giving Tuesday Suisse"}]},{"@type":"WebSite","@id":"https:\/\/spheriq.ch\/fr\/#website","url":"https:\/\/spheriq.ch\/fr\/","name":"Spheriq","description":"Spheriq | Online-Portal f\u00fcr Philanthropie","potentialAction":[{"@type":"SearchAction","target":{"@type":"EntryPoint","urlTemplate":"https:\/\/spheriq.ch\/fr\/?s={search_term_string}"},"query-input":{"@type":"PropertyValueSpecification","valueRequired":true,"valueName":"search_term_string"}}],"inLanguage":"fr-FR"}]}},"uagb_featured_image_src":{"full":["https:\/\/spheriq.ch\/wp-content\/uploads\/2023\/11\/gt-klein.png",259,195,false],"thumbnail":["https:\/\/spheriq.ch\/wp-content\/uploads\/2023\/11\/gt-klein-150x150.png",150,150,true],"medium":["https:\/\/spheriq.ch\/wp-content\/uploads\/2023\/11\/gt-klein.png",259,195,false],"medium_large":["https:\/\/spheriq.ch\/wp-content\/uploads\/2023\/11\/gt-klein.png",259,195,false],"large":["https:\/\/spheriq.ch\/wp-content\/uploads\/2023\/11\/gt-klein.png",259,195,false],"1536x1536":["https:\/\/spheriq.ch\/wp-content\/uploads\/2023\/11\/gt-klein.png",259,195,false],"2048x2048":["https:\/\/spheriq.ch\/wp-content\/uploads\/2023\/11\/gt-klein.png",259,195,false],"icon":["https:\/\/spheriq.ch\/wp-content\/uploads\/2023\/11\/gt-klein-50x50.png",50,50,true],"single-thumbnail":["https:\/\/spheriq.ch\/wp-content\/uploads\/2023\/11\/gt-klein.png",259,195,false],"menu-24x24":["https:\/\/spheriq.ch\/wp-content\/uploads\/2023\/11\/gt-klein-24x18.png",24,18,true],"menu-36x36":["https:\/\/spheriq.ch\/wp-content\/uploads\/2023\/11\/gt-klein-36x27.png",36,27,true],"menu-48x48":["https:\/\/spheriq.ch\/wp-content\/uploads\/2023\/11\/gt-klein-48x36.png",48,36,true]},"uagb_author_info":{"display_name":"Tais Okai","author_link":"https:\/\/spheriq.ch\/fr\/author\/tais-okai\/"},"uagb_comment_info":0,"uagb_excerpt":"Giving Tuesday Suisse Plus d&rsquo;informations : www.giving-tuesday.ch Contact : Marc-Andr\u00e9 Pradervand, Swissfundraising, case postale 20, 9001 St. Galleninfo@giving-tuesday.ch Nous organisons des webinaires et des formations en collaboration avec nos partenaires. Vous trouverez ici le programme actuel.","_links":{"self":[{"href":"https:\/\/spheriq.ch\/fr\/wp-json\/wp\/v2\/pages\/12842","targetHints":{"allow":["GET"]}}],"collection":[{"href":"https:\/\/spheriq.ch\/fr\/wp-json\/wp\/v2\/pages"}],"about":[{"href":"https:\/\/spheriq.ch\/fr\/wp-json\/wp\/v2\/types\/page"}],"author":[{"embeddable":true,"href":"https:\/\/spheriq.ch\/fr\/wp-json\/wp\/v2\/users\/7"}],"replies":[{"embeddable":true,"href":"https:\/\/spheriq.ch\/fr\/wp-json\/wp\/v2\/comments?post=12842"}],"version-history":[{"count":10,"href":"https:\/\/spheriq.ch\/fr\/wp-json\/wp\/v2\/pages\/12842\/revisions"}],"predecessor-version":[{"id":17157,"href":"https:\/\/spheriq.ch\/fr\/wp-json\/wp\/v2\/pages\/12842\/revisions\/17157"}],"wp:featuredmedia":[{"embeddable":true,"href":"https:\/\/spheriq.ch\/fr\/wp-json\/wp\/v2\/media\/12851"}],"wp:attachment":[{"href":"https:\/\/spheriq.ch\/fr\/wp-json\/wp\/v2\/media?parent=12842"}],"curies":[{"name":"wp","href":"https:\/\/api.w.org\/{rel}","templated":true}]}}