{"id":12710,"date":"2023-11-02T16:45:18","date_gmt":"2023-11-02T16:45:18","guid":{"rendered":"https:\/\/spheriq.ch\/?page_id=12710"},"modified":"2025-11-17T15:11:55","modified_gmt":"2025-11-17T15:11:55","slug":"profonds","status":"publish","type":"page","link":"https:\/\/spheriq.ch\/fr\/profonds\/","title":{"rendered":"proFonds"},"content":{"rendered":"<h1 class=\"wp-block-heading\"><strong><strong>proFonds. Association fa\u00eeti\u00e8re des fondations d\u2019utilit\u00e9 publique de Suisse<\/strong><\/strong><\/h1><div class=\"wp-bootstrap-blocks-row row\">\n\t\n<div class=\"col-12 col-md-9\">\n\t\t\t\n<p><strong>Ensemble pour le secteur de l\u2019utilit\u00e9 publique:<\/strong> en tant qu\u2019association fa\u00eeti\u00e8re, proFonds s\u2019investit depuis plus de 30 ans pour le renforcement de l&rsquo;attractivit\u00e9 de la Suisse pour les fondations. Dans l\u2019int\u00e9r\u00eat de toutes les fondations d\u2019utilit\u00e9 publique et des OBNL, proFonds s&rsquo;engage \u00e0 maintenir et \u00e0 d\u00e9velopper des conditions-cadres favorables, afin que les organisations d\u2019utilit\u00e9 publique puissent remplir efficacement leurs t\u00e2ches importantes pour le bien de la soci\u00e9t\u00e9.<\/p>\n\n<p>Par ailleurs, <strong>proFonds propose \u00e0 ses membres une large palette de services<\/strong> et encourage ainsi la mise en r\u00e9seau et la professionnalisation au sein du domaine des fondations et des OBNL de l\u2019utilit\u00e9 publique.<\/p>\n\n<div style=\"height:25px\" aria-hidden=\"true\" class=\"wp-block-spacer\"><\/div>\n\n<div class=\"wp-block-group has-gray-300-background-color has-background is-layout-constrained wp-block-group-is-layout-constrained\"><div class=\"wp-block-columns is-layout-flex wp-container-core-columns-is-layout-98e45e4a wp-block-columns-is-layout-flex\" style=\"border-style:none;border-width:0px;border-radius:0px;margin-top:var(--wp--preset--spacing--20);margin-bottom:var(--wp--preset--spacing--20);padding-top:var(--wp--preset--spacing--20);padding-right:var(--wp--preset--spacing--20);padding-bottom:var(--wp--preset--spacing--20);padding-left:var(--wp--preset--spacing--20)\"><div class=\"wp-block-column is-layout-flow wp-block-column-is-layout-flow\" style=\"flex-basis:100%\"><h3 class=\"wp-block-heading\">Acc\u00e8s exclusif pour les membres proFonds<\/h3>\n\n<p>proFonds et spheriq.ch s&rsquo;engagent ensemble, dans le cadre d&rsquo;un partenariat associatif, \u00e0 renforcer la mise en r\u00e9seau num\u00e9rique dans le secteur des fondations. \u00c0 partir d&rsquo;octobre 2025, tous les membres de proFonds b\u00e9n\u00e9ficieront d&rsquo;un niveau de base leur permettant d&rsquo;utiliser de nombreux outils num\u00e9riques sur spheriq.ch, tels que la recherche illimit\u00e9e.<\/p>\n\n<p>Comment profiter de cette offre :<\/p>\n\n<ul class=\"wp-block-list\"><li>Si votre organisation dispose d\u00e9j\u00e0 d&rsquo;un compte gratuit, celui-ci sera automatiquement mis \u00e0 niveau vers le niveau de base le jour de la fondation, le 18 novembre 2025.<\/li>\n\n<li>Si vous disposez d\u00e9j\u00e0 d&rsquo;un compte gratuit en tant que particulier, veuillez vous connecter via le chat ou via <a href=\"mailto:hello@spheriq.ch\"><strong>hello@spheriq.ch<\/strong><\/a> pour passer au niveau de base.<\/li>\n\n<li>Si vous utilisez actuellement Spheriq au niveau Starter, Pro ou Partner, veuillez nous contacter via le chat ou \u00e0 l&rsquo;adresse <a href=\"mailto:hello@spheriq.ch\"><strong>hello@spheriq.ch<\/strong><\/a> si vous souhaitez passer au niveau de base.<\/li><\/ul>\n\n<p><\/p>\n\n<p><\/p><\/div><\/div><\/div>\n\n<div class=\"wp-block-group has-secondary-background-color has-background is-layout-constrained wp-block-group-is-layout-constrained\"><div class=\"wp-block-columns is-layout-flex wp-container-core-columns-is-layout-98e45e4a wp-block-columns-is-layout-flex\" style=\"border-style:none;border-width:0px;border-radius:0px;margin-top:var(--wp--preset--spacing--20);margin-bottom:var(--wp--preset--spacing--20);padding-top:var(--wp--preset--spacing--20);padding-right:var(--wp--preset--spacing--20);padding-bottom:var(--wp--preset--spacing--20);padding-left:var(--wp--preset--spacing--20)\"><div class=\"wp-block-column is-layout-flow wp-block-column-is-layout-flow\" style=\"flex-basis:100%\"><h3 class=\"wp-block-heading\">R\u00e9seaux de membres sur Spheriq<\/h3>\n\n<p>En exclusivit\u00e9 pour ses membres, proFonds ouvre un r\u00e9seau sous forme de plateforme num\u00e9rique sur Spheriq. Recevez les actualit\u00e9s de l&rsquo;association et les derni\u00e8res nouvelles du secteur \u00e0 but non lucratif. \u00c9changez avec d&rsquo;autres acteurs, nouez des contacts et participez activement aux discussions.<\/p>\n\n<p>Voici comment rejoindre gratuitement le r\u00e9seau:<\/p>\n\n<ul class=\"wp-block-list\"><li>Activez ou faites activer votre connexion proFonds (voir ci-dessus)<\/li>\n\n<li>Acc\u00e9dez \u00e0 l&rsquo;aper\u00e7u du r\u00e9seau proFonds : https:\/\/app.spheriq.ch\/netzwerk?type=pro_fonds<\/li>\n\n<li>Rejoignez le r\u00e9seau des membres proFonds en cliquant sur \u00ab Rejoindre \u00bb<\/li>\n\n<li>Si un petit cadenas s&rsquo;affiche \u00e0 c\u00f4t\u00e9 de \u00ab Rejoindre \u00bb, cela signifie que votre inscription en tant que membre proFonds n&rsquo;a pas encore \u00e9t\u00e9 valid\u00e9e ou que vous \u00eates enregistr\u00e9 en tant que particulier ou entreprise. Dans ce cas, veuillez nous contacter via le chat ou \u00e0 l&rsquo;adresse hello@spheriq.ch.<\/li><\/ul>\n\n<p><\/p><\/div><\/div><\/div>\n\t<\/div>\n\n<div class=\"col-12 col-md-3\">\n\t\t\t\n<figure class=\"wp-block-image alignleft size-large is-resized\"><img loading=\"lazy\" decoding=\"async\" width=\"1024\" height=\"909\" src=\"https:\/\/spheriq.ch\/wp-content\/uploads\/2023\/11\/Logo-FR-1-1024x909.png\" alt=\"\" class=\"wp-image-12836\" style=\"object-fit:contain;width:undefinedpx;height:200px\" srcset=\"https:\/\/spheriq.ch\/wp-content\/uploads\/2023\/11\/Logo-FR-1-1024x909.png 1024w, https:\/\/spheriq.ch\/wp-content\/uploads\/2023\/11\/Logo-FR-1-300x266.png 300w, https:\/\/spheriq.ch\/wp-content\/uploads\/2023\/11\/Logo-FR-1-768x682.png 768w, https:\/\/spheriq.ch\/wp-content\/uploads\/2023\/11\/Logo-FR-1-24x21.png 24w, https:\/\/spheriq.ch\/wp-content\/uploads\/2023\/11\/Logo-FR-1-36x32.png 36w, https:\/\/spheriq.ch\/wp-content\/uploads\/2023\/11\/Logo-FR-1-48x43.png 48w, https:\/\/spheriq.ch\/wp-content\/uploads\/2023\/11\/Logo-FR-1.png 1355w\" sizes=\"auto, (max-width: 1024px) 100vw, 1024px\" \/><\/figure>\n\t<\/div>\n<\/div><div style=\"height:25px\" aria-hidden=\"true\" class=\"wp-block-spacer\"><\/div><p><strong>Plus d&rsquo;informations : <\/strong><br><a href=\"http:\/\/www.proFonds.org\">www.proFonds.org<\/a><br><strong>Contact :<\/strong> <br>Dr. Christoph Degen, directeur, Dufourstrasse 49, 4052 B\u00e2le <br>41 61 272 10 80 | <a href=\"mailto:info@proFonds.org\">info@proFonds.org<\/a><\/p><h2 class=\"wp-block-heading\">Nous organisons des webinaires et des formations en collaboration avec nos partenaires. <a href=\"https:\/\/app.spheriq.ch\/webinars\">Vous trouverez ici le programme actuel.<\/a><\/h2>","protected":false},"excerpt":{"rendered":"proFonds. Association fa\u00eeti\u00e8re des fondations d\u2019utilit\u00e9 publique de Suisse Plus d&rsquo;informations : www.proFonds.orgContact : Dr. Christoph Degen, directeur, Dufourstrasse 49, 4052 B\u00e2le 41 61 272 10 80 | info@proFonds.org Nous organisons des webinaires et des formations en collaboration avec nos partenaires. Vous trouverez ici le programme actuel.","protected":false},"author":6,"featured_media":0,"parent":0,"menu_order":0,"comment_status":"closed","ping_status":"closed","template":"","meta":{"_acf_changed":false,"_uag_custom_page_level_css":"","footnotes":""},"class_list":["post-12710","page","type-page","status-publish","hentry"],"acf":[],"yoast_head":"<!-- This site is optimized with the Yoast SEO plugin v26.9 - https:\/\/yoast.com\/product\/yoast-seo-wordpress\/ -->\n<title>proFonds - Spheriq %<\/title>\n<meta name=\"description\" content=\"proFonds sur stiftungschweiz.ch : Nous pr\u00e9sentons notre partenaire. En savoir plus sur l&#039;offre de partenariat.\" \/>\n<meta name=\"robots\" content=\"index, follow, max-snippet:-1, max-image-preview:large, max-video-preview:-1\" \/>\n<link rel=\"canonical\" href=\"https:\/\/spheriq.ch\/fr\/profonds\/\" \/>\n<meta property=\"og:locale\" content=\"fr_FR\" \/>\n<meta property=\"og:type\" content=\"article\" \/>\n<meta property=\"og:title\" content=\"proFonds - Spheriq %\" \/>\n<meta property=\"og:description\" content=\"proFonds sur stiftungschweiz.ch : Nous pr\u00e9sentons notre partenaire. En savoir plus sur l&#039;offre de partenariat.\" \/>\n<meta property=\"og:url\" content=\"https:\/\/spheriq.ch\/fr\/profonds\/\" \/>\n<meta property=\"og:site_name\" content=\"Spheriq\" \/>\n<meta property=\"article:modified_time\" content=\"2025-11-17T15:11:55+00:00\" \/>\n<meta property=\"og:image\" content=\"https:\/\/spheriq.ch\/wp-content\/uploads\/2023\/11\/Logo-FR-1-1024x909.png\" \/>\n<meta name=\"twitter:card\" content=\"summary_large_image\" \/>\n<meta name=\"twitter:label1\" content=\"Dur\u00e9e de lecture estim\u00e9e\" \/>\n\t<meta name=\"twitter:data1\" content=\"3 minutes\" \/>\n<script type=\"application\/ld+json\" class=\"yoast-schema-graph\">{\"@context\":\"https:\/\/schema.org\",\"@graph\":[{\"@type\":\"WebPage\",\"@id\":\"https:\/\/spheriq.ch\/fr\/profonds\/\",\"url\":\"https:\/\/spheriq.ch\/fr\/profonds\/\",\"name\":\"proFonds - Spheriq %\",\"isPartOf\":{\"@id\":\"https:\/\/spheriq.ch\/fr\/#website\"},\"primaryImageOfPage\":{\"@id\":\"https:\/\/spheriq.ch\/fr\/profonds\/#primaryimage\"},\"image\":{\"@id\":\"https:\/\/spheriq.ch\/fr\/profonds\/#primaryimage\"},\"thumbnailUrl\":\"https:\/\/spheriq.ch\/wp-content\/uploads\/2023\/11\/Logo-FR-1-1024x909.png\",\"datePublished\":\"2023-11-02T16:45:18+00:00\",\"dateModified\":\"2025-11-17T15:11:55+00:00\",\"description\":\"proFonds sur stiftungschweiz.ch : Nous pr\u00e9sentons notre partenaire. En savoir plus sur l'offre de partenariat.\",\"breadcrumb\":{\"@id\":\"https:\/\/spheriq.ch\/fr\/profonds\/#breadcrumb\"},\"inLanguage\":\"fr-FR\",\"potentialAction\":[{\"@type\":\"ReadAction\",\"target\":[\"https:\/\/spheriq.ch\/fr\/profonds\/\"]}]},{\"@type\":\"ImageObject\",\"inLanguage\":\"fr-FR\",\"@id\":\"https:\/\/spheriq.ch\/fr\/profonds\/#primaryimage\",\"url\":\"https:\/\/spheriq.ch\/wp-content\/uploads\/2023\/11\/Logo-FR-1-1024x909.png\",\"contentUrl\":\"https:\/\/spheriq.ch\/wp-content\/uploads\/2023\/11\/Logo-FR-1-1024x909.png\"},{\"@type\":\"BreadcrumbList\",\"@id\":\"https:\/\/spheriq.ch\/fr\/profonds\/#breadcrumb\",\"itemListElement\":[{\"@type\":\"ListItem\",\"position\":1,\"name\":\"Home\",\"item\":\"https:\/\/spheriq.ch\/fr\/\"},{\"@type\":\"ListItem\",\"position\":2,\"name\":\"proFonds\"}]},{\"@type\":\"WebSite\",\"@id\":\"https:\/\/spheriq.ch\/fr\/#website\",\"url\":\"https:\/\/spheriq.ch\/fr\/\",\"name\":\"Spheriq\",\"description\":\"Spheriq | Online-Portal f\u00fcr Philanthropie\",\"potentialAction\":[{\"@type\":\"SearchAction\",\"target\":{\"@type\":\"EntryPoint\",\"urlTemplate\":\"https:\/\/spheriq.ch\/fr\/?s={search_term_string}\"},\"query-input\":{\"@type\":\"PropertyValueSpecification\",\"valueRequired\":true,\"valueName\":\"search_term_string\"}}],\"inLanguage\":\"fr-FR\"}]}<\/script>\n<!-- \/ Yoast SEO plugin. -->","yoast_head_json":{"title":"proFonds - Spheriq %","description":"proFonds sur stiftungschweiz.ch : Nous pr\u00e9sentons notre partenaire. En savoir plus sur l'offre de partenariat.","robots":{"index":"index","follow":"follow","max-snippet":"max-snippet:-1","max-image-preview":"max-image-preview:large","max-video-preview":"max-video-preview:-1"},"canonical":"https:\/\/spheriq.ch\/fr\/profonds\/","og_locale":"fr_FR","og_type":"article","og_title":"proFonds - Spheriq %","og_description":"proFonds sur stiftungschweiz.ch : Nous pr\u00e9sentons notre partenaire. En savoir plus sur l'offre de partenariat.","og_url":"https:\/\/spheriq.ch\/fr\/profonds\/","og_site_name":"Spheriq","article_modified_time":"2025-11-17T15:11:55+00:00","og_image":[{"url":"https:\/\/spheriq.ch\/wp-content\/uploads\/2023\/11\/Logo-FR-1-1024x909.png","type":"","width":"","height":""}],"twitter_card":"summary_large_image","twitter_misc":{"Dur\u00e9e de lecture estim\u00e9e":"3 minutes"},"schema":{"@context":"https:\/\/schema.org","@graph":[{"@type":"WebPage","@id":"https:\/\/spheriq.ch\/fr\/profonds\/","url":"https:\/\/spheriq.ch\/fr\/profonds\/","name":"proFonds - Spheriq %","isPartOf":{"@id":"https:\/\/spheriq.ch\/fr\/#website"},"primaryImageOfPage":{"@id":"https:\/\/spheriq.ch\/fr\/profonds\/#primaryimage"},"image":{"@id":"https:\/\/spheriq.ch\/fr\/profonds\/#primaryimage"},"thumbnailUrl":"https:\/\/spheriq.ch\/wp-content\/uploads\/2023\/11\/Logo-FR-1-1024x909.png","datePublished":"2023-11-02T16:45:18+00:00","dateModified":"2025-11-17T15:11:55+00:00","description":"proFonds sur stiftungschweiz.ch : Nous pr\u00e9sentons notre partenaire. En savoir plus sur l'offre de partenariat.","breadcrumb":{"@id":"https:\/\/spheriq.ch\/fr\/profonds\/#breadcrumb"},"inLanguage":"fr-FR","potentialAction":[{"@type":"ReadAction","target":["https:\/\/spheriq.ch\/fr\/profonds\/"]}]},{"@type":"ImageObject","inLanguage":"fr-FR","@id":"https:\/\/spheriq.ch\/fr\/profonds\/#primaryimage","url":"https:\/\/spheriq.ch\/wp-content\/uploads\/2023\/11\/Logo-FR-1-1024x909.png","contentUrl":"https:\/\/spheriq.ch\/wp-content\/uploads\/2023\/11\/Logo-FR-1-1024x909.png"},{"@type":"BreadcrumbList","@id":"https:\/\/spheriq.ch\/fr\/profonds\/#breadcrumb","itemListElement":[{"@type":"ListItem","position":1,"name":"Home","item":"https:\/\/spheriq.ch\/fr\/"},{"@type":"ListItem","position":2,"name":"proFonds"}]},{"@type":"WebSite","@id":"https:\/\/spheriq.ch\/fr\/#website","url":"https:\/\/spheriq.ch\/fr\/","name":"Spheriq","description":"Spheriq | Online-Portal f\u00fcr Philanthropie","potentialAction":[{"@type":"SearchAction","target":{"@type":"EntryPoint","urlTemplate":"https:\/\/spheriq.ch\/fr\/?s={search_term_string}"},"query-input":{"@type":"PropertyValueSpecification","valueRequired":true,"valueName":"search_term_string"}}],"inLanguage":"fr-FR"}]}},"uagb_featured_image_src":{"full":false,"thumbnail":false,"medium":false,"medium_large":false,"large":false,"1536x1536":false,"2048x2048":false,"icon":false,"single-thumbnail":false,"menu-24x24":false,"menu-36x36":false,"menu-48x48":false},"uagb_author_info":{"display_name":"Moritz Brunner","author_link":"https:\/\/spheriq.ch\/fr\/author\/moritz-brunner\/"},"uagb_comment_info":0,"uagb_excerpt":"proFonds. Association fa\u00eeti\u00e8re des fondations d\u2019utilit\u00e9 publique de Suisse Plus d&rsquo;informations : www.proFonds.orgContact : Dr. Christoph Degen, directeur, Dufourstrasse 49, 4052 B\u00e2le 41 61 272 10 80 | info@proFonds.org Nous organisons des webinaires et des formations en collaboration avec nos partenaires. Vous trouverez ici le programme actuel.","_links":{"self":[{"href":"https:\/\/spheriq.ch\/fr\/wp-json\/wp\/v2\/pages\/12710","targetHints":{"allow":["GET"]}}],"collection":[{"href":"https:\/\/spheriq.ch\/fr\/wp-json\/wp\/v2\/pages"}],"about":[{"href":"https:\/\/spheriq.ch\/fr\/wp-json\/wp\/v2\/types\/page"}],"author":[{"embeddable":true,"href":"https:\/\/spheriq.ch\/fr\/wp-json\/wp\/v2\/users\/6"}],"replies":[{"embeddable":true,"href":"https:\/\/spheriq.ch\/fr\/wp-json\/wp\/v2\/comments?post=12710"}],"version-history":[{"count":16,"href":"https:\/\/spheriq.ch\/fr\/wp-json\/wp\/v2\/pages\/12710\/revisions"}],"predecessor-version":[{"id":23021,"href":"https:\/\/spheriq.ch\/fr\/wp-json\/wp\/v2\/pages\/12710\/revisions\/23021"}],"wp:attachment":[{"href":"https:\/\/spheriq.ch\/fr\/wp-json\/wp\/v2\/media?parent=12710"}],"curies":[{"name":"wp","href":"https:\/\/api.w.org\/{rel}","templated":true}]}}