{"id":12683,"date":"2023-11-02T16:18:16","date_gmt":"2023-11-02T16:18:16","guid":{"rendered":"https:\/\/spheriq.ch\/?page_id=12683"},"modified":"2024-06-13T08:36:31","modified_gmt":"2024-06-13T08:36:31","slug":"innovage","status":"publish","type":"page","link":"https:\/\/spheriq.ch\/fr\/innovage\/","title":{"rendered":"Innovage"},"content":{"rendered":"<h1 class=\"wp-block-heading\"><strong>Innovage &#8211; L&rsquo;exp\u00e9rience cr\u00e9e l&rsquo;avenir  <\/strong><\/h1><div class=\"wp-bootstrap-blocks-row row\">\n\t\n<div class=\"col-12 col-md-9\">\n\t\t\t\n<p>Le mouvement \u00ab\u00a0Innovage\u00a0\u00bb contribue \u00e0 la r\u00e9solution des d\u00e9fis sociaux gr\u00e2ce \u00e0 son savoir empirique &#8211; car la volont\u00e9 de faire bouger les choses ne conna\u00eet pas de limite d&rsquo;\u00e2ge. En tant que pont entre la riche exp\u00e9rience professionnelle et de vie des cadres et sp\u00e9cialistes retrait\u00e9s et les organisations d&rsquo;utilit\u00e9 publique de tout type, Innovage s&rsquo;engage dans toute la Suisse pour que le pr\u00e9cieux savoir ne se perde pas, mais soit utilis\u00e9 de mani\u00e8re cibl\u00e9e pour le bien de la communaut\u00e9. Organis\u00e9s en neuf r\u00e9seaux r\u00e9gionaux, plus de 150 cadres retrait\u00e9s s&rsquo;engagent b\u00e9n\u00e9volement, professionnellement et pleinement aupr\u00e8s d&rsquo;Innovage.  <\/p>\n\n<p>L&rsquo;offre \u00e9tendue s&rsquo;\u00e9tend de la cr\u00e9ation d&rsquo;organisations \u00e0 but non lucratif au d\u00e9veloppement de strat\u00e9gies et \u00e0 la planification financi\u00e8re, en passant par les questions juridiques et de personnel. Gr\u00e2ce \u00e0 la diversit\u00e9 des biographies et des parcours professionnels de ses membres, Innovage peut offrir un large \u00e9ventail de services de conseil et autres. Chaque projet est trait\u00e9 individuellement avec le plus grand soin : De l&rsquo;analyse pr\u00e9cise de la demande \u00e0 la constitution minutieuse d&rsquo;une \u00e9quipe de projet comp\u00e9tente. Les projets Innovage sont aussi vari\u00e9s que les d\u00e9fis qu&rsquo;ils abordent et peuvent durer de quelques mois \u00e0 2-3 ans. L&rsquo;id\u00e9e centrale est que le partage de l&rsquo;exp\u00e9rience et des connaissances est b\u00e9n\u00e9fique non seulement pour l&rsquo;individu, mais aussi pour la soci\u00e9t\u00e9 dans son ensemble.  <\/p>\n\n<p>Les organisations \u00e0 la recherche d&rsquo;un soutien ou les personnes int\u00e9ress\u00e9es par une collaboration avec Innovage en tant que conseillers sont pri\u00e9es de se manifester via les formulaires de contact sur <a href=\"http:\/\/www.innovage.ch\">www.innovage.ch.<\/a><\/p>\n\t<\/div>\n\n<div class=\"col-12 col-md-3\">\n\t\t\t\n<figure class=\"wp-block-image size-full is-resized\"><img loading=\"lazy\" decoding=\"async\" width=\"259\" height=\"64\" src=\"https:\/\/spheriq.ch\/wp-content\/uploads\/2023\/11\/innovage-logo.png\" alt=\"\" class=\"wp-image-12686\" style=\"object-fit:contain;width:undefinedpx;height:110px\" srcset=\"https:\/\/spheriq.ch\/wp-content\/uploads\/2023\/11\/innovage-logo.png 259w, https:\/\/spheriq.ch\/wp-content\/uploads\/2023\/11\/innovage-logo-24x6.png 24w, https:\/\/spheriq.ch\/wp-content\/uploads\/2023\/11\/innovage-logo-36x9.png 36w, https:\/\/spheriq.ch\/wp-content\/uploads\/2023\/11\/innovage-logo-48x12.png 48w\" sizes=\"auto, (max-width: 259px) 100vw, 259px\" \/><\/figure>\n\t<\/div>\n<\/div><p><strong>Plus d&rsquo;informations : <\/strong><br><a href=\"http:\/\/www.innovage.ch\">www.innovage.ch<\/a><br><strong>Contact :<\/strong> <br>Maison des g\u00e9n\u00e9rations de Berne, Bahnhofplatz 2, CH-3011 Berne<br>i<a href=\"mailto:fritz.baerlocher@innovage.ch\">nfo@inn<\/a>ovage.ch<\/p><h2 class=\"wp-block-heading\">Nous organisons des webinaires et des formations en collaboration avec nos partenaires. <a href=\"https:\/\/app.spheriq.ch\/webinars\">Vous trouverez ici le programme actuel.<\/a><\/h2>","protected":false},"excerpt":{"rendered":"Innovage &#8211; L&rsquo;exp\u00e9rience cr\u00e9e l&rsquo;avenir Plus d&rsquo;informations : www.innovage.chContact : Maison des g\u00e9n\u00e9rations de Berne, Bahnhofplatz 2, CH-3011 Berneinfo@innovage.ch Nous organisons des webinaires et des formations en collaboration avec nos partenaires. Vous trouverez ici le programme actuel.","protected":false},"author":6,"featured_media":0,"parent":0,"menu_order":0,"comment_status":"closed","ping_status":"closed","template":"","meta":{"_acf_changed":false,"_uag_custom_page_level_css":"","footnotes":""},"class_list":["post-12683","page","type-page","status-publish","hentry"],"acf":[],"yoast_head":"<!-- This site is optimized with the Yoast SEO plugin v26.9 - https:\/\/yoast.com\/product\/yoast-seo-wordpress\/ -->\n<title>Innovage - Spheriq<\/title>\n<meta name=\"description\" content=\"Innovage sur stiftungschweiz.ch : Nous pr\u00e9sentons notre partenaire. En savoir plus sur l&#039;offre de partenariat.\" \/>\n<meta name=\"robots\" content=\"index, follow, max-snippet:-1, max-image-preview:large, max-video-preview:-1\" \/>\n<link rel=\"canonical\" href=\"https:\/\/spheriq.ch\/fr\/innovage\/\" \/>\n<meta property=\"og:locale\" content=\"fr_FR\" \/>\n<meta property=\"og:type\" content=\"article\" \/>\n<meta property=\"og:title\" content=\"Innovage - Spheriq\" \/>\n<meta property=\"og:description\" content=\"Innovage sur stiftungschweiz.ch : Nous pr\u00e9sentons notre partenaire. En savoir plus sur l&#039;offre de partenariat.\" \/>\n<meta property=\"og:url\" content=\"https:\/\/spheriq.ch\/fr\/innovage\/\" \/>\n<meta property=\"og:site_name\" content=\"Spheriq\" \/>\n<meta property=\"article:modified_time\" content=\"2024-06-13T08:36:31+00:00\" \/>\n<meta property=\"og:image\" content=\"https:\/\/spheriq.ch\/wp-content\/uploads\/2023\/11\/innovage-logo.png\" \/>\n<meta name=\"twitter:card\" content=\"summary_large_image\" \/>\n<meta name=\"twitter:label1\" content=\"Dur\u00e9e de lecture estim\u00e9e\" \/>\n\t<meta name=\"twitter:data1\" content=\"2 minutes\" \/>\n<script type=\"application\/ld+json\" class=\"yoast-schema-graph\">{\"@context\":\"https:\/\/schema.org\",\"@graph\":[{\"@type\":\"WebPage\",\"@id\":\"https:\/\/spheriq.ch\/fr\/innovage\/\",\"url\":\"https:\/\/spheriq.ch\/fr\/innovage\/\",\"name\":\"Innovage - Spheriq\",\"isPartOf\":{\"@id\":\"https:\/\/spheriq.ch\/fr\/#website\"},\"primaryImageOfPage\":{\"@id\":\"https:\/\/spheriq.ch\/fr\/innovage\/#primaryimage\"},\"image\":{\"@id\":\"https:\/\/spheriq.ch\/fr\/innovage\/#primaryimage\"},\"thumbnailUrl\":\"https:\/\/spheriq.ch\/wp-content\/uploads\/2023\/11\/innovage-logo.png\",\"datePublished\":\"2023-11-02T16:18:16+00:00\",\"dateModified\":\"2024-06-13T08:36:31+00:00\",\"description\":\"Innovage sur stiftungschweiz.ch : Nous pr\u00e9sentons notre partenaire. En savoir plus sur l'offre de partenariat.\",\"breadcrumb\":{\"@id\":\"https:\/\/spheriq.ch\/fr\/innovage\/#breadcrumb\"},\"inLanguage\":\"fr-FR\",\"potentialAction\":[{\"@type\":\"ReadAction\",\"target\":[\"https:\/\/spheriq.ch\/fr\/innovage\/\"]}]},{\"@type\":\"ImageObject\",\"inLanguage\":\"fr-FR\",\"@id\":\"https:\/\/spheriq.ch\/fr\/innovage\/#primaryimage\",\"url\":\"https:\/\/spheriq.ch\/wp-content\/uploads\/2023\/11\/innovage-logo.png\",\"contentUrl\":\"https:\/\/spheriq.ch\/wp-content\/uploads\/2023\/11\/innovage-logo.png\"},{\"@type\":\"BreadcrumbList\",\"@id\":\"https:\/\/spheriq.ch\/fr\/innovage\/#breadcrumb\",\"itemListElement\":[{\"@type\":\"ListItem\",\"position\":1,\"name\":\"Home\",\"item\":\"https:\/\/spheriq.ch\/fr\/\"},{\"@type\":\"ListItem\",\"position\":2,\"name\":\"Innovage\"}]},{\"@type\":\"WebSite\",\"@id\":\"https:\/\/spheriq.ch\/fr\/#website\",\"url\":\"https:\/\/spheriq.ch\/fr\/\",\"name\":\"Spheriq\",\"description\":\"Spheriq | Online-Portal f\u00fcr Philanthropie\",\"potentialAction\":[{\"@type\":\"SearchAction\",\"target\":{\"@type\":\"EntryPoint\",\"urlTemplate\":\"https:\/\/spheriq.ch\/fr\/?s={search_term_string}\"},\"query-input\":{\"@type\":\"PropertyValueSpecification\",\"valueRequired\":true,\"valueName\":\"search_term_string\"}}],\"inLanguage\":\"fr-FR\"}]}<\/script>\n<!-- \/ Yoast SEO plugin. -->","yoast_head_json":{"title":"Innovage - Spheriq","description":"Innovage sur stiftungschweiz.ch : Nous pr\u00e9sentons notre partenaire. En savoir plus sur l'offre de partenariat.","robots":{"index":"index","follow":"follow","max-snippet":"max-snippet:-1","max-image-preview":"max-image-preview:large","max-video-preview":"max-video-preview:-1"},"canonical":"https:\/\/spheriq.ch\/fr\/innovage\/","og_locale":"fr_FR","og_type":"article","og_title":"Innovage - Spheriq","og_description":"Innovage sur stiftungschweiz.ch : Nous pr\u00e9sentons notre partenaire. En savoir plus sur l'offre de partenariat.","og_url":"https:\/\/spheriq.ch\/fr\/innovage\/","og_site_name":"Spheriq","article_modified_time":"2024-06-13T08:36:31+00:00","og_image":[{"url":"https:\/\/spheriq.ch\/wp-content\/uploads\/2023\/11\/innovage-logo.png","type":"","width":"","height":""}],"twitter_card":"summary_large_image","twitter_misc":{"Dur\u00e9e de lecture estim\u00e9e":"2 minutes"},"schema":{"@context":"https:\/\/schema.org","@graph":[{"@type":"WebPage","@id":"https:\/\/spheriq.ch\/fr\/innovage\/","url":"https:\/\/spheriq.ch\/fr\/innovage\/","name":"Innovage - Spheriq","isPartOf":{"@id":"https:\/\/spheriq.ch\/fr\/#website"},"primaryImageOfPage":{"@id":"https:\/\/spheriq.ch\/fr\/innovage\/#primaryimage"},"image":{"@id":"https:\/\/spheriq.ch\/fr\/innovage\/#primaryimage"},"thumbnailUrl":"https:\/\/spheriq.ch\/wp-content\/uploads\/2023\/11\/innovage-logo.png","datePublished":"2023-11-02T16:18:16+00:00","dateModified":"2024-06-13T08:36:31+00:00","description":"Innovage sur stiftungschweiz.ch : Nous pr\u00e9sentons notre partenaire. En savoir plus sur l'offre de partenariat.","breadcrumb":{"@id":"https:\/\/spheriq.ch\/fr\/innovage\/#breadcrumb"},"inLanguage":"fr-FR","potentialAction":[{"@type":"ReadAction","target":["https:\/\/spheriq.ch\/fr\/innovage\/"]}]},{"@type":"ImageObject","inLanguage":"fr-FR","@id":"https:\/\/spheriq.ch\/fr\/innovage\/#primaryimage","url":"https:\/\/spheriq.ch\/wp-content\/uploads\/2023\/11\/innovage-logo.png","contentUrl":"https:\/\/spheriq.ch\/wp-content\/uploads\/2023\/11\/innovage-logo.png"},{"@type":"BreadcrumbList","@id":"https:\/\/spheriq.ch\/fr\/innovage\/#breadcrumb","itemListElement":[{"@type":"ListItem","position":1,"name":"Home","item":"https:\/\/spheriq.ch\/fr\/"},{"@type":"ListItem","position":2,"name":"Innovage"}]},{"@type":"WebSite","@id":"https:\/\/spheriq.ch\/fr\/#website","url":"https:\/\/spheriq.ch\/fr\/","name":"Spheriq","description":"Spheriq | Online-Portal f\u00fcr Philanthropie","potentialAction":[{"@type":"SearchAction","target":{"@type":"EntryPoint","urlTemplate":"https:\/\/spheriq.ch\/fr\/?s={search_term_string}"},"query-input":{"@type":"PropertyValueSpecification","valueRequired":true,"valueName":"search_term_string"}}],"inLanguage":"fr-FR"}]}},"uagb_featured_image_src":{"full":false,"thumbnail":false,"medium":false,"medium_large":false,"large":false,"1536x1536":false,"2048x2048":false,"icon":false,"single-thumbnail":false,"menu-24x24":false,"menu-36x36":false,"menu-48x48":false},"uagb_author_info":{"display_name":"Moritz Brunner","author_link":"https:\/\/spheriq.ch\/fr\/author\/moritz-brunner\/"},"uagb_comment_info":0,"uagb_excerpt":"Innovage &#8211; L&rsquo;exp\u00e9rience cr\u00e9e l&rsquo;avenir Plus d&rsquo;informations : www.innovage.chContact : Maison des g\u00e9n\u00e9rations de Berne, Bahnhofplatz 2, CH-3011 Berneinfo@innovage.ch Nous organisons des webinaires et des formations en collaboration avec nos partenaires. Vous trouverez ici le programme actuel.","_links":{"self":[{"href":"https:\/\/spheriq.ch\/fr\/wp-json\/wp\/v2\/pages\/12683","targetHints":{"allow":["GET"]}}],"collection":[{"href":"https:\/\/spheriq.ch\/fr\/wp-json\/wp\/v2\/pages"}],"about":[{"href":"https:\/\/spheriq.ch\/fr\/wp-json\/wp\/v2\/types\/page"}],"author":[{"embeddable":true,"href":"https:\/\/spheriq.ch\/fr\/wp-json\/wp\/v2\/users\/6"}],"replies":[{"embeddable":true,"href":"https:\/\/spheriq.ch\/fr\/wp-json\/wp\/v2\/comments?post=12683"}],"version-history":[{"count":6,"href":"https:\/\/spheriq.ch\/fr\/wp-json\/wp\/v2\/pages\/12683\/revisions"}],"predecessor-version":[{"id":17171,"href":"https:\/\/spheriq.ch\/fr\/wp-json\/wp\/v2\/pages\/12683\/revisions\/17171"}],"wp:attachment":[{"href":"https:\/\/spheriq.ch\/fr\/wp-json\/wp\/v2\/media?parent=12683"}],"curies":[{"name":"wp","href":"https:\/\/api.w.org\/{rel}","templated":true}]}}