{"id":12660,"date":"2023-11-02T15:58:12","date_gmt":"2023-11-02T15:58:12","guid":{"rendered":"https:\/\/spheriq.ch\/?page_id=12660"},"modified":"2024-06-13T08:37:05","modified_gmt":"2024-06-13T08:37:05","slug":"con-sense","status":"publish","type":"page","link":"https:\/\/spheriq.ch\/fr\/con-sense\/","title":{"rendered":"Con\u00b7Sense Philanthropy Consulting"},"content":{"rendered":"<div class=\"wp-block-cover alignwide\" style=\"min-height:308px;aspect-ratio:unset;\"><span aria-hidden=\"true\" class=\"wp-block-cover__background has-background-dim-0 has-background-dim\"><\/span><img loading=\"lazy\" decoding=\"async\" width=\"1633\" height=\"1086\" class=\"wp-block-cover__image-background wp-image-12863\" alt=\"\" src=\"https:\/\/spheriq.ch\/wp-content\/uploads\/2023\/11\/consense_Header1.jpg\" data-object-fit=\"cover\" srcset=\"https:\/\/spheriq.ch\/wp-content\/uploads\/2023\/11\/consense_Header1.jpg 1633w, https:\/\/spheriq.ch\/wp-content\/uploads\/2023\/11\/consense_Header1-300x200.jpg 300w, https:\/\/spheriq.ch\/wp-content\/uploads\/2023\/11\/consense_Header1-1024x681.jpg 1024w, https:\/\/spheriq.ch\/wp-content\/uploads\/2023\/11\/consense_Header1-768x511.jpg 768w, https:\/\/spheriq.ch\/wp-content\/uploads\/2023\/11\/consense_Header1-1536x1021.jpg 1536w, https:\/\/spheriq.ch\/wp-content\/uploads\/2023\/11\/consense_Header1-24x16.jpg 24w, https:\/\/spheriq.ch\/wp-content\/uploads\/2023\/11\/consense_Header1-36x24.jpg 36w, https:\/\/spheriq.ch\/wp-content\/uploads\/2023\/11\/consense_Header1-48x32.jpg 48w\" sizes=\"auto, (max-width: 1633px) 100vw, 1633px\" \/><div class=\"wp-block-cover__inner-container is-layout-constrained wp-block-cover-is-layout-constrained\"><p class=\"has-text-align-center has-large-font-size\"><\/p><\/div><\/div><h1 class=\"wp-block-heading\">Con\u00b7Sense Philanthropy Consulting<\/h1><div class=\"wp-bootstrap-blocks-row row\">\n\t\n<div class=\"col-12 col-md-9\">\n\t\t\t\n<p>L&rsquo;\u00e9quipe de conseil de Con\u00b7Sense accompagne les organisations \u00e0 but non lucratif, les fondations, les entreprises et les autorit\u00e9s dans les questions strat\u00e9giques et op\u00e9rationnelles. Nous menons des processus de mani\u00e8re participative, \u00e9laborons des bases de d\u00e9cision et d\u00e9veloppons ensemble des strat\u00e9gies porteuses d&rsquo;avenir. En tant que spin-off du Center for Philanthropy Studies (CEPS) de l&rsquo;Universit\u00e9 de B\u00e2le, nous apportons des impulsions actuelles issues de la recherche et les associons \u00e0 la longue exp\u00e9rience pratique de notre <strong><a class=\"\" href=\"https:\/\/www.aboutconsense.ch\/%C3%BCber-uns\" target=\"_blank\" rel=\"noreferrer noopener\">\u00e9quipe interdisciplinaire<\/a>.<\/strong> <\/p>\n\n<p>En tant qu&rsquo;entreprise certifi\u00e9e B Corp, nous pla\u00e7ons l&rsquo;impact social positif au centre de notre travail.<\/p>\n\t<\/div>\n\n<div class=\"col-12 col-md-3\">\n\t\t\t\n<figure class=\"wp-block-image alignleft size-large is-resized\"><a href=\"https:\/\/www.aboutconsense.ch\/\"><img loading=\"lazy\" decoding=\"async\" width=\"1024\" height=\"1024\" src=\"https:\/\/spheriq.ch\/wp-content\/uploads\/2023\/11\/con-sense-Logo-Logo-Kreis-1024x1024.png\" alt=\"\" class=\"wp-image-12663\" style=\"object-fit:contain;width:undefinedpx;height:110px\" srcset=\"https:\/\/spheriq.ch\/wp-content\/uploads\/2023\/11\/con-sense-Logo-Logo-Kreis-1024x1024.png 1024w, https:\/\/spheriq.ch\/wp-content\/uploads\/2023\/11\/con-sense-Logo-Logo-Kreis-300x300.png 300w, https:\/\/spheriq.ch\/wp-content\/uploads\/2023\/11\/con-sense-Logo-Logo-Kreis-150x150.png 150w, https:\/\/spheriq.ch\/wp-content\/uploads\/2023\/11\/con-sense-Logo-Logo-Kreis-768x767.png 768w, https:\/\/spheriq.ch\/wp-content\/uploads\/2023\/11\/con-sense-Logo-Logo-Kreis-50x50.png 50w, https:\/\/spheriq.ch\/wp-content\/uploads\/2023\/11\/con-sense-Logo-Logo-Kreis-24x24.png 24w, https:\/\/spheriq.ch\/wp-content\/uploads\/2023\/11\/con-sense-Logo-Logo-Kreis-36x36.png 36w, https:\/\/spheriq.ch\/wp-content\/uploads\/2023\/11\/con-sense-Logo-Logo-Kreis-48x48.png 48w, https:\/\/spheriq.ch\/wp-content\/uploads\/2023\/11\/con-sense-Logo-Logo-Kreis.png 1324w\" sizes=\"auto, (max-width: 1024px) 100vw, 1024px\" \/><\/a><\/figure>\n\t<\/div>\n<\/div><p><strong>Plus d&rsquo;informations : <\/strong><br><a href=\"https:\/\/www.aboutconsense.ch\/\">https:\/\/www.aboutconsense.ch\/<\/a> <br><strong>Contact :<\/strong> <br>Steinentorstrasse 11, CH-4051 B\u00e2le  <br>41 76 270 65 00 | <a href=\"mailto:contact@teamconsense.ch\">contact@teamconsense.ch<\/a><\/p><p><\/p><h3 class=\"wp-block-heading\">Nous organisons des webinaires et des formations en collaboration avec nos partenaires. <a href=\"https:\/\/app.spheriq.ch\/webinars\">Vous trouverez ici le programme actuel.<\/a><\/h3>","protected":false},"excerpt":{"rendered":"Con\u00b7Sense Philanthropy Consulting Plus d&rsquo;informations : https:\/\/www.aboutconsense.ch\/ Contact : Steinentorstrasse 11, CH-4051 B\u00e2le 41 76 270 65 00 | contact@teamconsense.ch Nous organisons des webinaires et des formations en collaboration avec nos partenaires. Vous trouverez ici le programme actuel.","protected":false},"author":6,"featured_media":0,"parent":0,"menu_order":0,"comment_status":"closed","ping_status":"closed","template":"","meta":{"_acf_changed":false,"_uag_custom_page_level_css":"","footnotes":""},"class_list":["post-12660","page","type-page","status-publish","hentry"],"acf":[],"yoast_head":"<!-- This site is optimized with the Yoast SEO plugin v26.9 - https:\/\/yoast.com\/product\/yoast-seo-wordpress\/ -->\n<title>Con\u00b7Sense Philanthropy Consulting - Spheriq<\/title>\n<meta name=\"description\" content=\"Consense sur stiftungschweiz.ch : Nous pr\u00e9sentons notre partenaire. En savoir plus sur l&#039;offre de partenariat.\" \/>\n<meta name=\"robots\" content=\"index, follow, max-snippet:-1, max-image-preview:large, max-video-preview:-1\" \/>\n<link rel=\"canonical\" href=\"https:\/\/spheriq.ch\/fr\/con-sense\/\" \/>\n<meta property=\"og:locale\" content=\"fr_FR\" \/>\n<meta property=\"og:type\" content=\"article\" \/>\n<meta property=\"og:title\" content=\"Con\u00b7Sense Philanthropy Consulting - Spheriq\" \/>\n<meta property=\"og:description\" content=\"Consense sur stiftungschweiz.ch : Nous pr\u00e9sentons notre partenaire. En savoir plus sur l&#039;offre de partenariat.\" \/>\n<meta property=\"og:url\" content=\"https:\/\/spheriq.ch\/fr\/con-sense\/\" \/>\n<meta property=\"og:site_name\" content=\"Spheriq\" \/>\n<meta property=\"article:modified_time\" content=\"2024-06-13T08:37:05+00:00\" \/>\n<meta property=\"og:image\" content=\"https:\/\/spheriq.ch\/wp-content\/uploads\/2023\/11\/consense_Header1.jpg\" \/>\n<meta name=\"twitter:card\" content=\"summary_large_image\" \/>\n<meta name=\"twitter:label1\" content=\"Dur\u00e9e de lecture estim\u00e9e\" \/>\n\t<meta name=\"twitter:data1\" content=\"2 minutes\" \/>\n<script type=\"application\/ld+json\" class=\"yoast-schema-graph\">{\"@context\":\"https:\/\/schema.org\",\"@graph\":[{\"@type\":\"WebPage\",\"@id\":\"https:\/\/spheriq.ch\/fr\/con-sense\/\",\"url\":\"https:\/\/spheriq.ch\/fr\/con-sense\/\",\"name\":\"Con\u00b7Sense Philanthropy Consulting - Spheriq\",\"isPartOf\":{\"@id\":\"https:\/\/spheriq.ch\/fr\/#website\"},\"primaryImageOfPage\":{\"@id\":\"https:\/\/spheriq.ch\/fr\/con-sense\/#primaryimage\"},\"image\":{\"@id\":\"https:\/\/spheriq.ch\/fr\/con-sense\/#primaryimage\"},\"thumbnailUrl\":\"https:\/\/spheriq.ch\/wp-content\/uploads\/2023\/11\/consense_Header1.jpg\",\"datePublished\":\"2023-11-02T15:58:12+00:00\",\"dateModified\":\"2024-06-13T08:37:05+00:00\",\"description\":\"Consense sur stiftungschweiz.ch : Nous pr\u00e9sentons notre partenaire. En savoir plus sur l'offre de partenariat.\",\"breadcrumb\":{\"@id\":\"https:\/\/spheriq.ch\/fr\/con-sense\/#breadcrumb\"},\"inLanguage\":\"fr-FR\",\"potentialAction\":[{\"@type\":\"ReadAction\",\"target\":[\"https:\/\/spheriq.ch\/fr\/con-sense\/\"]}]},{\"@type\":\"ImageObject\",\"inLanguage\":\"fr-FR\",\"@id\":\"https:\/\/spheriq.ch\/fr\/con-sense\/#primaryimage\",\"url\":\"https:\/\/spheriq.ch\/wp-content\/uploads\/2023\/11\/consense_Header1.jpg\",\"contentUrl\":\"https:\/\/spheriq.ch\/wp-content\/uploads\/2023\/11\/consense_Header1.jpg\"},{\"@type\":\"BreadcrumbList\",\"@id\":\"https:\/\/spheriq.ch\/fr\/con-sense\/#breadcrumb\",\"itemListElement\":[{\"@type\":\"ListItem\",\"position\":1,\"name\":\"Home\",\"item\":\"https:\/\/spheriq.ch\/fr\/\"},{\"@type\":\"ListItem\",\"position\":2,\"name\":\"Con\u00b7Sense Philanthropy Consulting\"}]},{\"@type\":\"WebSite\",\"@id\":\"https:\/\/spheriq.ch\/fr\/#website\",\"url\":\"https:\/\/spheriq.ch\/fr\/\",\"name\":\"Spheriq\",\"description\":\"Spheriq | Online-Portal f\u00fcr Philanthropie\",\"potentialAction\":[{\"@type\":\"SearchAction\",\"target\":{\"@type\":\"EntryPoint\",\"urlTemplate\":\"https:\/\/spheriq.ch\/fr\/?s={search_term_string}\"},\"query-input\":{\"@type\":\"PropertyValueSpecification\",\"valueRequired\":true,\"valueName\":\"search_term_string\"}}],\"inLanguage\":\"fr-FR\"}]}<\/script>\n<!-- \/ Yoast SEO plugin. -->","yoast_head_json":{"title":"Con\u00b7Sense Philanthropy Consulting - Spheriq","description":"Consense sur stiftungschweiz.ch : Nous pr\u00e9sentons notre partenaire. En savoir plus sur l'offre de partenariat.","robots":{"index":"index","follow":"follow","max-snippet":"max-snippet:-1","max-image-preview":"max-image-preview:large","max-video-preview":"max-video-preview:-1"},"canonical":"https:\/\/spheriq.ch\/fr\/con-sense\/","og_locale":"fr_FR","og_type":"article","og_title":"Con\u00b7Sense Philanthropy Consulting - Spheriq","og_description":"Consense sur stiftungschweiz.ch : Nous pr\u00e9sentons notre partenaire. En savoir plus sur l'offre de partenariat.","og_url":"https:\/\/spheriq.ch\/fr\/con-sense\/","og_site_name":"Spheriq","article_modified_time":"2024-06-13T08:37:05+00:00","og_image":[{"url":"https:\/\/spheriq.ch\/wp-content\/uploads\/2023\/11\/consense_Header1.jpg","type":"","width":"","height":""}],"twitter_card":"summary_large_image","twitter_misc":{"Dur\u00e9e de lecture estim\u00e9e":"2 minutes"},"schema":{"@context":"https:\/\/schema.org","@graph":[{"@type":"WebPage","@id":"https:\/\/spheriq.ch\/fr\/con-sense\/","url":"https:\/\/spheriq.ch\/fr\/con-sense\/","name":"Con\u00b7Sense Philanthropy Consulting - Spheriq","isPartOf":{"@id":"https:\/\/spheriq.ch\/fr\/#website"},"primaryImageOfPage":{"@id":"https:\/\/spheriq.ch\/fr\/con-sense\/#primaryimage"},"image":{"@id":"https:\/\/spheriq.ch\/fr\/con-sense\/#primaryimage"},"thumbnailUrl":"https:\/\/spheriq.ch\/wp-content\/uploads\/2023\/11\/consense_Header1.jpg","datePublished":"2023-11-02T15:58:12+00:00","dateModified":"2024-06-13T08:37:05+00:00","description":"Consense sur stiftungschweiz.ch : Nous pr\u00e9sentons notre partenaire. En savoir plus sur l'offre de partenariat.","breadcrumb":{"@id":"https:\/\/spheriq.ch\/fr\/con-sense\/#breadcrumb"},"inLanguage":"fr-FR","potentialAction":[{"@type":"ReadAction","target":["https:\/\/spheriq.ch\/fr\/con-sense\/"]}]},{"@type":"ImageObject","inLanguage":"fr-FR","@id":"https:\/\/spheriq.ch\/fr\/con-sense\/#primaryimage","url":"https:\/\/spheriq.ch\/wp-content\/uploads\/2023\/11\/consense_Header1.jpg","contentUrl":"https:\/\/spheriq.ch\/wp-content\/uploads\/2023\/11\/consense_Header1.jpg"},{"@type":"BreadcrumbList","@id":"https:\/\/spheriq.ch\/fr\/con-sense\/#breadcrumb","itemListElement":[{"@type":"ListItem","position":1,"name":"Home","item":"https:\/\/spheriq.ch\/fr\/"},{"@type":"ListItem","position":2,"name":"Con\u00b7Sense Philanthropy Consulting"}]},{"@type":"WebSite","@id":"https:\/\/spheriq.ch\/fr\/#website","url":"https:\/\/spheriq.ch\/fr\/","name":"Spheriq","description":"Spheriq | Online-Portal f\u00fcr Philanthropie","potentialAction":[{"@type":"SearchAction","target":{"@type":"EntryPoint","urlTemplate":"https:\/\/spheriq.ch\/fr\/?s={search_term_string}"},"query-input":{"@type":"PropertyValueSpecification","valueRequired":true,"valueName":"search_term_string"}}],"inLanguage":"fr-FR"}]}},"uagb_featured_image_src":{"full":false,"thumbnail":false,"medium":false,"medium_large":false,"large":false,"1536x1536":false,"2048x2048":false,"icon":false,"single-thumbnail":false,"menu-24x24":false,"menu-36x36":false,"menu-48x48":false},"uagb_author_info":{"display_name":"Moritz Brunner","author_link":"https:\/\/spheriq.ch\/fr\/author\/moritz-brunner\/"},"uagb_comment_info":0,"uagb_excerpt":"Con\u00b7Sense Philanthropy Consulting Plus d&rsquo;informations : https:\/\/www.aboutconsense.ch\/ Contact : Steinentorstrasse 11, CH-4051 B\u00e2le 41 76 270 65 00 | contact@teamconsense.ch Nous organisons des webinaires et des formations en collaboration avec nos partenaires. Vous trouverez ici le programme actuel.","_links":{"self":[{"href":"https:\/\/spheriq.ch\/fr\/wp-json\/wp\/v2\/pages\/12660","targetHints":{"allow":["GET"]}}],"collection":[{"href":"https:\/\/spheriq.ch\/fr\/wp-json\/wp\/v2\/pages"}],"about":[{"href":"https:\/\/spheriq.ch\/fr\/wp-json\/wp\/v2\/types\/page"}],"author":[{"embeddable":true,"href":"https:\/\/spheriq.ch\/fr\/wp-json\/wp\/v2\/users\/6"}],"replies":[{"embeddable":true,"href":"https:\/\/spheriq.ch\/fr\/wp-json\/wp\/v2\/comments?post=12660"}],"version-history":[{"count":17,"href":"https:\/\/spheriq.ch\/fr\/wp-json\/wp\/v2\/pages\/12660\/revisions"}],"predecessor-version":[{"id":17172,"href":"https:\/\/spheriq.ch\/fr\/wp-json\/wp\/v2\/pages\/12660\/revisions\/17172"}],"wp:attachment":[{"href":"https:\/\/spheriq.ch\/fr\/wp-json\/wp\/v2\/media?parent=12660"}],"curies":[{"name":"wp","href":"https:\/\/api.w.org\/{rel}","templated":true}]}}