{"id":12040,"date":"2023-10-19T16:23:56","date_gmt":"2023-10-19T16:23:56","guid":{"rendered":"https:\/\/spheriq.ch\/?page_id=12040"},"modified":"2024-06-13T08:39:09","modified_gmt":"2024-06-13T08:39:09","slug":"kuhne-wicki","status":"publish","type":"page","link":"https:\/\/spheriq.ch\/fr\/kuhne-wicki\/","title":{"rendered":"k\u00fchne wicki"},"content":{"rendered":"<h1 class=\"wp-block-heading\">k\u00fchne wicki<\/h1><div class=\"wp-bootstrap-blocks-row row\">\n\t\n<div class=\"col-12 col-md-9\">\n\t\t\t\n<p>Le bureau de prospective K\u00fchne Wicki s&rsquo;est sp\u00e9cialis\u00e9 dans le fait de rendre l&rsquo;avenir abstrait tangible et compr\u00e9hensible d\u00e8s aujourd&rsquo;hui. Nous soutenons les organisations et les institutions par des recherches sur les tendances, des conseils strat\u00e9giques et une collaboration active dans les projets et les processus d&rsquo;avenir. Notre travail se manifeste sous la forme de mots et d&rsquo;images, d&rsquo;\u00e9tudes et de sc\u00e9narios ainsi que d&rsquo;ateliers sur mesure. Nous l&rsquo;appelons bri\u00e8vement \u00ab\u00a0Future Stuff\u00a0\u00bb. Qu&rsquo;il s&rsquo;agisse d&rsquo;analyse de tendances, de d\u00e9veloppement de vision ou de strat\u00e9gie d&rsquo;impl\u00e9mentation, nous sommes votre partenaire pour un avenir dans lequel vous restez capable d&rsquo;agir.<\/p>\n\n<p><\/p>\n\t<\/div>\n\n<div class=\"col-12 col-md-3\">\n\t\t\t\n<figure class=\"wp-block-image size-full is-resized\"><img loading=\"lazy\" decoding=\"async\" width=\"324\" height=\"74\" src=\"https:\/\/spheriq.ch\/wp-content\/uploads\/2023\/10\/Kuehnewicki-logo-helvetica_RGB_Web.jpg\" alt=\"\" class=\"wp-image-12149\" style=\"width:300px\" srcset=\"https:\/\/spheriq.ch\/wp-content\/uploads\/2023\/10\/Kuehnewicki-logo-helvetica_RGB_Web.jpg 324w, https:\/\/spheriq.ch\/wp-content\/uploads\/2023\/10\/Kuehnewicki-logo-helvetica_RGB_Web-300x69.jpg 300w, https:\/\/spheriq.ch\/wp-content\/uploads\/2023\/10\/Kuehnewicki-logo-helvetica_RGB_Web-24x5.jpg 24w, https:\/\/spheriq.ch\/wp-content\/uploads\/2023\/10\/Kuehnewicki-logo-helvetica_RGB_Web-36x8.jpg 36w, https:\/\/spheriq.ch\/wp-content\/uploads\/2023\/10\/Kuehnewicki-logo-helvetica_RGB_Web-48x11.jpg 48w\" sizes=\"auto, (max-width: 324px) 100vw, 324px\" \/><\/figure>\n\t<\/div>\n<\/div><p><strong>Plus d&rsquo;informations : <\/strong><br><a href=\"https:\/\/www.kuehnewicki.com\/\">www.kuehnewicki.com<\/a><\/p><p><br><strong>Contact :<\/strong> <br>Martina Wicki, co-fondatrice, k\u00fchne wicki GmbH, Weststrasse 62, 8003 Zurich<br>41 44 524 12 99 | <a href=\"mailto:kuehne@kuehnewicki.com\" target=\"_blank\" rel=\"noreferrer noopener\">kuehne@kuehnewicki.com<\/a> <\/p><p><\/p><h3 class=\"wp-block-heading\">Nous organisons des webinaires et des formations en collaboration avec nos partenaires. <a href=\"https:\/\/app.spheriq.ch\/webinars\">Vous trouverez ici le programme actuel.<\/a><br><\/h3>","protected":false},"excerpt":{"rendered":"k\u00fchne wicki Plus d&rsquo;informations : www.kuehnewicki.com Contact : Martina Wicki, co-fondatrice, k\u00fchne wicki GmbH, Weststrasse 62, 8003 Zurich41 44 524 12 99 | kuehne@kuehnewicki.com Nous organisons des webinaires et des formations en collaboration avec nos partenaires. Vous trouverez ici le programme actuel.","protected":false},"author":7,"featured_media":0,"parent":0,"menu_order":0,"comment_status":"closed","ping_status":"closed","template":"","meta":{"_acf_changed":false,"_uag_custom_page_level_css":"","footnotes":""},"class_list":["post-12040","page","type-page","status-publish","hentry"],"acf":[],"yoast_head":"<!-- This site is optimized with the Yoast SEO plugin v26.9 - https:\/\/yoast.com\/product\/yoast-seo-wordpress\/ -->\n<title>k\u00fchne wicki - Spheriq<\/title>\n<meta name=\"description\" content=\"k\u00fchne wicki sur stiftungschweiz.ch : Nous pr\u00e9sentons notre partenaire. En savoir plus sur l&#039;offre de partenariat.\" \/>\n<meta name=\"robots\" content=\"index, follow, max-snippet:-1, max-image-preview:large, max-video-preview:-1\" \/>\n<link rel=\"canonical\" href=\"https:\/\/spheriq.ch\/fr\/kuhne-wicki\/\" \/>\n<meta property=\"og:locale\" content=\"fr_FR\" \/>\n<meta property=\"og:type\" content=\"article\" \/>\n<meta property=\"og:title\" content=\"k\u00fchne wicki - Spheriq\" \/>\n<meta property=\"og:description\" content=\"k\u00fchne wicki sur stiftungschweiz.ch : Nous pr\u00e9sentons notre partenaire. En savoir plus sur l&#039;offre de partenariat.\" \/>\n<meta property=\"og:url\" content=\"https:\/\/spheriq.ch\/fr\/kuhne-wicki\/\" \/>\n<meta property=\"og:site_name\" content=\"Spheriq\" \/>\n<meta property=\"article:modified_time\" content=\"2024-06-13T08:39:09+00:00\" \/>\n<meta property=\"og:image\" content=\"https:\/\/spheriq.ch\/wp-content\/uploads\/2023\/10\/Kuehnewicki-logo-helvetica_RGB_Web.jpg\" \/>\n<meta name=\"twitter:card\" content=\"summary_large_image\" \/>\n<meta name=\"twitter:label1\" content=\"Dur\u00e9e de lecture estim\u00e9e\" \/>\n\t<meta name=\"twitter:data1\" content=\"1 minute\" \/>\n<script type=\"application\/ld+json\" class=\"yoast-schema-graph\">{\"@context\":\"https:\/\/schema.org\",\"@graph\":[{\"@type\":\"WebPage\",\"@id\":\"https:\/\/spheriq.ch\/fr\/kuhne-wicki\/\",\"url\":\"https:\/\/spheriq.ch\/fr\/kuhne-wicki\/\",\"name\":\"k\u00fchne wicki - Spheriq\",\"isPartOf\":{\"@id\":\"https:\/\/spheriq.ch\/fr\/#website\"},\"primaryImageOfPage\":{\"@id\":\"https:\/\/spheriq.ch\/fr\/kuhne-wicki\/#primaryimage\"},\"image\":{\"@id\":\"https:\/\/spheriq.ch\/fr\/kuhne-wicki\/#primaryimage\"},\"thumbnailUrl\":\"https:\/\/spheriq.ch\/wp-content\/uploads\/2023\/10\/Kuehnewicki-logo-helvetica_RGB_Web.jpg\",\"datePublished\":\"2023-10-19T16:23:56+00:00\",\"dateModified\":\"2024-06-13T08:39:09+00:00\",\"description\":\"k\u00fchne wicki sur stiftungschweiz.ch : Nous pr\u00e9sentons notre partenaire. En savoir plus sur l'offre de partenariat.\",\"breadcrumb\":{\"@id\":\"https:\/\/spheriq.ch\/fr\/kuhne-wicki\/#breadcrumb\"},\"inLanguage\":\"fr-FR\",\"potentialAction\":[{\"@type\":\"ReadAction\",\"target\":[\"https:\/\/spheriq.ch\/fr\/kuhne-wicki\/\"]}]},{\"@type\":\"ImageObject\",\"inLanguage\":\"fr-FR\",\"@id\":\"https:\/\/spheriq.ch\/fr\/kuhne-wicki\/#primaryimage\",\"url\":\"https:\/\/spheriq.ch\/wp-content\/uploads\/2023\/10\/Kuehnewicki-logo-helvetica_RGB_Web.jpg\",\"contentUrl\":\"https:\/\/spheriq.ch\/wp-content\/uploads\/2023\/10\/Kuehnewicki-logo-helvetica_RGB_Web.jpg\"},{\"@type\":\"BreadcrumbList\",\"@id\":\"https:\/\/spheriq.ch\/fr\/kuhne-wicki\/#breadcrumb\",\"itemListElement\":[{\"@type\":\"ListItem\",\"position\":1,\"name\":\"Home\",\"item\":\"https:\/\/spheriq.ch\/fr\/\"},{\"@type\":\"ListItem\",\"position\":2,\"name\":\"k\u00fchne wicki\"}]},{\"@type\":\"WebSite\",\"@id\":\"https:\/\/spheriq.ch\/fr\/#website\",\"url\":\"https:\/\/spheriq.ch\/fr\/\",\"name\":\"Spheriq\",\"description\":\"Spheriq | Online-Portal f\u00fcr Philanthropie\",\"potentialAction\":[{\"@type\":\"SearchAction\",\"target\":{\"@type\":\"EntryPoint\",\"urlTemplate\":\"https:\/\/spheriq.ch\/fr\/?s={search_term_string}\"},\"query-input\":{\"@type\":\"PropertyValueSpecification\",\"valueRequired\":true,\"valueName\":\"search_term_string\"}}],\"inLanguage\":\"fr-FR\"}]}<\/script>\n<!-- \/ Yoast SEO plugin. -->","yoast_head_json":{"title":"k\u00fchne wicki - Spheriq","description":"k\u00fchne wicki sur stiftungschweiz.ch : Nous pr\u00e9sentons notre partenaire. En savoir plus sur l'offre de partenariat.","robots":{"index":"index","follow":"follow","max-snippet":"max-snippet:-1","max-image-preview":"max-image-preview:large","max-video-preview":"max-video-preview:-1"},"canonical":"https:\/\/spheriq.ch\/fr\/kuhne-wicki\/","og_locale":"fr_FR","og_type":"article","og_title":"k\u00fchne wicki - Spheriq","og_description":"k\u00fchne wicki sur stiftungschweiz.ch : Nous pr\u00e9sentons notre partenaire. En savoir plus sur l'offre de partenariat.","og_url":"https:\/\/spheriq.ch\/fr\/kuhne-wicki\/","og_site_name":"Spheriq","article_modified_time":"2024-06-13T08:39:09+00:00","og_image":[{"url":"https:\/\/spheriq.ch\/wp-content\/uploads\/2023\/10\/Kuehnewicki-logo-helvetica_RGB_Web.jpg","type":"","width":"","height":""}],"twitter_card":"summary_large_image","twitter_misc":{"Dur\u00e9e de lecture estim\u00e9e":"1 minute"},"schema":{"@context":"https:\/\/schema.org","@graph":[{"@type":"WebPage","@id":"https:\/\/spheriq.ch\/fr\/kuhne-wicki\/","url":"https:\/\/spheriq.ch\/fr\/kuhne-wicki\/","name":"k\u00fchne wicki - Spheriq","isPartOf":{"@id":"https:\/\/spheriq.ch\/fr\/#website"},"primaryImageOfPage":{"@id":"https:\/\/spheriq.ch\/fr\/kuhne-wicki\/#primaryimage"},"image":{"@id":"https:\/\/spheriq.ch\/fr\/kuhne-wicki\/#primaryimage"},"thumbnailUrl":"https:\/\/spheriq.ch\/wp-content\/uploads\/2023\/10\/Kuehnewicki-logo-helvetica_RGB_Web.jpg","datePublished":"2023-10-19T16:23:56+00:00","dateModified":"2024-06-13T08:39:09+00:00","description":"k\u00fchne wicki sur stiftungschweiz.ch : Nous pr\u00e9sentons notre partenaire. En savoir plus sur l'offre de partenariat.","breadcrumb":{"@id":"https:\/\/spheriq.ch\/fr\/kuhne-wicki\/#breadcrumb"},"inLanguage":"fr-FR","potentialAction":[{"@type":"ReadAction","target":["https:\/\/spheriq.ch\/fr\/kuhne-wicki\/"]}]},{"@type":"ImageObject","inLanguage":"fr-FR","@id":"https:\/\/spheriq.ch\/fr\/kuhne-wicki\/#primaryimage","url":"https:\/\/spheriq.ch\/wp-content\/uploads\/2023\/10\/Kuehnewicki-logo-helvetica_RGB_Web.jpg","contentUrl":"https:\/\/spheriq.ch\/wp-content\/uploads\/2023\/10\/Kuehnewicki-logo-helvetica_RGB_Web.jpg"},{"@type":"BreadcrumbList","@id":"https:\/\/spheriq.ch\/fr\/kuhne-wicki\/#breadcrumb","itemListElement":[{"@type":"ListItem","position":1,"name":"Home","item":"https:\/\/spheriq.ch\/fr\/"},{"@type":"ListItem","position":2,"name":"k\u00fchne wicki"}]},{"@type":"WebSite","@id":"https:\/\/spheriq.ch\/fr\/#website","url":"https:\/\/spheriq.ch\/fr\/","name":"Spheriq","description":"Spheriq | Online-Portal f\u00fcr Philanthropie","potentialAction":[{"@type":"SearchAction","target":{"@type":"EntryPoint","urlTemplate":"https:\/\/spheriq.ch\/fr\/?s={search_term_string}"},"query-input":{"@type":"PropertyValueSpecification","valueRequired":true,"valueName":"search_term_string"}}],"inLanguage":"fr-FR"}]}},"uagb_featured_image_src":{"full":false,"thumbnail":false,"medium":false,"medium_large":false,"large":false,"1536x1536":false,"2048x2048":false,"icon":false,"single-thumbnail":false,"menu-24x24":false,"menu-36x36":false,"menu-48x48":false},"uagb_author_info":{"display_name":"Tais Okai","author_link":"https:\/\/spheriq.ch\/fr\/author\/tais-okai\/"},"uagb_comment_info":0,"uagb_excerpt":"k\u00fchne wicki Plus d&rsquo;informations : www.kuehnewicki.com Contact : Martina Wicki, co-fondatrice, k\u00fchne wicki GmbH, Weststrasse 62, 8003 Zurich41 44 524 12 99 | kuehne@kuehnewicki.com Nous organisons des webinaires et des formations en collaboration avec nos partenaires. Vous trouverez ici le programme actuel.","_links":{"self":[{"href":"https:\/\/spheriq.ch\/fr\/wp-json\/wp\/v2\/pages\/12040","targetHints":{"allow":["GET"]}}],"collection":[{"href":"https:\/\/spheriq.ch\/fr\/wp-json\/wp\/v2\/pages"}],"about":[{"href":"https:\/\/spheriq.ch\/fr\/wp-json\/wp\/v2\/types\/page"}],"author":[{"embeddable":true,"href":"https:\/\/spheriq.ch\/fr\/wp-json\/wp\/v2\/users\/7"}],"replies":[{"embeddable":true,"href":"https:\/\/spheriq.ch\/fr\/wp-json\/wp\/v2\/comments?post=12040"}],"version-history":[{"count":10,"href":"https:\/\/spheriq.ch\/fr\/wp-json\/wp\/v2\/pages\/12040\/revisions"}],"predecessor-version":[{"id":17176,"href":"https:\/\/spheriq.ch\/fr\/wp-json\/wp\/v2\/pages\/12040\/revisions\/17176"}],"wp:attachment":[{"href":"https:\/\/spheriq.ch\/fr\/wp-json\/wp\/v2\/media?parent=12040"}],"curies":[{"name":"wp","href":"https:\/\/api.w.org\/{rel}","templated":true}]}}