{"id":12035,"date":"2023-10-19T16:14:48","date_gmt":"2023-10-19T16:14:48","guid":{"rendered":"https:\/\/spheriq.ch\/?page_id=12035"},"modified":"2024-06-13T09:08:44","modified_gmt":"2024-06-13T09:08:44","slug":"centre-de-philanthropie-de-geneve","status":"publish","type":"page","link":"https:\/\/spheriq.ch\/fr\/centre-de-philanthropie-de-geneve\/","title":{"rendered":"Centre de philanthropie de Gen\u00e8ve"},"content":{"rendered":"<h1 class=\"wp-block-heading\">Centre de philanthropie de Gen\u00e8ve<\/h1><div class=\"wp-bootstrap-blocks-row row\">\n\t\n<div class=\"col-12 col-md-9\">\n\t\t\t\n<p>Le Geneva Centre for Philanthropy (GCP) de l&rsquo;Universit\u00e9 de Gen\u00e8ve est situ\u00e9 \u00e0 l&rsquo;un des principaux carrefours mondiaux de la philanthropie. Il adopte une approche multidisciplinaire et interagit directement avec les diff\u00e9rentes facult\u00e9s de l&rsquo;universit\u00e9. Sa mission couvre l&rsquo;enseignement, la recherche et la publication, mais inclut \u00e9galement des \u00e9v\u00e9nements ouverts au public.<\/p>\n\n<p>Le centre comprend \u00e9galement le Behavioral Philanthropy Lab, qui \u00e9tudie le comportement social d\u00e9cisionnel et l&rsquo;action philanthropique, en faisant appel \u00e0 des m\u00e9thodes issues de domaines tels que le comportement des consommateurs ou la psychologie cognitive.<\/p>\n\n<p>Le BPC met \u00e9galement en lumi\u00e8re le r\u00f4le de l&rsquo;intelligence artificielle (IA) dans la philanthropie. Le projet, dirig\u00e9 par le professeur Giuseppe Ugazio, examine comment les organisations philanthropiques peuvent utiliser l&rsquo;IA de mani\u00e8re \u00e9thique et inclusive afin d&rsquo;am\u00e9liorer leur gouvernance, leur d\u00e9veloppement organisationnel et de contenu, leur prise de d\u00e9cision guid\u00e9e par les donn\u00e9es et la mesure de leur impact.<\/p>\n\n<p><\/p>\n\t<\/div>\n\n<div class=\"col-12 col-md-3\">\n\t\t\t\n<figure class=\"wp-block-image size-full is-resized\"><img loading=\"lazy\" decoding=\"async\" width=\"298\" height=\"169\" src=\"https:\/\/spheriq.ch\/wp-content\/uploads\/2023\/10\/unige.png\" alt=\"\" class=\"wp-image-12043\" style=\"width:300px\" srcset=\"https:\/\/spheriq.ch\/wp-content\/uploads\/2023\/10\/unige.png 298w, https:\/\/spheriq.ch\/wp-content\/uploads\/2023\/10\/unige-24x14.png 24w, https:\/\/spheriq.ch\/wp-content\/uploads\/2023\/10\/unige-36x20.png 36w, https:\/\/spheriq.ch\/wp-content\/uploads\/2023\/10\/unige-48x27.png 48w\" sizes=\"auto, (max-width: 298px) 100vw, 298px\" \/><\/figure>\n\t<\/div>\n<\/div><p><strong>Plus d&rsquo;informations : <\/strong><br><a href=\"https:\/\/spheriq.ch\/wp-admin\/post.php?post=11808&amp;action=edit&amp;lang=de\"><\/a><a href=\"https:\/\/www.unige.ch\/philanthropie\" target=\"_blank\" rel=\"noreferrer noopener\">www.unige.ch\/philanthropie<\/a><br><br><strong>Contact :<\/strong> <br>T\u00e9l. + 41 22 379 76 18, <a href=\"mailto:gcphilanthropy@unige.ch\" target=\"_blank\" rel=\"noreferrer noopener\">gcphilanthropy@unige.ch<\/a><\/p><p><\/p><h3 class=\"wp-block-heading\">Nous organisons des webinaires et des formations en collaboration avec nos partenaires. <a href=\"https:\/\/app.spheriq.ch\/webinars\">Vous trouverez ici le programme actuel.<\/a><br><\/h3>","protected":false},"excerpt":{"rendered":"Centre de philanthropie de Gen\u00e8ve Plus d&rsquo;informations : www.unige.ch\/philanthropie Contact : T\u00e9l. + 41 22 379 76 18, gcphilanthropy@unige.ch Nous organisons des webinaires et des formations en collaboration avec nos partenaires. Vous trouverez ici le programme actuel.","protected":false},"author":6,"featured_media":0,"parent":0,"menu_order":0,"comment_status":"closed","ping_status":"closed","template":"","meta":{"_acf_changed":false,"footnotes":""},"class_list":["post-12035","page","type-page","status-publish","hentry"],"acf":[],"yoast_head":"<!-- This site is optimized with the Yoast SEO plugin v26.9 - https:\/\/yoast.com\/product\/yoast-seo-wordpress\/ -->\n<title>Centre de philanthropie de Gen\u00e8ve - Spheriq<\/title>\n<meta name=\"description\" content=\"Geneva Centre for Philanthropy sur stiftungschweiz.ch : Nous pr\u00e9sentons notre partenaire. En savoir plus sur l&#039;offre de partenariat.\" \/>\n<meta name=\"robots\" content=\"index, follow, max-snippet:-1, max-image-preview:large, max-video-preview:-1\" \/>\n<link rel=\"canonical\" href=\"https:\/\/spheriq.ch\/fr\/centre-de-philanthropie-de-geneve\/\" \/>\n<meta property=\"og:locale\" content=\"fr_FR\" \/>\n<meta property=\"og:type\" content=\"article\" \/>\n<meta property=\"og:title\" content=\"Centre de philanthropie de Gen\u00e8ve - Spheriq\" \/>\n<meta property=\"og:description\" content=\"Geneva Centre for Philanthropy sur stiftungschweiz.ch : Nous pr\u00e9sentons notre partenaire. En savoir plus sur l&#039;offre de partenariat.\" \/>\n<meta property=\"og:url\" content=\"https:\/\/spheriq.ch\/fr\/centre-de-philanthropie-de-geneve\/\" \/>\n<meta property=\"og:site_name\" content=\"Spheriq\" \/>\n<meta property=\"article:modified_time\" content=\"2024-06-13T09:08:44+00:00\" \/>\n<meta property=\"og:image\" content=\"https:\/\/spheriq.ch\/wp-content\/uploads\/2023\/10\/unige.png\" \/>\n<meta name=\"twitter:card\" content=\"summary_large_image\" \/>\n<meta name=\"twitter:label1\" content=\"Dur\u00e9e de lecture estim\u00e9e\" \/>\n\t<meta name=\"twitter:data1\" content=\"2 minutes\" \/>\n<script type=\"application\/ld+json\" class=\"yoast-schema-graph\">{\"@context\":\"https:\/\/schema.org\",\"@graph\":[{\"@type\":\"WebPage\",\"@id\":\"https:\/\/spheriq.ch\/fr\/centre-de-philanthropie-de-geneve\/\",\"url\":\"https:\/\/spheriq.ch\/fr\/centre-de-philanthropie-de-geneve\/\",\"name\":\"Centre de philanthropie de Gen\u00e8ve - Spheriq\",\"isPartOf\":{\"@id\":\"https:\/\/spheriq.ch\/fr\/#website\"},\"primaryImageOfPage\":{\"@id\":\"https:\/\/spheriq.ch\/fr\/centre-de-philanthropie-de-geneve\/#primaryimage\"},\"image\":{\"@id\":\"https:\/\/spheriq.ch\/fr\/centre-de-philanthropie-de-geneve\/#primaryimage\"},\"thumbnailUrl\":\"https:\/\/spheriq.ch\/wp-content\/uploads\/2023\/10\/unige.png\",\"datePublished\":\"2023-10-19T16:14:48+00:00\",\"dateModified\":\"2024-06-13T09:08:44+00:00\",\"description\":\"Geneva Centre for Philanthropy sur stiftungschweiz.ch : Nous pr\u00e9sentons notre partenaire. En savoir plus sur l'offre de partenariat.\",\"breadcrumb\":{\"@id\":\"https:\/\/spheriq.ch\/fr\/centre-de-philanthropie-de-geneve\/#breadcrumb\"},\"inLanguage\":\"fr-FR\",\"potentialAction\":[{\"@type\":\"ReadAction\",\"target\":[\"https:\/\/spheriq.ch\/fr\/centre-de-philanthropie-de-geneve\/\"]}]},{\"@type\":\"ImageObject\",\"inLanguage\":\"fr-FR\",\"@id\":\"https:\/\/spheriq.ch\/fr\/centre-de-philanthropie-de-geneve\/#primaryimage\",\"url\":\"https:\/\/spheriq.ch\/wp-content\/uploads\/2023\/10\/unige.png\",\"contentUrl\":\"https:\/\/spheriq.ch\/wp-content\/uploads\/2023\/10\/unige.png\"},{\"@type\":\"BreadcrumbList\",\"@id\":\"https:\/\/spheriq.ch\/fr\/centre-de-philanthropie-de-geneve\/#breadcrumb\",\"itemListElement\":[{\"@type\":\"ListItem\",\"position\":1,\"name\":\"Home\",\"item\":\"https:\/\/spheriq.ch\/fr\/\"},{\"@type\":\"ListItem\",\"position\":2,\"name\":\"Centre de philanthropie de Gen\u00e8ve\"}]},{\"@type\":\"WebSite\",\"@id\":\"https:\/\/spheriq.ch\/fr\/#website\",\"url\":\"https:\/\/spheriq.ch\/fr\/\",\"name\":\"Spheriq\",\"description\":\"Spheriq | Online-Portal f\u00fcr Philanthropie\",\"potentialAction\":[{\"@type\":\"SearchAction\",\"target\":{\"@type\":\"EntryPoint\",\"urlTemplate\":\"https:\/\/spheriq.ch\/fr\/?s={search_term_string}\"},\"query-input\":{\"@type\":\"PropertyValueSpecification\",\"valueRequired\":true,\"valueName\":\"search_term_string\"}}],\"inLanguage\":\"fr-FR\"}]}<\/script>\n<!-- \/ Yoast SEO plugin. -->","yoast_head_json":{"title":"Centre de philanthropie de Gen\u00e8ve - Spheriq","description":"Geneva Centre for Philanthropy sur stiftungschweiz.ch : Nous pr\u00e9sentons notre partenaire. En savoir plus sur l'offre de partenariat.","robots":{"index":"index","follow":"follow","max-snippet":"max-snippet:-1","max-image-preview":"max-image-preview:large","max-video-preview":"max-video-preview:-1"},"canonical":"https:\/\/spheriq.ch\/fr\/centre-de-philanthropie-de-geneve\/","og_locale":"fr_FR","og_type":"article","og_title":"Centre de philanthropie de Gen\u00e8ve - Spheriq","og_description":"Geneva Centre for Philanthropy sur stiftungschweiz.ch : Nous pr\u00e9sentons notre partenaire. En savoir plus sur l'offre de partenariat.","og_url":"https:\/\/spheriq.ch\/fr\/centre-de-philanthropie-de-geneve\/","og_site_name":"Spheriq","article_modified_time":"2024-06-13T09:08:44+00:00","og_image":[{"url":"https:\/\/spheriq.ch\/wp-content\/uploads\/2023\/10\/unige.png","type":"","width":"","height":""}],"twitter_card":"summary_large_image","twitter_misc":{"Dur\u00e9e de lecture estim\u00e9e":"2 minutes"},"schema":{"@context":"https:\/\/schema.org","@graph":[{"@type":"WebPage","@id":"https:\/\/spheriq.ch\/fr\/centre-de-philanthropie-de-geneve\/","url":"https:\/\/spheriq.ch\/fr\/centre-de-philanthropie-de-geneve\/","name":"Centre de philanthropie de Gen\u00e8ve - Spheriq","isPartOf":{"@id":"https:\/\/spheriq.ch\/fr\/#website"},"primaryImageOfPage":{"@id":"https:\/\/spheriq.ch\/fr\/centre-de-philanthropie-de-geneve\/#primaryimage"},"image":{"@id":"https:\/\/spheriq.ch\/fr\/centre-de-philanthropie-de-geneve\/#primaryimage"},"thumbnailUrl":"https:\/\/spheriq.ch\/wp-content\/uploads\/2023\/10\/unige.png","datePublished":"2023-10-19T16:14:48+00:00","dateModified":"2024-06-13T09:08:44+00:00","description":"Geneva Centre for Philanthropy sur stiftungschweiz.ch : Nous pr\u00e9sentons notre partenaire. En savoir plus sur l'offre de partenariat.","breadcrumb":{"@id":"https:\/\/spheriq.ch\/fr\/centre-de-philanthropie-de-geneve\/#breadcrumb"},"inLanguage":"fr-FR","potentialAction":[{"@type":"ReadAction","target":["https:\/\/spheriq.ch\/fr\/centre-de-philanthropie-de-geneve\/"]}]},{"@type":"ImageObject","inLanguage":"fr-FR","@id":"https:\/\/spheriq.ch\/fr\/centre-de-philanthropie-de-geneve\/#primaryimage","url":"https:\/\/spheriq.ch\/wp-content\/uploads\/2023\/10\/unige.png","contentUrl":"https:\/\/spheriq.ch\/wp-content\/uploads\/2023\/10\/unige.png"},{"@type":"BreadcrumbList","@id":"https:\/\/spheriq.ch\/fr\/centre-de-philanthropie-de-geneve\/#breadcrumb","itemListElement":[{"@type":"ListItem","position":1,"name":"Home","item":"https:\/\/spheriq.ch\/fr\/"},{"@type":"ListItem","position":2,"name":"Centre de philanthropie de Gen\u00e8ve"}]},{"@type":"WebSite","@id":"https:\/\/spheriq.ch\/fr\/#website","url":"https:\/\/spheriq.ch\/fr\/","name":"Spheriq","description":"Spheriq | Online-Portal f\u00fcr Philanthropie","potentialAction":[{"@type":"SearchAction","target":{"@type":"EntryPoint","urlTemplate":"https:\/\/spheriq.ch\/fr\/?s={search_term_string}"},"query-input":{"@type":"PropertyValueSpecification","valueRequired":true,"valueName":"search_term_string"}}],"inLanguage":"fr-FR"}]}},"_links":{"self":[{"href":"https:\/\/spheriq.ch\/fr\/wp-json\/wp\/v2\/pages\/12035","targetHints":{"allow":["GET"]}}],"collection":[{"href":"https:\/\/spheriq.ch\/fr\/wp-json\/wp\/v2\/pages"}],"about":[{"href":"https:\/\/spheriq.ch\/fr\/wp-json\/wp\/v2\/types\/page"}],"author":[{"embeddable":true,"href":"https:\/\/spheriq.ch\/fr\/wp-json\/wp\/v2\/users\/6"}],"replies":[{"embeddable":true,"href":"https:\/\/spheriq.ch\/fr\/wp-json\/wp\/v2\/comments?post=12035"}],"version-history":[{"count":5,"href":"https:\/\/spheriq.ch\/fr\/wp-json\/wp\/v2\/pages\/12035\/revisions"}],"predecessor-version":[{"id":17225,"href":"https:\/\/spheriq.ch\/fr\/wp-json\/wp\/v2\/pages\/12035\/revisions\/17225"}],"wp:attachment":[{"href":"https:\/\/spheriq.ch\/fr\/wp-json\/wp\/v2\/media?parent=12035"}],"curies":[{"name":"wp","href":"https:\/\/api.w.org\/{rel}","templated":true}]}}