{"id":11934,"date":"2023-10-19T09:04:30","date_gmt":"2023-10-19T09:04:30","guid":{"rendered":"https:\/\/spheriq.ch\/?page_id=11934"},"modified":"2024-06-13T08:43:08","modified_gmt":"2024-06-13T08:43:08","slug":"logiciel-alphafoundation","status":"publish","type":"page","link":"https:\/\/spheriq.ch\/fr\/logiciel-alphafoundation\/","title":{"rendered":"Logiciel AlphaFoundation"},"content":{"rendered":"<div class=\"wp-block-cover alignwide has-custom-content-position is-position-top-center\" style=\"min-height:250px;aspect-ratio:unset;\"><span aria-hidden=\"true\" class=\"wp-block-cover__background has-background-dim\"><\/span><img loading=\"lazy\" decoding=\"async\" width=\"2560\" height=\"1196\" class=\"wp-block-cover__image-background wp-image-12106\" alt=\"\" src=\"https:\/\/spheriq.ch\/wp-content\/uploads\/2023\/10\/AlphaFoundation_Header-scaled.jpg\" data-object-fit=\"cover\" srcset=\"https:\/\/spheriq.ch\/wp-content\/uploads\/2023\/10\/AlphaFoundation_Header-scaled.jpg 2560w, https:\/\/spheriq.ch\/wp-content\/uploads\/2023\/10\/AlphaFoundation_Header-300x140.jpg 300w, https:\/\/spheriq.ch\/wp-content\/uploads\/2023\/10\/AlphaFoundation_Header-1024x479.jpg 1024w, https:\/\/spheriq.ch\/wp-content\/uploads\/2023\/10\/AlphaFoundation_Header-768x359.jpg 768w, https:\/\/spheriq.ch\/wp-content\/uploads\/2023\/10\/AlphaFoundation_Header-1536x718.jpg 1536w, https:\/\/spheriq.ch\/wp-content\/uploads\/2023\/10\/AlphaFoundation_Header-2048x957.jpg 2048w, https:\/\/spheriq.ch\/wp-content\/uploads\/2023\/10\/AlphaFoundation_Header-24x11.jpg 24w, https:\/\/spheriq.ch\/wp-content\/uploads\/2023\/10\/AlphaFoundation_Header-36x17.jpg 36w, https:\/\/spheriq.ch\/wp-content\/uploads\/2023\/10\/AlphaFoundation_Header-48x22.jpg 48w\" sizes=\"auto, (max-width: 2560px) 100vw, 2560px\" \/><div class=\"wp-block-cover__inner-container is-layout-constrained wp-block-cover-is-layout-constrained\"><p class=\"has-text-align-center\" style=\"font-size:0px\"><\/p><\/div><\/div><h1 class=\"wp-block-heading\"><strong>Logiciel AlphaFoundation<\/strong><\/h1><div class=\"wp-bootstrap-blocks-row row\">\n\t\n<div class=\"col-12 col-md-8\">\n\t\t\t\n<p>Num\u00e9risation diff\u00e9renci\u00e9e pour les fondations donatrices : solution SaaS n\u00e9e en 2009 de la demande d&rsquo;une fondation suisse renomm\u00e9e. D\u00e9velopp\u00e9 en permanence en dialogue avec les clients L&rsquo;utilisabilit\u00e9 et la s\u00e9curit\u00e9 sont constamment contr\u00f4l\u00e9es de mani\u00e8re critique par des prestataires de services externes. Repr\u00e9sente l&rsquo;ensemble du cycle de vie des demandes et des projets &#8211; y compris le monitoring, le reporting, l&rsquo;aper\u00e7u du budget\/cashflow et le processus de paiement guid\u00e9 selon le principe du contr\u00f4le multiple &#8211; configurable de mani\u00e8re flexible et individuelle.<\/p>\n\t<\/div>\n\n<div class=\"col-12 col-md-4\">\n\t\t\t\n<figure class=\"wp-block-image size-large\"><img loading=\"lazy\" decoding=\"async\" width=\"1024\" height=\"341\" src=\"https:\/\/spheriq.ch\/wp-content\/uploads\/2023\/10\/logo_alpphafoundation-1024x341.jpg\" alt=\"\" class=\"wp-image-11937\" srcset=\"https:\/\/spheriq.ch\/wp-content\/uploads\/2023\/10\/logo_alpphafoundation-1024x341.jpg 1024w, https:\/\/spheriq.ch\/wp-content\/uploads\/2023\/10\/logo_alpphafoundation-300x100.jpg 300w, https:\/\/spheriq.ch\/wp-content\/uploads\/2023\/10\/logo_alpphafoundation-768x256.jpg 768w, https:\/\/spheriq.ch\/wp-content\/uploads\/2023\/10\/logo_alpphafoundation-1536x512.jpg 1536w, https:\/\/spheriq.ch\/wp-content\/uploads\/2023\/10\/logo_alpphafoundation-24x8.jpg 24w, https:\/\/spheriq.ch\/wp-content\/uploads\/2023\/10\/logo_alpphafoundation-36x12.jpg 36w, https:\/\/spheriq.ch\/wp-content\/uploads\/2023\/10\/logo_alpphafoundation-48x16.jpg 48w, https:\/\/spheriq.ch\/wp-content\/uploads\/2023\/10\/logo_alpphafoundation.jpg 1594w\" sizes=\"auto, (max-width: 1024px) 100vw, 1024px\" \/><\/figure>\n\t<\/div>\n<\/div><p><\/p><div class=\"wp-bootstrap-blocks-row row\">\n\t\n<div class=\"col-12 col-md-4\">\n\t\t\t\n<p><strong>Plus d&rsquo;informations :<\/strong> <br><a href=\"https:\/\/alphafoundation.com\/kontakt\/\" target=\"_blank\" rel=\"noreferrer noopener nofollow\">https:\/\/alphafoundation.com\/kontakt\/<\/a><br><\/p>\n\n<div style=\"height:20px\" aria-hidden=\"true\" class=\"wp-block-spacer\"><\/div>\n\t<\/div>\n\n<div class=\"col-12 col-md-4\">\n\t\t\t\t<\/div>\n<\/div><div class=\"wp-bootstrap-blocks-row row\">\n\t\n<div class=\"col-12 col-md-4\">\n\t\t\t\n<p><strong>Contact :<\/strong> <br>AlphaFoundation\u00ae Site Suisse :  <br>Lilian-Esther Krauthammer, Alte Spinnerei, CH-8877 Murg am Walensee  <br>T\u00e9l : <a href=\"tel:+41817103224\">+41 81 710 32 24<\/a> | <a href=\"mailto:service@alphafoundation.ch\">service@alphafoundation.ch<\/a><\/p>\n\t<\/div>\n\n<div class=\"col-12 col-md-4\">\n\t\t\t\n<p><br>AlphaFoundation\u00ae site Allemagne :<br>Christian Schilling, Eichbaumweg 6, D-65719 Hofheim am Taunus  <br>T\u00e9l. : <a href=\"tel:+491715250569\">+49 171 525 05 69<\/a> | <a href=\"mailto:schilling@alphafoundation.com\">schilling@alphafoundation.com<\/a><\/p>\n\t<\/div>\n<\/div><div style=\"height:13px\" aria-hidden=\"true\" class=\"wp-block-spacer\"><\/div><h3 class=\"wp-block-heading\">Nous organisons des webinaires et des formations en collaboration avec nos partenaires. <a href=\"https:\/\/app.spheriq.ch\/webinars\">Vous trouverez ici le programme actuel.<\/a><br><\/h3>","protected":false},"excerpt":{"rendered":"Logiciel AlphaFoundation Nous organisons des webinaires et des formations en collaboration avec nos partenaires. Vous trouverez ici le programme actuel.","protected":false},"author":6,"featured_media":0,"parent":0,"menu_order":0,"comment_status":"closed","ping_status":"closed","template":"","meta":{"_acf_changed":false,"_uag_custom_page_level_css":"","footnotes":""},"class_list":["post-11934","page","type-page","status-publish","hentry"],"acf":[],"yoast_head":"<!-- This site is optimized with the Yoast SEO plugin v26.9 - https:\/\/yoast.com\/product\/yoast-seo-wordpress\/ -->\n<title>Logiciel AlphaFoundation - Spheriq<\/title>\n<meta name=\"description\" content=\"AlphaFoundation Software sur stiftungschweiz.ch : Nous pr\u00e9sentons notre partenaire. En savoir plus sur l&#039;offre de partenariat.\" \/>\n<meta name=\"robots\" content=\"index, follow, max-snippet:-1, max-image-preview:large, max-video-preview:-1\" \/>\n<link rel=\"canonical\" href=\"https:\/\/spheriq.ch\/fr\/logiciel-alphafoundation\/\" \/>\n<meta property=\"og:locale\" content=\"fr_FR\" \/>\n<meta property=\"og:type\" content=\"article\" \/>\n<meta property=\"og:title\" content=\"Logiciel AlphaFoundation - Spheriq\" \/>\n<meta property=\"og:description\" content=\"AlphaFoundation Software sur stiftungschweiz.ch : Nous pr\u00e9sentons notre partenaire. En savoir plus sur l&#039;offre de partenariat.\" \/>\n<meta property=\"og:url\" content=\"https:\/\/spheriq.ch\/fr\/logiciel-alphafoundation\/\" \/>\n<meta property=\"og:site_name\" content=\"Spheriq\" \/>\n<meta property=\"article:modified_time\" content=\"2024-06-13T08:43:08+00:00\" \/>\n<meta property=\"og:image\" content=\"https:\/\/spheriq.ch\/wp-content\/uploads\/2023\/10\/AlphaFoundation_Header-scaled.jpg\" \/>\n<meta name=\"twitter:card\" content=\"summary_large_image\" \/>\n<meta name=\"twitter:label1\" content=\"Dur\u00e9e de lecture estim\u00e9e\" \/>\n\t<meta name=\"twitter:data1\" content=\"2 minutes\" \/>\n<script type=\"application\/ld+json\" class=\"yoast-schema-graph\">{\"@context\":\"https:\/\/schema.org\",\"@graph\":[{\"@type\":\"WebPage\",\"@id\":\"https:\/\/spheriq.ch\/fr\/logiciel-alphafoundation\/\",\"url\":\"https:\/\/spheriq.ch\/fr\/logiciel-alphafoundation\/\",\"name\":\"Logiciel AlphaFoundation - Spheriq\",\"isPartOf\":{\"@id\":\"https:\/\/spheriq.ch\/fr\/#website\"},\"primaryImageOfPage\":{\"@id\":\"https:\/\/spheriq.ch\/fr\/logiciel-alphafoundation\/#primaryimage\"},\"image\":{\"@id\":\"https:\/\/spheriq.ch\/fr\/logiciel-alphafoundation\/#primaryimage\"},\"thumbnailUrl\":\"https:\/\/spheriq.ch\/wp-content\/uploads\/2023\/10\/AlphaFoundation_Header-scaled.jpg\",\"datePublished\":\"2023-10-19T09:04:30+00:00\",\"dateModified\":\"2024-06-13T08:43:08+00:00\",\"description\":\"AlphaFoundation Software sur stiftungschweiz.ch : Nous pr\u00e9sentons notre partenaire. En savoir plus sur l'offre de partenariat.\",\"breadcrumb\":{\"@id\":\"https:\/\/spheriq.ch\/fr\/logiciel-alphafoundation\/#breadcrumb\"},\"inLanguage\":\"fr-FR\",\"potentialAction\":[{\"@type\":\"ReadAction\",\"target\":[\"https:\/\/spheriq.ch\/fr\/logiciel-alphafoundation\/\"]}]},{\"@type\":\"ImageObject\",\"inLanguage\":\"fr-FR\",\"@id\":\"https:\/\/spheriq.ch\/fr\/logiciel-alphafoundation\/#primaryimage\",\"url\":\"https:\/\/spheriq.ch\/wp-content\/uploads\/2023\/10\/AlphaFoundation_Header-scaled.jpg\",\"contentUrl\":\"https:\/\/spheriq.ch\/wp-content\/uploads\/2023\/10\/AlphaFoundation_Header-scaled.jpg\"},{\"@type\":\"BreadcrumbList\",\"@id\":\"https:\/\/spheriq.ch\/fr\/logiciel-alphafoundation\/#breadcrumb\",\"itemListElement\":[{\"@type\":\"ListItem\",\"position\":1,\"name\":\"Home\",\"item\":\"https:\/\/spheriq.ch\/fr\/\"},{\"@type\":\"ListItem\",\"position\":2,\"name\":\"Logiciel AlphaFoundation\"}]},{\"@type\":\"WebSite\",\"@id\":\"https:\/\/spheriq.ch\/fr\/#website\",\"url\":\"https:\/\/spheriq.ch\/fr\/\",\"name\":\"Spheriq\",\"description\":\"Spheriq | Online-Portal f\u00fcr Philanthropie\",\"potentialAction\":[{\"@type\":\"SearchAction\",\"target\":{\"@type\":\"EntryPoint\",\"urlTemplate\":\"https:\/\/spheriq.ch\/fr\/?s={search_term_string}\"},\"query-input\":{\"@type\":\"PropertyValueSpecification\",\"valueRequired\":true,\"valueName\":\"search_term_string\"}}],\"inLanguage\":\"fr-FR\"}]}<\/script>\n<!-- \/ Yoast SEO plugin. -->","yoast_head_json":{"title":"Logiciel AlphaFoundation - Spheriq","description":"AlphaFoundation Software sur stiftungschweiz.ch : Nous pr\u00e9sentons notre partenaire. En savoir plus sur l'offre de partenariat.","robots":{"index":"index","follow":"follow","max-snippet":"max-snippet:-1","max-image-preview":"max-image-preview:large","max-video-preview":"max-video-preview:-1"},"canonical":"https:\/\/spheriq.ch\/fr\/logiciel-alphafoundation\/","og_locale":"fr_FR","og_type":"article","og_title":"Logiciel AlphaFoundation - Spheriq","og_description":"AlphaFoundation Software sur stiftungschweiz.ch : Nous pr\u00e9sentons notre partenaire. En savoir plus sur l'offre de partenariat.","og_url":"https:\/\/spheriq.ch\/fr\/logiciel-alphafoundation\/","og_site_name":"Spheriq","article_modified_time":"2024-06-13T08:43:08+00:00","og_image":[{"url":"https:\/\/spheriq.ch\/wp-content\/uploads\/2023\/10\/AlphaFoundation_Header-scaled.jpg","type":"","width":"","height":""}],"twitter_card":"summary_large_image","twitter_misc":{"Dur\u00e9e de lecture estim\u00e9e":"2 minutes"},"schema":{"@context":"https:\/\/schema.org","@graph":[{"@type":"WebPage","@id":"https:\/\/spheriq.ch\/fr\/logiciel-alphafoundation\/","url":"https:\/\/spheriq.ch\/fr\/logiciel-alphafoundation\/","name":"Logiciel AlphaFoundation - Spheriq","isPartOf":{"@id":"https:\/\/spheriq.ch\/fr\/#website"},"primaryImageOfPage":{"@id":"https:\/\/spheriq.ch\/fr\/logiciel-alphafoundation\/#primaryimage"},"image":{"@id":"https:\/\/spheriq.ch\/fr\/logiciel-alphafoundation\/#primaryimage"},"thumbnailUrl":"https:\/\/spheriq.ch\/wp-content\/uploads\/2023\/10\/AlphaFoundation_Header-scaled.jpg","datePublished":"2023-10-19T09:04:30+00:00","dateModified":"2024-06-13T08:43:08+00:00","description":"AlphaFoundation Software sur stiftungschweiz.ch : Nous pr\u00e9sentons notre partenaire. En savoir plus sur l'offre de partenariat.","breadcrumb":{"@id":"https:\/\/spheriq.ch\/fr\/logiciel-alphafoundation\/#breadcrumb"},"inLanguage":"fr-FR","potentialAction":[{"@type":"ReadAction","target":["https:\/\/spheriq.ch\/fr\/logiciel-alphafoundation\/"]}]},{"@type":"ImageObject","inLanguage":"fr-FR","@id":"https:\/\/spheriq.ch\/fr\/logiciel-alphafoundation\/#primaryimage","url":"https:\/\/spheriq.ch\/wp-content\/uploads\/2023\/10\/AlphaFoundation_Header-scaled.jpg","contentUrl":"https:\/\/spheriq.ch\/wp-content\/uploads\/2023\/10\/AlphaFoundation_Header-scaled.jpg"},{"@type":"BreadcrumbList","@id":"https:\/\/spheriq.ch\/fr\/logiciel-alphafoundation\/#breadcrumb","itemListElement":[{"@type":"ListItem","position":1,"name":"Home","item":"https:\/\/spheriq.ch\/fr\/"},{"@type":"ListItem","position":2,"name":"Logiciel AlphaFoundation"}]},{"@type":"WebSite","@id":"https:\/\/spheriq.ch\/fr\/#website","url":"https:\/\/spheriq.ch\/fr\/","name":"Spheriq","description":"Spheriq | Online-Portal f\u00fcr Philanthropie","potentialAction":[{"@type":"SearchAction","target":{"@type":"EntryPoint","urlTemplate":"https:\/\/spheriq.ch\/fr\/?s={search_term_string}"},"query-input":{"@type":"PropertyValueSpecification","valueRequired":true,"valueName":"search_term_string"}}],"inLanguage":"fr-FR"}]}},"uagb_featured_image_src":{"full":false,"thumbnail":false,"medium":false,"medium_large":false,"large":false,"1536x1536":false,"2048x2048":false,"icon":false,"single-thumbnail":false,"menu-24x24":false,"menu-36x36":false,"menu-48x48":false},"uagb_author_info":{"display_name":"Moritz Brunner","author_link":"https:\/\/spheriq.ch\/fr\/author\/moritz-brunner\/"},"uagb_comment_info":0,"uagb_excerpt":"Logiciel AlphaFoundation Nous organisons des webinaires et des formations en collaboration avec nos partenaires. Vous trouverez ici le programme actuel.","_links":{"self":[{"href":"https:\/\/spheriq.ch\/fr\/wp-json\/wp\/v2\/pages\/11934","targetHints":{"allow":["GET"]}}],"collection":[{"href":"https:\/\/spheriq.ch\/fr\/wp-json\/wp\/v2\/pages"}],"about":[{"href":"https:\/\/spheriq.ch\/fr\/wp-json\/wp\/v2\/types\/page"}],"author":[{"embeddable":true,"href":"https:\/\/spheriq.ch\/fr\/wp-json\/wp\/v2\/users\/6"}],"replies":[{"embeddable":true,"href":"https:\/\/spheriq.ch\/fr\/wp-json\/wp\/v2\/comments?post=11934"}],"version-history":[{"count":13,"href":"https:\/\/spheriq.ch\/fr\/wp-json\/wp\/v2\/pages\/11934\/revisions"}],"predecessor-version":[{"id":17184,"href":"https:\/\/spheriq.ch\/fr\/wp-json\/wp\/v2\/pages\/11934\/revisions\/17184"}],"wp:attachment":[{"href":"https:\/\/spheriq.ch\/fr\/wp-json\/wp\/v2\/media?parent=11934"}],"curies":[{"name":"wp","href":"https:\/\/api.w.org\/{rel}","templated":true}]}}