{"id":11810,"date":"2023-10-18T16:23:52","date_gmt":"2023-10-18T16:23:52","guid":{"rendered":"https:\/\/spheriq.ch\/?page_id=11810"},"modified":"2024-06-13T08:45:37","modified_gmt":"2024-06-13T08:45:37","slug":"algorithmwatch-ch","status":"publish","type":"page","link":"https:\/\/spheriq.ch\/fr\/algorithmwatch-ch\/","title":{"rendered":"AlgorithmWatch CH"},"content":{"rendered":"<div class=\"wp-block-cover alignwide is-light has-custom-content-position is-position-top-center\" style=\"min-height:400px;aspect-ratio:unset;\"><span aria-hidden=\"true\" class=\"wp-block-cover__background has-background-dim-0 has-background-dim\"><\/span><img loading=\"lazy\" decoding=\"async\" width=\"2560\" height=\"853\" class=\"wp-block-cover__image-background wp-image-11911\" alt=\"\" src=\"https:\/\/spheriq.ch\/wp-content\/uploads\/2023\/10\/Header-Atlas_3-scaled.jpg\" data-object-fit=\"cover\" srcset=\"https:\/\/spheriq.ch\/wp-content\/uploads\/2023\/10\/Header-Atlas_3-scaled.jpg 2560w, https:\/\/spheriq.ch\/wp-content\/uploads\/2023\/10\/Header-Atlas_3-300x100.jpg 300w, https:\/\/spheriq.ch\/wp-content\/uploads\/2023\/10\/Header-Atlas_3-1024x341.jpg 1024w, https:\/\/spheriq.ch\/wp-content\/uploads\/2023\/10\/Header-Atlas_3-768x256.jpg 768w, https:\/\/spheriq.ch\/wp-content\/uploads\/2023\/10\/Header-Atlas_3-1536x512.jpg 1536w, https:\/\/spheriq.ch\/wp-content\/uploads\/2023\/10\/Header-Atlas_3-2048x683.jpg 2048w, https:\/\/spheriq.ch\/wp-content\/uploads\/2023\/10\/Header-Atlas_3-24x8.jpg 24w, https:\/\/spheriq.ch\/wp-content\/uploads\/2023\/10\/Header-Atlas_3-36x12.jpg 36w, https:\/\/spheriq.ch\/wp-content\/uploads\/2023\/10\/Header-Atlas_3-48x16.jpg 48w\" sizes=\"auto, (max-width: 2560px) 100vw, 2560px\" \/><div class=\"wp-block-cover__inner-container is-layout-constrained wp-block-cover-is-layout-constrained\"><p class=\"has-text-align-center has-large-font-size\"><\/p><\/div><\/div><h1 class=\"wp-block-heading\">AlgorithmWatch CH  <\/h1><div class=\"wp-bootstrap-blocks-row row\">\n\t\n<div class=\"col-12 col-md-9\">\n\t\t\t\n<p>AlgorithmWatch CH est une organisation de plaidoyer de la soci\u00e9t\u00e9 civile. Nous nous engageons \u00e0 ce que les algorithmes et l&rsquo;intelligence artificielle (IA) nous profitent \u00e0 tous, et pas seulement \u00e0 quelques-uns, c&rsquo;est-\u00e0-dire qu&rsquo;ils renforcent la justice, la d\u00e9mocratie, les droits fondamentaux et la durabilit\u00e9 au lieu de les affaiblir.<\/p>\n\t<\/div>\n\n<div class=\"col-12 col-md-3\">\n\t\t\t\n<figure class=\"wp-block-image size-large is-resized\"><img loading=\"lazy\" decoding=\"async\" width=\"1024\" height=\"268\" src=\"https:\/\/spheriq.ch\/wp-content\/uploads\/2023\/10\/awch_logo_rgb-1024x268.png\" alt=\"\" class=\"wp-image-11813\" style=\"width:300px\" srcset=\"https:\/\/spheriq.ch\/wp-content\/uploads\/2023\/10\/awch_logo_rgb-1024x268.png 1024w, https:\/\/spheriq.ch\/wp-content\/uploads\/2023\/10\/awch_logo_rgb-300x78.png 300w, https:\/\/spheriq.ch\/wp-content\/uploads\/2023\/10\/awch_logo_rgb-768x201.png 768w, https:\/\/spheriq.ch\/wp-content\/uploads\/2023\/10\/awch_logo_rgb-1536x401.png 1536w, https:\/\/spheriq.ch\/wp-content\/uploads\/2023\/10\/awch_logo_rgb-2048x535.png 2048w, https:\/\/spheriq.ch\/wp-content\/uploads\/2023\/10\/awch_logo_rgb-24x6.png 24w, https:\/\/spheriq.ch\/wp-content\/uploads\/2023\/10\/awch_logo_rgb-36x9.png 36w, https:\/\/spheriq.ch\/wp-content\/uploads\/2023\/10\/awch_logo_rgb-48x13.png 48w\" sizes=\"auto, (max-width: 1024px) 100vw, 1024px\" \/><\/figure>\n\t<\/div>\n<\/div><p><strong>Plus d&rsquo;informations : <\/strong><br><a href=\"https:\/\/spheriq.ch\/wp-admin\/post.php?post=11808&amp;action=edit&amp;lang=de\">https:\/\/algorithmwatch.ch\/de\/<\/a><br><br><strong>Contact :<\/strong> <br>Angela M\u00fcller, <a href=\"mailto:info@algorithmwatch.ch\">info@algorithmwatch.ch,<\/a> <a href=\"tel:+41784119454\">+41 78 411 94 54<\/a><\/p><p><\/p><h3 class=\"wp-block-heading\">Nous organisons des webinaires et des formations en collaboration avec nos partenaires. <a href=\"https:\/\/app.spheriq.ch\/webinars\">Vous trouverez ici le programme actuel.<\/a><br><\/h3>","protected":false},"excerpt":{"rendered":"AlgorithmWatch CH Plus d&rsquo;informations : https:\/\/algorithmwatch.ch\/de\/ Contact : Angela M\u00fcller, info@algorithmwatch.ch, +41 78 411 94 54 Nous organisons des webinaires et des formations en collaboration avec nos partenaires. Vous trouverez ici le programme actuel.","protected":false},"author":6,"featured_media":0,"parent":0,"menu_order":0,"comment_status":"closed","ping_status":"closed","template":"","meta":{"_acf_changed":false,"_uag_custom_page_level_css":"","footnotes":""},"class_list":["post-11810","page","type-page","status-publish","hentry"],"acf":[],"yoast_head":"<!-- This site is optimized with the Yoast SEO plugin v26.9 - https:\/\/yoast.com\/product\/yoast-seo-wordpress\/ -->\n<title>AlgorithmWatch CH - Spheriq<\/title>\n<meta name=\"description\" content=\"AlgorithmWatch CH sur stiftungschweiz.ch : Nous pr\u00e9sentons notre partenaire. En savoir plus sur l&#039;offre de partenariat.\" \/>\n<meta name=\"robots\" content=\"index, follow, max-snippet:-1, max-image-preview:large, max-video-preview:-1\" \/>\n<link rel=\"canonical\" href=\"https:\/\/spheriq.ch\/fr\/algorithmwatch-ch\/\" \/>\n<meta property=\"og:locale\" content=\"fr_FR\" \/>\n<meta property=\"og:type\" content=\"article\" \/>\n<meta property=\"og:title\" content=\"AlgorithmWatch CH - Spheriq\" \/>\n<meta property=\"og:description\" content=\"AlgorithmWatch CH sur stiftungschweiz.ch : Nous pr\u00e9sentons notre partenaire. En savoir plus sur l&#039;offre de partenariat.\" \/>\n<meta property=\"og:url\" content=\"https:\/\/spheriq.ch\/fr\/algorithmwatch-ch\/\" \/>\n<meta property=\"og:site_name\" content=\"Spheriq\" \/>\n<meta property=\"article:modified_time\" content=\"2024-06-13T08:45:37+00:00\" \/>\n<meta property=\"og:image\" content=\"https:\/\/spheriq.ch\/wp-content\/uploads\/2023\/10\/Header-Atlas_3-scaled.jpg\" \/>\n<meta name=\"twitter:card\" content=\"summary_large_image\" \/>\n<meta name=\"twitter:label1\" content=\"Dur\u00e9e de lecture estim\u00e9e\" \/>\n\t<meta name=\"twitter:data1\" content=\"1 minute\" \/>\n<script type=\"application\/ld+json\" class=\"yoast-schema-graph\">{\"@context\":\"https:\/\/schema.org\",\"@graph\":[{\"@type\":\"WebPage\",\"@id\":\"https:\/\/spheriq.ch\/fr\/algorithmwatch-ch\/\",\"url\":\"https:\/\/spheriq.ch\/fr\/algorithmwatch-ch\/\",\"name\":\"AlgorithmWatch CH - Spheriq\",\"isPartOf\":{\"@id\":\"https:\/\/spheriq.ch\/fr\/#website\"},\"primaryImageOfPage\":{\"@id\":\"https:\/\/spheriq.ch\/fr\/algorithmwatch-ch\/#primaryimage\"},\"image\":{\"@id\":\"https:\/\/spheriq.ch\/fr\/algorithmwatch-ch\/#primaryimage\"},\"thumbnailUrl\":\"https:\/\/spheriq.ch\/wp-content\/uploads\/2023\/10\/Header-Atlas_3-scaled.jpg\",\"datePublished\":\"2023-10-18T16:23:52+00:00\",\"dateModified\":\"2024-06-13T08:45:37+00:00\",\"description\":\"AlgorithmWatch CH sur stiftungschweiz.ch : Nous pr\u00e9sentons notre partenaire. En savoir plus sur l'offre de partenariat.\",\"breadcrumb\":{\"@id\":\"https:\/\/spheriq.ch\/fr\/algorithmwatch-ch\/#breadcrumb\"},\"inLanguage\":\"fr-FR\",\"potentialAction\":[{\"@type\":\"ReadAction\",\"target\":[\"https:\/\/spheriq.ch\/fr\/algorithmwatch-ch\/\"]}]},{\"@type\":\"ImageObject\",\"inLanguage\":\"fr-FR\",\"@id\":\"https:\/\/spheriq.ch\/fr\/algorithmwatch-ch\/#primaryimage\",\"url\":\"https:\/\/spheriq.ch\/wp-content\/uploads\/2023\/10\/Header-Atlas_3-scaled.jpg\",\"contentUrl\":\"https:\/\/spheriq.ch\/wp-content\/uploads\/2023\/10\/Header-Atlas_3-scaled.jpg\"},{\"@type\":\"BreadcrumbList\",\"@id\":\"https:\/\/spheriq.ch\/fr\/algorithmwatch-ch\/#breadcrumb\",\"itemListElement\":[{\"@type\":\"ListItem\",\"position\":1,\"name\":\"Home\",\"item\":\"https:\/\/spheriq.ch\/fr\/\"},{\"@type\":\"ListItem\",\"position\":2,\"name\":\"AlgorithmWatch CH\"}]},{\"@type\":\"WebSite\",\"@id\":\"https:\/\/spheriq.ch\/fr\/#website\",\"url\":\"https:\/\/spheriq.ch\/fr\/\",\"name\":\"Spheriq\",\"description\":\"Spheriq | Online-Portal f\u00fcr Philanthropie\",\"potentialAction\":[{\"@type\":\"SearchAction\",\"target\":{\"@type\":\"EntryPoint\",\"urlTemplate\":\"https:\/\/spheriq.ch\/fr\/?s={search_term_string}\"},\"query-input\":{\"@type\":\"PropertyValueSpecification\",\"valueRequired\":true,\"valueName\":\"search_term_string\"}}],\"inLanguage\":\"fr-FR\"}]}<\/script>\n<!-- \/ Yoast SEO plugin. -->","yoast_head_json":{"title":"AlgorithmWatch CH - Spheriq","description":"AlgorithmWatch CH sur stiftungschweiz.ch : Nous pr\u00e9sentons notre partenaire. En savoir plus sur l'offre de partenariat.","robots":{"index":"index","follow":"follow","max-snippet":"max-snippet:-1","max-image-preview":"max-image-preview:large","max-video-preview":"max-video-preview:-1"},"canonical":"https:\/\/spheriq.ch\/fr\/algorithmwatch-ch\/","og_locale":"fr_FR","og_type":"article","og_title":"AlgorithmWatch CH - Spheriq","og_description":"AlgorithmWatch CH sur stiftungschweiz.ch : Nous pr\u00e9sentons notre partenaire. En savoir plus sur l'offre de partenariat.","og_url":"https:\/\/spheriq.ch\/fr\/algorithmwatch-ch\/","og_site_name":"Spheriq","article_modified_time":"2024-06-13T08:45:37+00:00","og_image":[{"url":"https:\/\/spheriq.ch\/wp-content\/uploads\/2023\/10\/Header-Atlas_3-scaled.jpg","type":"","width":"","height":""}],"twitter_card":"summary_large_image","twitter_misc":{"Dur\u00e9e de lecture estim\u00e9e":"1 minute"},"schema":{"@context":"https:\/\/schema.org","@graph":[{"@type":"WebPage","@id":"https:\/\/spheriq.ch\/fr\/algorithmwatch-ch\/","url":"https:\/\/spheriq.ch\/fr\/algorithmwatch-ch\/","name":"AlgorithmWatch CH - Spheriq","isPartOf":{"@id":"https:\/\/spheriq.ch\/fr\/#website"},"primaryImageOfPage":{"@id":"https:\/\/spheriq.ch\/fr\/algorithmwatch-ch\/#primaryimage"},"image":{"@id":"https:\/\/spheriq.ch\/fr\/algorithmwatch-ch\/#primaryimage"},"thumbnailUrl":"https:\/\/spheriq.ch\/wp-content\/uploads\/2023\/10\/Header-Atlas_3-scaled.jpg","datePublished":"2023-10-18T16:23:52+00:00","dateModified":"2024-06-13T08:45:37+00:00","description":"AlgorithmWatch CH sur stiftungschweiz.ch : Nous pr\u00e9sentons notre partenaire. En savoir plus sur l'offre de partenariat.","breadcrumb":{"@id":"https:\/\/spheriq.ch\/fr\/algorithmwatch-ch\/#breadcrumb"},"inLanguage":"fr-FR","potentialAction":[{"@type":"ReadAction","target":["https:\/\/spheriq.ch\/fr\/algorithmwatch-ch\/"]}]},{"@type":"ImageObject","inLanguage":"fr-FR","@id":"https:\/\/spheriq.ch\/fr\/algorithmwatch-ch\/#primaryimage","url":"https:\/\/spheriq.ch\/wp-content\/uploads\/2023\/10\/Header-Atlas_3-scaled.jpg","contentUrl":"https:\/\/spheriq.ch\/wp-content\/uploads\/2023\/10\/Header-Atlas_3-scaled.jpg"},{"@type":"BreadcrumbList","@id":"https:\/\/spheriq.ch\/fr\/algorithmwatch-ch\/#breadcrumb","itemListElement":[{"@type":"ListItem","position":1,"name":"Home","item":"https:\/\/spheriq.ch\/fr\/"},{"@type":"ListItem","position":2,"name":"AlgorithmWatch CH"}]},{"@type":"WebSite","@id":"https:\/\/spheriq.ch\/fr\/#website","url":"https:\/\/spheriq.ch\/fr\/","name":"Spheriq","description":"Spheriq | Online-Portal f\u00fcr Philanthropie","potentialAction":[{"@type":"SearchAction","target":{"@type":"EntryPoint","urlTemplate":"https:\/\/spheriq.ch\/fr\/?s={search_term_string}"},"query-input":{"@type":"PropertyValueSpecification","valueRequired":true,"valueName":"search_term_string"}}],"inLanguage":"fr-FR"}]}},"uagb_featured_image_src":{"full":false,"thumbnail":false,"medium":false,"medium_large":false,"large":false,"1536x1536":false,"2048x2048":false,"icon":false,"single-thumbnail":false,"menu-24x24":false,"menu-36x36":false,"menu-48x48":false},"uagb_author_info":{"display_name":"Moritz Brunner","author_link":"https:\/\/spheriq.ch\/fr\/author\/moritz-brunner\/"},"uagb_comment_info":0,"uagb_excerpt":"AlgorithmWatch CH Plus d&rsquo;informations : https:\/\/algorithmwatch.ch\/de\/ Contact : Angela M\u00fcller, info@algorithmwatch.ch, +41 78 411 94 54 Nous organisons des webinaires et des formations en collaboration avec nos partenaires. Vous trouverez ici le programme actuel.","_links":{"self":[{"href":"https:\/\/spheriq.ch\/fr\/wp-json\/wp\/v2\/pages\/11810","targetHints":{"allow":["GET"]}}],"collection":[{"href":"https:\/\/spheriq.ch\/fr\/wp-json\/wp\/v2\/pages"}],"about":[{"href":"https:\/\/spheriq.ch\/fr\/wp-json\/wp\/v2\/types\/page"}],"author":[{"embeddable":true,"href":"https:\/\/spheriq.ch\/fr\/wp-json\/wp\/v2\/users\/6"}],"replies":[{"embeddable":true,"href":"https:\/\/spheriq.ch\/fr\/wp-json\/wp\/v2\/comments?post=11810"}],"version-history":[{"count":7,"href":"https:\/\/spheriq.ch\/fr\/wp-json\/wp\/v2\/pages\/11810\/revisions"}],"predecessor-version":[{"id":17187,"href":"https:\/\/spheriq.ch\/fr\/wp-json\/wp\/v2\/pages\/11810\/revisions\/17187"}],"wp:attachment":[{"href":"https:\/\/spheriq.ch\/fr\/wp-json\/wp\/v2\/media?parent=11810"}],"curies":[{"name":"wp","href":"https:\/\/api.w.org\/{rel}","templated":true}]}}