{"id":11764,"date":"2023-10-19T12:59:35","date_gmt":"2023-10-19T12:59:35","guid":{"rendered":"https:\/\/spheriq.ch\/?page_id=11764"},"modified":"2024-06-13T08:40:49","modified_gmt":"2024-06-13T08:40:49","slug":"jasmin-frei-photography","status":"publish","type":"page","link":"https:\/\/spheriq.ch\/fr\/jasmin-frei-photography\/","title":{"rendered":"Jasmin Frei Photography"},"content":{"rendered":"<div class=\"wp-block-cover alignwide has-custom-content-position is-position-top-center\" style=\"min-height:250px;aspect-ratio:unset;\"><span aria-hidden=\"true\" class=\"wp-block-cover__background has-background-dim-0 has-background-dim\"><\/span><img loading=\"lazy\" decoding=\"async\" width=\"2014\" height=\"508\" class=\"wp-block-cover__image-background wp-image-12070\" alt=\"\" src=\"https:\/\/spheriq.ch\/wp-content\/uploads\/2023\/10\/Jasmin-Frei_Header.jpg\" data-object-fit=\"cover\" srcset=\"https:\/\/spheriq.ch\/wp-content\/uploads\/2023\/10\/Jasmin-Frei_Header.jpg 2014w, https:\/\/spheriq.ch\/wp-content\/uploads\/2023\/10\/Jasmin-Frei_Header-300x76.jpg 300w, https:\/\/spheriq.ch\/wp-content\/uploads\/2023\/10\/Jasmin-Frei_Header-1024x258.jpg 1024w, https:\/\/spheriq.ch\/wp-content\/uploads\/2023\/10\/Jasmin-Frei_Header-768x194.jpg 768w, https:\/\/spheriq.ch\/wp-content\/uploads\/2023\/10\/Jasmin-Frei_Header-1536x387.jpg 1536w, https:\/\/spheriq.ch\/wp-content\/uploads\/2023\/10\/Jasmin-Frei_Header-24x6.jpg 24w, https:\/\/spheriq.ch\/wp-content\/uploads\/2023\/10\/Jasmin-Frei_Header-36x9.jpg 36w, https:\/\/spheriq.ch\/wp-content\/uploads\/2023\/10\/Jasmin-Frei_Header-48x12.jpg 48w\" sizes=\"auto, (max-width: 2014px) 100vw, 2014px\" \/><div class=\"wp-block-cover__inner-container is-layout-constrained wp-block-cover-is-layout-constrained\"><p class=\"has-text-align-center has-large-font-size\"><\/p><\/div><\/div><h1 class=\"wp-block-heading\">Jasmin Frei Photography<\/h1><div class=\"wp-bootstrap-blocks-row row\">\n\t\n<div class=\"col-12 col-md-9\">\n\t\t\t\n<p>La photographie comme pont entre les gens : Dans le travail photographique de Jasmin Freis, la relation entre les personnes est au premier plan. Elle a \u00e0 c\u0153ur de reconna\u00eetre le caract\u00e8re unique de chaque personne, de la repr\u00e9senter de mani\u00e8re authentique et de donner du plaisir \u00e0 travers ses photos. Qu&rsquo;il s&rsquo;agisse de portraits d&rsquo;affaires ou de missions dans le monde des organisations \u00e0 but non lucratif, la photographie raconte toujours des histoires qui sont personnelles, significatives et durables. La photographe, bas\u00e9e \u00e0 Zurich, souhaite contribuer \u00e0 rendre le travail des organisations de soutien et des organisations \u00e0 but non lucratif plus visible et en m\u00eame temps plus accessible.<\/p>\n\t<\/div>\n\n<div class=\"col-12 col-md-3\">\n\t\t\t\n<figure class=\"wp-block-image size-full is-resized\"><img loading=\"lazy\" decoding=\"async\" width=\"354\" height=\"148\" src=\"https:\/\/spheriq.ch\/wp-content\/uploads\/2023\/10\/Jasmin-Frei_Logo-1.png\" alt=\"\" class=\"wp-image-11770\" style=\"width:undefinedpx\" srcset=\"https:\/\/spheriq.ch\/wp-content\/uploads\/2023\/10\/Jasmin-Frei_Logo-1.png 354w, https:\/\/spheriq.ch\/wp-content\/uploads\/2023\/10\/Jasmin-Frei_Logo-1-300x125.png 300w, https:\/\/spheriq.ch\/wp-content\/uploads\/2023\/10\/Jasmin-Frei_Logo-1-24x10.png 24w, https:\/\/spheriq.ch\/wp-content\/uploads\/2023\/10\/Jasmin-Frei_Logo-1-36x15.png 36w, https:\/\/spheriq.ch\/wp-content\/uploads\/2023\/10\/Jasmin-Frei_Logo-1-48x20.png 48w\" sizes=\"auto, (max-width: 354px) 100vw, 354px\" \/><\/figure>\n\t<\/div>\n<\/div><p><\/p><p><strong>Plus d&rsquo;informations : <\/strong><br><a href=\"https:\/\/www.jasminfrei.com\/\" target=\"_blank\" rel=\"noreferrer noopener nofollow\">https:\/\/www.jasminfrei.com\/<\/a><br><br><strong>Contact :<\/strong> <br>Jasmin Frei<br>T\u00e9l : + 41 (0) 76 381 71 07 | <a href=\"mailto:jasmin@jasminfrei.com\">jasmin@jasminfrei.com<\/a><\/p><h3 class=\"wp-block-heading\">Nous organisons des webinaires et des formations en collaboration avec nos partenaires. <a href=\"https:\/\/app.spheriq.ch\/webinars\">Vous trouverez ici le programme actuel.<\/a><\/h3>","protected":false},"excerpt":{"rendered":"Jasmin Frei Photography Plus d&rsquo;informations : https:\/\/www.jasminfrei.com\/ Contact : Jasmin FreiT\u00e9l : + 41 (0) 76 381 71 07 | jasmin@jasminfrei.com Nous organisons des webinaires et des formations en collaboration avec nos partenaires. Vous trouverez ici le programme actuel.","protected":false},"author":6,"featured_media":0,"parent":0,"menu_order":0,"comment_status":"closed","ping_status":"closed","template":"","meta":{"_acf_changed":false,"_uag_custom_page_level_css":"","footnotes":""},"class_list":["post-11764","page","type-page","status-publish","hentry"],"acf":[],"yoast_head":"<!-- This site is optimized with the Yoast SEO plugin v26.9 - https:\/\/yoast.com\/product\/yoast-seo-wordpress\/ -->\n<title>Jasmin Frei Photography - Spheriq<\/title>\n<meta name=\"description\" content=\"Jasmin Frei Photography sur stiftungschweiz.ch : Nous pr\u00e9sentons notre partenaire. En savoir plus sur l&#039;offre de partenariat.\" \/>\n<meta name=\"robots\" content=\"index, follow, max-snippet:-1, max-image-preview:large, max-video-preview:-1\" \/>\n<link rel=\"canonical\" href=\"https:\/\/spheriq.ch\/fr\/jasmin-frei-photography\/\" \/>\n<meta property=\"og:locale\" content=\"fr_FR\" \/>\n<meta property=\"og:type\" content=\"article\" \/>\n<meta property=\"og:title\" content=\"Jasmin Frei Photography - Spheriq\" \/>\n<meta property=\"og:description\" content=\"Jasmin Frei Photography sur stiftungschweiz.ch : Nous pr\u00e9sentons notre partenaire. En savoir plus sur l&#039;offre de partenariat.\" \/>\n<meta property=\"og:url\" content=\"https:\/\/spheriq.ch\/fr\/jasmin-frei-photography\/\" \/>\n<meta property=\"og:site_name\" content=\"Spheriq\" \/>\n<meta property=\"article:modified_time\" content=\"2024-06-13T08:40:49+00:00\" \/>\n<meta property=\"og:image\" content=\"https:\/\/spheriq.ch\/wp-content\/uploads\/2023\/10\/Jasmin-Frei_Header.jpg\" \/>\n<meta name=\"twitter:card\" content=\"summary_large_image\" \/>\n<meta name=\"twitter:label1\" content=\"Dur\u00e9e de lecture estim\u00e9e\" \/>\n\t<meta name=\"twitter:data1\" content=\"2 minutes\" \/>\n<script type=\"application\/ld+json\" class=\"yoast-schema-graph\">{\"@context\":\"https:\/\/schema.org\",\"@graph\":[{\"@type\":\"WebPage\",\"@id\":\"https:\/\/spheriq.ch\/fr\/jasmin-frei-photography\/\",\"url\":\"https:\/\/spheriq.ch\/fr\/jasmin-frei-photography\/\",\"name\":\"Jasmin Frei Photography - Spheriq\",\"isPartOf\":{\"@id\":\"https:\/\/spheriq.ch\/fr\/#website\"},\"primaryImageOfPage\":{\"@id\":\"https:\/\/spheriq.ch\/fr\/jasmin-frei-photography\/#primaryimage\"},\"image\":{\"@id\":\"https:\/\/spheriq.ch\/fr\/jasmin-frei-photography\/#primaryimage\"},\"thumbnailUrl\":\"https:\/\/spheriq.ch\/wp-content\/uploads\/2023\/10\/Jasmin-Frei_Header.jpg\",\"datePublished\":\"2023-10-19T12:59:35+00:00\",\"dateModified\":\"2024-06-13T08:40:49+00:00\",\"description\":\"Jasmin Frei Photography sur stiftungschweiz.ch : Nous pr\u00e9sentons notre partenaire. En savoir plus sur l'offre de partenariat.\",\"breadcrumb\":{\"@id\":\"https:\/\/spheriq.ch\/fr\/jasmin-frei-photography\/#breadcrumb\"},\"inLanguage\":\"fr-FR\",\"potentialAction\":[{\"@type\":\"ReadAction\",\"target\":[\"https:\/\/spheriq.ch\/fr\/jasmin-frei-photography\/\"]}]},{\"@type\":\"ImageObject\",\"inLanguage\":\"fr-FR\",\"@id\":\"https:\/\/spheriq.ch\/fr\/jasmin-frei-photography\/#primaryimage\",\"url\":\"https:\/\/spheriq.ch\/wp-content\/uploads\/2023\/10\/Jasmin-Frei_Header.jpg\",\"contentUrl\":\"https:\/\/spheriq.ch\/wp-content\/uploads\/2023\/10\/Jasmin-Frei_Header.jpg\"},{\"@type\":\"BreadcrumbList\",\"@id\":\"https:\/\/spheriq.ch\/fr\/jasmin-frei-photography\/#breadcrumb\",\"itemListElement\":[{\"@type\":\"ListItem\",\"position\":1,\"name\":\"Home\",\"item\":\"https:\/\/spheriq.ch\/fr\/\"},{\"@type\":\"ListItem\",\"position\":2,\"name\":\"Jasmin Frei Photography\"}]},{\"@type\":\"WebSite\",\"@id\":\"https:\/\/spheriq.ch\/fr\/#website\",\"url\":\"https:\/\/spheriq.ch\/fr\/\",\"name\":\"Spheriq\",\"description\":\"Spheriq | Online-Portal f\u00fcr Philanthropie\",\"potentialAction\":[{\"@type\":\"SearchAction\",\"target\":{\"@type\":\"EntryPoint\",\"urlTemplate\":\"https:\/\/spheriq.ch\/fr\/?s={search_term_string}\"},\"query-input\":{\"@type\":\"PropertyValueSpecification\",\"valueRequired\":true,\"valueName\":\"search_term_string\"}}],\"inLanguage\":\"fr-FR\"}]}<\/script>\n<!-- \/ Yoast SEO plugin. -->","yoast_head_json":{"title":"Jasmin Frei Photography - Spheriq","description":"Jasmin Frei Photography sur stiftungschweiz.ch : Nous pr\u00e9sentons notre partenaire. En savoir plus sur l'offre de partenariat.","robots":{"index":"index","follow":"follow","max-snippet":"max-snippet:-1","max-image-preview":"max-image-preview:large","max-video-preview":"max-video-preview:-1"},"canonical":"https:\/\/spheriq.ch\/fr\/jasmin-frei-photography\/","og_locale":"fr_FR","og_type":"article","og_title":"Jasmin Frei Photography - Spheriq","og_description":"Jasmin Frei Photography sur stiftungschweiz.ch : Nous pr\u00e9sentons notre partenaire. En savoir plus sur l'offre de partenariat.","og_url":"https:\/\/spheriq.ch\/fr\/jasmin-frei-photography\/","og_site_name":"Spheriq","article_modified_time":"2024-06-13T08:40:49+00:00","og_image":[{"url":"https:\/\/spheriq.ch\/wp-content\/uploads\/2023\/10\/Jasmin-Frei_Header.jpg","type":"","width":"","height":""}],"twitter_card":"summary_large_image","twitter_misc":{"Dur\u00e9e de lecture estim\u00e9e":"2 minutes"},"schema":{"@context":"https:\/\/schema.org","@graph":[{"@type":"WebPage","@id":"https:\/\/spheriq.ch\/fr\/jasmin-frei-photography\/","url":"https:\/\/spheriq.ch\/fr\/jasmin-frei-photography\/","name":"Jasmin Frei Photography - Spheriq","isPartOf":{"@id":"https:\/\/spheriq.ch\/fr\/#website"},"primaryImageOfPage":{"@id":"https:\/\/spheriq.ch\/fr\/jasmin-frei-photography\/#primaryimage"},"image":{"@id":"https:\/\/spheriq.ch\/fr\/jasmin-frei-photography\/#primaryimage"},"thumbnailUrl":"https:\/\/spheriq.ch\/wp-content\/uploads\/2023\/10\/Jasmin-Frei_Header.jpg","datePublished":"2023-10-19T12:59:35+00:00","dateModified":"2024-06-13T08:40:49+00:00","description":"Jasmin Frei Photography sur stiftungschweiz.ch : Nous pr\u00e9sentons notre partenaire. En savoir plus sur l'offre de partenariat.","breadcrumb":{"@id":"https:\/\/spheriq.ch\/fr\/jasmin-frei-photography\/#breadcrumb"},"inLanguage":"fr-FR","potentialAction":[{"@type":"ReadAction","target":["https:\/\/spheriq.ch\/fr\/jasmin-frei-photography\/"]}]},{"@type":"ImageObject","inLanguage":"fr-FR","@id":"https:\/\/spheriq.ch\/fr\/jasmin-frei-photography\/#primaryimage","url":"https:\/\/spheriq.ch\/wp-content\/uploads\/2023\/10\/Jasmin-Frei_Header.jpg","contentUrl":"https:\/\/spheriq.ch\/wp-content\/uploads\/2023\/10\/Jasmin-Frei_Header.jpg"},{"@type":"BreadcrumbList","@id":"https:\/\/spheriq.ch\/fr\/jasmin-frei-photography\/#breadcrumb","itemListElement":[{"@type":"ListItem","position":1,"name":"Home","item":"https:\/\/spheriq.ch\/fr\/"},{"@type":"ListItem","position":2,"name":"Jasmin Frei Photography"}]},{"@type":"WebSite","@id":"https:\/\/spheriq.ch\/fr\/#website","url":"https:\/\/spheriq.ch\/fr\/","name":"Spheriq","description":"Spheriq | Online-Portal f\u00fcr Philanthropie","potentialAction":[{"@type":"SearchAction","target":{"@type":"EntryPoint","urlTemplate":"https:\/\/spheriq.ch\/fr\/?s={search_term_string}"},"query-input":{"@type":"PropertyValueSpecification","valueRequired":true,"valueName":"search_term_string"}}],"inLanguage":"fr-FR"}]}},"uagb_featured_image_src":{"full":false,"thumbnail":false,"medium":false,"medium_large":false,"large":false,"1536x1536":false,"2048x2048":false,"icon":false,"single-thumbnail":false,"menu-24x24":false,"menu-36x36":false,"menu-48x48":false},"uagb_author_info":{"display_name":"Moritz Brunner","author_link":"https:\/\/spheriq.ch\/fr\/author\/moritz-brunner\/"},"uagb_comment_info":0,"uagb_excerpt":"Jasmin Frei Photography Plus d&rsquo;informations : https:\/\/www.jasminfrei.com\/ Contact : Jasmin FreiT\u00e9l : + 41 (0) 76 381 71 07 | jasmin@jasminfrei.com Nous organisons des webinaires et des formations en collaboration avec nos partenaires. Vous trouverez ici le programme actuel.","_links":{"self":[{"href":"https:\/\/spheriq.ch\/fr\/wp-json\/wp\/v2\/pages\/11764","targetHints":{"allow":["GET"]}}],"collection":[{"href":"https:\/\/spheriq.ch\/fr\/wp-json\/wp\/v2\/pages"}],"about":[{"href":"https:\/\/spheriq.ch\/fr\/wp-json\/wp\/v2\/types\/page"}],"author":[{"embeddable":true,"href":"https:\/\/spheriq.ch\/fr\/wp-json\/wp\/v2\/users\/6"}],"replies":[{"embeddable":true,"href":"https:\/\/spheriq.ch\/fr\/wp-json\/wp\/v2\/comments?post=11764"}],"version-history":[{"count":22,"href":"https:\/\/spheriq.ch\/fr\/wp-json\/wp\/v2\/pages\/11764\/revisions"}],"predecessor-version":[{"id":17179,"href":"https:\/\/spheriq.ch\/fr\/wp-json\/wp\/v2\/pages\/11764\/revisions\/17179"}],"wp:attachment":[{"href":"https:\/\/spheriq.ch\/fr\/wp-json\/wp\/v2\/media?parent=11764"}],"curies":[{"name":"wp","href":"https:\/\/api.w.org\/{rel}","templated":true}]}}