{"id":11741,"date":"2023-10-18T13:37:59","date_gmt":"2023-10-18T13:37:59","guid":{"rendered":"https:\/\/spheriq.ch\/?page_id=11741"},"modified":"2024-06-13T08:46:50","modified_gmt":"2024-06-13T08:46:50","slug":"arnold-kommunication","status":"publish","type":"page","link":"https:\/\/spheriq.ch\/fr\/arnold-kommunication\/","title":{"rendered":"Arnold Kommunication"},"content":{"rendered":"<h1 class=\"wp-block-heading\"><strong>Arnold Kommunication<\/strong><\/h1><div class=\"wp-bootstrap-blocks-row row\">\n\t\n<div class=\"col-12 col-md-9\">\n\t\t\t\n<p>Celui qui veut faire don de l&rsquo;argent \u00e0 une bonne cause ne doit pas faire sa pr\u00e9sentation avec une grande louche. Arnold Kommunikation conseille les organisations \u00e0 but non lucratif en mati\u00e8re de communication et de marketing. Car m\u00eame avec un petit budget, il est possible d&rsquo;obtenir un grand effet, par exemple gr\u00e2ce au storytelling et \u00e0 une gestion cibl\u00e9e des m\u00e9dias sociaux.<\/p>\n\t<\/div>\n\n<div class=\"col-12 col-md-3\">\n\t\t\t\n<figure class=\"wp-block-image size-full is-resized\"><img loading=\"lazy\" decoding=\"async\" width=\"543\" height=\"425\" src=\"https:\/\/spheriq.ch\/wp-content\/uploads\/2023\/10\/Logo-Arnold-Kommunikation.png\" alt=\"\" class=\"wp-image-11744\" style=\"object-fit:contain;width:undefinedpx;height:150px\" srcset=\"https:\/\/spheriq.ch\/wp-content\/uploads\/2023\/10\/Logo-Arnold-Kommunikation.png 543w, https:\/\/spheriq.ch\/wp-content\/uploads\/2023\/10\/Logo-Arnold-Kommunikation-300x235.png 300w, https:\/\/spheriq.ch\/wp-content\/uploads\/2023\/10\/Logo-Arnold-Kommunikation-24x19.png 24w, https:\/\/spheriq.ch\/wp-content\/uploads\/2023\/10\/Logo-Arnold-Kommunikation-36x28.png 36w, https:\/\/spheriq.ch\/wp-content\/uploads\/2023\/10\/Logo-Arnold-Kommunikation-48x38.png 48w\" sizes=\"auto, (max-width: 543px) 100vw, 543px\" \/><\/figure>\n\t<\/div>\n<\/div><p><strong>Plus d&rsquo;informations : <\/strong><br><a href=\"https:\/\/arnoldkomm.ch\/home.html\" target=\"_blank\" rel=\"noreferrer noopener nofollow\">www.arnoldkomm.ch<\/a><br><br><strong>Contact :<\/strong> <br>Sabine Arnold, propri\u00e9taire, Mutschellenstrasse 97, 8038 Zurich<br>T\u00e9l. +41 78 818 37 56, sabine@arnoldkomm.ch<\/p><h3 class=\"wp-block-heading\">Nous organisons des webinaires et des formations en collaboration avec nos partenaires. <a href=\"https:\/\/app.spheriq.ch\/webinars\">Vous trouverez ici le programme actuel.<\/a><\/h3>","protected":false},"excerpt":{"rendered":"Arnold Kommunication Plus d&rsquo;informations : www.arnoldkomm.ch Contact : Sabine Arnold, propri\u00e9taire, Mutschellenstrasse 97, 8038 ZurichT\u00e9l. +41 78 818 37 56, sabine@arnoldkomm.ch Nous organisons des webinaires et des formations en collaboration avec nos partenaires. Vous trouverez ici le programme actuel.","protected":false},"author":6,"featured_media":0,"parent":0,"menu_order":0,"comment_status":"closed","ping_status":"closed","template":"","meta":{"_acf_changed":false,"_uag_custom_page_level_css":"","footnotes":""},"class_list":["post-11741","page","type-page","status-publish","hentry"],"acf":[],"yoast_head":"<!-- This site is optimized with the Yoast SEO plugin v26.9 - https:\/\/yoast.com\/product\/yoast-seo-wordpress\/ -->\n<title>Arnold Kommunication - Spheriq<\/title>\n<meta name=\"description\" content=\"Arnold Kommunikation sur stiftungschweiz.ch : nous pr\u00e9sentons notre partenaire. En savoir plus sur l&#039;offre de partenariat.\" \/>\n<meta name=\"robots\" content=\"index, follow, max-snippet:-1, max-image-preview:large, max-video-preview:-1\" \/>\n<link rel=\"canonical\" href=\"https:\/\/spheriq.ch\/fr\/arnold-kommunication\/\" \/>\n<meta property=\"og:locale\" content=\"fr_FR\" \/>\n<meta property=\"og:type\" content=\"article\" \/>\n<meta property=\"og:title\" content=\"Arnold Kommunication - Spheriq\" \/>\n<meta property=\"og:description\" content=\"Arnold Kommunikation sur stiftungschweiz.ch : nous pr\u00e9sentons notre partenaire. En savoir plus sur l&#039;offre de partenariat.\" \/>\n<meta property=\"og:url\" content=\"https:\/\/spheriq.ch\/fr\/arnold-kommunication\/\" \/>\n<meta property=\"og:site_name\" content=\"Spheriq\" \/>\n<meta property=\"article:modified_time\" content=\"2024-06-13T08:46:50+00:00\" \/>\n<meta property=\"og:image\" content=\"https:\/\/spheriq.ch\/wp-content\/uploads\/2023\/10\/Logo-Arnold-Kommunikation.png\" \/>\n<meta name=\"twitter:card\" content=\"summary_large_image\" \/>\n<meta name=\"twitter:label1\" content=\"Dur\u00e9e de lecture estim\u00e9e\" \/>\n\t<meta name=\"twitter:data1\" content=\"1 minute\" \/>\n<script type=\"application\/ld+json\" class=\"yoast-schema-graph\">{\"@context\":\"https:\/\/schema.org\",\"@graph\":[{\"@type\":\"WebPage\",\"@id\":\"https:\/\/spheriq.ch\/fr\/arnold-kommunication\/\",\"url\":\"https:\/\/spheriq.ch\/fr\/arnold-kommunication\/\",\"name\":\"Arnold Kommunication - Spheriq\",\"isPartOf\":{\"@id\":\"https:\/\/spheriq.ch\/fr\/#website\"},\"primaryImageOfPage\":{\"@id\":\"https:\/\/spheriq.ch\/fr\/arnold-kommunication\/#primaryimage\"},\"image\":{\"@id\":\"https:\/\/spheriq.ch\/fr\/arnold-kommunication\/#primaryimage\"},\"thumbnailUrl\":\"https:\/\/spheriq.ch\/wp-content\/uploads\/2023\/10\/Logo-Arnold-Kommunikation.png\",\"datePublished\":\"2023-10-18T13:37:59+00:00\",\"dateModified\":\"2024-06-13T08:46:50+00:00\",\"description\":\"Arnold Kommunikation sur stiftungschweiz.ch : nous pr\u00e9sentons notre partenaire. En savoir plus sur l'offre de partenariat.\",\"breadcrumb\":{\"@id\":\"https:\/\/spheriq.ch\/fr\/arnold-kommunication\/#breadcrumb\"},\"inLanguage\":\"fr-FR\",\"potentialAction\":[{\"@type\":\"ReadAction\",\"target\":[\"https:\/\/spheriq.ch\/fr\/arnold-kommunication\/\"]}]},{\"@type\":\"ImageObject\",\"inLanguage\":\"fr-FR\",\"@id\":\"https:\/\/spheriq.ch\/fr\/arnold-kommunication\/#primaryimage\",\"url\":\"https:\/\/spheriq.ch\/wp-content\/uploads\/2023\/10\/Logo-Arnold-Kommunikation.png\",\"contentUrl\":\"https:\/\/spheriq.ch\/wp-content\/uploads\/2023\/10\/Logo-Arnold-Kommunikation.png\"},{\"@type\":\"BreadcrumbList\",\"@id\":\"https:\/\/spheriq.ch\/fr\/arnold-kommunication\/#breadcrumb\",\"itemListElement\":[{\"@type\":\"ListItem\",\"position\":1,\"name\":\"Home\",\"item\":\"https:\/\/spheriq.ch\/fr\/\"},{\"@type\":\"ListItem\",\"position\":2,\"name\":\"Arnold Kommunication\"}]},{\"@type\":\"WebSite\",\"@id\":\"https:\/\/spheriq.ch\/fr\/#website\",\"url\":\"https:\/\/spheriq.ch\/fr\/\",\"name\":\"Spheriq\",\"description\":\"Spheriq | Online-Portal f\u00fcr Philanthropie\",\"potentialAction\":[{\"@type\":\"SearchAction\",\"target\":{\"@type\":\"EntryPoint\",\"urlTemplate\":\"https:\/\/spheriq.ch\/fr\/?s={search_term_string}\"},\"query-input\":{\"@type\":\"PropertyValueSpecification\",\"valueRequired\":true,\"valueName\":\"search_term_string\"}}],\"inLanguage\":\"fr-FR\"}]}<\/script>\n<!-- \/ Yoast SEO plugin. -->","yoast_head_json":{"title":"Arnold Kommunication - Spheriq","description":"Arnold Kommunikation sur stiftungschweiz.ch : nous pr\u00e9sentons notre partenaire. En savoir plus sur l'offre de partenariat.","robots":{"index":"index","follow":"follow","max-snippet":"max-snippet:-1","max-image-preview":"max-image-preview:large","max-video-preview":"max-video-preview:-1"},"canonical":"https:\/\/spheriq.ch\/fr\/arnold-kommunication\/","og_locale":"fr_FR","og_type":"article","og_title":"Arnold Kommunication - Spheriq","og_description":"Arnold Kommunikation sur stiftungschweiz.ch : nous pr\u00e9sentons notre partenaire. En savoir plus sur l'offre de partenariat.","og_url":"https:\/\/spheriq.ch\/fr\/arnold-kommunication\/","og_site_name":"Spheriq","article_modified_time":"2024-06-13T08:46:50+00:00","og_image":[{"url":"https:\/\/spheriq.ch\/wp-content\/uploads\/2023\/10\/Logo-Arnold-Kommunikation.png","type":"","width":"","height":""}],"twitter_card":"summary_large_image","twitter_misc":{"Dur\u00e9e de lecture estim\u00e9e":"1 minute"},"schema":{"@context":"https:\/\/schema.org","@graph":[{"@type":"WebPage","@id":"https:\/\/spheriq.ch\/fr\/arnold-kommunication\/","url":"https:\/\/spheriq.ch\/fr\/arnold-kommunication\/","name":"Arnold Kommunication - Spheriq","isPartOf":{"@id":"https:\/\/spheriq.ch\/fr\/#website"},"primaryImageOfPage":{"@id":"https:\/\/spheriq.ch\/fr\/arnold-kommunication\/#primaryimage"},"image":{"@id":"https:\/\/spheriq.ch\/fr\/arnold-kommunication\/#primaryimage"},"thumbnailUrl":"https:\/\/spheriq.ch\/wp-content\/uploads\/2023\/10\/Logo-Arnold-Kommunikation.png","datePublished":"2023-10-18T13:37:59+00:00","dateModified":"2024-06-13T08:46:50+00:00","description":"Arnold Kommunikation sur stiftungschweiz.ch : nous pr\u00e9sentons notre partenaire. En savoir plus sur l'offre de partenariat.","breadcrumb":{"@id":"https:\/\/spheriq.ch\/fr\/arnold-kommunication\/#breadcrumb"},"inLanguage":"fr-FR","potentialAction":[{"@type":"ReadAction","target":["https:\/\/spheriq.ch\/fr\/arnold-kommunication\/"]}]},{"@type":"ImageObject","inLanguage":"fr-FR","@id":"https:\/\/spheriq.ch\/fr\/arnold-kommunication\/#primaryimage","url":"https:\/\/spheriq.ch\/wp-content\/uploads\/2023\/10\/Logo-Arnold-Kommunikation.png","contentUrl":"https:\/\/spheriq.ch\/wp-content\/uploads\/2023\/10\/Logo-Arnold-Kommunikation.png"},{"@type":"BreadcrumbList","@id":"https:\/\/spheriq.ch\/fr\/arnold-kommunication\/#breadcrumb","itemListElement":[{"@type":"ListItem","position":1,"name":"Home","item":"https:\/\/spheriq.ch\/fr\/"},{"@type":"ListItem","position":2,"name":"Arnold Kommunication"}]},{"@type":"WebSite","@id":"https:\/\/spheriq.ch\/fr\/#website","url":"https:\/\/spheriq.ch\/fr\/","name":"Spheriq","description":"Spheriq | Online-Portal f\u00fcr Philanthropie","potentialAction":[{"@type":"SearchAction","target":{"@type":"EntryPoint","urlTemplate":"https:\/\/spheriq.ch\/fr\/?s={search_term_string}"},"query-input":{"@type":"PropertyValueSpecification","valueRequired":true,"valueName":"search_term_string"}}],"inLanguage":"fr-FR"}]}},"uagb_featured_image_src":{"full":false,"thumbnail":false,"medium":false,"medium_large":false,"large":false,"1536x1536":false,"2048x2048":false,"icon":false,"single-thumbnail":false,"menu-24x24":false,"menu-36x36":false,"menu-48x48":false},"uagb_author_info":{"display_name":"Moritz Brunner","author_link":"https:\/\/spheriq.ch\/fr\/author\/moritz-brunner\/"},"uagb_comment_info":0,"uagb_excerpt":"Arnold Kommunication Plus d&rsquo;informations : www.arnoldkomm.ch Contact : Sabine Arnold, propri\u00e9taire, Mutschellenstrasse 97, 8038 ZurichT\u00e9l. +41 78 818 37 56, sabine@arnoldkomm.ch Nous organisons des webinaires et des formations en collaboration avec nos partenaires. Vous trouverez ici le programme actuel.","_links":{"self":[{"href":"https:\/\/spheriq.ch\/fr\/wp-json\/wp\/v2\/pages\/11741","targetHints":{"allow":["GET"]}}],"collection":[{"href":"https:\/\/spheriq.ch\/fr\/wp-json\/wp\/v2\/pages"}],"about":[{"href":"https:\/\/spheriq.ch\/fr\/wp-json\/wp\/v2\/types\/page"}],"author":[{"embeddable":true,"href":"https:\/\/spheriq.ch\/fr\/wp-json\/wp\/v2\/users\/6"}],"replies":[{"embeddable":true,"href":"https:\/\/spheriq.ch\/fr\/wp-json\/wp\/v2\/comments?post=11741"}],"version-history":[{"count":7,"href":"https:\/\/spheriq.ch\/fr\/wp-json\/wp\/v2\/pages\/11741\/revisions"}],"predecessor-version":[{"id":17189,"href":"https:\/\/spheriq.ch\/fr\/wp-json\/wp\/v2\/pages\/11741\/revisions\/17189"}],"wp:attachment":[{"href":"https:\/\/spheriq.ch\/fr\/wp-json\/wp\/v2\/media?parent=11741"}],"curies":[{"name":"wp","href":"https:\/\/api.w.org\/{rel}","templated":true}]}}