{"id":11722,"date":"2023-10-17T16:39:00","date_gmt":"2023-10-17T16:39:00","guid":{"rendered":"https:\/\/spheriq.ch\/?page_id=11722"},"modified":"2024-06-13T08:49:29","modified_gmt":"2024-06-13T08:49:29","slug":"copalana","status":"publish","type":"page","link":"https:\/\/spheriq.ch\/fr\/copalana\/","title":{"rendered":"Copalana"},"content":{"rendered":"<h1 class=\"wp-block-heading\">Copalana<\/h1><div class=\"wp-bootstrap-blocks-row row\">\n\t\n<div class=\"col-12 col-md-9\">\n\t\t\t\n<p>En tant que plateforme d&rsquo;impact social, Copalana met en relation des entreprises et des b\u00e9n\u00e9voles avec des organisations \u00e0 but non lucratif. Notre \u00e9cosyst\u00e8me num\u00e9rique permet aux organisations \u00e0 but non lucratif de r\u00e9aliser facilement des actions de b\u00e9n\u00e9volat d&rsquo;entreprise et de collecte de fonds. Pour ce faire, nous utilisons la technologie pour cr\u00e9er plus d&rsquo;efficacit\u00e9, de transparence et de dialogue dans le secteur \u00e0 but non lucratif. Dans le domaine de la responsabilit\u00e9 sociale de l&rsquo;entreprise, nous rendons possible l&rsquo;engagement social de nos collaborateurs en d\u00e9veloppant des projets de b\u00e9n\u00e9volat en collaboration avec des organisations \u00e0 but non lucratif et en associant ainsi travail et sens.<\/p>\n\t<\/div>\n\n<div class=\"col-12 col-md-3\">\n\t\t\t\n<figure class=\"wp-block-image size-full is-resized\"><img loading=\"lazy\" decoding=\"async\" width=\"1878\" height=\"1252\" src=\"https:\/\/spheriq.ch\/wp-content\/uploads\/2023\/10\/4412-logo-website-copalana-transparent.png\" alt=\"\" class=\"wp-image-11711\" style=\"object-fit:cover;width:undefinedpx;height:110px\" srcset=\"https:\/\/spheriq.ch\/wp-content\/uploads\/2023\/10\/4412-logo-website-copalana-transparent.png 1878w, https:\/\/spheriq.ch\/wp-content\/uploads\/2023\/10\/4412-logo-website-copalana-transparent-300x200.png 300w, https:\/\/spheriq.ch\/wp-content\/uploads\/2023\/10\/4412-logo-website-copalana-transparent-1024x683.png 1024w, https:\/\/spheriq.ch\/wp-content\/uploads\/2023\/10\/4412-logo-website-copalana-transparent-768x512.png 768w, https:\/\/spheriq.ch\/wp-content\/uploads\/2023\/10\/4412-logo-website-copalana-transparent-1536x1024.png 1536w, https:\/\/spheriq.ch\/wp-content\/uploads\/2023\/10\/4412-logo-website-copalana-transparent-24x16.png 24w, https:\/\/spheriq.ch\/wp-content\/uploads\/2023\/10\/4412-logo-website-copalana-transparent-36x24.png 36w, https:\/\/spheriq.ch\/wp-content\/uploads\/2023\/10\/4412-logo-website-copalana-transparent-48x32.png 48w\" sizes=\"auto, (max-width: 1878px) 100vw, 1878px\" \/><\/figure>\n\t<\/div>\n<\/div><p><strong>Plus d&rsquo;informations : <\/strong><br><a href=\"http:\/\/www.copalana.org\/de\/\">www.copalana.org<\/a><br><br><strong>Contact :<\/strong> <br>Olivia Ryatt, Copalana, Sonnmattstrasse 6, 6052 Hergiswil<br><a href=\"mailto:olivia.ryatt@copalana.org\">olivia.ryatt@copalana.org<\/a><\/p><p><\/p><h3 class=\"wp-block-heading\">Nous organisons des webinaires et des formations en collaboration avec nos partenaires. <a href=\"https:\/\/app.spheriq.ch\/webinars\">Vous trouverez ici le programme actuel.<\/a><br><\/h3>","protected":false},"excerpt":{"rendered":"Copalana Plus d&rsquo;informations : www.copalana.org Contact : Olivia Ryatt, Copalana, Sonnmattstrasse 6, 6052 Hergiswilolivia.ryatt@copalana.org Nous organisons des webinaires et des formations en collaboration avec nos partenaires. Vous trouverez ici le programme actuel.","protected":false},"author":7,"featured_media":0,"parent":0,"menu_order":0,"comment_status":"closed","ping_status":"closed","template":"","meta":{"_acf_changed":false,"_uag_custom_page_level_css":"","footnotes":""},"class_list":["post-11722","page","type-page","status-publish","hentry"],"acf":[],"yoast_head":"<!-- This site is optimized with the Yoast SEO plugin v26.9 - https:\/\/yoast.com\/product\/yoast-seo-wordpress\/ -->\n<title>Copalana - Spheriq<\/title>\n<meta name=\"description\" content=\"Copalana sur stiftungschweiz.ch : Nous pr\u00e9sentons notre partenaire. En savoir plus sur l&#039;offre de partenariat.\" \/>\n<meta name=\"robots\" content=\"index, follow, max-snippet:-1, max-image-preview:large, max-video-preview:-1\" \/>\n<link rel=\"canonical\" href=\"https:\/\/spheriq.ch\/fr\/copalana\/\" \/>\n<meta property=\"og:locale\" content=\"fr_FR\" \/>\n<meta property=\"og:type\" content=\"article\" \/>\n<meta property=\"og:title\" content=\"Copalana - Spheriq\" \/>\n<meta property=\"og:description\" content=\"Copalana sur stiftungschweiz.ch : Nous pr\u00e9sentons notre partenaire. En savoir plus sur l&#039;offre de partenariat.\" \/>\n<meta property=\"og:url\" content=\"https:\/\/spheriq.ch\/fr\/copalana\/\" \/>\n<meta property=\"og:site_name\" content=\"Spheriq\" \/>\n<meta property=\"article:modified_time\" content=\"2024-06-13T08:49:29+00:00\" \/>\n<meta property=\"og:image\" content=\"https:\/\/spheriq.ch\/wp-content\/uploads\/2023\/10\/4412-logo-website-copalana-transparent.png\" \/>\n<meta name=\"twitter:card\" content=\"summary_large_image\" \/>\n<meta name=\"twitter:label1\" content=\"Dur\u00e9e de lecture estim\u00e9e\" \/>\n\t<meta name=\"twitter:data1\" content=\"1 minute\" \/>\n<script type=\"application\/ld+json\" class=\"yoast-schema-graph\">{\"@context\":\"https:\/\/schema.org\",\"@graph\":[{\"@type\":\"WebPage\",\"@id\":\"https:\/\/spheriq.ch\/fr\/copalana\/\",\"url\":\"https:\/\/spheriq.ch\/fr\/copalana\/\",\"name\":\"Copalana - Spheriq\",\"isPartOf\":{\"@id\":\"https:\/\/spheriq.ch\/fr\/#website\"},\"primaryImageOfPage\":{\"@id\":\"https:\/\/spheriq.ch\/fr\/copalana\/#primaryimage\"},\"image\":{\"@id\":\"https:\/\/spheriq.ch\/fr\/copalana\/#primaryimage\"},\"thumbnailUrl\":\"https:\/\/spheriq.ch\/wp-content\/uploads\/2023\/10\/4412-logo-website-copalana-transparent.png\",\"datePublished\":\"2023-10-17T16:39:00+00:00\",\"dateModified\":\"2024-06-13T08:49:29+00:00\",\"description\":\"Copalana sur stiftungschweiz.ch : Nous pr\u00e9sentons notre partenaire. En savoir plus sur l'offre de partenariat.\",\"breadcrumb\":{\"@id\":\"https:\/\/spheriq.ch\/fr\/copalana\/#breadcrumb\"},\"inLanguage\":\"fr-FR\",\"potentialAction\":[{\"@type\":\"ReadAction\",\"target\":[\"https:\/\/spheriq.ch\/fr\/copalana\/\"]}]},{\"@type\":\"ImageObject\",\"inLanguage\":\"fr-FR\",\"@id\":\"https:\/\/spheriq.ch\/fr\/copalana\/#primaryimage\",\"url\":\"https:\/\/spheriq.ch\/wp-content\/uploads\/2023\/10\/4412-logo-website-copalana-transparent.png\",\"contentUrl\":\"https:\/\/spheriq.ch\/wp-content\/uploads\/2023\/10\/4412-logo-website-copalana-transparent.png\"},{\"@type\":\"BreadcrumbList\",\"@id\":\"https:\/\/spheriq.ch\/fr\/copalana\/#breadcrumb\",\"itemListElement\":[{\"@type\":\"ListItem\",\"position\":1,\"name\":\"Home\",\"item\":\"https:\/\/spheriq.ch\/fr\/\"},{\"@type\":\"ListItem\",\"position\":2,\"name\":\"Copalana\"}]},{\"@type\":\"WebSite\",\"@id\":\"https:\/\/spheriq.ch\/fr\/#website\",\"url\":\"https:\/\/spheriq.ch\/fr\/\",\"name\":\"Spheriq\",\"description\":\"Spheriq | Online-Portal f\u00fcr Philanthropie\",\"potentialAction\":[{\"@type\":\"SearchAction\",\"target\":{\"@type\":\"EntryPoint\",\"urlTemplate\":\"https:\/\/spheriq.ch\/fr\/?s={search_term_string}\"},\"query-input\":{\"@type\":\"PropertyValueSpecification\",\"valueRequired\":true,\"valueName\":\"search_term_string\"}}],\"inLanguage\":\"fr-FR\"}]}<\/script>\n<!-- \/ Yoast SEO plugin. -->","yoast_head_json":{"title":"Copalana - Spheriq","description":"Copalana sur stiftungschweiz.ch : Nous pr\u00e9sentons notre partenaire. En savoir plus sur l'offre de partenariat.","robots":{"index":"index","follow":"follow","max-snippet":"max-snippet:-1","max-image-preview":"max-image-preview:large","max-video-preview":"max-video-preview:-1"},"canonical":"https:\/\/spheriq.ch\/fr\/copalana\/","og_locale":"fr_FR","og_type":"article","og_title":"Copalana - Spheriq","og_description":"Copalana sur stiftungschweiz.ch : Nous pr\u00e9sentons notre partenaire. En savoir plus sur l'offre de partenariat.","og_url":"https:\/\/spheriq.ch\/fr\/copalana\/","og_site_name":"Spheriq","article_modified_time":"2024-06-13T08:49:29+00:00","og_image":[{"url":"https:\/\/spheriq.ch\/wp-content\/uploads\/2023\/10\/4412-logo-website-copalana-transparent.png","type":"","width":"","height":""}],"twitter_card":"summary_large_image","twitter_misc":{"Dur\u00e9e de lecture estim\u00e9e":"1 minute"},"schema":{"@context":"https:\/\/schema.org","@graph":[{"@type":"WebPage","@id":"https:\/\/spheriq.ch\/fr\/copalana\/","url":"https:\/\/spheriq.ch\/fr\/copalana\/","name":"Copalana - Spheriq","isPartOf":{"@id":"https:\/\/spheriq.ch\/fr\/#website"},"primaryImageOfPage":{"@id":"https:\/\/spheriq.ch\/fr\/copalana\/#primaryimage"},"image":{"@id":"https:\/\/spheriq.ch\/fr\/copalana\/#primaryimage"},"thumbnailUrl":"https:\/\/spheriq.ch\/wp-content\/uploads\/2023\/10\/4412-logo-website-copalana-transparent.png","datePublished":"2023-10-17T16:39:00+00:00","dateModified":"2024-06-13T08:49:29+00:00","description":"Copalana sur stiftungschweiz.ch : Nous pr\u00e9sentons notre partenaire. En savoir plus sur l'offre de partenariat.","breadcrumb":{"@id":"https:\/\/spheriq.ch\/fr\/copalana\/#breadcrumb"},"inLanguage":"fr-FR","potentialAction":[{"@type":"ReadAction","target":["https:\/\/spheriq.ch\/fr\/copalana\/"]}]},{"@type":"ImageObject","inLanguage":"fr-FR","@id":"https:\/\/spheriq.ch\/fr\/copalana\/#primaryimage","url":"https:\/\/spheriq.ch\/wp-content\/uploads\/2023\/10\/4412-logo-website-copalana-transparent.png","contentUrl":"https:\/\/spheriq.ch\/wp-content\/uploads\/2023\/10\/4412-logo-website-copalana-transparent.png"},{"@type":"BreadcrumbList","@id":"https:\/\/spheriq.ch\/fr\/copalana\/#breadcrumb","itemListElement":[{"@type":"ListItem","position":1,"name":"Home","item":"https:\/\/spheriq.ch\/fr\/"},{"@type":"ListItem","position":2,"name":"Copalana"}]},{"@type":"WebSite","@id":"https:\/\/spheriq.ch\/fr\/#website","url":"https:\/\/spheriq.ch\/fr\/","name":"Spheriq","description":"Spheriq | Online-Portal f\u00fcr Philanthropie","potentialAction":[{"@type":"SearchAction","target":{"@type":"EntryPoint","urlTemplate":"https:\/\/spheriq.ch\/fr\/?s={search_term_string}"},"query-input":{"@type":"PropertyValueSpecification","valueRequired":true,"valueName":"search_term_string"}}],"inLanguage":"fr-FR"}]}},"uagb_featured_image_src":{"full":false,"thumbnail":false,"medium":false,"medium_large":false,"large":false,"1536x1536":false,"2048x2048":false,"icon":false,"single-thumbnail":false,"menu-24x24":false,"menu-36x36":false,"menu-48x48":false},"uagb_author_info":{"display_name":"Tais Okai","author_link":"https:\/\/spheriq.ch\/fr\/author\/tais-okai\/"},"uagb_comment_info":0,"uagb_excerpt":"Copalana Plus d&rsquo;informations : www.copalana.org Contact : Olivia Ryatt, Copalana, Sonnmattstrasse 6, 6052 Hergiswilolivia.ryatt@copalana.org Nous organisons des webinaires et des formations en collaboration avec nos partenaires. Vous trouverez ici le programme actuel.","_links":{"self":[{"href":"https:\/\/spheriq.ch\/fr\/wp-json\/wp\/v2\/pages\/11722","targetHints":{"allow":["GET"]}}],"collection":[{"href":"https:\/\/spheriq.ch\/fr\/wp-json\/wp\/v2\/pages"}],"about":[{"href":"https:\/\/spheriq.ch\/fr\/wp-json\/wp\/v2\/types\/page"}],"author":[{"embeddable":true,"href":"https:\/\/spheriq.ch\/fr\/wp-json\/wp\/v2\/users\/7"}],"replies":[{"embeddable":true,"href":"https:\/\/spheriq.ch\/fr\/wp-json\/wp\/v2\/comments?post=11722"}],"version-history":[{"count":12,"href":"https:\/\/spheriq.ch\/fr\/wp-json\/wp\/v2\/pages\/11722\/revisions"}],"predecessor-version":[{"id":17193,"href":"https:\/\/spheriq.ch\/fr\/wp-json\/wp\/v2\/pages\/11722\/revisions\/17193"}],"wp:attachment":[{"href":"https:\/\/spheriq.ch\/fr\/wp-json\/wp\/v2\/media?parent=11722"}],"curies":[{"name":"wp","href":"https:\/\/api.w.org\/{rel}","templated":true}]}}