{"id":11649,"date":"2023-10-17T15:29:36","date_gmt":"2023-10-17T15:29:36","guid":{"rendered":"https:\/\/spheriq.ch\/?page_id=11649"},"modified":"2024-06-13T08:52:52","modified_gmt":"2024-06-13T08:52:52","slug":"fondation-botnar","status":"publish","type":"page","link":"https:\/\/spheriq.ch\/fr\/fondation-botnar\/","title":{"rendered":"fondation BOTNAR"},"content":{"rendered":"<h1 class=\"wp-block-heading\">Fondation Botnar<\/h1><div class=\"wp-bootstrap-blocks-row row\">\n\t\n<div class=\"col-12 col-md-9\">\n\t\t\t\n<p>La Fondation Botnar est une fondation philanthropique suisse qui s&rsquo;engage \u00e0 am\u00e9liorer la sant\u00e9 et le bien-\u00eatre des jeunes dans les villes du monde entier. En tant que d\u00e9fenseur d&rsquo;une utilisation \u00e9quitable de la technologie et de l&rsquo;IA, y compris dans le domaine de la philanthropie, la Fondation Botnar soutient l&rsquo;utilisation judicieuse de l&rsquo;IA pour un impact philanthropique plus large.<\/p>\n\n<p>La Fondation Botnar soutient Spheriq en tant que partenaire technologique et apporte son exp\u00e9rience afin d&rsquo;am\u00e9liorer les outils et les ressources de la plateforme. La fondation soutient l&rsquo;utilisation judicieuse de l&rsquo;IA dans la philanthropie et encourage les projets pilotes pratiques et innovants sur la plateforme.<\/p>\n\n<p><\/p>\n\t<\/div>\n\n<div class=\"col-12 col-md-3\">\n\t\t\t\n<figure class=\"wp-block-image size-large\"><img loading=\"lazy\" decoding=\"async\" width=\"1024\" height=\"344\" src=\"https:\/\/spheriq.ch\/wp-content\/uploads\/2023\/10\/Fondation-Botnar-Pink-1-1024x344.png\" alt=\"\" class=\"wp-image-11784\" srcset=\"https:\/\/spheriq.ch\/wp-content\/uploads\/2023\/10\/Fondation-Botnar-Pink-1-1024x344.png 1024w, https:\/\/spheriq.ch\/wp-content\/uploads\/2023\/10\/Fondation-Botnar-Pink-1-300x101.png 300w, https:\/\/spheriq.ch\/wp-content\/uploads\/2023\/10\/Fondation-Botnar-Pink-1-768x258.png 768w, https:\/\/spheriq.ch\/wp-content\/uploads\/2023\/10\/Fondation-Botnar-Pink-1-1536x517.png 1536w, https:\/\/spheriq.ch\/wp-content\/uploads\/2023\/10\/Fondation-Botnar-Pink-1-24x8.png 24w, https:\/\/spheriq.ch\/wp-content\/uploads\/2023\/10\/Fondation-Botnar-Pink-1-36x12.png 36w, https:\/\/spheriq.ch\/wp-content\/uploads\/2023\/10\/Fondation-Botnar-Pink-1-48x16.png 48w, https:\/\/spheriq.ch\/wp-content\/uploads\/2023\/10\/Fondation-Botnar-Pink-1.png 1867w\" sizes=\"auto, (max-width: 1024px) 100vw, 1024px\" \/><\/figure>\n\t<\/div>\n<\/div><p><strong>Plus d&rsquo;informations : <\/strong><br><a href=\"https:\/\/www.fondationbotnar.org\/\">www.fondationbotnar.org<\/a><br><br><strong>Contact :<\/strong> <br>Fondation Botnar, St. Alban-Vorstadt 56, 4052 B\u00e2le<br>41 61 201 04 74 | <a href=\"mailto:info@fondationbotnar.org\">info@fondationbotnar.org<\/a><\/p><h2 class=\"wp-block-heading\">Nous organisons des webinaires et des formations en collaboration avec nos partenaires. <a href=\"https:\/\/app.spheriq.ch\/webinars\">Vous trouverez ici le programme actuel.<\/a><br><\/h2>","protected":false},"excerpt":{"rendered":"Fondation Botnar Plus d&rsquo;informations : www.fondationbotnar.org Contact : Fondation Botnar, St. Alban-Vorstadt 56, 4052 B\u00e2le41 61 201 04 74 | info@fondationbotnar.org Nous organisons des webinaires et des formations en collaboration avec nos partenaires. Vous trouverez ici le programme actuel.","protected":false},"author":7,"featured_media":0,"parent":0,"menu_order":0,"comment_status":"closed","ping_status":"closed","template":"","meta":{"_acf_changed":false,"_uag_custom_page_level_css":"","footnotes":""},"class_list":["post-11649","page","type-page","status-publish","hentry"],"acf":[],"yoast_head":"<!-- This site is optimized with the Yoast SEO plugin v26.9 - https:\/\/yoast.com\/product\/yoast-seo-wordpress\/ -->\n<title>fondation BOTNAR - Spheriq<\/title>\n<meta name=\"description\" content=\"Fondation Botnar sur stiftungschweiz.ch : Nous pr\u00e9sentons notre partenaire. En savoir plus sur l&#039;offre de partenariat.\" \/>\n<meta name=\"robots\" content=\"index, follow, max-snippet:-1, max-image-preview:large, max-video-preview:-1\" \/>\n<link rel=\"canonical\" href=\"https:\/\/spheriq.ch\/fr\/fondation-botnar\/\" \/>\n<meta property=\"og:locale\" content=\"fr_FR\" \/>\n<meta property=\"og:type\" content=\"article\" \/>\n<meta property=\"og:title\" content=\"fondation BOTNAR - Spheriq\" \/>\n<meta property=\"og:description\" content=\"Fondation Botnar sur stiftungschweiz.ch : Nous pr\u00e9sentons notre partenaire. En savoir plus sur l&#039;offre de partenariat.\" \/>\n<meta property=\"og:url\" content=\"https:\/\/spheriq.ch\/fr\/fondation-botnar\/\" \/>\n<meta property=\"og:site_name\" content=\"Spheriq\" \/>\n<meta property=\"article:modified_time\" content=\"2024-06-13T08:52:52+00:00\" \/>\n<meta property=\"og:image\" content=\"https:\/\/spheriq.ch\/wp-content\/uploads\/2023\/10\/Fondation-Botnar-Pink-1-1024x344.png\" \/>\n<meta name=\"twitter:card\" content=\"summary_large_image\" \/>\n<meta name=\"twitter:label1\" content=\"Dur\u00e9e de lecture estim\u00e9e\" \/>\n\t<meta name=\"twitter:data1\" content=\"1 minute\" \/>\n<script type=\"application\/ld+json\" class=\"yoast-schema-graph\">{\"@context\":\"https:\/\/schema.org\",\"@graph\":[{\"@type\":\"WebPage\",\"@id\":\"https:\/\/spheriq.ch\/fr\/fondation-botnar\/\",\"url\":\"https:\/\/spheriq.ch\/fr\/fondation-botnar\/\",\"name\":\"fondation BOTNAR - Spheriq\",\"isPartOf\":{\"@id\":\"https:\/\/spheriq.ch\/fr\/#website\"},\"primaryImageOfPage\":{\"@id\":\"https:\/\/spheriq.ch\/fr\/fondation-botnar\/#primaryimage\"},\"image\":{\"@id\":\"https:\/\/spheriq.ch\/fr\/fondation-botnar\/#primaryimage\"},\"thumbnailUrl\":\"https:\/\/spheriq.ch\/wp-content\/uploads\/2023\/10\/Fondation-Botnar-Pink-1-1024x344.png\",\"datePublished\":\"2023-10-17T15:29:36+00:00\",\"dateModified\":\"2024-06-13T08:52:52+00:00\",\"description\":\"Fondation Botnar sur stiftungschweiz.ch : Nous pr\u00e9sentons notre partenaire. En savoir plus sur l'offre de partenariat.\",\"breadcrumb\":{\"@id\":\"https:\/\/spheriq.ch\/fr\/fondation-botnar\/#breadcrumb\"},\"inLanguage\":\"fr-FR\",\"potentialAction\":[{\"@type\":\"ReadAction\",\"target\":[\"https:\/\/spheriq.ch\/fr\/fondation-botnar\/\"]}]},{\"@type\":\"ImageObject\",\"inLanguage\":\"fr-FR\",\"@id\":\"https:\/\/spheriq.ch\/fr\/fondation-botnar\/#primaryimage\",\"url\":\"https:\/\/spheriq.ch\/wp-content\/uploads\/2023\/10\/Fondation-Botnar-Pink-1-1024x344.png\",\"contentUrl\":\"https:\/\/spheriq.ch\/wp-content\/uploads\/2023\/10\/Fondation-Botnar-Pink-1-1024x344.png\"},{\"@type\":\"BreadcrumbList\",\"@id\":\"https:\/\/spheriq.ch\/fr\/fondation-botnar\/#breadcrumb\",\"itemListElement\":[{\"@type\":\"ListItem\",\"position\":1,\"name\":\"Home\",\"item\":\"https:\/\/spheriq.ch\/fr\/\"},{\"@type\":\"ListItem\",\"position\":2,\"name\":\"fondation BOTNAR\"}]},{\"@type\":\"WebSite\",\"@id\":\"https:\/\/spheriq.ch\/fr\/#website\",\"url\":\"https:\/\/spheriq.ch\/fr\/\",\"name\":\"Spheriq\",\"description\":\"Spheriq | Online-Portal f\u00fcr Philanthropie\",\"potentialAction\":[{\"@type\":\"SearchAction\",\"target\":{\"@type\":\"EntryPoint\",\"urlTemplate\":\"https:\/\/spheriq.ch\/fr\/?s={search_term_string}\"},\"query-input\":{\"@type\":\"PropertyValueSpecification\",\"valueRequired\":true,\"valueName\":\"search_term_string\"}}],\"inLanguage\":\"fr-FR\"}]}<\/script>\n<!-- \/ Yoast SEO plugin. -->","yoast_head_json":{"title":"fondation BOTNAR - Spheriq","description":"Fondation Botnar sur stiftungschweiz.ch : Nous pr\u00e9sentons notre partenaire. En savoir plus sur l'offre de partenariat.","robots":{"index":"index","follow":"follow","max-snippet":"max-snippet:-1","max-image-preview":"max-image-preview:large","max-video-preview":"max-video-preview:-1"},"canonical":"https:\/\/spheriq.ch\/fr\/fondation-botnar\/","og_locale":"fr_FR","og_type":"article","og_title":"fondation BOTNAR - Spheriq","og_description":"Fondation Botnar sur stiftungschweiz.ch : Nous pr\u00e9sentons notre partenaire. En savoir plus sur l'offre de partenariat.","og_url":"https:\/\/spheriq.ch\/fr\/fondation-botnar\/","og_site_name":"Spheriq","article_modified_time":"2024-06-13T08:52:52+00:00","og_image":[{"url":"https:\/\/spheriq.ch\/wp-content\/uploads\/2023\/10\/Fondation-Botnar-Pink-1-1024x344.png","type":"","width":"","height":""}],"twitter_card":"summary_large_image","twitter_misc":{"Dur\u00e9e de lecture estim\u00e9e":"1 minute"},"schema":{"@context":"https:\/\/schema.org","@graph":[{"@type":"WebPage","@id":"https:\/\/spheriq.ch\/fr\/fondation-botnar\/","url":"https:\/\/spheriq.ch\/fr\/fondation-botnar\/","name":"fondation BOTNAR - Spheriq","isPartOf":{"@id":"https:\/\/spheriq.ch\/fr\/#website"},"primaryImageOfPage":{"@id":"https:\/\/spheriq.ch\/fr\/fondation-botnar\/#primaryimage"},"image":{"@id":"https:\/\/spheriq.ch\/fr\/fondation-botnar\/#primaryimage"},"thumbnailUrl":"https:\/\/spheriq.ch\/wp-content\/uploads\/2023\/10\/Fondation-Botnar-Pink-1-1024x344.png","datePublished":"2023-10-17T15:29:36+00:00","dateModified":"2024-06-13T08:52:52+00:00","description":"Fondation Botnar sur stiftungschweiz.ch : Nous pr\u00e9sentons notre partenaire. En savoir plus sur l'offre de partenariat.","breadcrumb":{"@id":"https:\/\/spheriq.ch\/fr\/fondation-botnar\/#breadcrumb"},"inLanguage":"fr-FR","potentialAction":[{"@type":"ReadAction","target":["https:\/\/spheriq.ch\/fr\/fondation-botnar\/"]}]},{"@type":"ImageObject","inLanguage":"fr-FR","@id":"https:\/\/spheriq.ch\/fr\/fondation-botnar\/#primaryimage","url":"https:\/\/spheriq.ch\/wp-content\/uploads\/2023\/10\/Fondation-Botnar-Pink-1-1024x344.png","contentUrl":"https:\/\/spheriq.ch\/wp-content\/uploads\/2023\/10\/Fondation-Botnar-Pink-1-1024x344.png"},{"@type":"BreadcrumbList","@id":"https:\/\/spheriq.ch\/fr\/fondation-botnar\/#breadcrumb","itemListElement":[{"@type":"ListItem","position":1,"name":"Home","item":"https:\/\/spheriq.ch\/fr\/"},{"@type":"ListItem","position":2,"name":"fondation BOTNAR"}]},{"@type":"WebSite","@id":"https:\/\/spheriq.ch\/fr\/#website","url":"https:\/\/spheriq.ch\/fr\/","name":"Spheriq","description":"Spheriq | Online-Portal f\u00fcr Philanthropie","potentialAction":[{"@type":"SearchAction","target":{"@type":"EntryPoint","urlTemplate":"https:\/\/spheriq.ch\/fr\/?s={search_term_string}"},"query-input":{"@type":"PropertyValueSpecification","valueRequired":true,"valueName":"search_term_string"}}],"inLanguage":"fr-FR"}]}},"uagb_featured_image_src":{"full":false,"thumbnail":false,"medium":false,"medium_large":false,"large":false,"1536x1536":false,"2048x2048":false,"icon":false,"single-thumbnail":false,"menu-24x24":false,"menu-36x36":false,"menu-48x48":false},"uagb_author_info":{"display_name":"Tais Okai","author_link":"https:\/\/spheriq.ch\/fr\/author\/tais-okai\/"},"uagb_comment_info":0,"uagb_excerpt":"Fondation Botnar Plus d&rsquo;informations : www.fondationbotnar.org Contact : Fondation Botnar, St. Alban-Vorstadt 56, 4052 B\u00e2le41 61 201 04 74 | info@fondationbotnar.org Nous organisons des webinaires et des formations en collaboration avec nos partenaires. Vous trouverez ici le programme actuel.","_links":{"self":[{"href":"https:\/\/spheriq.ch\/fr\/wp-json\/wp\/v2\/pages\/11649","targetHints":{"allow":["GET"]}}],"collection":[{"href":"https:\/\/spheriq.ch\/fr\/wp-json\/wp\/v2\/pages"}],"about":[{"href":"https:\/\/spheriq.ch\/fr\/wp-json\/wp\/v2\/types\/page"}],"author":[{"embeddable":true,"href":"https:\/\/spheriq.ch\/fr\/wp-json\/wp\/v2\/users\/7"}],"replies":[{"embeddable":true,"href":"https:\/\/spheriq.ch\/fr\/wp-json\/wp\/v2\/comments?post=11649"}],"version-history":[{"count":14,"href":"https:\/\/spheriq.ch\/fr\/wp-json\/wp\/v2\/pages\/11649\/revisions"}],"predecessor-version":[{"id":17196,"href":"https:\/\/spheriq.ch\/fr\/wp-json\/wp\/v2\/pages\/11649\/revisions\/17196"}],"wp:attachment":[{"href":"https:\/\/spheriq.ch\/fr\/wp-json\/wp\/v2\/media?parent=11649"}],"curies":[{"name":"wp","href":"https:\/\/api.w.org\/{rel}","templated":true}]}}