{"id":11408,"date":"2023-10-03T15:06:08","date_gmt":"2023-10-03T15:06:08","guid":{"rendered":"https:\/\/spheriq.ch\/fonctions\/extras\/"},"modified":"2024-07-03T13:29:31","modified_gmt":"2024-07-03T13:29:31","slug":"extras","status":"publish","type":"page","link":"https:\/\/spheriq.ch\/fr\/fonctions\/extras\/","title":{"rendered":"Extras"},"content":{"rendered":"<div class=\"wp-block-cover alignfull is-light has-custom-content-position is-position-top-center is-style-head aspect-ratio-4-3\" style=\"min-height:129px;aspect-ratio:unset;\"><span aria-hidden=\"true\" class=\"wp-block-cover__background has-background-dim-100 has-background-dim\" style=\"background-color:#f7f7f7\"><\/span><div class=\"wp-block-cover__inner-container is-layout-constrained wp-block-cover-is-layout-constrained\"><div class=\"wp-block-columns has-background is-layout-flex wp-container-core-columns-is-layout-28f84493 wp-block-columns-is-layout-flex\" style=\"background-color:#f7f7f7\"><div class=\"wp-block-column is-layout-flow wp-block-column-is-layout-flow\"><div class=\"wp-block-group is-vertical is-layout-flex wp-container-core-group-is-layout-fe9cc265 wp-block-group-is-layout-flex\"><h1 class=\"wp-block-heading has-size-16-font-size\" style=\"text-transform:uppercase\">Spheriq-Extras<\/h1>\n\n<h2 class=\"wp-block-heading has-size-40-font-size\">D\u00e9couvrez nos extras exclusifs<\/h2>\n\n<p class=\"has-size-20-font-size\">Dans nos \u00ab\u00a0Extras\u00a0\u00bb, vous trouverez des self-services, des services et des publications qui vous aideront et vous enrichiront dans votre travail.<\/p>\n\n<div class=\"wp-block-buttons is-layout-flex wp-block-buttons-is-layout-flex\"><div class=\"wp-block-button is-style-btn-primary is-style-btn-primary--1\"><a class=\"wp-block-button__link wp-element-button\" href=\"https:\/\/app.spheriq.ch\/registrieren\">S&rsquo;inscrire maintenant<\/a><\/div><\/div>\n\n<div class=\"wp-block-buttons is-layout-flex wp-block-buttons-is-layout-flex\"><div class=\"wp-block-button is-style-btn-primary is-style-btn-primary--2\"><a class=\"wp-block-button__link has-black-color has-white-background-color has-text-color has-background wp-element-button\" href=\"https:\/\/spheriq.ch\/fr\/prix\/\">Afficher toutes les fonctions<\/a><\/div><\/div><\/div><\/div>\n\n<div class=\"wp-block-column is-layout-flow wp-block-column-is-layout-flow\"><figure class=\"wp-block-image size-full\"><img loading=\"lazy\" decoding=\"async\" width=\"1400\" height=\"954\" src=\"https:\/\/spheriq.ch\/wp-content\/uploads\/2024\/05\/Header_Extras_v2.jpg\" alt=\"\" class=\"wp-image-16741\" style=\"aspect-ratio:4\/3;object-fit:cover\" srcset=\"https:\/\/spheriq.ch\/wp-content\/uploads\/2024\/05\/Header_Extras_v2.jpg 1400w, https:\/\/spheriq.ch\/wp-content\/uploads\/2024\/05\/Header_Extras_v2-300x204.jpg 300w, https:\/\/spheriq.ch\/wp-content\/uploads\/2024\/05\/Header_Extras_v2-1024x698.jpg 1024w, https:\/\/spheriq.ch\/wp-content\/uploads\/2024\/05\/Header_Extras_v2-768x523.jpg 768w, https:\/\/spheriq.ch\/wp-content\/uploads\/2024\/05\/Header_Extras_v2-24x16.jpg 24w, https:\/\/spheriq.ch\/wp-content\/uploads\/2024\/05\/Header_Extras_v2-36x25.jpg 36w, https:\/\/spheriq.ch\/wp-content\/uploads\/2024\/05\/Header_Extras_v2-48x33.jpg 48w\" sizes=\"auto, (max-width: 1400px) 100vw, 1400px\" \/><\/figure><\/div><\/div><\/div><\/div><div class=\"wp-bootstrap-blocks-row row\">\n\t\n<div class=\"col-12 col-md-6\">\n\t\t\t\n<figure data-wp-context=\"{&quot;imageId&quot;:&quot;6a086333c606a&quot;}\" data-wp-interactive=\"core\/image\" data-wp-key=\"6a086333c606a\" class=\"wp-block-image size-large wp-lightbox-container\"><img loading=\"lazy\" decoding=\"async\" width=\"1024\" height=\"691\" data-wp-class--hide=\"state.isContentHidden\" data-wp-class--show=\"state.isContentVisible\" data-wp-init=\"callbacks.setButtonStyles\" data-wp-on--click=\"actions.showLightbox\" data-wp-on--load=\"callbacks.setButtonStyles\" data-wp-on-window--resize=\"callbacks.setButtonStyles\" src=\"https:\/\/spheriq.ch\/wp-content\/uploads\/2024\/05\/Selfservices-1024x691.png\" alt=\"\" class=\"wp-image-16747\" srcset=\"https:\/\/spheriq.ch\/wp-content\/uploads\/2024\/05\/Selfservices-1024x691.png 1024w, https:\/\/spheriq.ch\/wp-content\/uploads\/2024\/05\/Selfservices-300x203.png 300w, https:\/\/spheriq.ch\/wp-content\/uploads\/2024\/05\/Selfservices-768x518.png 768w, https:\/\/spheriq.ch\/wp-content\/uploads\/2024\/05\/Selfservices-1536x1037.png 1536w, https:\/\/spheriq.ch\/wp-content\/uploads\/2024\/05\/Selfservices-24x16.png 24w, https:\/\/spheriq.ch\/wp-content\/uploads\/2024\/05\/Selfservices-36x24.png 36w, https:\/\/spheriq.ch\/wp-content\/uploads\/2024\/05\/Selfservices-48x32.png 48w, https:\/\/spheriq.ch\/wp-content\/uploads\/2024\/05\/Selfservices.png 1800w\" sizes=\"auto, (max-width: 1024px) 100vw, 1024px\" \/><button\n\t\t\tclass=\"lightbox-trigger\"\n\t\t\ttype=\"button\"\n\t\t\taria-haspopup=\"dialog\"\n\t\t\taria-label=\"Agrandir\"\n\t\t\tdata-wp-init=\"callbacks.initTriggerButton\"\n\t\t\tdata-wp-on--click=\"actions.showLightbox\"\n\t\t\tdata-wp-style--right=\"state.imageButtonRight\"\n\t\t\tdata-wp-style--top=\"state.imageButtonTop\"\n\t\t>\n\t\t\t<svg xmlns=\"http:\/\/www.w3.org\/2000\/svg\" width=\"12\" height=\"12\" fill=\"none\" viewBox=\"0 0 12 12\">\n\t\t\t\t<path fill=\"#fff\" d=\"M2 0a2 2 0 0 0-2 2v2h1.5V2a.5.5 0 0 1 .5-.5h2V0H2Zm2 10.5H2a.5.5 0 0 1-.5-.5V8H0v2a2 2 0 0 0 2 2h2v-1.5ZM8 12v-1.5h2a.5.5 0 0 0 .5-.5V8H12v2a2 2 0 0 1-2 2H8Zm2-12a2 2 0 0 1 2 2v2h-1.5V2a.5.5 0 0 0-.5-.5H8V0h2Z\" \/>\n\t\t\t<\/svg>\n\t\t<\/button><\/figure>\n\t<\/div>\n\n<div class=\"col-12 col-md-6\">\n\t\t\t\n<h2 class=\"wp-block-heading\"><strong>\n  <strong>Selfservices<\/strong>\n<\/strong>: D\u00e9veloppez vos connaissances<\/h2>\n\n<p>Parcourez ici notre offre vari\u00e9e. Les self-services vous permettent d&rsquo;approfondir vos connaissances selon vos propres besoins ou de trouver un soutien dans le monde de la philanthropie : D\u00e9couvrez le rapport sectoriel avec des chiffres et des statistiques passionnants, le blog de la FondationSuisse avec des contenus de conseil pr\u00e9cieux ou lisez le magazine en ligne de ThePhilanthropist. Nos partenaires mettent \u00e9galement \u00e0 disposition des services passionnants tels que la recherche de conseils de fondation ou le Swiss Philanthropy Performance Index. Commencez d\u00e8s maintenant !<\/p>\n\n<p class=\"underline has-size-20-font-size\"><strong><a href=\"https:\/\/app.spheriq.ch\/self-services\">D\u00e9couvrez notre offre de webinaires \u27a4<\/a><\/strong><\/p>\n\t<\/div>\n<\/div><div class=\"wp-block-cover alignfull is-light\"><span aria-hidden=\"true\" class=\"wp-block-cover__background has-white-background-color has-background-dim-100 has-background-dim\"><\/span><div class=\"wp-block-cover__inner-container is-layout-constrained wp-block-cover-is-layout-constrained\"><div class=\"wp-bootstrap-blocks-row row\">\n\t\n<div class=\"col-12 col-md-6\">\n\t\t\t\n<h2 class=\"wp-block-heading\">Services : <strong>\n  <strong>Un accompagnement personnel pour votre succ\u00e8s<\/strong>\n<\/strong><\/h2>\n\n<p class=\"has-size-20-font-size\">Un soutien adapt\u00e9 et un accompagnement personnel par des experts reconnus &#8211; voil\u00e0 ce que promettent nos services, que nous d\u00e9veloppons pas \u00e0 pas en fonction de vos besoins.  <\/p>\n\n<p class=\"has-size-20-font-size\">Faites appel \u00e0 un professionnel pour embellir le portrait de votre organisation ou b\u00e9n\u00e9ficiez de conseils en mati\u00e8re de protection des donn\u00e9es. Avec les services de la Spheriq, vous b\u00e9n\u00e9ficiez d&rsquo;un soutien sur mesure.<\/p>\n\n<p class=\"has-size-20-font-size\"><a href=\"https:\/\/app.spheriq.ch\/services\"><strong>D\u00e9couvrez notre offre de services \u27a4<\/strong><\/a><\/p>\n\t<\/div>\n\n<div class=\"col-12 col-md-6\">\n\t\t\t\n<figure data-wp-context=\"{&quot;imageId&quot;:&quot;6a086333c6b5a&quot;}\" data-wp-interactive=\"core\/image\" data-wp-key=\"6a086333c6b5a\" class=\"wp-block-image size-large wp-lightbox-container\"><img loading=\"lazy\" decoding=\"async\" width=\"1024\" height=\"691\" data-wp-class--hide=\"state.isContentHidden\" data-wp-class--show=\"state.isContentVisible\" data-wp-init=\"callbacks.setButtonStyles\" data-wp-on--click=\"actions.showLightbox\" data-wp-on--load=\"callbacks.setButtonStyles\" data-wp-on-window--resize=\"callbacks.setButtonStyles\" src=\"https:\/\/spheriq.ch\/wp-content\/uploads\/2024\/05\/Services-1024x691.png\" alt=\"\" class=\"wp-image-16750\" srcset=\"https:\/\/spheriq.ch\/wp-content\/uploads\/2024\/05\/Services-1024x691.png 1024w, https:\/\/spheriq.ch\/wp-content\/uploads\/2024\/05\/Services-300x203.png 300w, https:\/\/spheriq.ch\/wp-content\/uploads\/2024\/05\/Services-768x518.png 768w, https:\/\/spheriq.ch\/wp-content\/uploads\/2024\/05\/Services-1536x1037.png 1536w, https:\/\/spheriq.ch\/wp-content\/uploads\/2024\/05\/Services-24x16.png 24w, https:\/\/spheriq.ch\/wp-content\/uploads\/2024\/05\/Services-36x24.png 36w, https:\/\/spheriq.ch\/wp-content\/uploads\/2024\/05\/Services-48x32.png 48w, https:\/\/spheriq.ch\/wp-content\/uploads\/2024\/05\/Services.png 1800w\" sizes=\"auto, (max-width: 1024px) 100vw, 1024px\" \/><button\n\t\t\tclass=\"lightbox-trigger\"\n\t\t\ttype=\"button\"\n\t\t\taria-haspopup=\"dialog\"\n\t\t\taria-label=\"Agrandir\"\n\t\t\tdata-wp-init=\"callbacks.initTriggerButton\"\n\t\t\tdata-wp-on--click=\"actions.showLightbox\"\n\t\t\tdata-wp-style--right=\"state.imageButtonRight\"\n\t\t\tdata-wp-style--top=\"state.imageButtonTop\"\n\t\t>\n\t\t\t<svg xmlns=\"http:\/\/www.w3.org\/2000\/svg\" width=\"12\" height=\"12\" fill=\"none\" viewBox=\"0 0 12 12\">\n\t\t\t\t<path fill=\"#fff\" d=\"M2 0a2 2 0 0 0-2 2v2h1.5V2a.5.5 0 0 1 .5-.5h2V0H2Zm2 10.5H2a.5.5 0 0 1-.5-.5V8H0v2a2 2 0 0 0 2 2h2v-1.5ZM8 12v-1.5h2a.5.5 0 0 0 .5-.5V8H12v2a2 2 0 0 1-2 2H8Zm2-12a2 2 0 0 1 2 2v2h-1.5V2a.5.5 0 0 0-.5-.5H8V0h2Z\" \/>\n\t\t\t<\/svg>\n\t\t<\/button><\/figure>\n\t<\/div>\n<\/div><\/div><\/div><div class=\"wp-block-cover alignfull is-light\" style=\"min-height:77px;aspect-ratio:unset;\"><span aria-hidden=\"true\" class=\"wp-block-cover__background has-background-dim-100 has-background-dim has-background-gradient\" style=\"background:linear-gradient(135deg,rgba(214,148,195,0.63) 0%,rgb(81,210,224) 100%)\"><\/span><div class=\"wp-block-cover__inner-container is-layout-constrained wp-block-cover-is-layout-constrained\"><div class=\"wp-bootstrap-blocks-row row justify-content-center align-items-center\">\n\t\n<div class=\"col-12 col-md-4\">\n\t\t\t\n<p class=\"has-text-align-center has-size-24-font-size\" style=\"line-height:1\"><strong>D\u00e9marrer gratuitement<\/strong>: d\u00e8s l&rsquo;acc\u00e8s Free, vous acc\u00e9dez \u00e0 des webinaires &amp; des ateliers, des services et des publications.<\/p>\n\t<\/div>\n\n<div class=\"col-12 col-md-4\">\n\t\t\t\n<div class=\"wp-block-buttons is-content-justification-center is-layout-flex wp-container-core-buttons-is-layout-a89b3969 wp-block-buttons-is-layout-flex\"><div class=\"wp-block-button is-style-btn-primary is-style-btn-primary--3\"><a class=\"wp-block-button__link wp-element-button\" href=\"https:\/\/app.spheriq.ch\/registrieren\">Inscrivez-vous gratuitement d\u00e8s maintenant<\/a><\/div><\/div>\n\t<\/div>\n<\/div><\/div><\/div><div class=\"wp-block-cover alignfull is-light\"><span aria-hidden=\"true\" class=\"wp-block-cover__background has-background-dim-100 has-background-dim\" style=\"background-color:#f7f7f7\"><\/span><div class=\"wp-block-cover__inner-container is-layout-constrained wp-block-cover-is-layout-constrained\"><div class=\"wp-bootstrap-blocks-row row\">\n\t\n<div class=\"col-12 col-md-6\">\n\t\t\t\n<h2 class=\"wp-block-heading\">Les publications : Restez inform\u00e9 et inspir\u00e9<\/h2>\n\n<p class=\"has-size-20-font-size\">Factsheets, livres blancs et le magazine sectoriel \u00ab\u00a0The Philanthropist\u00a0\u00bb : vous trouverez dans nos publications un savoir-faire pr\u00e9sent\u00e9 de mani\u00e8re claire et inspirante.<\/p>\n\n<p class=\"has-size-20-font-size\"><a href=\"https:\/\/app.spheriq.ch\/publications\"><strong>D\u00e9couvrez nos publications \u27a4<\/strong><\/a><\/p>\n\t<\/div>\n\n<div class=\"col-12 col-md-6\">\n\t\t\t\n<figure data-wp-context=\"{&quot;imageId&quot;:&quot;6a086333c7d38&quot;}\" data-wp-interactive=\"core\/image\" data-wp-key=\"6a086333c7d38\" class=\"wp-block-image size-large wp-lightbox-container\"><img loading=\"lazy\" decoding=\"async\" width=\"1024\" height=\"691\" data-wp-class--hide=\"state.isContentHidden\" data-wp-class--show=\"state.isContentVisible\" data-wp-init=\"callbacks.setButtonStyles\" data-wp-on--click=\"actions.showLightbox\" data-wp-on--load=\"callbacks.setButtonStyles\" data-wp-on-window--resize=\"callbacks.setButtonStyles\" src=\"https:\/\/spheriq.ch\/wp-content\/uploads\/2024\/05\/Publikationen-3-1024x691.png\" alt=\"\" class=\"wp-image-16762\" srcset=\"https:\/\/spheriq.ch\/wp-content\/uploads\/2024\/05\/Publikationen-3-1024x691.png 1024w, https:\/\/spheriq.ch\/wp-content\/uploads\/2024\/05\/Publikationen-3-300x203.png 300w, https:\/\/spheriq.ch\/wp-content\/uploads\/2024\/05\/Publikationen-3-768x518.png 768w, https:\/\/spheriq.ch\/wp-content\/uploads\/2024\/05\/Publikationen-3-1536x1037.png 1536w, https:\/\/spheriq.ch\/wp-content\/uploads\/2024\/05\/Publikationen-3-24x16.png 24w, https:\/\/spheriq.ch\/wp-content\/uploads\/2024\/05\/Publikationen-3-36x24.png 36w, https:\/\/spheriq.ch\/wp-content\/uploads\/2024\/05\/Publikationen-3-48x32.png 48w, https:\/\/spheriq.ch\/wp-content\/uploads\/2024\/05\/Publikationen-3.png 1800w\" sizes=\"auto, (max-width: 1024px) 100vw, 1024px\" \/><button\n\t\t\tclass=\"lightbox-trigger\"\n\t\t\ttype=\"button\"\n\t\t\taria-haspopup=\"dialog\"\n\t\t\taria-label=\"Agrandir\"\n\t\t\tdata-wp-init=\"callbacks.initTriggerButton\"\n\t\t\tdata-wp-on--click=\"actions.showLightbox\"\n\t\t\tdata-wp-style--right=\"state.imageButtonRight\"\n\t\t\tdata-wp-style--top=\"state.imageButtonTop\"\n\t\t>\n\t\t\t<svg xmlns=\"http:\/\/www.w3.org\/2000\/svg\" width=\"12\" height=\"12\" fill=\"none\" viewBox=\"0 0 12 12\">\n\t\t\t\t<path fill=\"#fff\" d=\"M2 0a2 2 0 0 0-2 2v2h1.5V2a.5.5 0 0 1 .5-.5h2V0H2Zm2 10.5H2a.5.5 0 0 1-.5-.5V8H0v2a2 2 0 0 0 2 2h2v-1.5ZM8 12v-1.5h2a.5.5 0 0 0 .5-.5V8H12v2a2 2 0 0 1-2 2H8Zm2-12a2 2 0 0 1 2 2v2h-1.5V2a.5.5 0 0 0-.5-.5H8V0h2Z\" \/>\n\t\t\t<\/svg>\n\t\t<\/button><\/figure>\n\t<\/div>\n<\/div><\/div><\/div><div class=\"wp-block-cover alignfull is-light\"><span aria-hidden=\"true\" class=\"wp-block-cover__background has-white-background-color has-background-dim-100 has-background-dim\"><\/span><div class=\"wp-block-cover__inner-container is-layout-constrained wp-block-cover-is-layout-constrained\"><h3 class=\"wp-block-heading has-text-align-left\">Foire aux questions (FAQ)<\/h3>\n\n<div class=\"accordion default\" id=\"accordion-block_314504975f33f6ffb255551a288e576b\">\r\n                    <div class=\"accordion-item\">\n    <div class=\"accordion-header\" id=\"accordion-header-accordion-block_314504975f33f6ffb255551a288e576b-0\">\n        <button class=\"accordion-button collapsed\" type=\"button\" data-bs-toggle=\"collapse\" data-bs-target=\"#collapse-accordion-block_314504975f33f6ffb255551a288e576b-0\" aria-expanded=\"true\" aria-controls=\"collapse-accordion-block_314504975f33f6ffb255551a288e576b-0\">\n            <div class=\"title-holder\">\n                                <span class=\"title\">Combien co\u00fbte un service ?<\/span>\n                <div class=\"icon-arrow-down\"><\/div>\n            <\/div>\n        <\/button>\n    <\/div>\n    <div id=\"collapse-accordion-block_314504975f33f6ffb255551a288e576b-0\" class=\"accordion-collapse collapse \" aria-labelledby=\"accordion-header-accordion-block_314504975f33f6ffb255551a288e576b-0\" data-bs-parent=\"#accordion-block_314504975f33f6ffb255551a288e576b\">\n        <div class=\"accordion-body\">\n            <p>Les prix de nos services varient. En r\u00e8gle g\u00e9n\u00e9rale, la FondationSuisse propose des services payants, mais aussi des self-services gratuits ! Cela vaut la peine de s&rsquo;inscrire sans engagement et de parcourir simplement l&rsquo;offre.<\/p>\n        <\/div>\n    <\/div>\n    \n<\/div>\n            <\/div><\/div><\/div>","protected":false},"excerpt":{"rendered":"","protected":false},"author":6,"featured_media":0,"parent":11345,"menu_order":0,"comment_status":"closed","ping_status":"closed","template":"","meta":{"_acf_changed":false,"_uag_custom_page_level_css":"","footnotes":""},"class_list":["post-11408","page","type-page","status-publish","hentry"],"acf":[],"yoast_head":"<!-- This site is optimized with the Yoast SEO plugin v26.9 - https:\/\/yoast.com\/product\/yoast-seo-wordpress\/ -->\n<title>Extra : webinaires, services, publications %%page% - Spheriq<\/title>\n<meta name=\"description\" content=\"Profitez de prestations suppl\u00e9mentaires sur Spheriq : Webinaires &amp; ateliers \u2713 Services \u2713 Publications \u2713 S&#039;inscrire et d\u00e9marrer maintenant.\" \/>\n<meta name=\"robots\" content=\"index, follow, max-snippet:-1, max-image-preview:large, max-video-preview:-1\" \/>\n<link rel=\"canonical\" href=\"https:\/\/spheriq.ch\/fr\/fonctions\/extras\/\" \/>\n<meta property=\"og:locale\" content=\"fr_FR\" \/>\n<meta property=\"og:type\" content=\"article\" \/>\n<meta property=\"og:title\" content=\"Extra : webinaires, services, publications %%page% - Spheriq\" \/>\n<meta property=\"og:description\" content=\"Profitez de prestations suppl\u00e9mentaires sur Spheriq : Webinaires &amp; ateliers \u2713 Services \u2713 Publications \u2713 S&#039;inscrire et d\u00e9marrer maintenant.\" \/>\n<meta property=\"og:url\" content=\"https:\/\/spheriq.ch\/fr\/fonctions\/extras\/\" \/>\n<meta property=\"og:site_name\" content=\"Spheriq\" \/>\n<meta property=\"article:modified_time\" content=\"2024-07-03T13:29:31+00:00\" \/>\n<meta property=\"og:image\" content=\"https:\/\/spheriq.ch\/wp-content\/uploads\/2024\/05\/Header_Extras_v2.jpg\" \/>\n<meta name=\"twitter:card\" content=\"summary_large_image\" \/>\n<meta name=\"twitter:label1\" content=\"Dur\u00e9e de lecture estim\u00e9e\" \/>\n\t<meta name=\"twitter:data1\" content=\"3 minutes\" \/>\n<script type=\"application\/ld+json\" class=\"yoast-schema-graph\">{\"@context\":\"https:\/\/schema.org\",\"@graph\":[{\"@type\":\"WebPage\",\"@id\":\"https:\/\/spheriq.ch\/fr\/fonctions\/extras\/\",\"url\":\"https:\/\/spheriq.ch\/fr\/fonctions\/extras\/\",\"name\":\"Extra : webinaires, services, publications %%page% - Spheriq\",\"isPartOf\":{\"@id\":\"https:\/\/spheriq.ch\/fr\/#website\"},\"primaryImageOfPage\":{\"@id\":\"https:\/\/spheriq.ch\/fr\/fonctions\/extras\/#primaryimage\"},\"image\":{\"@id\":\"https:\/\/spheriq.ch\/fr\/fonctions\/extras\/#primaryimage\"},\"thumbnailUrl\":\"https:\/\/spheriq.ch\/wp-content\/uploads\/2024\/05\/Header_Extras_v2.jpg\",\"datePublished\":\"2023-10-03T15:06:08+00:00\",\"dateModified\":\"2024-07-03T13:29:31+00:00\",\"description\":\"Profitez de prestations suppl\u00e9mentaires sur Spheriq : Webinaires & ateliers \u2713 Services \u2713 Publications \u2713 S'inscrire et d\u00e9marrer maintenant.\",\"breadcrumb\":{\"@id\":\"https:\/\/spheriq.ch\/fr\/fonctions\/extras\/#breadcrumb\"},\"inLanguage\":\"fr-FR\",\"potentialAction\":[{\"@type\":\"ReadAction\",\"target\":[\"https:\/\/spheriq.ch\/fr\/fonctions\/extras\/\"]}]},{\"@type\":\"ImageObject\",\"inLanguage\":\"fr-FR\",\"@id\":\"https:\/\/spheriq.ch\/fr\/fonctions\/extras\/#primaryimage\",\"url\":\"https:\/\/spheriq.ch\/wp-content\/uploads\/2024\/05\/Header_Extras_v2.jpg\",\"contentUrl\":\"https:\/\/spheriq.ch\/wp-content\/uploads\/2024\/05\/Header_Extras_v2.jpg\"},{\"@type\":\"BreadcrumbList\",\"@id\":\"https:\/\/spheriq.ch\/fr\/fonctions\/extras\/#breadcrumb\",\"itemListElement\":[{\"@type\":\"ListItem\",\"position\":1,\"name\":\"Home\",\"item\":\"https:\/\/spheriq.ch\/fr\/\"},{\"@type\":\"ListItem\",\"position\":2,\"name\":\"Toutes les fonctions de Spheriq\",\"item\":\"https:\/\/spheriq.ch\/fr\/fonctions\/\"},{\"@type\":\"ListItem\",\"position\":3,\"name\":\"Extras\"}]},{\"@type\":\"WebSite\",\"@id\":\"https:\/\/spheriq.ch\/fr\/#website\",\"url\":\"https:\/\/spheriq.ch\/fr\/\",\"name\":\"Spheriq\",\"description\":\"Spheriq | Online-Portal f\u00fcr Philanthropie\",\"potentialAction\":[{\"@type\":\"SearchAction\",\"target\":{\"@type\":\"EntryPoint\",\"urlTemplate\":\"https:\/\/spheriq.ch\/fr\/?s={search_term_string}\"},\"query-input\":{\"@type\":\"PropertyValueSpecification\",\"valueRequired\":true,\"valueName\":\"search_term_string\"}}],\"inLanguage\":\"fr-FR\"}]}<\/script>\n<!-- \/ Yoast SEO plugin. -->","yoast_head_json":{"title":"Extra : webinaires, services, publications %%page% - Spheriq","description":"Profitez de prestations suppl\u00e9mentaires sur Spheriq : Webinaires & ateliers \u2713 Services \u2713 Publications \u2713 S'inscrire et d\u00e9marrer maintenant.","robots":{"index":"index","follow":"follow","max-snippet":"max-snippet:-1","max-image-preview":"max-image-preview:large","max-video-preview":"max-video-preview:-1"},"canonical":"https:\/\/spheriq.ch\/fr\/fonctions\/extras\/","og_locale":"fr_FR","og_type":"article","og_title":"Extra : webinaires, services, publications %%page% - Spheriq","og_description":"Profitez de prestations suppl\u00e9mentaires sur Spheriq : Webinaires & ateliers \u2713 Services \u2713 Publications \u2713 S'inscrire et d\u00e9marrer maintenant.","og_url":"https:\/\/spheriq.ch\/fr\/fonctions\/extras\/","og_site_name":"Spheriq","article_modified_time":"2024-07-03T13:29:31+00:00","og_image":[{"url":"https:\/\/spheriq.ch\/wp-content\/uploads\/2024\/05\/Header_Extras_v2.jpg","type":"","width":"","height":""}],"twitter_card":"summary_large_image","twitter_misc":{"Dur\u00e9e de lecture estim\u00e9e":"3 minutes"},"schema":{"@context":"https:\/\/schema.org","@graph":[{"@type":"WebPage","@id":"https:\/\/spheriq.ch\/fr\/fonctions\/extras\/","url":"https:\/\/spheriq.ch\/fr\/fonctions\/extras\/","name":"Extra : webinaires, services, publications %%page% - Spheriq","isPartOf":{"@id":"https:\/\/spheriq.ch\/fr\/#website"},"primaryImageOfPage":{"@id":"https:\/\/spheriq.ch\/fr\/fonctions\/extras\/#primaryimage"},"image":{"@id":"https:\/\/spheriq.ch\/fr\/fonctions\/extras\/#primaryimage"},"thumbnailUrl":"https:\/\/spheriq.ch\/wp-content\/uploads\/2024\/05\/Header_Extras_v2.jpg","datePublished":"2023-10-03T15:06:08+00:00","dateModified":"2024-07-03T13:29:31+00:00","description":"Profitez de prestations suppl\u00e9mentaires sur Spheriq : Webinaires & ateliers \u2713 Services \u2713 Publications \u2713 S'inscrire et d\u00e9marrer maintenant.","breadcrumb":{"@id":"https:\/\/spheriq.ch\/fr\/fonctions\/extras\/#breadcrumb"},"inLanguage":"fr-FR","potentialAction":[{"@type":"ReadAction","target":["https:\/\/spheriq.ch\/fr\/fonctions\/extras\/"]}]},{"@type":"ImageObject","inLanguage":"fr-FR","@id":"https:\/\/spheriq.ch\/fr\/fonctions\/extras\/#primaryimage","url":"https:\/\/spheriq.ch\/wp-content\/uploads\/2024\/05\/Header_Extras_v2.jpg","contentUrl":"https:\/\/spheriq.ch\/wp-content\/uploads\/2024\/05\/Header_Extras_v2.jpg"},{"@type":"BreadcrumbList","@id":"https:\/\/spheriq.ch\/fr\/fonctions\/extras\/#breadcrumb","itemListElement":[{"@type":"ListItem","position":1,"name":"Home","item":"https:\/\/spheriq.ch\/fr\/"},{"@type":"ListItem","position":2,"name":"Toutes les fonctions de Spheriq","item":"https:\/\/spheriq.ch\/fr\/fonctions\/"},{"@type":"ListItem","position":3,"name":"Extras"}]},{"@type":"WebSite","@id":"https:\/\/spheriq.ch\/fr\/#website","url":"https:\/\/spheriq.ch\/fr\/","name":"Spheriq","description":"Spheriq | Online-Portal f\u00fcr Philanthropie","potentialAction":[{"@type":"SearchAction","target":{"@type":"EntryPoint","urlTemplate":"https:\/\/spheriq.ch\/fr\/?s={search_term_string}"},"query-input":{"@type":"PropertyValueSpecification","valueRequired":true,"valueName":"search_term_string"}}],"inLanguage":"fr-FR"}]}},"uagb_featured_image_src":{"full":false,"thumbnail":false,"medium":false,"medium_large":false,"large":false,"1536x1536":false,"2048x2048":false,"icon":false,"single-thumbnail":false,"menu-24x24":false,"menu-36x36":false,"menu-48x48":false},"uagb_author_info":{"display_name":"Moritz Brunner","author_link":"https:\/\/spheriq.ch\/fr\/author\/moritz-brunner\/"},"uagb_comment_info":0,"uagb_excerpt":null,"_links":{"self":[{"href":"https:\/\/spheriq.ch\/fr\/wp-json\/wp\/v2\/pages\/11408","targetHints":{"allow":["GET"]}}],"collection":[{"href":"https:\/\/spheriq.ch\/fr\/wp-json\/wp\/v2\/pages"}],"about":[{"href":"https:\/\/spheriq.ch\/fr\/wp-json\/wp\/v2\/types\/page"}],"author":[{"embeddable":true,"href":"https:\/\/spheriq.ch\/fr\/wp-json\/wp\/v2\/users\/6"}],"replies":[{"embeddable":true,"href":"https:\/\/spheriq.ch\/fr\/wp-json\/wp\/v2\/comments?post=11408"}],"version-history":[{"count":7,"href":"https:\/\/spheriq.ch\/fr\/wp-json\/wp\/v2\/pages\/11408\/revisions"}],"predecessor-version":[{"id":17374,"href":"https:\/\/spheriq.ch\/fr\/wp-json\/wp\/v2\/pages\/11408\/revisions\/17374"}],"up":[{"embeddable":true,"href":"https:\/\/spheriq.ch\/fr\/wp-json\/wp\/v2\/pages\/11345"}],"wp:attachment":[{"href":"https:\/\/spheriq.ch\/fr\/wp-json\/wp\/v2\/media?parent=11408"}],"curies":[{"name":"wp","href":"https:\/\/api.w.org\/{rel}","templated":true}]}}