{"id":11345,"date":"2023-09-13T16:26:31","date_gmt":"2023-09-13T16:26:31","guid":{"rendered":"https:\/\/spheriq.ch\/toutes-les-fonctions-de-la-fondationsuisse\/"},"modified":"2024-05-30T12:04:34","modified_gmt":"2024-05-30T12:04:34","slug":"fonctions","status":"publish","type":"page","link":"https:\/\/spheriq.ch\/fr\/fonctions\/","title":{"rendered":"Toutes les fonctions de Spheriq"},"content":{"rendered":"<div class=\"wp-block-cover alignwide is-light is-style-default\" style=\"min-height:236px;aspect-ratio:unset;\"><span aria-hidden=\"true\" class=\"wp-block-cover__background has-background-dim-0 has-background-dim\"><\/span><img decoding=\"async\" class=\"wp-block-cover__image-background wp-image-10792\" alt=\"\" src=\"https:\/\/spheriq.ch\/wp-content\/uploads\/2023\/10\/Header_Feature-Overview-3.svg\" data-object-fit=\"cover\"\/><div class=\"wp-block-cover__inner-container is-layout-constrained wp-block-cover-is-layout-constrained\"><h1 class=\"wp-block-heading has-text-align-center\" style=\"font-size:clamp(29.768px, 1.861rem + ((1vw - 3.2px) * 1.884), 52px);\">Toutes les fonctions de Spheriq<\/h1>\n\n<p class=\"has-text-align-center has-size-24-font-size\">D\u00e9couvrez toutes les fonctionnalit\u00e9s dont vous avez besoin pour une philanthropie num\u00e9rique efficace.<\/p><\/div><\/div><div style=\"height:100px\" aria-hidden=\"true\" class=\"wp-block-spacer\"><\/div><div class=\"wp-bootstrap-blocks-row row\">\n\t\n<div class=\"col-12 col-md-2\">\n\t\t\t\t<\/div>\n\n<div class=\"col-12 col-md-3\">\n\t\t\t\n<figure class=\"wp-block-image size-large\"><a href=\"https:\/\/spheriq.ch\/fr\/fonctions\/recherche\/\"><img loading=\"lazy\" decoding=\"async\" width=\"1024\" height=\"768\" src=\"https:\/\/spheriq.ch\/wp-content\/uploads\/2023\/10\/Suche_Features-1024x768.jpg\" alt=\"\" class=\"wp-image-10730\" srcset=\"https:\/\/spheriq.ch\/wp-content\/uploads\/2023\/10\/Suche_Features-1024x768.jpg 1024w, https:\/\/spheriq.ch\/wp-content\/uploads\/2023\/10\/Suche_Features-300x225.jpg 300w, https:\/\/spheriq.ch\/wp-content\/uploads\/2023\/10\/Suche_Features-768x576.jpg 768w, https:\/\/spheriq.ch\/wp-content\/uploads\/2023\/10\/Suche_Features-1536x1152.jpg 1536w, https:\/\/spheriq.ch\/wp-content\/uploads\/2023\/10\/Suche_Features-2048x1536.jpg 2048w, https:\/\/spheriq.ch\/wp-content\/uploads\/2023\/10\/Suche_Features-24x18.jpg 24w, https:\/\/spheriq.ch\/wp-content\/uploads\/2023\/10\/Suche_Features-36x27.jpg 36w, https:\/\/spheriq.ch\/wp-content\/uploads\/2023\/10\/Suche_Features-48x36.jpg 48w\" sizes=\"auto, (max-width: 1024px) 100vw, 1024px\" \/><\/a><\/figure>\n\t<\/div>\n\n<div class=\"col-12 col-md-5\">\n\t\t\t\n<h3 class=\"wp-block-heading\">Recherche<\/h3>\n\n<p>Recherchez des fondations, des associations, etc. dans le r\u00e9pertoire complet des fondations. Gr\u00e2ce \u00e0 de nombreux filtres, une utilisation simple et un algorithme intelligent, vous trouverez ce que vous cherchez.<\/p>\n\n<p style=\"text-decoration:underline\"><a href=\"https:\/\/spheriq.ch\/fr\/fonctions\/recherche\/\"><strong>Recherche<\/strong> \u27a4<\/a><\/p>\n\t<\/div>\n\n<div class=\"col-12 col-md-2\">\n\t\t\t\t<\/div>\n<\/div><p><\/p><div class=\"wp-bootstrap-blocks-row row\">\n\t\n<div class=\"col-12 col-md-2\">\n\t\t\t\t<\/div>\n\n<div class=\"col-12 col-md-3\">\n\t\t\t\n<figure class=\"wp-block-image size-large\"><a href=\"https:\/\/spheriq.ch\/fr\/fonctions\/listen\/\"><img loading=\"lazy\" decoding=\"async\" width=\"1024\" height=\"768\" src=\"https:\/\/spheriq.ch\/wp-content\/uploads\/2023\/10\/Liste_Features-1-1024x768.jpg\" alt=\"\" class=\"wp-image-10726\" srcset=\"https:\/\/spheriq.ch\/wp-content\/uploads\/2023\/10\/Liste_Features-1-1024x768.jpg 1024w, https:\/\/spheriq.ch\/wp-content\/uploads\/2023\/10\/Liste_Features-1-300x225.jpg 300w, https:\/\/spheriq.ch\/wp-content\/uploads\/2023\/10\/Liste_Features-1-768x576.jpg 768w, https:\/\/spheriq.ch\/wp-content\/uploads\/2023\/10\/Liste_Features-1-1536x1152.jpg 1536w, https:\/\/spheriq.ch\/wp-content\/uploads\/2023\/10\/Liste_Features-1-2048x1536.jpg 2048w, https:\/\/spheriq.ch\/wp-content\/uploads\/2023\/10\/Liste_Features-1-24x18.jpg 24w, https:\/\/spheriq.ch\/wp-content\/uploads\/2023\/10\/Liste_Features-1-36x27.jpg 36w, https:\/\/spheriq.ch\/wp-content\/uploads\/2023\/10\/Liste_Features-1-48x36.jpg 48w\" sizes=\"auto, (max-width: 1024px) 100vw, 1024px\" \/><\/a><\/figure>\n\t<\/div>\n\n<div class=\"col-12 col-md-5\">\n\t\t\t\n<h3 class=\"wp-block-heading\">Listen<\/h3>\n\n<p>Enregistrez les r\u00e9sultats de vos recherches dans des listes pratiques, collaborez, commentez, modifiez et recevez des suggestions adapt\u00e9es en fonction de vos entr\u00e9es.<\/p>\n\n<p style=\"text-decoration:underline\"><a href=\"https:\/\/spheriq.ch\/funktionen\/stiftungen-liste\/\"><strong>Listes <\/strong>\u27a4<\/a><\/p>\n\t<\/div>\n\n<div class=\"col-12 col-md-2\">\n\t\t\t\t<\/div>\n<\/div><p><\/p><div class=\"wp-bootstrap-blocks-row row\">\n\t\n<div class=\"col-12 col-md-2\">\n\t\t\t\t<\/div>\n\n<div class=\"col-12 col-md-3\">\n\t\t\t\n<figure class=\"wp-block-image size-large\"><a href=\"https:\/\/spheriq.ch\/fr\/fonctions\/portraits\/\"><img loading=\"lazy\" decoding=\"async\" width=\"1024\" height=\"768\" src=\"https:\/\/spheriq.ch\/wp-content\/uploads\/2023\/10\/Portraet_Features-1-1024x768.jpg\" alt=\"\" class=\"wp-image-10738\" srcset=\"https:\/\/spheriq.ch\/wp-content\/uploads\/2023\/10\/Portraet_Features-1-1024x768.jpg 1024w, https:\/\/spheriq.ch\/wp-content\/uploads\/2023\/10\/Portraet_Features-1-300x225.jpg 300w, https:\/\/spheriq.ch\/wp-content\/uploads\/2023\/10\/Portraet_Features-1-768x576.jpg 768w, https:\/\/spheriq.ch\/wp-content\/uploads\/2023\/10\/Portraet_Features-1-1536x1152.jpg 1536w, https:\/\/spheriq.ch\/wp-content\/uploads\/2023\/10\/Portraet_Features-1-2048x1536.jpg 2048w, https:\/\/spheriq.ch\/wp-content\/uploads\/2023\/10\/Portraet_Features-1-24x18.jpg 24w, https:\/\/spheriq.ch\/wp-content\/uploads\/2023\/10\/Portraet_Features-1-36x27.jpg 36w, https:\/\/spheriq.ch\/wp-content\/uploads\/2023\/10\/Portraet_Features-1-48x36.jpg 48w\" sizes=\"auto, (max-width: 1024px) 100vw, 1024px\" \/><\/a><\/figure>\n\t<\/div>\n\n<div class=\"col-12 col-md-5\">\n\t\t\t\n<h3 class=\"wp-block-heading\">Portraits<\/h3>\n\n<p>Cr\u00e9ez un portrait pour votre organisation ou vos projets. Pr\u00e9sentez votre organisation comme vous le souhaitez.<\/p>\n\n<p style=\"text-decoration:underline\"><a href=\"https:\/\/spheriq.ch\/funktionen\/portraet\/\"><strong>Portraits<\/strong> \u27a4<\/a><\/p>\n\t<\/div>\n\n<div class=\"col-12 col-md-2\">\n\t\t\t\t<\/div>\n<\/div><p><\/p><div class=\"wp-bootstrap-blocks-row row\">\n\t\n<div class=\"col-12 col-md-2\">\n\t\t\t\t<\/div>\n\n<div class=\"col-12 col-md-3\">\n\t\t\t\n<figure class=\"wp-block-image size-large\"><a href=\"https:\/\/spheriq.ch\/fr\/fonctions\/gestion-des-demandes-et-des-subventions\/\"><img loading=\"lazy\" decoding=\"async\" width=\"1024\" height=\"768\" src=\"https:\/\/spheriq.ch\/wp-content\/uploads\/2023\/11\/Funktionsseite_Gesuchsmanagement-1024x768.png\" alt=\"\" class=\"wp-image-13340\" srcset=\"https:\/\/spheriq.ch\/wp-content\/uploads\/2023\/11\/Funktionsseite_Gesuchsmanagement-1024x768.png 1024w, https:\/\/spheriq.ch\/wp-content\/uploads\/2023\/11\/Funktionsseite_Gesuchsmanagement-300x225.png 300w, https:\/\/spheriq.ch\/wp-content\/uploads\/2023\/11\/Funktionsseite_Gesuchsmanagement-768x576.png 768w, https:\/\/spheriq.ch\/wp-content\/uploads\/2023\/11\/Funktionsseite_Gesuchsmanagement-24x18.png 24w, https:\/\/spheriq.ch\/wp-content\/uploads\/2023\/11\/Funktionsseite_Gesuchsmanagement-36x27.png 36w, https:\/\/spheriq.ch\/wp-content\/uploads\/2023\/11\/Funktionsseite_Gesuchsmanagement-48x36.png 48w, https:\/\/spheriq.ch\/wp-content\/uploads\/2023\/11\/Funktionsseite_Gesuchsmanagement.png 1200w\" sizes=\"auto, (max-width: 1024px) 100vw, 1024px\" \/><\/a><\/figure>\n\t<\/div>\n\n<div class=\"col-12 col-md-5\">\n\t\t\t\n<h3 class=\"wp-block-heading\">Gestion des demandes et des subventions<\/h3>\n\n<p>Profitez en tant que donateur d&rsquo;un logiciel complet pour la gestion de votre processus de demande &amp; de subvention ou soumettez des demandes num\u00e9riques en tant qu&rsquo;organisation \u00e0 but non lucratif.<\/p>\n\n<p style=\"text-decoration:underline\"><a href=\"https:\/\/spheriq.ch\/fr\/fonctions\/gestion-des-demandes-et-des-subventions\/\"><strong>Gestion des demandes et des subventions<\/strong> \u27a4<\/a><\/p>\n\t<\/div>\n\n<div class=\"col-12 col-md-2\">\n\t\t\t\t<\/div>\n<\/div><p><\/p><div class=\"wp-bootstrap-blocks-row row\">\n\t\n<div class=\"col-12 col-md-2\">\n\t\t\t\t<\/div>\n\n<div class=\"col-12 col-md-3\">\n\t\t\t\n<figure class=\"wp-block-image size-large\"><a href=\"https:\/\/spheriq.ch\/fr\/fonctions\/reseaux\/\"><img loading=\"lazy\" decoding=\"async\" width=\"1024\" height=\"768\" src=\"https:\/\/spheriq.ch\/wp-content\/uploads\/2023\/10\/Netzwerk_Features-1024x768.jpg\" alt=\"\" class=\"wp-image-10750\" srcset=\"https:\/\/spheriq.ch\/wp-content\/uploads\/2023\/10\/Netzwerk_Features-1024x768.jpg 1024w, https:\/\/spheriq.ch\/wp-content\/uploads\/2023\/10\/Netzwerk_Features-300x225.jpg 300w, https:\/\/spheriq.ch\/wp-content\/uploads\/2023\/10\/Netzwerk_Features-768x576.jpg 768w, https:\/\/spheriq.ch\/wp-content\/uploads\/2023\/10\/Netzwerk_Features-1536x1152.jpg 1536w, https:\/\/spheriq.ch\/wp-content\/uploads\/2023\/10\/Netzwerk_Features-2048x1536.jpg 2048w, https:\/\/spheriq.ch\/wp-content\/uploads\/2023\/10\/Netzwerk_Features-24x18.jpg 24w, https:\/\/spheriq.ch\/wp-content\/uploads\/2023\/10\/Netzwerk_Features-36x27.jpg 36w, https:\/\/spheriq.ch\/wp-content\/uploads\/2023\/10\/Netzwerk_Features-48x36.jpg 48w\" sizes=\"auto, (max-width: 1024px) 100vw, 1024px\" \/><\/a><\/figure>\n\t<\/div>\n\n<div class=\"col-12 col-md-5\">\n\t\t\t\n<h3 class=\"wp-block-heading\">R\u00e9seaux<\/h3>\n\n<p>Construisez ensemble une philanthropie efficace : cr\u00e9ez une communaut\u00e9, connectez-vous, engagez des discussions et laissez-vous inspirer.  <\/p>\n\n<p style=\"text-decoration:underline\"><a href=\"https:\/\/spheriq.ch\/fr\/fonctions\/reseaux\/\"><strong>R\u00e9seaux<\/strong> \u27a4<\/a><\/p>\n\t<\/div>\n\n<div class=\"col-12 col-md-2\">\n\t\t\t\t<\/div>\n<\/div><p><\/p><div class=\"wp-bootstrap-blocks-row row\">\n\t\n<div class=\"col-12 col-md-2\">\n\t\t\t\t<\/div>\n\n<div class=\"col-12 col-md-3\">\n\t\t\t\n<figure class=\"wp-block-image size-large\"><a href=\"https:\/\/spheriq.ch\/fr\/fonctions\/outils-de-don\/\"><img loading=\"lazy\" decoding=\"async\" width=\"1024\" height=\"768\" src=\"https:\/\/spheriq.ch\/wp-content\/uploads\/2023\/10\/Online-Spenden-Tools_Features-1024x768.jpg\" alt=\"\" class=\"wp-image-10768\" srcset=\"https:\/\/spheriq.ch\/wp-content\/uploads\/2023\/10\/Online-Spenden-Tools_Features-1024x768.jpg 1024w, https:\/\/spheriq.ch\/wp-content\/uploads\/2023\/10\/Online-Spenden-Tools_Features-300x225.jpg 300w, https:\/\/spheriq.ch\/wp-content\/uploads\/2023\/10\/Online-Spenden-Tools_Features-768x576.jpg 768w, https:\/\/spheriq.ch\/wp-content\/uploads\/2023\/10\/Online-Spenden-Tools_Features-1536x1152.jpg 1536w, https:\/\/spheriq.ch\/wp-content\/uploads\/2023\/10\/Online-Spenden-Tools_Features-2048x1536.jpg 2048w, https:\/\/spheriq.ch\/wp-content\/uploads\/2023\/10\/Online-Spenden-Tools_Features-24x18.jpg 24w, https:\/\/spheriq.ch\/wp-content\/uploads\/2023\/10\/Online-Spenden-Tools_Features-36x27.jpg 36w, https:\/\/spheriq.ch\/wp-content\/uploads\/2023\/10\/Online-Spenden-Tools_Features-48x36.jpg 48w\" sizes=\"auto, (max-width: 1024px) 100vw, 1024px\" \/><\/a><\/figure>\n\t<\/div>\n\n<div class=\"col-12 col-md-5\">\n\t\t\t\n<h3 class=\"wp-block-heading\">Outils de don<\/h3>\n\n<p>Lancez votre collecte de fonds num\u00e9rique et r\u00e9coltez des dons en ligne. Cr\u00e9ez un portrait sur la plateforme de dons, cr\u00e9ez un bouton de don ou un code QR et utilisez un formulaire de don.<\/p>\n\n<p style=\"text-decoration:underline\"><a href=\"https:\/\/spheriq.ch\/fr\/fonctions\/outils-de-don\/\"><strong>Outils de don en ligne<\/strong> \u27a4<\/a><\/p>\n\t<\/div>\n\n<div class=\"col-12 col-md-2\">\n\t\t\t\t<\/div>\n<\/div><p><\/p><div class=\"wp-bootstrap-blocks-row row\">\n\t\n<div class=\"col-12 col-md-2\">\n\t\t\t\t<\/div>\n\n<div class=\"col-12 col-md-3\">\n\t\t\t\n<figure class=\"wp-block-image size-large\"><a href=\"https:\/\/spheriq.ch\/fr\/fonctions\/assistant-ia\/\"><img loading=\"lazy\" decoding=\"async\" width=\"1024\" height=\"768\" src=\"https:\/\/spheriq.ch\/wp-content\/uploads\/2024\/05\/KI-Assistent_Ueberblicksseite-1-1024x768.png\" alt=\"\" class=\"wp-image-15946\" srcset=\"https:\/\/spheriq.ch\/wp-content\/uploads\/2024\/05\/KI-Assistent_Ueberblicksseite-1-1024x768.png 1024w, https:\/\/spheriq.ch\/wp-content\/uploads\/2024\/05\/KI-Assistent_Ueberblicksseite-1-300x225.png 300w, https:\/\/spheriq.ch\/wp-content\/uploads\/2024\/05\/KI-Assistent_Ueberblicksseite-1-768x576.png 768w, https:\/\/spheriq.ch\/wp-content\/uploads\/2024\/05\/KI-Assistent_Ueberblicksseite-1-24x18.png 24w, https:\/\/spheriq.ch\/wp-content\/uploads\/2024\/05\/KI-Assistent_Ueberblicksseite-1-36x27.png 36w, https:\/\/spheriq.ch\/wp-content\/uploads\/2024\/05\/KI-Assistent_Ueberblicksseite-1-48x36.png 48w, https:\/\/spheriq.ch\/wp-content\/uploads\/2024\/05\/KI-Assistent_Ueberblicksseite-1.png 1500w\" sizes=\"auto, (max-width: 1024px) 100vw, 1024px\" \/><\/a><\/figure>\n\t<\/div>\n\n<div class=\"col-12 col-md-5\">\n\t\t\t\n<h3 class=\"wp-block-heading\">Assistants IA<\/h3>\n\n<p>Parfaitement adapt\u00e9s aux besoins de la philanthropie et intuitifs, d\u00e9couvrez la magie de l&rsquo;intelligence artificielle et facilitez votre travail philanthropique gr\u00e2ce aux assistants IA pratiques.<\/p>\n\n<p style=\"text-decoration:underline\"><a href=\"https:\/\/spheriq.ch\/fr\/fonctions\/assistant-ia\/\"><strong>Assistants d&rsquo;intelligence artificielle<\/strong> \u27a4<\/a><\/p>\n\t<\/div>\n\n<div class=\"col-12 col-md-2\">\n\t\t\t\t<\/div>\n<\/div><div class=\"wp-bootstrap-blocks-row row\">\n\t\n<div class=\"col-12 col-md-2\">\n\t\t\t\t<\/div>\n\n<div class=\"col-12 col-md-3\">\n\t\t\t\n<figure class=\"wp-block-image size-full\"><a href=\"https:\/\/spheriq.ch\/fr\/fonctions\/webinaires-et-formations\/\"><img loading=\"lazy\" decoding=\"async\" width=\"800\" height=\"600\" src=\"https:\/\/spheriq.ch\/wp-content\/uploads\/2024\/05\/Uberblicksseite_Webinare-Trainings-1.png\" alt=\"\" class=\"wp-image-16650\" srcset=\"https:\/\/spheriq.ch\/wp-content\/uploads\/2024\/05\/Uberblicksseite_Webinare-Trainings-1.png 800w, https:\/\/spheriq.ch\/wp-content\/uploads\/2024\/05\/Uberblicksseite_Webinare-Trainings-1-300x225.png 300w, https:\/\/spheriq.ch\/wp-content\/uploads\/2024\/05\/Uberblicksseite_Webinare-Trainings-1-768x576.png 768w, https:\/\/spheriq.ch\/wp-content\/uploads\/2024\/05\/Uberblicksseite_Webinare-Trainings-1-24x18.png 24w, https:\/\/spheriq.ch\/wp-content\/uploads\/2024\/05\/Uberblicksseite_Webinare-Trainings-1-36x27.png 36w, https:\/\/spheriq.ch\/wp-content\/uploads\/2024\/05\/Uberblicksseite_Webinare-Trainings-1-48x36.png 48w\" sizes=\"auto, (max-width: 800px) 100vw, 800px\" \/><\/a><\/figure>\n\t<\/div>\n\n<div class=\"col-12 col-md-5\">\n\t\t\t\n<h3 class=\"wp-block-heading\">Webinaires et formations<\/h3>\n\n<p>Approfondissez vos connaissances dans votre format d\u2019apprentissage pr\u00e9f\u00e9r\u00e9 sur un sujet philanthropique de votre choix. Les th\u00e8mes abord\u00e9s sont tr\u00e8s vari\u00e9s : du crowdfunding et de la collecte de fonds \u00e0 l\u2019intelligence artificielle et \u00e0 la conformit\u00e9.<\/p>\n\n<p style=\"text-decoration:underline\"><a href=\"https:\/\/spheriq.ch\/fr\/fonctions\/assistant-ia\/\"><strong>Webinaires et formation<\/strong><\/a><a href=\"https:\/\/spheriq.ch\/fr\/fonctions\/webinaires-et-formations\/\"><strong>s<\/strong> \u27a4<\/a><\/p>\n\t<\/div>\n\n<div class=\"col-12 col-md-2\">\n\t\t\t\t<\/div>\n<\/div><p><\/p><p><\/p><div class=\"wp-bootstrap-blocks-row row\">\n\t\n<div class=\"col-12 col-md-2\">\n\t\t\t\t<\/div>\n\n<div class=\"col-12 col-md-3\">\n\t\t\t\n<figure class=\"wp-block-image size-full\"><a href=\"https:\/\/spheriq.ch\/fr\/fonctions\/extras\/\"><img loading=\"lazy\" decoding=\"async\" width=\"800\" height=\"600\" src=\"https:\/\/spheriq.ch\/wp-content\/uploads\/2024\/05\/Uberblicksseite_Extras-1.png\" alt=\"\" class=\"wp-image-16678\" srcset=\"https:\/\/spheriq.ch\/wp-content\/uploads\/2024\/05\/Uberblicksseite_Extras-1.png 800w, https:\/\/spheriq.ch\/wp-content\/uploads\/2024\/05\/Uberblicksseite_Extras-1-300x225.png 300w, https:\/\/spheriq.ch\/wp-content\/uploads\/2024\/05\/Uberblicksseite_Extras-1-768x576.png 768w, https:\/\/spheriq.ch\/wp-content\/uploads\/2024\/05\/Uberblicksseite_Extras-1-24x18.png 24w, https:\/\/spheriq.ch\/wp-content\/uploads\/2024\/05\/Uberblicksseite_Extras-1-36x27.png 36w, https:\/\/spheriq.ch\/wp-content\/uploads\/2024\/05\/Uberblicksseite_Extras-1-48x36.png 48w\" sizes=\"auto, (max-width: 800px) 100vw, 800px\" \/><\/a><\/figure>\n\t<\/div>\n\n<div class=\"col-12 col-md-5\">\n\t\t\t\n<h3 class=\"wp-block-heading\">Extras<\/h3>\n\n<p>Profitez des services suppl\u00e9mentaires : d\u00e9couvrez nos self-services et nos services personnalis\u00e9s ou restez \u00e0 jour gr\u00e2ce \u00e0 nos publications.<\/p>\n\n<p style=\"text-decoration:underline\"><a href=\"https:\/\/spheriq.ch\/fr\/fonctions\/extras\/\"><strong>Extras<\/strong> \u27a4<\/a><\/p>\n\t<\/div>\n\n<div class=\"col-12 col-md-2\">\n\t\t\t\t<\/div>\n<\/div><p class=\"has-text-align-center has-size-26-font-size\" style=\"padding-top:0;padding-bottom:0\"><\/p>","protected":false},"excerpt":{"rendered":"","protected":false},"author":1,"featured_media":10740,"parent":0,"menu_order":0,"comment_status":"closed","ping_status":"closed","template":"","meta":{"_acf_changed":false,"_uag_custom_page_level_css":"","footnotes":""},"class_list":["post-11345","page","type-page","status-publish","has-post-thumbnail","hentry"],"acf":[],"yoast_head":"<!-- This site is optimized with the Yoast SEO plugin v26.9 - https:\/\/yoast.com\/product\/yoast-seo-wordpress\/ -->\n<title>Toutes les fonctions de Spheriq - Spheriq<\/title>\n<meta name=\"description\" content=\"D\u00e9couvrez toutes les fonctionnalit\u00e9s dont vous avez besoin pour une philanthropie num\u00e9rique efficace. Commencer maintenant avec la FondationSuisse !\" \/>\n<meta name=\"robots\" content=\"index, follow, max-snippet:-1, max-image-preview:large, max-video-preview:-1\" \/>\n<link rel=\"canonical\" href=\"https:\/\/spheriq.ch\/fr\/fonctions\/\" \/>\n<meta property=\"og:locale\" content=\"fr_FR\" \/>\n<meta property=\"og:type\" content=\"article\" \/>\n<meta property=\"og:title\" content=\"Toutes les fonctions de Spheriq - Spheriq\" \/>\n<meta property=\"og:description\" content=\"D\u00e9couvrez toutes les fonctionnalit\u00e9s dont vous avez besoin pour une philanthropie num\u00e9rique efficace. Commencer maintenant avec la FondationSuisse !\" \/>\n<meta property=\"og:url\" content=\"https:\/\/spheriq.ch\/fr\/fonctions\/\" \/>\n<meta property=\"og:site_name\" content=\"Spheriq\" \/>\n<meta property=\"article:modified_time\" content=\"2024-05-30T12:04:34+00:00\" \/>\n<meta property=\"og:image\" content=\"https:\/\/spheriq.ch\/wp-content\/uploads\/2023\/10\/Portraet_Features-1-scaled.jpg\" \/>\n\t<meta property=\"og:image:width\" content=\"2560\" \/>\n\t<meta property=\"og:image:height\" content=\"1920\" \/>\n\t<meta property=\"og:image:type\" content=\"image\/jpeg\" \/>\n<meta name=\"twitter:card\" content=\"summary_large_image\" \/>\n<meta name=\"twitter:label1\" content=\"Dur\u00e9e de lecture estim\u00e9e\" \/>\n\t<meta name=\"twitter:data1\" content=\"4 minutes\" \/>\n<script type=\"application\/ld+json\" class=\"yoast-schema-graph\">{\"@context\":\"https:\/\/schema.org\",\"@graph\":[{\"@type\":\"WebPage\",\"@id\":\"https:\/\/spheriq.ch\/fr\/fonctions\/\",\"url\":\"https:\/\/spheriq.ch\/fr\/fonctions\/\",\"name\":\"Toutes les fonctions de Spheriq - Spheriq\",\"isPartOf\":{\"@id\":\"https:\/\/spheriq.ch\/fr\/#website\"},\"primaryImageOfPage\":{\"@id\":\"https:\/\/spheriq.ch\/fr\/fonctions\/#primaryimage\"},\"image\":{\"@id\":\"https:\/\/spheriq.ch\/fr\/fonctions\/#primaryimage\"},\"thumbnailUrl\":\"https:\/\/spheriq.ch\/wp-content\/uploads\/2023\/10\/Portraet_Features-1-scaled.jpg\",\"datePublished\":\"2023-09-13T16:26:31+00:00\",\"dateModified\":\"2024-05-30T12:04:34+00:00\",\"description\":\"D\u00e9couvrez toutes les fonctionnalit\u00e9s dont vous avez besoin pour une philanthropie num\u00e9rique efficace. Commencer maintenant avec la FondationSuisse !\",\"breadcrumb\":{\"@id\":\"https:\/\/spheriq.ch\/fr\/fonctions\/#breadcrumb\"},\"inLanguage\":\"fr-FR\",\"potentialAction\":[{\"@type\":\"ReadAction\",\"target\":[\"https:\/\/spheriq.ch\/fr\/fonctions\/\"]}]},{\"@type\":\"ImageObject\",\"inLanguage\":\"fr-FR\",\"@id\":\"https:\/\/spheriq.ch\/fr\/fonctions\/#primaryimage\",\"url\":\"https:\/\/spheriq.ch\/wp-content\/uploads\/2023\/10\/Portraet_Features-1-scaled.jpg\",\"contentUrl\":\"https:\/\/spheriq.ch\/wp-content\/uploads\/2023\/10\/Portraet_Features-1-scaled.jpg\",\"width\":2560,\"height\":1920,\"caption\":\"mockups-design.com\"},{\"@type\":\"BreadcrumbList\",\"@id\":\"https:\/\/spheriq.ch\/fr\/fonctions\/#breadcrumb\",\"itemListElement\":[{\"@type\":\"ListItem\",\"position\":1,\"name\":\"Home\",\"item\":\"https:\/\/spheriq.ch\/fr\/\"},{\"@type\":\"ListItem\",\"position\":2,\"name\":\"Toutes les fonctions de Spheriq\"}]},{\"@type\":\"WebSite\",\"@id\":\"https:\/\/spheriq.ch\/fr\/#website\",\"url\":\"https:\/\/spheriq.ch\/fr\/\",\"name\":\"Spheriq\",\"description\":\"Spheriq | Online-Portal f\u00fcr Philanthropie\",\"potentialAction\":[{\"@type\":\"SearchAction\",\"target\":{\"@type\":\"EntryPoint\",\"urlTemplate\":\"https:\/\/spheriq.ch\/fr\/?s={search_term_string}\"},\"query-input\":{\"@type\":\"PropertyValueSpecification\",\"valueRequired\":true,\"valueName\":\"search_term_string\"}}],\"inLanguage\":\"fr-FR\"}]}<\/script>\n<!-- \/ Yoast SEO plugin. -->","yoast_head_json":{"title":"Toutes les fonctions de Spheriq - Spheriq","description":"D\u00e9couvrez toutes les fonctionnalit\u00e9s dont vous avez besoin pour une philanthropie num\u00e9rique efficace. Commencer maintenant avec la FondationSuisse !","robots":{"index":"index","follow":"follow","max-snippet":"max-snippet:-1","max-image-preview":"max-image-preview:large","max-video-preview":"max-video-preview:-1"},"canonical":"https:\/\/spheriq.ch\/fr\/fonctions\/","og_locale":"fr_FR","og_type":"article","og_title":"Toutes les fonctions de Spheriq - Spheriq","og_description":"D\u00e9couvrez toutes les fonctionnalit\u00e9s dont vous avez besoin pour une philanthropie num\u00e9rique efficace. Commencer maintenant avec la FondationSuisse !","og_url":"https:\/\/spheriq.ch\/fr\/fonctions\/","og_site_name":"Spheriq","article_modified_time":"2024-05-30T12:04:34+00:00","og_image":[{"width":2560,"height":1920,"url":"https:\/\/spheriq.ch\/wp-content\/uploads\/2023\/10\/Portraet_Features-1-scaled.jpg","type":"image\/jpeg"}],"twitter_card":"summary_large_image","twitter_misc":{"Dur\u00e9e de lecture estim\u00e9e":"4 minutes"},"schema":{"@context":"https:\/\/schema.org","@graph":[{"@type":"WebPage","@id":"https:\/\/spheriq.ch\/fr\/fonctions\/","url":"https:\/\/spheriq.ch\/fr\/fonctions\/","name":"Toutes les fonctions de Spheriq - Spheriq","isPartOf":{"@id":"https:\/\/spheriq.ch\/fr\/#website"},"primaryImageOfPage":{"@id":"https:\/\/spheriq.ch\/fr\/fonctions\/#primaryimage"},"image":{"@id":"https:\/\/spheriq.ch\/fr\/fonctions\/#primaryimage"},"thumbnailUrl":"https:\/\/spheriq.ch\/wp-content\/uploads\/2023\/10\/Portraet_Features-1-scaled.jpg","datePublished":"2023-09-13T16:26:31+00:00","dateModified":"2024-05-30T12:04:34+00:00","description":"D\u00e9couvrez toutes les fonctionnalit\u00e9s dont vous avez besoin pour une philanthropie num\u00e9rique efficace. Commencer maintenant avec la FondationSuisse !","breadcrumb":{"@id":"https:\/\/spheriq.ch\/fr\/fonctions\/#breadcrumb"},"inLanguage":"fr-FR","potentialAction":[{"@type":"ReadAction","target":["https:\/\/spheriq.ch\/fr\/fonctions\/"]}]},{"@type":"ImageObject","inLanguage":"fr-FR","@id":"https:\/\/spheriq.ch\/fr\/fonctions\/#primaryimage","url":"https:\/\/spheriq.ch\/wp-content\/uploads\/2023\/10\/Portraet_Features-1-scaled.jpg","contentUrl":"https:\/\/spheriq.ch\/wp-content\/uploads\/2023\/10\/Portraet_Features-1-scaled.jpg","width":2560,"height":1920,"caption":"mockups-design.com"},{"@type":"BreadcrumbList","@id":"https:\/\/spheriq.ch\/fr\/fonctions\/#breadcrumb","itemListElement":[{"@type":"ListItem","position":1,"name":"Home","item":"https:\/\/spheriq.ch\/fr\/"},{"@type":"ListItem","position":2,"name":"Toutes les fonctions de Spheriq"}]},{"@type":"WebSite","@id":"https:\/\/spheriq.ch\/fr\/#website","url":"https:\/\/spheriq.ch\/fr\/","name":"Spheriq","description":"Spheriq | Online-Portal f\u00fcr Philanthropie","potentialAction":[{"@type":"SearchAction","target":{"@type":"EntryPoint","urlTemplate":"https:\/\/spheriq.ch\/fr\/?s={search_term_string}"},"query-input":{"@type":"PropertyValueSpecification","valueRequired":true,"valueName":"search_term_string"}}],"inLanguage":"fr-FR"}]}},"uagb_featured_image_src":{"full":["https:\/\/spheriq.ch\/wp-content\/uploads\/2023\/10\/Portraet_Features-1-scaled.jpg",2560,1920,false],"thumbnail":["https:\/\/spheriq.ch\/wp-content\/uploads\/2023\/10\/Portraet_Features-1-150x150.jpg",150,150,true],"medium":["https:\/\/spheriq.ch\/wp-content\/uploads\/2023\/10\/Portraet_Features-1-300x225.jpg",300,225,true],"medium_large":["https:\/\/spheriq.ch\/wp-content\/uploads\/2023\/10\/Portraet_Features-1-768x576.jpg",768,576,true],"large":["https:\/\/spheriq.ch\/wp-content\/uploads\/2023\/10\/Portraet_Features-1-1024x768.jpg",1024,768,true],"1536x1536":["https:\/\/spheriq.ch\/wp-content\/uploads\/2023\/10\/Portraet_Features-1-1536x1152.jpg",1536,1152,true],"2048x2048":["https:\/\/spheriq.ch\/wp-content\/uploads\/2023\/10\/Portraet_Features-1-2048x1536.jpg",2048,1536,true],"icon":["https:\/\/spheriq.ch\/wp-content\/uploads\/2023\/10\/Portraet_Features-1-50x50.jpg",50,50,true],"single-thumbnail":["https:\/\/spheriq.ch\/wp-content\/uploads\/2023\/10\/Portraet_Features-1-1920x800.jpg",1920,800,true],"menu-24x24":["https:\/\/spheriq.ch\/wp-content\/uploads\/2023\/10\/Portraet_Features-1-24x18.jpg",24,18,true],"menu-36x36":["https:\/\/spheriq.ch\/wp-content\/uploads\/2023\/10\/Portraet_Features-1-36x27.jpg",36,27,true],"menu-48x48":["https:\/\/spheriq.ch\/wp-content\/uploads\/2023\/10\/Portraet_Features-1-48x36.jpg",48,36,true]},"uagb_author_info":{"display_name":"admin","author_link":"https:\/\/spheriq.ch\/fr\/author\/admin\/"},"uagb_comment_info":0,"uagb_excerpt":null,"_links":{"self":[{"href":"https:\/\/spheriq.ch\/fr\/wp-json\/wp\/v2\/pages\/11345","targetHints":{"allow":["GET"]}}],"collection":[{"href":"https:\/\/spheriq.ch\/fr\/wp-json\/wp\/v2\/pages"}],"about":[{"href":"https:\/\/spheriq.ch\/fr\/wp-json\/wp\/v2\/types\/page"}],"author":[{"embeddable":true,"href":"https:\/\/spheriq.ch\/fr\/wp-json\/wp\/v2\/users\/1"}],"replies":[{"embeddable":true,"href":"https:\/\/spheriq.ch\/fr\/wp-json\/wp\/v2\/comments?post=11345"}],"version-history":[{"count":19,"href":"https:\/\/spheriq.ch\/fr\/wp-json\/wp\/v2\/pages\/11345\/revisions"}],"predecessor-version":[{"id":16681,"href":"https:\/\/spheriq.ch\/fr\/wp-json\/wp\/v2\/pages\/11345\/revisions\/16681"}],"wp:featuredmedia":[{"embeddable":true,"href":"https:\/\/spheriq.ch\/fr\/wp-json\/wp\/v2\/media\/10740"}],"wp:attachment":[{"href":"https:\/\/spheriq.ch\/fr\/wp-json\/wp\/v2\/media?parent=11345"}],"curies":[{"name":"wp","href":"https:\/\/api.w.org\/{rel}","templated":true}]}}