{"id":11079,"date":"2023-10-11T10:37:41","date_gmt":"2023-10-11T10:37:41","guid":{"rendered":"https:\/\/spheriq.ch\/?page_id=11079"},"modified":"2025-11-19T16:04:27","modified_gmt":"2025-11-19T16:04:27","slug":"ppcmetrics","status":"publish","type":"page","link":"https:\/\/spheriq.ch\/fr\/ppcmetrics\/","title":{"rendered":"PPCmetrics"},"content":{"rendered":"<h1 class=\"wp-block-heading\"><strong>PPCmetrics<\/strong><\/h1><div class=\"wp-bootstrap-blocks-row row\">\n\t\n<div class=\"col-12 col-md-9\">\n\t\t\t\n<p>Nous sommes une entreprise suisse de conseil en investissement et conseillons des fondations donatrices, des organisations \u00e0 but non lucratif et d\u2019autres investisseurs institutionnels et priv\u00e9s dans leurs placements.<\/p>\n\n<p>Nos services s\u2019\u00e9tendent de la d\u00e9finition de la strat\u00e9gie de placement et de sa mise en \u0153uvre au contr\u00f4le continu\u00e9 des placements \u00e0 l\u2019\u00e9laboration d\u2019objectifs de durabilit\u00e9 et la s\u00e9lection de g\u00e9rants de fortune.<\/p>\n\n<p>Nous sommes totalement ind\u00e9pendants et r\u00e9mun\u00e9r\u00e9s exclusivement par nos clients. Dans tout ce que nous faisons, le professionnalisme, l\u2019orientation client et l\u2019approche pratique sont nos priorit\u00e9s.<\/p>\n\t<\/div>\n\n<div class=\"col-12 col-md-3\">\n\t\t\t\n<figure class=\"wp-block-image size-large is-resized\"><img loading=\"lazy\" decoding=\"async\" width=\"1024\" height=\"696\" src=\"https:\/\/spheriq.ch\/wp-content\/uploads\/2025\/11\/thumbnail_ppc-metrics-logo-black-high-resolution-1024x696.png\" alt=\"\" class=\"wp-image-23049\" style=\"width:300px;height:undefinedpx\" srcset=\"https:\/\/spheriq.ch\/wp-content\/uploads\/2025\/11\/thumbnail_ppc-metrics-logo-black-high-resolution-1024x696.png 1024w, https:\/\/spheriq.ch\/wp-content\/uploads\/2025\/11\/thumbnail_ppc-metrics-logo-black-high-resolution-300x204.png 300w, https:\/\/spheriq.ch\/wp-content\/uploads\/2025\/11\/thumbnail_ppc-metrics-logo-black-high-resolution-768x522.png 768w, https:\/\/spheriq.ch\/wp-content\/uploads\/2025\/11\/thumbnail_ppc-metrics-logo-black-high-resolution-1536x1043.png 1536w, https:\/\/spheriq.ch\/wp-content\/uploads\/2025\/11\/thumbnail_ppc-metrics-logo-black-high-resolution-2048x1391.png 2048w, https:\/\/spheriq.ch\/wp-content\/uploads\/2025\/11\/thumbnail_ppc-metrics-logo-black-high-resolution-24x16.png 24w, https:\/\/spheriq.ch\/wp-content\/uploads\/2025\/11\/thumbnail_ppc-metrics-logo-black-high-resolution-36x24.png 36w, https:\/\/spheriq.ch\/wp-content\/uploads\/2025\/11\/thumbnail_ppc-metrics-logo-black-high-resolution-48x33.png 48w\" sizes=\"auto, (max-width: 1024px) 100vw, 1024px\" \/><\/figure>\n\t<\/div>\n<\/div><p><\/p><p><strong>Pour plus d&rsquo;informations : <\/strong><br\/><a href=\"http:\/\/www.ppcmetrics.ch\">www.ppcmetrics.ch<\/a><\/p><p><strong>Contact :<\/strong> <br\/>Luzius Neubert, Associ\u00e9, PPCmetrics AG, Badenerstrasse 6, 8004 Zurich<br\/>T\u00e9l. : +41 44 204 31 11 | <a href=\"mailto:zurich@ppcmetrics.ch\">zurich@ppcmetrics.ch<\/a><\/p><h2 class=\"wp-block-heading\">En collaboration avec nos partenaires, nous organisons des webinaires et des formations.  <a href=\"https:\/\/app.spheriq.ch\/webinars\">Vous trouverez ici le programme actuel.<\/a><\/h2>","protected":false},"excerpt":{"rendered":"PPCmetrics Pour plus d&rsquo;informations : www.ppcmetrics.ch Contact : Luzius Neubert, Associ\u00e9, PPCmetrics AG, Badenerstrasse 6, 8004 ZurichT\u00e9l. : +41 44 204 31 11 | zurich@ppcmetrics.ch En collaboration avec nos partenaires, nous organisons des webinaires et des formations. Vous trouverez ici le programme actuel.","protected":false},"author":6,"featured_media":0,"parent":0,"menu_order":0,"comment_status":"closed","ping_status":"closed","template":"","meta":{"_acf_changed":false,"_uag_custom_page_level_css":"","footnotes":""},"class_list":["post-11079","page","type-page","status-publish","hentry"],"acf":[],"yoast_head":"<!-- This site is optimized with the Yoast SEO plugin v26.9 - https:\/\/yoast.com\/product\/yoast-seo-wordpress\/ -->\n<title>PPCmetrics - Spheriq<\/title>\n<meta name=\"description\" content=\"PPCmetrics sur stiftungschweiz.ch : Nous pr\u00e9sentons notre partenaire. En savoir plus sur l&#039;offre de partenariat.\" \/>\n<meta name=\"robots\" content=\"index, follow, max-snippet:-1, max-image-preview:large, max-video-preview:-1\" \/>\n<link rel=\"canonical\" href=\"https:\/\/spheriq.ch\/fr\/ppcmetrics\/\" \/>\n<meta property=\"og:locale\" content=\"fr_FR\" \/>\n<meta property=\"og:type\" content=\"article\" \/>\n<meta property=\"og:title\" content=\"PPCmetrics - Spheriq\" \/>\n<meta property=\"og:description\" content=\"PPCmetrics sur stiftungschweiz.ch : Nous pr\u00e9sentons notre partenaire. En savoir plus sur l&#039;offre de partenariat.\" \/>\n<meta property=\"og:url\" content=\"https:\/\/spheriq.ch\/fr\/ppcmetrics\/\" \/>\n<meta property=\"og:site_name\" content=\"Spheriq\" \/>\n<meta property=\"article:modified_time\" content=\"2025-11-19T16:04:27+00:00\" \/>\n<meta property=\"og:image\" content=\"https:\/\/spheriq.ch\/wp-content\/uploads\/2025\/11\/thumbnail_ppc-metrics-logo-black-high-resolution-1024x696.png\" \/>\n<meta name=\"twitter:card\" content=\"summary_large_image\" \/>\n<meta name=\"twitter:label1\" content=\"Dur\u00e9e de lecture estim\u00e9e\" \/>\n\t<meta name=\"twitter:data1\" content=\"1 minute\" \/>\n<script type=\"application\/ld+json\" class=\"yoast-schema-graph\">{\"@context\":\"https:\/\/schema.org\",\"@graph\":[{\"@type\":\"WebPage\",\"@id\":\"https:\/\/spheriq.ch\/fr\/ppcmetrics\/\",\"url\":\"https:\/\/spheriq.ch\/fr\/ppcmetrics\/\",\"name\":\"PPCmetrics - Spheriq\",\"isPartOf\":{\"@id\":\"https:\/\/spheriq.ch\/fr\/#website\"},\"primaryImageOfPage\":{\"@id\":\"https:\/\/spheriq.ch\/fr\/ppcmetrics\/#primaryimage\"},\"image\":{\"@id\":\"https:\/\/spheriq.ch\/fr\/ppcmetrics\/#primaryimage\"},\"thumbnailUrl\":\"https:\/\/spheriq.ch\/wp-content\/uploads\/2025\/11\/thumbnail_ppc-metrics-logo-black-high-resolution-1024x696.png\",\"datePublished\":\"2023-10-11T10:37:41+00:00\",\"dateModified\":\"2025-11-19T16:04:27+00:00\",\"description\":\"PPCmetrics sur stiftungschweiz.ch : Nous pr\u00e9sentons notre partenaire. En savoir plus sur l'offre de partenariat.\",\"breadcrumb\":{\"@id\":\"https:\/\/spheriq.ch\/fr\/ppcmetrics\/#breadcrumb\"},\"inLanguage\":\"fr-FR\",\"potentialAction\":[{\"@type\":\"ReadAction\",\"target\":[\"https:\/\/spheriq.ch\/fr\/ppcmetrics\/\"]}]},{\"@type\":\"ImageObject\",\"inLanguage\":\"fr-FR\",\"@id\":\"https:\/\/spheriq.ch\/fr\/ppcmetrics\/#primaryimage\",\"url\":\"https:\/\/spheriq.ch\/wp-content\/uploads\/2025\/11\/thumbnail_ppc-metrics-logo-black-high-resolution-1024x696.png\",\"contentUrl\":\"https:\/\/spheriq.ch\/wp-content\/uploads\/2025\/11\/thumbnail_ppc-metrics-logo-black-high-resolution-1024x696.png\"},{\"@type\":\"BreadcrumbList\",\"@id\":\"https:\/\/spheriq.ch\/fr\/ppcmetrics\/#breadcrumb\",\"itemListElement\":[{\"@type\":\"ListItem\",\"position\":1,\"name\":\"Home\",\"item\":\"https:\/\/spheriq.ch\/fr\/\"},{\"@type\":\"ListItem\",\"position\":2,\"name\":\"PPCmetrics\"}]},{\"@type\":\"WebSite\",\"@id\":\"https:\/\/spheriq.ch\/fr\/#website\",\"url\":\"https:\/\/spheriq.ch\/fr\/\",\"name\":\"Spheriq\",\"description\":\"Spheriq | Online-Portal f\u00fcr Philanthropie\",\"potentialAction\":[{\"@type\":\"SearchAction\",\"target\":{\"@type\":\"EntryPoint\",\"urlTemplate\":\"https:\/\/spheriq.ch\/fr\/?s={search_term_string}\"},\"query-input\":{\"@type\":\"PropertyValueSpecification\",\"valueRequired\":true,\"valueName\":\"search_term_string\"}}],\"inLanguage\":\"fr-FR\"}]}<\/script>\n<!-- \/ Yoast SEO plugin. -->","yoast_head_json":{"title":"PPCmetrics - Spheriq","description":"PPCmetrics sur stiftungschweiz.ch : Nous pr\u00e9sentons notre partenaire. En savoir plus sur l'offre de partenariat.","robots":{"index":"index","follow":"follow","max-snippet":"max-snippet:-1","max-image-preview":"max-image-preview:large","max-video-preview":"max-video-preview:-1"},"canonical":"https:\/\/spheriq.ch\/fr\/ppcmetrics\/","og_locale":"fr_FR","og_type":"article","og_title":"PPCmetrics - Spheriq","og_description":"PPCmetrics sur stiftungschweiz.ch : Nous pr\u00e9sentons notre partenaire. En savoir plus sur l'offre de partenariat.","og_url":"https:\/\/spheriq.ch\/fr\/ppcmetrics\/","og_site_name":"Spheriq","article_modified_time":"2025-11-19T16:04:27+00:00","og_image":[{"url":"https:\/\/spheriq.ch\/wp-content\/uploads\/2025\/11\/thumbnail_ppc-metrics-logo-black-high-resolution-1024x696.png","type":"","width":"","height":""}],"twitter_card":"summary_large_image","twitter_misc":{"Dur\u00e9e de lecture estim\u00e9e":"1 minute"},"schema":{"@context":"https:\/\/schema.org","@graph":[{"@type":"WebPage","@id":"https:\/\/spheriq.ch\/fr\/ppcmetrics\/","url":"https:\/\/spheriq.ch\/fr\/ppcmetrics\/","name":"PPCmetrics - Spheriq","isPartOf":{"@id":"https:\/\/spheriq.ch\/fr\/#website"},"primaryImageOfPage":{"@id":"https:\/\/spheriq.ch\/fr\/ppcmetrics\/#primaryimage"},"image":{"@id":"https:\/\/spheriq.ch\/fr\/ppcmetrics\/#primaryimage"},"thumbnailUrl":"https:\/\/spheriq.ch\/wp-content\/uploads\/2025\/11\/thumbnail_ppc-metrics-logo-black-high-resolution-1024x696.png","datePublished":"2023-10-11T10:37:41+00:00","dateModified":"2025-11-19T16:04:27+00:00","description":"PPCmetrics sur stiftungschweiz.ch : Nous pr\u00e9sentons notre partenaire. En savoir plus sur l'offre de partenariat.","breadcrumb":{"@id":"https:\/\/spheriq.ch\/fr\/ppcmetrics\/#breadcrumb"},"inLanguage":"fr-FR","potentialAction":[{"@type":"ReadAction","target":["https:\/\/spheriq.ch\/fr\/ppcmetrics\/"]}]},{"@type":"ImageObject","inLanguage":"fr-FR","@id":"https:\/\/spheriq.ch\/fr\/ppcmetrics\/#primaryimage","url":"https:\/\/spheriq.ch\/wp-content\/uploads\/2025\/11\/thumbnail_ppc-metrics-logo-black-high-resolution-1024x696.png","contentUrl":"https:\/\/spheriq.ch\/wp-content\/uploads\/2025\/11\/thumbnail_ppc-metrics-logo-black-high-resolution-1024x696.png"},{"@type":"BreadcrumbList","@id":"https:\/\/spheriq.ch\/fr\/ppcmetrics\/#breadcrumb","itemListElement":[{"@type":"ListItem","position":1,"name":"Home","item":"https:\/\/spheriq.ch\/fr\/"},{"@type":"ListItem","position":2,"name":"PPCmetrics"}]},{"@type":"WebSite","@id":"https:\/\/spheriq.ch\/fr\/#website","url":"https:\/\/spheriq.ch\/fr\/","name":"Spheriq","description":"Spheriq | Online-Portal f\u00fcr Philanthropie","potentialAction":[{"@type":"SearchAction","target":{"@type":"EntryPoint","urlTemplate":"https:\/\/spheriq.ch\/fr\/?s={search_term_string}"},"query-input":{"@type":"PropertyValueSpecification","valueRequired":true,"valueName":"search_term_string"}}],"inLanguage":"fr-FR"}]}},"uagb_featured_image_src":{"full":false,"thumbnail":false,"medium":false,"medium_large":false,"large":false,"1536x1536":false,"2048x2048":false,"icon":false,"single-thumbnail":false,"menu-24x24":false,"menu-36x36":false,"menu-48x48":false},"uagb_author_info":{"display_name":"Moritz Brunner","author_link":"https:\/\/spheriq.ch\/fr\/author\/moritz-brunner\/"},"uagb_comment_info":0,"uagb_excerpt":"PPCmetrics Pour plus d&rsquo;informations : www.ppcmetrics.ch Contact : Luzius Neubert, Associ\u00e9, PPCmetrics AG, Badenerstrasse 6, 8004 ZurichT\u00e9l. : +41 44 204 31 11 | zurich@ppcmetrics.ch En collaboration avec nos partenaires, nous organisons des webinaires et des formations. Vous trouverez ici le programme actuel.","_links":{"self":[{"href":"https:\/\/spheriq.ch\/fr\/wp-json\/wp\/v2\/pages\/11079","targetHints":{"allow":["GET"]}}],"collection":[{"href":"https:\/\/spheriq.ch\/fr\/wp-json\/wp\/v2\/pages"}],"about":[{"href":"https:\/\/spheriq.ch\/fr\/wp-json\/wp\/v2\/types\/page"}],"author":[{"embeddable":true,"href":"https:\/\/spheriq.ch\/fr\/wp-json\/wp\/v2\/users\/6"}],"replies":[{"embeddable":true,"href":"https:\/\/spheriq.ch\/fr\/wp-json\/wp\/v2\/comments?post=11079"}],"version-history":[{"count":17,"href":"https:\/\/spheriq.ch\/fr\/wp-json\/wp\/v2\/pages\/11079\/revisions"}],"predecessor-version":[{"id":23056,"href":"https:\/\/spheriq.ch\/fr\/wp-json\/wp\/v2\/pages\/11079\/revisions\/23056"}],"wp:attachment":[{"href":"https:\/\/spheriq.ch\/fr\/wp-json\/wp\/v2\/media?parent=11079"}],"curies":[{"name":"wp","href":"https:\/\/api.w.org\/{rel}","templated":true}]}}