{"id":11024,"date":"2023-10-11T09:55:56","date_gmt":"2023-10-11T09:55:56","guid":{"rendered":"https:\/\/spheriq.ch\/?page_id=11024"},"modified":"2025-10-08T08:51:54","modified_gmt":"2025-10-08T08:51:54","slug":"ecofin","status":"publish","type":"page","link":"https:\/\/spheriq.ch\/fr\/ecofin\/","title":{"rendered":"ECOFIN"},"content":{"rendered":"<div class=\"wp-block-cover alignwide has-custom-content-position is-position-top-center\" style=\"min-height:308px;aspect-ratio:unset;\"><img loading=\"lazy\" decoding=\"async\" width=\"2560\" height=\"646\" class=\"wp-block-cover__image-background wp-image-11202\" alt=\"\" src=\"https:\/\/spheriq.ch\/wp-content\/uploads\/2023\/10\/SCH_Banner_Ecofin.jpg\" data-object-fit=\"cover\" srcset=\"https:\/\/spheriq.ch\/wp-content\/uploads\/2023\/10\/SCH_Banner_Ecofin.jpg 2560w, https:\/\/spheriq.ch\/wp-content\/uploads\/2023\/10\/SCH_Banner_Ecofin-300x76.jpg 300w, https:\/\/spheriq.ch\/wp-content\/uploads\/2023\/10\/SCH_Banner_Ecofin-1024x258.jpg 1024w, https:\/\/spheriq.ch\/wp-content\/uploads\/2023\/10\/SCH_Banner_Ecofin-768x194.jpg 768w, https:\/\/spheriq.ch\/wp-content\/uploads\/2023\/10\/SCH_Banner_Ecofin-1536x388.jpg 1536w, https:\/\/spheriq.ch\/wp-content\/uploads\/2023\/10\/SCH_Banner_Ecofin-2048x517.jpg 2048w, https:\/\/spheriq.ch\/wp-content\/uploads\/2023\/10\/SCH_Banner_Ecofin-24x6.jpg 24w, https:\/\/spheriq.ch\/wp-content\/uploads\/2023\/10\/SCH_Banner_Ecofin-36x9.jpg 36w, https:\/\/spheriq.ch\/wp-content\/uploads\/2023\/10\/SCH_Banner_Ecofin-48x12.jpg 48w\" sizes=\"auto, (max-width: 2560px) 100vw, 2560px\" \/><span aria-hidden=\"true\" class=\"wp-block-cover__background has-background-dim\" style=\"background-color:#f7f7f7\"><\/span><div class=\"wp-block-cover__inner-container is-layout-constrained wp-block-cover-is-layout-constrained\"><p class=\"has-text-align-center has-large-font-size\"><\/p><\/div><\/div><h1 class=\"wp-block-heading\"><strong>ECOFIN :<\/strong> <strong>Une expertise ind\u00e9pendante en mati\u00e8re d&rsquo;investissement pour les fondations <\/strong> <\/h1><p><\/p><div class=\"wp-bootstrap-blocks-row row\">\n\t\n<div class=\"col-12 col-md-9\">\n\t\t\t\n<p>Avec ECOFIN, les fondations b\u00e9n\u00e9ficient d&rsquo;un soutien \u00e0 toutes les \u00e9tapes du processus d&rsquo;investissement. En particulier, nos experts sont sp\u00e9cialis\u00e9s dans l&rsquo;aide aux fondations pour les questions suivantes :<\/p>\n\n<ul class=\"wp-block-list\"><li><em>La fondation a-t-elle la bonne strat\u00e9gie de placement pour atteindre ses objectifs de promotion ?<\/em><\/li>\n\n<li><em>La gestion de fortune est-elle mise en \u0153uvre de mani\u00e8re rentable ?<\/em><\/li>\n\n<li><em>Y a-t-il des risques (cach\u00e9s) dans les placements qui peuvent repr\u00e9senter un danger pour la fondation ?  <\/em><\/li>\n\n<li><em>La fondation dispose-t-elle d&rsquo;une organisation de placement adapt\u00e9e ?<\/em><\/li>\n\n<li><em>Existe-t-il des possibilit\u00e9s d&rsquo;investissement susceptibles de renforcer l&rsquo;impact de la fondation ?<\/em><\/li><\/ul>\n\n<p>Depuis plus de 25 ans, ECOFIN soutient les fondations et les caisses de pension dans toutes les questions relatives \u00e0 la strat\u00e9gie et \u00e0 la gestion des placements. ECOFIN est ind\u00e9pendant et ne propose pas de produits d&rsquo;investissement propres. ECOFIN ne s&rsquo;engage que dans l&rsquo;int\u00e9r\u00eat de ses clients.<\/p>\n\t<\/div>\n\n<div class=\"col-12 col-md-3\">\n\t\t\t\n<figure class=\"wp-block-image aligncenter size-full is-resized\"><img loading=\"lazy\" decoding=\"async\" width=\"1040\" height=\"187\" src=\"https:\/\/spheriq.ch\/wp-content\/uploads\/2025\/10\/ECOFIN-2.png\" alt=\"\" class=\"wp-image-22829\" style=\"width:300px;height:undefinedpx\" srcset=\"https:\/\/spheriq.ch\/wp-content\/uploads\/2025\/10\/ECOFIN-2.png 1040w, https:\/\/spheriq.ch\/wp-content\/uploads\/2025\/10\/ECOFIN-2-300x54.png 300w, https:\/\/spheriq.ch\/wp-content\/uploads\/2025\/10\/ECOFIN-2-1024x184.png 1024w, https:\/\/spheriq.ch\/wp-content\/uploads\/2025\/10\/ECOFIN-2-768x138.png 768w, https:\/\/spheriq.ch\/wp-content\/uploads\/2025\/10\/ECOFIN-2-24x4.png 24w, https:\/\/spheriq.ch\/wp-content\/uploads\/2025\/10\/ECOFIN-2-36x6.png 36w, https:\/\/spheriq.ch\/wp-content\/uploads\/2025\/10\/ECOFIN-2-48x9.png 48w\" sizes=\"auto, (max-width: 1040px) 100vw, 1040px\" \/><\/figure>\n\t<\/div>\n<\/div><p><strong>Plus d&rsquo;informations : <\/strong><br><a href=\"http:\/\/www.ecofin.ch\" target=\"_blank\" rel=\"noreferrer noopener nofollow\">www.ecofin.ch<\/a> <br><br><strong>Contact :<\/strong> <br>Alexandra Janssen, <a href=\"mailto:alexandra.janssen@ecofin.ch\">alexandra.janssen@ecofin.ch,<\/a> <a href=\"tel:+41797259526\">+41 79 725 9526<\/a><br>Arno Gr\u00fcter, <a href=\"mailto:arno.grueter@ecofin.ch\">arno.grueter@ecofin.ch<\/a><\/p><h2 class=\"wp-block-heading\">Nous organisons des webinaires et des formations en collaboration avec nos partenaires. <a href=\"https:\/\/app.spheriq.ch\/webinars\">Vous trouverez ici le programme actuel.<\/a><\/h2>","protected":false},"excerpt":{"rendered":"ECOFIN : Une expertise ind\u00e9pendante en mati\u00e8re d&rsquo;investissement pour les fondations Plus d&rsquo;informations : www.ecofin.ch Contact : Alexandra Janssen, alexandra.janssen@ecofin.ch, +41 79 725 9526Arno Gr\u00fcter, arno.grueter@ecofin.ch Nous organisons des webinaires et des formations en collaboration avec nos partenaires. Vous trouverez ici le programme actuel.","protected":false},"author":6,"featured_media":0,"parent":0,"menu_order":0,"comment_status":"closed","ping_status":"closed","template":"","meta":{"_acf_changed":false,"_uag_custom_page_level_css":"","footnotes":""},"class_list":["post-11024","page","type-page","status-publish","hentry"],"acf":[],"yoast_head":"<!-- This site is optimized with the Yoast SEO plugin v26.9 - https:\/\/yoast.com\/product\/yoast-seo-wordpress\/ -->\n<title>ECOFIN - Spheriq<\/title>\n<meta name=\"description\" content=\"ECOFIN sur stiftungschweiz.ch : Nous pr\u00e9sentons notre partenaire. En savoir plus sur l&#039;offre de partenariat.\" \/>\n<meta name=\"robots\" content=\"index, follow, max-snippet:-1, max-image-preview:large, max-video-preview:-1\" \/>\n<link rel=\"canonical\" href=\"https:\/\/spheriq.ch\/fr\/ecofin\/\" \/>\n<meta property=\"og:locale\" content=\"fr_FR\" \/>\n<meta property=\"og:type\" content=\"article\" \/>\n<meta property=\"og:title\" content=\"ECOFIN - Spheriq\" \/>\n<meta property=\"og:description\" content=\"ECOFIN sur stiftungschweiz.ch : Nous pr\u00e9sentons notre partenaire. En savoir plus sur l&#039;offre de partenariat.\" \/>\n<meta property=\"og:url\" content=\"https:\/\/spheriq.ch\/fr\/ecofin\/\" \/>\n<meta property=\"og:site_name\" content=\"Spheriq\" \/>\n<meta property=\"article:modified_time\" content=\"2025-10-08T08:51:54+00:00\" \/>\n<meta property=\"og:image\" content=\"https:\/\/spheriq.ch\/wp-content\/uploads\/2023\/10\/SCH_Banner_Ecofin.jpg\" \/>\n<meta name=\"twitter:card\" content=\"summary_large_image\" \/>\n<meta name=\"twitter:label1\" content=\"Dur\u00e9e de lecture estim\u00e9e\" \/>\n\t<meta name=\"twitter:data1\" content=\"2 minutes\" \/>\n<script type=\"application\/ld+json\" class=\"yoast-schema-graph\">{\"@context\":\"https:\/\/schema.org\",\"@graph\":[{\"@type\":\"WebPage\",\"@id\":\"https:\/\/spheriq.ch\/fr\/ecofin\/\",\"url\":\"https:\/\/spheriq.ch\/fr\/ecofin\/\",\"name\":\"ECOFIN - Spheriq\",\"isPartOf\":{\"@id\":\"https:\/\/spheriq.ch\/fr\/#website\"},\"primaryImageOfPage\":{\"@id\":\"https:\/\/spheriq.ch\/fr\/ecofin\/#primaryimage\"},\"image\":{\"@id\":\"https:\/\/spheriq.ch\/fr\/ecofin\/#primaryimage\"},\"thumbnailUrl\":\"https:\/\/spheriq.ch\/wp-content\/uploads\/2023\/10\/SCH_Banner_Ecofin.jpg\",\"datePublished\":\"2023-10-11T09:55:56+00:00\",\"dateModified\":\"2025-10-08T08:51:54+00:00\",\"description\":\"ECOFIN sur stiftungschweiz.ch : Nous pr\u00e9sentons notre partenaire. En savoir plus sur l'offre de partenariat.\",\"breadcrumb\":{\"@id\":\"https:\/\/spheriq.ch\/fr\/ecofin\/#breadcrumb\"},\"inLanguage\":\"fr-FR\",\"potentialAction\":[{\"@type\":\"ReadAction\",\"target\":[\"https:\/\/spheriq.ch\/fr\/ecofin\/\"]}]},{\"@type\":\"ImageObject\",\"inLanguage\":\"fr-FR\",\"@id\":\"https:\/\/spheriq.ch\/fr\/ecofin\/#primaryimage\",\"url\":\"https:\/\/spheriq.ch\/wp-content\/uploads\/2023\/10\/SCH_Banner_Ecofin.jpg\",\"contentUrl\":\"https:\/\/spheriq.ch\/wp-content\/uploads\/2023\/10\/SCH_Banner_Ecofin.jpg\"},{\"@type\":\"BreadcrumbList\",\"@id\":\"https:\/\/spheriq.ch\/fr\/ecofin\/#breadcrumb\",\"itemListElement\":[{\"@type\":\"ListItem\",\"position\":1,\"name\":\"Home\",\"item\":\"https:\/\/spheriq.ch\/fr\/\"},{\"@type\":\"ListItem\",\"position\":2,\"name\":\"ECOFIN\"}]},{\"@type\":\"WebSite\",\"@id\":\"https:\/\/spheriq.ch\/fr\/#website\",\"url\":\"https:\/\/spheriq.ch\/fr\/\",\"name\":\"Spheriq\",\"description\":\"Spheriq | Online-Portal f\u00fcr Philanthropie\",\"potentialAction\":[{\"@type\":\"SearchAction\",\"target\":{\"@type\":\"EntryPoint\",\"urlTemplate\":\"https:\/\/spheriq.ch\/fr\/?s={search_term_string}\"},\"query-input\":{\"@type\":\"PropertyValueSpecification\",\"valueRequired\":true,\"valueName\":\"search_term_string\"}}],\"inLanguage\":\"fr-FR\"}]}<\/script>\n<!-- \/ Yoast SEO plugin. -->","yoast_head_json":{"title":"ECOFIN - Spheriq","description":"ECOFIN sur stiftungschweiz.ch : Nous pr\u00e9sentons notre partenaire. En savoir plus sur l'offre de partenariat.","robots":{"index":"index","follow":"follow","max-snippet":"max-snippet:-1","max-image-preview":"max-image-preview:large","max-video-preview":"max-video-preview:-1"},"canonical":"https:\/\/spheriq.ch\/fr\/ecofin\/","og_locale":"fr_FR","og_type":"article","og_title":"ECOFIN - Spheriq","og_description":"ECOFIN sur stiftungschweiz.ch : Nous pr\u00e9sentons notre partenaire. En savoir plus sur l'offre de partenariat.","og_url":"https:\/\/spheriq.ch\/fr\/ecofin\/","og_site_name":"Spheriq","article_modified_time":"2025-10-08T08:51:54+00:00","og_image":[{"url":"https:\/\/spheriq.ch\/wp-content\/uploads\/2023\/10\/SCH_Banner_Ecofin.jpg","type":"","width":"","height":""}],"twitter_card":"summary_large_image","twitter_misc":{"Dur\u00e9e de lecture estim\u00e9e":"2 minutes"},"schema":{"@context":"https:\/\/schema.org","@graph":[{"@type":"WebPage","@id":"https:\/\/spheriq.ch\/fr\/ecofin\/","url":"https:\/\/spheriq.ch\/fr\/ecofin\/","name":"ECOFIN - Spheriq","isPartOf":{"@id":"https:\/\/spheriq.ch\/fr\/#website"},"primaryImageOfPage":{"@id":"https:\/\/spheriq.ch\/fr\/ecofin\/#primaryimage"},"image":{"@id":"https:\/\/spheriq.ch\/fr\/ecofin\/#primaryimage"},"thumbnailUrl":"https:\/\/spheriq.ch\/wp-content\/uploads\/2023\/10\/SCH_Banner_Ecofin.jpg","datePublished":"2023-10-11T09:55:56+00:00","dateModified":"2025-10-08T08:51:54+00:00","description":"ECOFIN sur stiftungschweiz.ch : Nous pr\u00e9sentons notre partenaire. En savoir plus sur l'offre de partenariat.","breadcrumb":{"@id":"https:\/\/spheriq.ch\/fr\/ecofin\/#breadcrumb"},"inLanguage":"fr-FR","potentialAction":[{"@type":"ReadAction","target":["https:\/\/spheriq.ch\/fr\/ecofin\/"]}]},{"@type":"ImageObject","inLanguage":"fr-FR","@id":"https:\/\/spheriq.ch\/fr\/ecofin\/#primaryimage","url":"https:\/\/spheriq.ch\/wp-content\/uploads\/2023\/10\/SCH_Banner_Ecofin.jpg","contentUrl":"https:\/\/spheriq.ch\/wp-content\/uploads\/2023\/10\/SCH_Banner_Ecofin.jpg"},{"@type":"BreadcrumbList","@id":"https:\/\/spheriq.ch\/fr\/ecofin\/#breadcrumb","itemListElement":[{"@type":"ListItem","position":1,"name":"Home","item":"https:\/\/spheriq.ch\/fr\/"},{"@type":"ListItem","position":2,"name":"ECOFIN"}]},{"@type":"WebSite","@id":"https:\/\/spheriq.ch\/fr\/#website","url":"https:\/\/spheriq.ch\/fr\/","name":"Spheriq","description":"Spheriq | Online-Portal f\u00fcr Philanthropie","potentialAction":[{"@type":"SearchAction","target":{"@type":"EntryPoint","urlTemplate":"https:\/\/spheriq.ch\/fr\/?s={search_term_string}"},"query-input":{"@type":"PropertyValueSpecification","valueRequired":true,"valueName":"search_term_string"}}],"inLanguage":"fr-FR"}]}},"uagb_featured_image_src":{"full":false,"thumbnail":false,"medium":false,"medium_large":false,"large":false,"1536x1536":false,"2048x2048":false,"icon":false,"single-thumbnail":false,"menu-24x24":false,"menu-36x36":false,"menu-48x48":false},"uagb_author_info":{"display_name":"Moritz Brunner","author_link":"https:\/\/spheriq.ch\/fr\/author\/moritz-brunner\/"},"uagb_comment_info":0,"uagb_excerpt":"ECOFIN : Une expertise ind\u00e9pendante en mati\u00e8re d&rsquo;investissement pour les fondations Plus d&rsquo;informations : www.ecofin.ch Contact : Alexandra Janssen, alexandra.janssen@ecofin.ch, +41 79 725 9526Arno Gr\u00fcter, arno.grueter@ecofin.ch Nous organisons des webinaires et des formations en collaboration avec nos partenaires. Vous trouverez ici le programme actuel.","_links":{"self":[{"href":"https:\/\/spheriq.ch\/fr\/wp-json\/wp\/v2\/pages\/11024","targetHints":{"allow":["GET"]}}],"collection":[{"href":"https:\/\/spheriq.ch\/fr\/wp-json\/wp\/v2\/pages"}],"about":[{"href":"https:\/\/spheriq.ch\/fr\/wp-json\/wp\/v2\/types\/page"}],"author":[{"embeddable":true,"href":"https:\/\/spheriq.ch\/fr\/wp-json\/wp\/v2\/users\/6"}],"replies":[{"embeddable":true,"href":"https:\/\/spheriq.ch\/fr\/wp-json\/wp\/v2\/comments?post=11024"}],"version-history":[{"count":14,"href":"https:\/\/spheriq.ch\/fr\/wp-json\/wp\/v2\/pages\/11024\/revisions"}],"predecessor-version":[{"id":22832,"href":"https:\/\/spheriq.ch\/fr\/wp-json\/wp\/v2\/pages\/11024\/revisions\/22832"}],"wp:attachment":[{"href":"https:\/\/spheriq.ch\/fr\/wp-json\/wp\/v2\/media?parent=11024"}],"curies":[{"name":"wp","href":"https:\/\/api.w.org\/{rel}","templated":true}]}}