{"id":10799,"date":"2023-10-05T15:22:58","date_gmt":"2023-10-05T15:22:58","guid":{"rendered":"https:\/\/spheriq.ch\/?page_id=10799"},"modified":"2024-06-13T08:56:44","modified_gmt":"2024-06-13T08:56:44","slug":"superloop","status":"publish","type":"page","link":"https:\/\/spheriq.ch\/fr\/superloop\/","title":{"rendered":"Superloop"},"content":{"rendered":"<div class=\"wp-block-cover alignwide is-light has-custom-content-position is-position-top-center\" style=\"min-height:250px;aspect-ratio:unset;\"><span aria-hidden=\"true\" class=\"wp-block-cover__background has-background-dim-0 has-background-dim\"><\/span><img loading=\"lazy\" decoding=\"async\" width=\"1200\" height=\"675\" class=\"wp-block-cover__image-background wp-image-10835\" alt=\"\" src=\"https:\/\/spheriq.ch\/wp-content\/uploads\/2023\/10\/Superloop-Innovation.jpg\" style=\"object-position:41% 35%\" data-object-fit=\"cover\" data-object-position=\"41% 35%\" srcset=\"https:\/\/spheriq.ch\/wp-content\/uploads\/2023\/10\/Superloop-Innovation.jpg 1200w, https:\/\/spheriq.ch\/wp-content\/uploads\/2023\/10\/Superloop-Innovation-300x169.jpg 300w, https:\/\/spheriq.ch\/wp-content\/uploads\/2023\/10\/Superloop-Innovation-1024x576.jpg 1024w, https:\/\/spheriq.ch\/wp-content\/uploads\/2023\/10\/Superloop-Innovation-768x432.jpg 768w, https:\/\/spheriq.ch\/wp-content\/uploads\/2023\/10\/Superloop-Innovation-24x14.jpg 24w, https:\/\/spheriq.ch\/wp-content\/uploads\/2023\/10\/Superloop-Innovation-36x20.jpg 36w, https:\/\/spheriq.ch\/wp-content\/uploads\/2023\/10\/Superloop-Innovation-48x27.jpg 48w\" sizes=\"auto, (max-width: 1200px) 100vw, 1200px\" \/><div class=\"wp-block-cover__inner-container is-layout-constrained wp-block-cover-is-layout-constrained\"><p class=\"has-text-align-center has-large-font-size\"><\/p><\/div><\/div><h1 class=\"wp-block-heading\">Superloop Innovation<\/h1><div class=\"wp-bootstrap-blocks-row row\">\n\t\n<div class=\"col-12 col-md-9\">\n\t\t\t\n<p><br>Faire passer des projets complexes de l&rsquo;id\u00e9e \u00e0 la r\u00e9alisation en un temps record : D\u00e9veloppement de strat\u00e9gies, innovation et processus de promotion innovants. En tant qu&rsquo;expertes de la nouveaut\u00e9 dans le contexte de l&rsquo;utilit\u00e9 publique, nous vous soutenons par un accompagnement de projet, des formations continues et des conseils.<\/p>\n\n<div style=\"height:25px\" aria-hidden=\"true\" class=\"wp-block-spacer\"><\/div>\n\t<\/div>\n\n<div class=\"col-12 col-md-3\">\n\t\t\t\n<figure class=\"wp-block-image size-full is-resized\"><img loading=\"lazy\" decoding=\"async\" width=\"1209\" height=\"569\" src=\"https:\/\/spheriq.ch\/wp-content\/uploads\/2023\/10\/Superloop_Logo-edited.png\" alt=\"\" class=\"wp-image-10812\" style=\"width:undefinedpx;height:110px\" srcset=\"https:\/\/spheriq.ch\/wp-content\/uploads\/2023\/10\/Superloop_Logo-edited.png 1209w, https:\/\/spheriq.ch\/wp-content\/uploads\/2023\/10\/Superloop_Logo-edited-300x141.png 300w, https:\/\/spheriq.ch\/wp-content\/uploads\/2023\/10\/Superloop_Logo-edited-1024x482.png 1024w, https:\/\/spheriq.ch\/wp-content\/uploads\/2023\/10\/Superloop_Logo-edited-768x361.png 768w, https:\/\/spheriq.ch\/wp-content\/uploads\/2023\/10\/Superloop_Logo-edited-24x11.png 24w, https:\/\/spheriq.ch\/wp-content\/uploads\/2023\/10\/Superloop_Logo-edited-36x17.png 36w, https:\/\/spheriq.ch\/wp-content\/uploads\/2023\/10\/Superloop_Logo-edited-48x23.png 48w\" sizes=\"auto, (max-width: 1209px) 100vw, 1209px\" \/><\/figure>\n\t<\/div>\n<\/div><div class=\"wp-bootstrap-blocks-row row\">\n\t\n<div class=\"col-12 col-md-4\">\n\t\t\t\n<p><strong>Plus d&rsquo;informations :<\/strong><br><a href=\"http:\/\/www.superloop.ch\">www.superloop.ch<\/a><\/p>\n\n<div style=\"height:25px\" aria-hidden=\"true\" class=\"wp-block-spacer\"><\/div>\n\t<\/div>\n<\/div><div class=\"wp-bootstrap-blocks-row row\">\n\t\n<div class=\"col-12 col-md-4\">\n\t\t\t\n<p><strong>Contact :<\/strong> <br><a href=\"https:\/\/www.linkedin.com\/in\/dinobeerli\/\">Dino Beerli<\/a>, Fondateur &amp; Managing Partner  <br>Superloop Innovation, Spitalgasse 28, 3011 Berne,  <br>T\u00e9l. : 031 911 11 33 | <a href=\"mailto:dino@superloop.ch\">dino@superloop.ch<\/a><\/p>\n\t<\/div>\n\n<div class=\"col-12 col-md-2\">\n\t\t\t\n<figure class=\"wp-block-image size-large is-resized\"><img loading=\"lazy\" decoding=\"async\" width=\"1022\" height=\"1024\" src=\"https:\/\/spheriq.ch\/wp-content\/uploads\/2023\/10\/Dino_Beerli-1-1022x1024.jpg\" alt=\"\" class=\"wp-image-10829\" style=\"width:115px;height:115px\" srcset=\"https:\/\/spheriq.ch\/wp-content\/uploads\/2023\/10\/Dino_Beerli-1-1022x1024.jpg 1022w, https:\/\/spheriq.ch\/wp-content\/uploads\/2023\/10\/Dino_Beerli-1-300x300.jpg 300w, https:\/\/spheriq.ch\/wp-content\/uploads\/2023\/10\/Dino_Beerli-1-150x150.jpg 150w, https:\/\/spheriq.ch\/wp-content\/uploads\/2023\/10\/Dino_Beerli-1-768x769.jpg 768w, https:\/\/spheriq.ch\/wp-content\/uploads\/2023\/10\/Dino_Beerli-1-50x50.jpg 50w, https:\/\/spheriq.ch\/wp-content\/uploads\/2023\/10\/Dino_Beerli-1-24x24.jpg 24w, https:\/\/spheriq.ch\/wp-content\/uploads\/2023\/10\/Dino_Beerli-1-36x36.jpg 36w, https:\/\/spheriq.ch\/wp-content\/uploads\/2023\/10\/Dino_Beerli-1-48x48.jpg 48w, https:\/\/spheriq.ch\/wp-content\/uploads\/2023\/10\/Dino_Beerli-1.jpg 1202w\" sizes=\"auto, (max-width: 1022px) 100vw, 1022px\" \/><\/figure>\n\t<\/div>\n\n<div class=\"col-12 col-md-6\">\n\t\t\t\t<\/div>\n<\/div><h3 class=\"wp-block-heading\">Nous organisons des webinaires et des formations en collaboration avec nos partenaires. <a href=\"https:\/\/app.spheriq.ch\/webinars\">Vous trouverez ici le programme actuel.<\/a><\/h3>","protected":false},"excerpt":{"rendered":"Superloop Innovation Nous organisons des webinaires et des formations en collaboration avec nos partenaires. Vous trouverez ici le programme actuel.","protected":false},"author":6,"featured_media":0,"parent":0,"menu_order":0,"comment_status":"closed","ping_status":"closed","template":"","meta":{"_acf_changed":false,"_uag_custom_page_level_css":"","footnotes":""},"class_list":["post-10799","page","type-page","status-publish","hentry"],"acf":[],"yoast_head":"<!-- This site is optimized with the Yoast SEO plugin v26.9 - https:\/\/yoast.com\/product\/yoast-seo-wordpress\/ -->\n<title>Superloop Innovation %%page% - %%nom de la page<\/title>\n<meta name=\"description\" content=\"Superloop Innovation sur stiftungschweiz.ch : Nous pr\u00e9sentons notre partenaire. En savoir plus sur l&#039;offre de partenariat.\" \/>\n<meta name=\"robots\" content=\"index, follow, max-snippet:-1, max-image-preview:large, max-video-preview:-1\" \/>\n<link rel=\"canonical\" href=\"https:\/\/spheriq.ch\/fr\/superloop\/\" \/>\n<meta property=\"og:locale\" content=\"fr_FR\" \/>\n<meta property=\"og:type\" content=\"article\" \/>\n<meta property=\"og:title\" content=\"Superloop Innovation %%page% - %%nom de la page\" \/>\n<meta property=\"og:description\" content=\"Superloop Innovation sur stiftungschweiz.ch : Nous pr\u00e9sentons notre partenaire. En savoir plus sur l&#039;offre de partenariat.\" \/>\n<meta property=\"og:url\" content=\"https:\/\/spheriq.ch\/fr\/superloop\/\" \/>\n<meta property=\"og:site_name\" content=\"Spheriq\" \/>\n<meta property=\"article:modified_time\" content=\"2024-06-13T08:56:44+00:00\" \/>\n<meta property=\"og:image\" content=\"https:\/\/spheriq.ch\/wp-content\/uploads\/2023\/10\/Superloop-Innovation.jpg\" \/>\n<meta name=\"twitter:card\" content=\"summary_large_image\" \/>\n<meta name=\"twitter:label1\" content=\"Dur\u00e9e de lecture estim\u00e9e\" \/>\n\t<meta name=\"twitter:data1\" content=\"2 minutes\" \/>\n<script type=\"application\/ld+json\" class=\"yoast-schema-graph\">{\"@context\":\"https:\/\/schema.org\",\"@graph\":[{\"@type\":\"WebPage\",\"@id\":\"https:\/\/spheriq.ch\/fr\/superloop\/\",\"url\":\"https:\/\/spheriq.ch\/fr\/superloop\/\",\"name\":\"Superloop Innovation %%page% - %%nom de la page\",\"isPartOf\":{\"@id\":\"https:\/\/spheriq.ch\/fr\/#website\"},\"primaryImageOfPage\":{\"@id\":\"https:\/\/spheriq.ch\/fr\/superloop\/#primaryimage\"},\"image\":{\"@id\":\"https:\/\/spheriq.ch\/fr\/superloop\/#primaryimage\"},\"thumbnailUrl\":\"https:\/\/spheriq.ch\/wp-content\/uploads\/2023\/10\/Superloop-Innovation.jpg\",\"datePublished\":\"2023-10-05T15:22:58+00:00\",\"dateModified\":\"2024-06-13T08:56:44+00:00\",\"description\":\"Superloop Innovation sur stiftungschweiz.ch : Nous pr\u00e9sentons notre partenaire. En savoir plus sur l'offre de partenariat.\",\"breadcrumb\":{\"@id\":\"https:\/\/spheriq.ch\/fr\/superloop\/#breadcrumb\"},\"inLanguage\":\"fr-FR\",\"potentialAction\":[{\"@type\":\"ReadAction\",\"target\":[\"https:\/\/spheriq.ch\/fr\/superloop\/\"]}]},{\"@type\":\"ImageObject\",\"inLanguage\":\"fr-FR\",\"@id\":\"https:\/\/spheriq.ch\/fr\/superloop\/#primaryimage\",\"url\":\"https:\/\/spheriq.ch\/wp-content\/uploads\/2023\/10\/Superloop-Innovation.jpg\",\"contentUrl\":\"https:\/\/spheriq.ch\/wp-content\/uploads\/2023\/10\/Superloop-Innovation.jpg\"},{\"@type\":\"BreadcrumbList\",\"@id\":\"https:\/\/spheriq.ch\/fr\/superloop\/#breadcrumb\",\"itemListElement\":[{\"@type\":\"ListItem\",\"position\":1,\"name\":\"Home\",\"item\":\"https:\/\/spheriq.ch\/fr\/\"},{\"@type\":\"ListItem\",\"position\":2,\"name\":\"Superloop\"}]},{\"@type\":\"WebSite\",\"@id\":\"https:\/\/spheriq.ch\/fr\/#website\",\"url\":\"https:\/\/spheriq.ch\/fr\/\",\"name\":\"Spheriq\",\"description\":\"Spheriq | Online-Portal f\u00fcr Philanthropie\",\"potentialAction\":[{\"@type\":\"SearchAction\",\"target\":{\"@type\":\"EntryPoint\",\"urlTemplate\":\"https:\/\/spheriq.ch\/fr\/?s={search_term_string}\"},\"query-input\":{\"@type\":\"PropertyValueSpecification\",\"valueRequired\":true,\"valueName\":\"search_term_string\"}}],\"inLanguage\":\"fr-FR\"}]}<\/script>\n<!-- \/ Yoast SEO plugin. -->","yoast_head_json":{"title":"Superloop Innovation %%page% - %%nom de la page","description":"Superloop Innovation sur stiftungschweiz.ch : Nous pr\u00e9sentons notre partenaire. En savoir plus sur l'offre de partenariat.","robots":{"index":"index","follow":"follow","max-snippet":"max-snippet:-1","max-image-preview":"max-image-preview:large","max-video-preview":"max-video-preview:-1"},"canonical":"https:\/\/spheriq.ch\/fr\/superloop\/","og_locale":"fr_FR","og_type":"article","og_title":"Superloop Innovation %%page% - %%nom de la page","og_description":"Superloop Innovation sur stiftungschweiz.ch : Nous pr\u00e9sentons notre partenaire. En savoir plus sur l'offre de partenariat.","og_url":"https:\/\/spheriq.ch\/fr\/superloop\/","og_site_name":"Spheriq","article_modified_time":"2024-06-13T08:56:44+00:00","og_image":[{"url":"https:\/\/spheriq.ch\/wp-content\/uploads\/2023\/10\/Superloop-Innovation.jpg","type":"","width":"","height":""}],"twitter_card":"summary_large_image","twitter_misc":{"Dur\u00e9e de lecture estim\u00e9e":"2 minutes"},"schema":{"@context":"https:\/\/schema.org","@graph":[{"@type":"WebPage","@id":"https:\/\/spheriq.ch\/fr\/superloop\/","url":"https:\/\/spheriq.ch\/fr\/superloop\/","name":"Superloop Innovation %%page% - %%nom de la page","isPartOf":{"@id":"https:\/\/spheriq.ch\/fr\/#website"},"primaryImageOfPage":{"@id":"https:\/\/spheriq.ch\/fr\/superloop\/#primaryimage"},"image":{"@id":"https:\/\/spheriq.ch\/fr\/superloop\/#primaryimage"},"thumbnailUrl":"https:\/\/spheriq.ch\/wp-content\/uploads\/2023\/10\/Superloop-Innovation.jpg","datePublished":"2023-10-05T15:22:58+00:00","dateModified":"2024-06-13T08:56:44+00:00","description":"Superloop Innovation sur stiftungschweiz.ch : Nous pr\u00e9sentons notre partenaire. En savoir plus sur l'offre de partenariat.","breadcrumb":{"@id":"https:\/\/spheriq.ch\/fr\/superloop\/#breadcrumb"},"inLanguage":"fr-FR","potentialAction":[{"@type":"ReadAction","target":["https:\/\/spheriq.ch\/fr\/superloop\/"]}]},{"@type":"ImageObject","inLanguage":"fr-FR","@id":"https:\/\/spheriq.ch\/fr\/superloop\/#primaryimage","url":"https:\/\/spheriq.ch\/wp-content\/uploads\/2023\/10\/Superloop-Innovation.jpg","contentUrl":"https:\/\/spheriq.ch\/wp-content\/uploads\/2023\/10\/Superloop-Innovation.jpg"},{"@type":"BreadcrumbList","@id":"https:\/\/spheriq.ch\/fr\/superloop\/#breadcrumb","itemListElement":[{"@type":"ListItem","position":1,"name":"Home","item":"https:\/\/spheriq.ch\/fr\/"},{"@type":"ListItem","position":2,"name":"Superloop"}]},{"@type":"WebSite","@id":"https:\/\/spheriq.ch\/fr\/#website","url":"https:\/\/spheriq.ch\/fr\/","name":"Spheriq","description":"Spheriq | Online-Portal f\u00fcr Philanthropie","potentialAction":[{"@type":"SearchAction","target":{"@type":"EntryPoint","urlTemplate":"https:\/\/spheriq.ch\/fr\/?s={search_term_string}"},"query-input":{"@type":"PropertyValueSpecification","valueRequired":true,"valueName":"search_term_string"}}],"inLanguage":"fr-FR"}]}},"uagb_featured_image_src":{"full":false,"thumbnail":false,"medium":false,"medium_large":false,"large":false,"1536x1536":false,"2048x2048":false,"icon":false,"single-thumbnail":false,"menu-24x24":false,"menu-36x36":false,"menu-48x48":false},"uagb_author_info":{"display_name":"Moritz Brunner","author_link":"https:\/\/spheriq.ch\/fr\/author\/moritz-brunner\/"},"uagb_comment_info":0,"uagb_excerpt":"Superloop Innovation Nous organisons des webinaires et des formations en collaboration avec nos partenaires. Vous trouverez ici le programme actuel.","_links":{"self":[{"href":"https:\/\/spheriq.ch\/fr\/wp-json\/wp\/v2\/pages\/10799","targetHints":{"allow":["GET"]}}],"collection":[{"href":"https:\/\/spheriq.ch\/fr\/wp-json\/wp\/v2\/pages"}],"about":[{"href":"https:\/\/spheriq.ch\/fr\/wp-json\/wp\/v2\/types\/page"}],"author":[{"embeddable":true,"href":"https:\/\/spheriq.ch\/fr\/wp-json\/wp\/v2\/users\/6"}],"replies":[{"embeddable":true,"href":"https:\/\/spheriq.ch\/fr\/wp-json\/wp\/v2\/comments?post=10799"}],"version-history":[{"count":13,"href":"https:\/\/spheriq.ch\/fr\/wp-json\/wp\/v2\/pages\/10799\/revisions"}],"predecessor-version":[{"id":17205,"href":"https:\/\/spheriq.ch\/fr\/wp-json\/wp\/v2\/pages\/10799\/revisions\/17205"}],"wp:attachment":[{"href":"https:\/\/spheriq.ch\/fr\/wp-json\/wp\/v2\/media?parent=10799"}],"curies":[{"name":"wp","href":"https:\/\/api.w.org\/{rel}","templated":true}]}}